{"id":2330,"date":"2026-02-28T01:00:40","date_gmt":"2026-02-28T04:00:40","guid":{"rendered":"https:\/\/bibliotecajuridicavirtual.cl\/?post_type=product&#038;p=2330"},"modified":"2026-02-28T01:01:09","modified_gmt":"2026-02-28T04:01:09","slug":"robo-con-violencia-o-intimidacion-en-las-personas-articulos-432-433-y-436-inciso-primero-de-codigo-penal-chileno-carlos-kunsemuller-loebenfelder","status":"publish","type":"product","link":"https:\/\/bibliotecajuridicavirtual.cl\/index.php\/product\/robo-con-violencia-o-intimidacion-en-las-personas-articulos-432-433-y-436-inciso-primero-de-codigo-penal-chileno-carlos-kunsemuller-loebenfelder\/","title":{"rendered":"Robo con Violencia o Intimidaci\u00f3n en las Personas. Art\u00edculos 432, 433 y 436 inciso primero de C\u00f3digo Penal Chileno *  Carlos K\u00fcnsem\u00fcller Loebenfelder"},"content":{"rendered":"<p>&#8220;Probablemente, el T\u00edtulo IX del Libro II del C\u00f3digo Penal, sobre cr\u00edmenes y simples delitos contra la propiedad, es el t\u00edtulo de dicho cuerpo legal que m\u00e1s cambios ha sufrido desde su entrada en vigencia, la mayor parte de los cuales ha buscado incrementar el rigor de la persecuci\u00f3n penal de los delitos all\u00ed tipificados, especialmente en las \u00faltimas d\u00e9cadas. Estas inorg\u00e1nicas y reiteradas modificaciones, que se han hecho a partir de la equivocada creencia de que un endurecimiento de la legislaci\u00f3n penal conduce a una disminuci\u00f3n de la criminalidad, permiten constatar la excesiva preocupaci\u00f3n del legislador por esta clase de delincuencia.&#8221; (Oliver, Guillermo (2013) Delitos contra la propiedad. Introducci\u00f3n, Thomson Reuters-Legal Publishing) &#8220;Aunque dentro del robo con violencia se distinguen diversas hip\u00f3tesis, es importante anotar que, a diferencia de lo que ocurre con el robo con fuerza en las cosas, el empleo de violencia o intimidaci\u00f3n, en cualquier forma que sea, siempre determina la existencia de un robo&#8221;. (Etcheberry, Alfredo (1998), Derecho Penal. Parte Especial, T. III, 3\u00aa. edici\u00f3n, Edit. Jur\u00eddica, p. 334) El regreso del robo por sorpresa \u00a0 al \u00e1mbito t\u00edpico del hurto y su eliminaci\u00f3n como modalidad del robo, propuesto en \u00a0las iniciativas reformadoras del C\u00f3digo Penal ha de ser bienvenido, toda vez que el propio legislador reconoci\u00f3 al asimilar esta conducta al robo con violencia o intimidaci\u00f3n, que ella es t\u00e9cnicamente un hurto y se la consider\u00f3 &#8220;como si fuera un robo&#8221;. (K\u00fcnsem\u00fcller, Carlos (2024), Delitos contra los valores patrimoniales cometidos mediante apropiaci\u00f3n por medios materiales, Tirant Lo Blanch, p. 85)<\/p>\n<p>\u00cdndice<br \/>\nAgradecimientos\u00a0\u00a0 \u00a0\u00a0\u00a0 \u00a07<br \/>\nPresentaci\u00f3n\u00a0\u00a0 \u00a0\u00a0\u00a0 \u00a011<br \/>\nAbreviaturas\u00a0\u00a0 \u00a0\u00a0\u00a0 \u00a013<br \/>\nCap\u00edtulo I. Conceptos generales\u00a0\u00a0 \u00a0\u00a0\u00a0 \u00a015<br \/>\n1.\u00a0\u00a0 \u00a0Bienes jur\u00eddicos protegidos\u00a0\u00a0 \u00a0\u00a0\u00a0 \u00a015<br \/>\n2.\u00a0\u00a0 \u00a0Clasificaciones de los delitos\u00a0\u00a0 \u00a0\u00a0\u00a0 \u00a019<br \/>\n3.\u00a0\u00a0 \u00a0Exenci\u00f3n de responsabilidad penal\u00a0\u00a0 \u00a0\u00a0\u00a0 \u00a020<br \/>\nCap\u00edtulo II. El tipo de robo con violencia o intimidaci\u00f3n en las personas\u00a0\u00a0 \u00a0\u00a0\u00a0 \u00a023<br \/>\n1.\u00a0\u00a0 \u00a0Caracter\u00edsticas\u00a0\u00a0 \u00a0\u00a0\u00a0 \u00a023<br \/>\n1.1.\u00a0\u00a0 \u00a0Elementos objetivos\u00a0\u00a0 \u00a0\u00a0\u00a0 \u00a023<br \/>\n1.2.\u00a0\u00a0 \u00a0Elemento subjetivo\u00a0\u00a0 \u00a0\u00a0\u00a0 \u00a046<br \/>\nCap\u00edtulo III. ROBO SIMPLE Y CALIFICADO\u00a0\u00a0 \u00a0\u00a0\u00a0 \u00a049<br \/>\n1.\u00a0\u00a0 \u00a0Robo simple\u00a0\u00a0 \u00a0\u00a0\u00a0 \u00a049<br \/>\n1.1.\u00a0\u00a0 \u00a0Caracter\u00edsticas\u00a0\u00a0 \u00a0\u00a0\u00a0 \u00a049<br \/>\n2.\u00a0\u00a0 \u00a0Robo calificado\u00a0\u00a0 \u00a0\u00a0\u00a0 \u00a054<br \/>\n2.1.\u00a0\u00a0 \u00a0Caracter\u00edsticas\u00a0\u00a0 \u00a0\u00a0\u00a0 \u00a054<br \/>\n2.2.\u00a0\u00a0 \u00a0Robo con homicidio\u00a0\u00a0 \u00a0\u00a0\u00a0 \u00a055<br \/>\n2.3.\u00a0\u00a0 \u00a0Robo con violaci\u00f3n\u00a0\u00a0 \u00a0\u00a0\u00a0 \u00a062<br \/>\n2.4.\u00a0\u00a0 \u00a0Robo con mutilaciones o lesiones grav\u00edsimas\u00a0\u00a0 \u00a0\u00a0\u00a0 \u00a065<br \/>\n2.5.\u00a0\u00a0 \u00a0Robo con retenci\u00f3n\u00a0\u00a0 \u00a0\u00a0\u00a0 \u00a067<br \/>\n2.6.\u00a0\u00a0 \u00a0Robo con lesiones simplemente graves\u00a0\u00a0 \u00a0\u00a0\u00a0 \u00a069<br \/>\nCap\u00edtulo IV. Propuestas de reforma\u00a0\u00a0 \u00a0\u00a0\u00a0 \u00a071<br \/>\n1.\u00a0\u00a0 \u00a0Proyecto Erazo\/Fontecilla 1929\u00a0\u00a0 \u00a0\u00a0\u00a0 \u00a071<br \/>\n2.\u00a0\u00a0 \u00a0Proyecto Silva\/Labatut, 1938\u00a0\u00a0 \u00a0\u00a0\u00a0 \u00a072<br \/>\n3.\u00a0\u00a0 \u00a0APCP 2005\u00a0\u00a0 \u00a0\u00a0\u00a0 \u00a072<br \/>\n4.\u00a0\u00a0 \u00a0APCP 2013\u00a0\u00a0 \u00a0\u00a0\u00a0 \u00a073<br \/>\n5.\u00a0\u00a0 \u00a0APCP 2015\u00a0\u00a0 \u00a0\u00a0\u00a0 \u00a074<br \/>\n6.\u00a0\u00a0 \u00a0APCP 2018\u00a0\u00a0 \u00a0\u00a0\u00a0 \u00a074<br \/>\n7.\u00a0\u00a0 \u00a0Proyecto Oficial de 06 de Enero 2022\u00a0\u00a0 \u00a0\u00a0\u00a0 \u00a075<br \/>\n8.\u00a0\u00a0 \u00a0Proyecto de C\u00f3digo Penal para Chile (2016)\u00a0\u00a0 \u00a0\u00a0\u00a0 \u00a075<br \/>\nBibliograf\u00eda\u00a0\u00a0 \u00a0\u00a0\u00a0 \u00a077<\/p>\n","protected":false},"excerpt":{"rendered":"<p>1\u00b0 EDICI\u00d3N ACTUALIZADA A\u00d1O 2025 * 84 P\u00c1GINAS<\/p>\n<p>Buscas un libro Jur\u00eddico.? Lo puedes encontrar en nuestra tienda virtual.<br \/>\nContamos con prestigiosos autores y muchas alternativas en sus diferentes materias al igual que grandes descuentos.! Vis\u00edtanos en <a class=\"cWZyzrGsTDzyVImkoTAmsQWSxoiLMowIPnLKJKLc \" tabindex=\"0\" href=\"https:\/\/lnkd.in\/eiAG7jdZ\" target=\"_blank\" rel=\"noopener\" data-test-app-aware-link=\"\">https:\/\/lnkd.in\/eiAG7jdZ<\/a><br \/>\nEscr\u00edbenos al +56930565235 \/ <a class=\"cWZyzrGsTDzyVImkoTAmsQWSxoiLMowIPnLKJKLc \" tabindex=\"0\" href=\"mailto:ventaslegallexglobal@gmail.com\" target=\"_self\" data-test-app-aware-link=\"\">ventaslegallexglobal@gmail.com<\/a><br \/>\nHacemos env\u00edos a todo Chile \u2013 Starken o Correos Chile \/ Te esperamos<\/p>\n","protected":false},"featured_media":2378,"comment_status":"open","ping_status":"closed","template":"","meta":{"inline_featured_image":false,"_joinchat":[]},"product_brand":[],"product_cat":[26,30],"product_tag":[],"class_list":{"0":"post-2330","1":"product","2":"type-product","3":"status-publish","4":"has-post-thumbnail","6":"product_cat-derecho","7":"product_cat-penal","9":"first","10":"instock","11":"shipping-taxable","12":"purchasable","13":"product-type-simple"},"_links":{"self":[{"href":"https:\/\/bibliotecajuridicavirtual.cl\/index.php\/wp-json\/wp\/v2\/product\/2330","targetHints":{"allow":["GET"]}}],"collection":[{"href":"https:\/\/bibliotecajuridicavirtual.cl\/index.php\/wp-json\/wp\/v2\/product"}],"about":[{"href":"https:\/\/bibliotecajuridicavirtual.cl\/index.php\/wp-json\/wp\/v2\/types\/product"}],"replies":[{"embeddable":true,"href":"https:\/\/bibliotecajuridicavirtual.cl\/index.php\/wp-json\/wp\/v2\/comments?post=2330"}],"wp:featuredmedia":[{"embeddable":true,"href":"https:\/\/bibliotecajuridicavirtual.cl\/index.php\/wp-json\/wp\/v2\/media\/2378"}],"wp:attachment":[{"href":"https:\/\/bibliotecajuridicavirtual.cl\/index.php\/wp-json\/wp\/v2\/media?parent=2330"}],"wp:term":[{"taxonomy":"product_brand","embeddable":true,"href":"https:\/\/bibliotecajuridicavirtual.cl\/index.php\/wp-json\/wp\/v2\/product_brand?post=2330"},{"taxonomy":"product_cat","embeddable":true,"href":"https:\/\/bibliotecajuridicavirtual.cl\/index.php\/wp-json\/wp\/v2\/product_cat?post=2330"},{"taxonomy":"product_tag","embeddable":true,"href":"https:\/\/bibliotecajuridicavirtual.cl\/index.php\/wp-json\/wp\/v2\/product_tag?post=2330"}],"curies":[{"name":"wp","href":"https:\/\/api.w.org\/{rel}","templated":true}]}}