{"id":2331,"date":"2026-02-28T01:00:40","date_gmt":"2026-02-28T04:00:40","guid":{"rendered":"https:\/\/bibliotecajuridicavirtual.cl\/?post_type=product&#038;p=2331"},"modified":"2026-02-28T01:01:10","modified_gmt":"2026-02-28T04:01:10","slug":"el-tiempo-en-el-trabajo-y-sus-brechas-de-genero-paulina-alvarado-barrientos-lucia-planet-sepulveda-felipe-lagos-rojas-1-edicion-ano-2025","status":"publish","type":"product","link":"https:\/\/bibliotecajuridicavirtual.cl\/index.php\/product\/el-tiempo-en-el-trabajo-y-sus-brechas-de-genero-paulina-alvarado-barrientos-lucia-planet-sepulveda-felipe-lagos-rojas-1-edicion-ano-2025\/","title":{"rendered":"El Tiempo en el Trabajo y sus Brechas de G\u00e9nero * Paulina Alvarado Barrientos &#8211; Luc\u00eda Planet Sep\u00falveda &#8211; Felipe Lagos Rojas * 1\u00b0 edici\u00f3n a\u00f1o 2025"},"content":{"rendered":"<p>El presente libro fue confeccionado bajo el alero del Segundo Congreso de la Red de Profesoras Feministas de Derecho del Trabajo y Seguridad Social, que tuvo cita en la Universidad de Magallanes. Se trata de una obra que plasma las ideas y el estudio exhaustivo de una de las desigualdades m\u00e1s patentes dentro del mundo del trabajo, el tiempo en el trabajo.<br \/>\nLas tem\u00e1ticas que se tratan en esta obra colectiva, tienen como objetivo abrir paso hacia nuevas discusiones que permitan disminuir las brechas del tiempo que inciden en la participaci\u00f3n y condiciones de trabajo de las mujeres en los espacios laborales. Conciliaci\u00f3n y trabajo, corresponsabilidad, permisos y cuidados pre y postnatales, flexibilidad laboral y sus riesgos, son parte de las instituciones que se abordan en este instrumento.<\/p>\n<p>\u00cdndice<br \/>\nPr\u00f3logo\u00a0\u00a0 \u00a0\u00a0\u00a0 \u00a011<br \/>\nLieta Vivaldi Macho<br \/>\nFelipe Lagos Rojas<br \/>\nNuevas tecnolog\u00edas e hiperconectividad laboral desde un enfoque de g\u00e9nero\u00a0\u00a0 \u00a0\u00a0\u00a0 \u00a015<br \/>\nKarla Varas Marchant<br \/>\nEl teletrabajo para las mujeres trabajadoras: aportes desde el an\u00e1lisis cr\u00edtico feminista\u00a0\u00a0 \u00a0\u00a0\u00a0 \u00a031<br \/>\nLoreto Barrera Pedemonte<br \/>\nEl tiempo de trabajo y sus brechas. Una mirada desde la econom\u00eda feminista sobre los cuidados\u00a0\u00a0 \u00a0\u00a0\u00a0 \u00a045<br \/>\nTania Rojas Mu\u00f1oz<br \/>\nSegregaci\u00f3n minera femenina: la miner\u00eda una actividad masculinizada en Chile\u00a0\u00a0 \u00a0\u00a0\u00a0 \u00a061<br \/>\nAllison Past\u00e9n Henr\u00edquez<br \/>\nLos trabajos de cuidados y su incorporaci\u00f3n al mercado de trabajo: nuevas desigualdades\u00a0\u00a0 \u00a0\u00a0\u00a0 \u00a073<br \/>\nDagmar Salazar Mesa<br \/>\nNueva paternidad: deconstruyendo al paterfamilias\u00a0\u00a0 \u00a0\u00a0\u00a0 \u00a089<br \/>\nPaulina Alvarado Barrientos<br \/>\nDerecho prenatal y postnatal: legislaci\u00f3n nacional, normativa internacional y judicializaci\u00f3n del derecho\u00a0\u00a0 \u00a0\u00a0\u00a0 \u00a0103<br \/>\nAndrea Serrano Espa\u00f1a<br \/>\nLos cuidados de los hijos por maternidad \u00bfel \u00fanico fundamento a considerar para la regulaci\u00f3n de derechos que facilitan la conciliaci\u00f3n de vida laboral, familiar y personal en Chile?\u00a0\u00a0 \u00a0\u00a0\u00a0 \u00a0113<br \/>\nLuc\u00eda Planet Sep\u00falveda<br \/>\nEl concepto de corresponsabilidad en el sistema de permisos laborales chileno relacionado con el cuidado de los hijos\u00a0\u00a0 \u00a0\u00a0\u00a0 \u00a0131<br \/>\nVer\u00f3nica Munilla Espinoza<br \/>\nLa flexibilidad de la jornada de trabajo y su impacto en la conciliaci\u00f3n laboral y familiar\u00a0\u00a0 \u00a0\u00a0\u00a0 \u00a0145<br \/>\nIrene Rojas Mi\u00f1o<br \/>\nLa paradoja de la flexibilidad laboral para la igualdad de g\u00e9nero\u00a0\u00a0 \u00a0\u00a0\u00a0 \u00a0161<br \/>\nVictoria Mart\u00ednez Placencia<br \/>\nTrabajando con dolor: la vida laboral y la menstruaci\u00f3n incapacitante\u00a0\u00a0 \u00a0\u00a0\u00a0 \u00a0171<br \/>\nDiego Ram\u00f3n Le\u00f3n Quintana<br \/>\nRegulaci\u00f3n del trabajo dom\u00e9stico remunerado en Chile, desaf\u00edos pendientes a la luz de la normativa de la Organizaci\u00f3n Internacional del Trabajo\u00a0\u00a0 \u00a0\u00a0\u00a0 \u00a0181<br \/>\nMar\u00eda Soledad Jofr\u00e9 Bustos<br \/>\nManejo de agroqu\u00edmicos y pesticidas de las trabajadoras agr\u00edcolas de temporada y su necesidad de conciliar trabajo y cuidados. An\u00e1lisis espec\u00edfico en la Regi\u00f3n de O\u2019Higgins\u00a0\u00a0 \u00a0\u00a0\u00a0 \u00a0199<br \/>\nMar\u00eda Jos\u00e9 Espinoza Ram\u00edrez<br \/>\nCorresponsabilidad, g\u00e9nero y trabajo. Experiencia en Uruguay\u00a0\u00a0 \u00a0\u00a0\u00a0 \u00a0209<br \/>\nNataly Rodr\u00edguez Bessio<\/p>\n","protected":false},"excerpt":{"rendered":"<p>226 P\u00e1ginas<\/p>\n<p>Buscas un libro Jur\u00eddico.? Lo puedes encontrar en nuestra tienda virtual.<br \/>\nContamos con prestigiosos autores y muchas alternativas en sus diferentes materias al igual que grandes descuentos.! Vis\u00edtanos en <a class=\"cWZyzrGsTDzyVImkoTAmsQWSxoiLMowIPnLKJKLc \" tabindex=\"0\" href=\"https:\/\/lnkd.in\/eiAG7jdZ\" target=\"_blank\" rel=\"noopener\" data-test-app-aware-link=\"\">https:\/\/lnkd.in\/eiAG7jdZ<\/a><br \/>\nEscr\u00edbenos al +56930565235 \/ <a class=\"cWZyzrGsTDzyVImkoTAmsQWSxoiLMowIPnLKJKLc \" tabindex=\"0\" href=\"mailto:ventaslegallexglobal@gmail.com\" target=\"_self\" data-test-app-aware-link=\"\">ventaslegallexglobal@gmail.com<\/a><br \/>\nHacemos env\u00edos a todo Chile \u2013 Starken o Correos Chile \/ Te esperamos<\/p>\n","protected":false},"featured_media":2379,"comment_status":"open","ping_status":"closed","template":"","meta":{"inline_featured_image":false,"_joinchat":[]},"product_brand":[],"product_cat":[26,41],"product_tag":[],"class_list":{"0":"post-2331","1":"product","2":"type-product","3":"status-publish","4":"has-post-thumbnail","6":"product_cat-derecho","7":"product_cat-laboral","9":"first","10":"instock","11":"shipping-taxable","12":"purchasable","13":"product-type-simple"},"_links":{"self":[{"href":"https:\/\/bibliotecajuridicavirtual.cl\/index.php\/wp-json\/wp\/v2\/product\/2331","targetHints":{"allow":["GET"]}}],"collection":[{"href":"https:\/\/bibliotecajuridicavirtual.cl\/index.php\/wp-json\/wp\/v2\/product"}],"about":[{"href":"https:\/\/bibliotecajuridicavirtual.cl\/index.php\/wp-json\/wp\/v2\/types\/product"}],"replies":[{"embeddable":true,"href":"https:\/\/bibliotecajuridicavirtual.cl\/index.php\/wp-json\/wp\/v2\/comments?post=2331"}],"wp:featuredmedia":[{"embeddable":true,"href":"https:\/\/bibliotecajuridicavirtual.cl\/index.php\/wp-json\/wp\/v2\/media\/2379"}],"wp:attachment":[{"href":"https:\/\/bibliotecajuridicavirtual.cl\/index.php\/wp-json\/wp\/v2\/media?parent=2331"}],"wp:term":[{"taxonomy":"product_brand","embeddable":true,"href":"https:\/\/bibliotecajuridicavirtual.cl\/index.php\/wp-json\/wp\/v2\/product_brand?post=2331"},{"taxonomy":"product_cat","embeddable":true,"href":"https:\/\/bibliotecajuridicavirtual.cl\/index.php\/wp-json\/wp\/v2\/product_cat?post=2331"},{"taxonomy":"product_tag","embeddable":true,"href":"https:\/\/bibliotecajuridicavirtual.cl\/index.php\/wp-json\/wp\/v2\/product_tag?post=2331"}],"curies":[{"name":"wp","href":"https:\/\/api.w.org\/{rel}","templated":true}]}}