{"id":2332,"date":"2026-02-28T01:00:40","date_gmt":"2026-02-28T04:00:40","guid":{"rendered":"https:\/\/bibliotecajuridicavirtual.cl\/?post_type=product&#038;p=2332"},"modified":"2026-02-28T01:01:11","modified_gmt":"2026-02-28T04:01:11","slug":"delitos-contra-la-administracion-publica-sofia-andrea-curatolo-varios-autores-1-edicion-actualizada-junio-2025-524-paginas","status":"publish","type":"product","link":"https:\/\/bibliotecajuridicavirtual.cl\/index.php\/product\/delitos-contra-la-administracion-publica-sofia-andrea-curatolo-varios-autores-1-edicion-actualizada-junio-2025-524-paginas\/","title":{"rendered":"Delitos contra la Administraci\u00f3n P\u00fablica * Sof\u00eda Andrea Curatolo \/ Varios Autores &#8211; 1\u00b0 edici\u00f3n actualizada junio 2025 * 524 P\u00e1ginas."},"content":{"rendered":"<p>ATENTADO Y RESISTENCIA CONTRA LA AUTORIDAD FALSA DENUNCIA USURPACI\u00d3N DE AUTORIDAD, T\u00cdTULOS U HONORES ABUSO DE AUTORIDAD Y VIOLACI\u00d3N DE LOS DEBERES DE LOS FUNCIONARIOS P\u00daBLICOS VIOLACI\u00d3N DE SELLOS Y DOCUMENTOS COHECHO Y TR\u00c1FICO DE INFLUENCIAS MALVERSACI\u00d3N DE CAUDALES P\u00daBLICOS Y PECULADO NEGOCIACIONES INCOMPATIBLES CON EL EJERCICIO DE FUNCIONES P\u00daBLICAS EXACCIONES ILEGALES ENRIQUECIMIENTO IL\u00cdCITO DE FUNCIONARIOS\/AS P\u00daBLICOS\/AS PREVARICATO DENEGACI\u00d3N Y RETARDO DE JUSTICIA DENEGACI\u00d3N Y RETARDO DE JUSTICIA AN\u00c1LISIS CR\u00cdTICO CON PERSPECTIVA DE G\u00c9NERO EN EL MARCO DEL C\u00d3DIGO PENAL FALSO TESTIMONIO ENCUBRIMIENTO EVASI\u00d3N Y QUEBRANTAMIENTO DE PENA<\/p>\n","protected":false},"excerpt":{"rendered":"<p>Buscas un libro Jur\u00eddico.? Lo puedes encontrar en nuestra tienda virtual.<br \/>\nContamos con prestigiosos autores y muchas alternativas en sus diferentes materias al igual que grandes descuentos.! Vis\u00edtanos en <a class=\"icZEwaEXFdsQkNEzPGPZvPcFXAEnhiburFinFQ \" tabindex=\"0\" href=\"https:\/\/lnkd.in\/eiAG7jdZ\" target=\"_blank\" rel=\"noopener\" data-test-app-aware-link=\"\">https:\/\/lnkd.in\/eiAG7jdZ<\/a><br \/>\nEscr\u00edbenos al +56930565235 \/ <a class=\"icZEwaEXFdsQkNEzPGPZvPcFXAEnhiburFinFQ \" tabindex=\"0\" href=\"mailto:ventaslegallexglobal@gmail.com\" target=\"_self\" data-test-app-aware-link=\"\">ventaslegallexglobal@gmail.com<\/a><br \/>\nHacemos env\u00edos a todo Chile \u2013 Starken o Correos Chile \/ Te esperamos<\/p>\n","protected":false},"featured_media":2380,"comment_status":"open","ping_status":"closed","template":"","meta":{"inline_featured_image":false,"_joinchat":[]},"product_brand":[],"product_cat":[26,30],"product_tag":[],"class_list":{"0":"post-2332","1":"product","2":"type-product","3":"status-publish","4":"has-post-thumbnail","6":"product_cat-derecho","7":"product_cat-penal","9":"first","10":"instock","11":"shipping-taxable","12":"purchasable","13":"product-type-simple"},"_links":{"self":[{"href":"https:\/\/bibliotecajuridicavirtual.cl\/index.php\/wp-json\/wp\/v2\/product\/2332","targetHints":{"allow":["GET"]}}],"collection":[{"href":"https:\/\/bibliotecajuridicavirtual.cl\/index.php\/wp-json\/wp\/v2\/product"}],"about":[{"href":"https:\/\/bibliotecajuridicavirtual.cl\/index.php\/wp-json\/wp\/v2\/types\/product"}],"replies":[{"embeddable":true,"href":"https:\/\/bibliotecajuridicavirtual.cl\/index.php\/wp-json\/wp\/v2\/comments?post=2332"}],"wp:featuredmedia":[{"embeddable":true,"href":"https:\/\/bibliotecajuridicavirtual.cl\/index.php\/wp-json\/wp\/v2\/media\/2380"}],"wp:attachment":[{"href":"https:\/\/bibliotecajuridicavirtual.cl\/index.php\/wp-json\/wp\/v2\/media?parent=2332"}],"wp:term":[{"taxonomy":"product_brand","embeddable":true,"href":"https:\/\/bibliotecajuridicavirtual.cl\/index.php\/wp-json\/wp\/v2\/product_brand?post=2332"},{"taxonomy":"product_cat","embeddable":true,"href":"https:\/\/bibliotecajuridicavirtual.cl\/index.php\/wp-json\/wp\/v2\/product_cat?post=2332"},{"taxonomy":"product_tag","embeddable":true,"href":"https:\/\/bibliotecajuridicavirtual.cl\/index.php\/wp-json\/wp\/v2\/product_tag?post=2332"}],"curies":[{"name":"wp","href":"https:\/\/api.w.org\/{rel}","templated":true}]}}