{"id":2335,"date":"2026-02-28T01:00:40","date_gmt":"2026-02-28T04:00:40","guid":{"rendered":"https:\/\/bibliotecajuridicavirtual.cl\/?post_type=product&#038;p=2335"},"modified":"2026-02-28T01:01:13","modified_gmt":"2026-02-28T04:01:13","slug":"insolvencia-y-accion-rescisoria-concursal-doctrina-jurisprudencia-y-formularios-eduardo-aznar-giner","status":"publish","type":"product","link":"https:\/\/bibliotecajuridicavirtual.cl\/index.php\/product\/insolvencia-y-accion-rescisoria-concursal-doctrina-jurisprudencia-y-formularios-eduardo-aznar-giner\/","title":{"rendered":"Insolvencia y Acci\u00f3n Rescisoria Concursal. Doctrina, jurisprudencia y formularios *  Eduardo Aznar Giner"},"content":{"rendered":"<p>El d\u00eda 1 de septiembre de 2004, entr\u00f3 en vigor la Ley 22\/2003, de 9 de julio, Concursal (LC). Esta Ley, que supuso el fin de un arduo y complejo camino para la modernizaci\u00f3n de nuestro sistema concursal, introdujo numerosos cambios respecto del precedente sistema de quiebra y suspensi\u00f3n de pagos. Especialmente, en lo relativo a extender el concurso a los no comerciantes. Uno de los puntos que m\u00e1s problemas hab\u00eda causado bajo el r\u00e9gimen derogado de la quiebra, era el relativo al reintegro de la masa activa, esto es, la recuperaci\u00f3n de los bienes del deudor que hab\u00edan salido indebidamente de su patrimonio antes de instarse la quiebra. A tal efecto, cabe recordar la famosa, y temida, retroacci\u00f3n de la quiebra. Esta figura, que dio lugar a numerosos conflictos, especialmente a la hora de fijar el d\u00eda de retroacci\u00f3n, que quedaba al arbitrio del Juez, fue sustituida en la LC por un sistema de reintegraci\u00f3n basado en el ejercicio en el seno del concurso, v\u00eda incidente, de las acciones impugnatorias contra los actos del deudor que re\u00fanan determinados requisitos. Este sistema, con alguna modificaci\u00f3n, de tizne meramente aclaratorio o matizatorio, se mantiene en el actual y vigente TRLC. Una de estas acciones, la espec\u00edficamente concursal, es la llamada acci\u00f3n rescisoria concursal basada ya no en el fraude, sino en el perjuicio causado por el deudor en la masa activa, recogida inicialmente en el art. 71 de la vieja LC, y actualmente, en los arts. 226 y ss TRLC. \u00a0Voy a dedicar este trabajo a esta concreta acci\u00f3n rescisoria concursal, desde las diversas perspectivas que ofrece, incluida la fiscal y contable, examinando su regulaci\u00f3n \u00a0con una finalidad planteatoria de los problemas y dudas interpretativas que me surgen, y facilitadora, al menos lo intentar\u00e9, de respuestas a estos interrogantes. Eso si, siempre con el necesario e imprescindible estudio de la opini\u00f3n de nuestra doctrina y las resoluciones judiciales que, sobre la materia, han dictado los Tribunales, en especial la Sala de lo Civil de nuestro Tribunal Supremo. Y aportando un ramillete de formularios sobre la materia, ya adaptados a la Ley Org\u00e1nica 1\/2025, de 2 de enero, de medidas en materia de eficiencia de Servicio P\u00fablico de Justicia.<\/p>\n<p>\u00cdndice<br \/>\nDedicatoria\u00a0\u00a0 \u00a0\u00a0\u00a0 \u00a013<br \/>\nI.\u00a0\u00a0 \u00a0PLANTEAMIENTO\u00a0\u00a0 \u00a0\u00a0\u00a0 \u00a015<br \/>\nII.\u00a0\u00a0 \u00a0NATURALEZA JUR\u00cdDICA DE LA ACCI\u00d3N RESCISORIA CONCURSAL\u00a0\u00a0 \u00a0\u00a0\u00a0 \u00a019<br \/>\nIII.\u00a0\u00a0 \u00a0LOS PRESUPUESTOS DE LA ACCI\u00d3N RESCISORIA CONCURSAL\u00a0\u00a0 \u00a0\u00a0\u00a0 \u00a023<br \/>\nIII.1.\u00a0\u00a0 \u00a0LA PREVIA DECLARACI\u00d3N DEL CONCURSO COMO PRESUPUESTO PARA EL EJERCICIO DE LA ACCI\u00d3N RESCISORIA\u00a0\u00a0 \u00a0\u00a0\u00a0 \u00a023<br \/>\nIII.2.\u00a0\u00a0 \u00a0LOS ACTOS DEL DEUDOR COMO OBJETO DE LA ACCI\u00d3N RESCISORIA CONCURSAL\u00a0\u00a0 \u00a0\u00a0\u00a0 \u00a025<br \/>\nIII.2.1.\u00a0\u00a0 \u00a0Concepto de acto\u00a0\u00a0 \u00a0\u00a0\u00a0 \u00a025<br \/>\nIII.2.2.\u00a0\u00a0 \u00a0Supuestos de actos del deudor que pueden ser objeto de la acci\u00f3n rescisoria\u00a0\u00a0 \u00a0\u00a0\u00a0 \u00a031<br \/>\nIII.2.3.\u00a0\u00a0 \u00a0Actos del deudor excluidos de rescisi\u00f3n\u00a0\u00a0 \u00a0\u00a0\u00a0 \u00a071<br \/>\nIII.2.3.1.\u00a0\u00a0 \u00a0Los actos ordinarios de la actividad profesional o empresarial del deudor realizados en condiciones normales\u00a0\u00a0 \u00a0\u00a0\u00a0 \u00a072<br \/>\nIII.2.3.2.\u00a0\u00a0 \u00a0Actos comprendidos en el \u00e1mbito de leyes especiales reguladoras de los sistemas de pagos y compensaci\u00f3n de valores e instrumentos derivados\u00a0\u00a0 \u00a0\u00a0\u00a0 \u00a099<br \/>\nIII.2.3.4.\u00a0\u00a0 \u00a0Operaciones al contado equivalentes a desplazamientos de dinero\u00a0\u00a0 \u00a0\u00a0\u00a0 \u00a0102<br \/>\nIII.2.3.5.\u00a0\u00a0 \u00a0Cesiones de cr\u00e9ditos\u00a0\u00a0 \u00a0\u00a0\u00a0 \u00a0102<br \/>\nIII.2.3.6.\u00a0\u00a0 \u00a0Acuerdos de compensaci\u00f3n y garant\u00edas financieras\u00a0\u00a0 \u00a0\u00a0\u00a0 \u00a0104<br \/>\nIII.2.3.7.\u00a0\u00a0 \u00a0Liquidaci\u00f3n anticipada\u00a0\u00a0 \u00a0\u00a0\u00a0 \u00a0107<br \/>\nIII.2.3.8.\u00a0\u00a0 \u00a0Bonos garantizados\u00a0\u00a0 \u00a0\u00a0\u00a0 \u00a0107<br \/>\nIII.2.3.9.\u00a0\u00a0 \u00a0Garant\u00edas por cr\u00e9ditos de derecho p\u00fablico y Fondo Garanta Salarial\u00a0\u00a0 \u00a0\u00a0\u00a0 \u00a0108<br \/>\nIII.2.3.10.\u00a0\u00a0 \u00a0Reconocimiento y pago de cr\u00e9ditos p\u00fablicos para regularizar o atenuar la responsabilidad penal.\u00a0\u00a0 \u00a0\u00a0\u00a0 \u00a0110<br \/>\nIII.2.3.11.\u00a0\u00a0 \u00a0Medidas de resoluci\u00f3n de entidades de cr\u00e9dito y empresas de prestaci\u00f3n de servicios.\u00a0\u00a0 \u00a0\u00a0\u00a0 \u00a0111<br \/>\nIII.2.3.12.\u00a0\u00a0 \u00a0Planes de reestructuraci\u00f3n\u00a0\u00a0 \u00a0\u00a0\u00a0 \u00a0112<br \/>\nIII.2.4.\u00a0\u00a0 \u00a0Los actos objeto de rescisi\u00f3n deben ser del deudor\u00a0\u00a0 \u00a0\u00a0\u00a0 \u00a0118<br \/>\nIII.2.5.\u00a0\u00a0 \u00a0Los actos del deudor deben recaer sobre bienes o derechos de su patrimonio\u00a0\u00a0 \u00a0\u00a0\u00a0 \u00a0128<br \/>\nIII.3.\u00a0\u00a0 \u00a0EL PERJUICIO DEL ACTO PARA LA MASA ACTIVA COMO FUNDAMENTO DE LA RESCISI\u00d3N\u00a0\u00a0 \u00a0\u00a0\u00a0 \u00a0129<br \/>\nIII.3.1.\u00a0\u00a0 \u00a0Introducci\u00f3n\u00a0\u00a0 \u00a0\u00a0\u00a0 \u00a0129<br \/>\nIII.3.2.\u00a0\u00a0 \u00a0\u00bfAbandono del car\u00e1cter fraudulento del acto?\u00a0\u00a0 \u00a0\u00a0\u00a0 \u00a0130<br \/>\nIII.3.3.\u00a0\u00a0 \u00a0Concepto de perjuicio\u00a0\u00a0 \u00a0\u00a0\u00a0 \u00a0134<br \/>\nIII.3.3.1.\u00a0\u00a0 \u00a0Tesis estricta\u00a0\u00a0 \u00a0\u00a0\u00a0 \u00a0134<br \/>\nIII.3.3.2.\u00a0\u00a0 \u00a0Tesis amplia\u00a0\u00a0 \u00a0\u00a0\u00a0 \u00a0135<br \/>\nIII.3.3.3.\u00a0\u00a0 \u00a0El sacrificio patrimonial injustificado\u00a0\u00a0 \u00a0\u00a0\u00a0 \u00a0141<br \/>\nIII.3.4.\u00a0\u00a0 \u00a0El acto del deudor ha de ser perjudicial para la masa activa\u00a0\u00a0 \u00a0\u00a0\u00a0 \u00a0148<br \/>\nIII.3.5.\u00a0\u00a0 \u00a0Determinaci\u00f3n del perjuicio\u00a0\u00a0 \u00a0\u00a0\u00a0 \u00a0148<br \/>\nIII.3.5.1.\u00a0\u00a0 \u00a0Desde un punto de vista objetivo\u00a0\u00a0 \u00a0\u00a0\u00a0 \u00a0148<br \/>\nIII.3.5.2.\u00a0\u00a0 \u00a0Desde un punto de vista temporal\u00a0\u00a0 \u00a0\u00a0\u00a0 \u00a0154<br \/>\nIII.4.\u00a0\u00a0 \u00a0REGLA GENERAL: LA PRUEBA DE LA PERJUDICIALIDAD\u00a0\u00a0 \u00a0\u00a0\u00a0 \u00a0158<br \/>\nIII.5.\u00a0\u00a0 \u00a0PRESUNCION IURIS ET DE IURE DE PERJUDICIALIDAD DEL ACTO\u00a0\u00a0 \u00a0\u00a0\u00a0 \u00a0246<br \/>\nIII.5.1.\u00a0\u00a0 \u00a0Planteamiento\u00a0\u00a0 \u00a0\u00a0\u00a0 \u00a0246<br \/>\nIII.5.2.\u00a0\u00a0 \u00a0Actos a t\u00edtulo gratuito\u00a0\u00a0 \u00a0\u00a0\u00a0 \u00a0248<br \/>\nIII.5.2.1.\u00a0\u00a0 \u00a0Fundamento de la presunci\u00f3n\u00a0\u00a0 \u00a0\u00a0\u00a0 \u00a0248<br \/>\nIII.5.2.2.\u00a0\u00a0 \u00a0Concepto de acto a t\u00edtulo gratuito\u00a0\u00a0 \u00a0\u00a0\u00a0 \u00a0250<br \/>\nIII.5.2.3.\u00a0\u00a0 \u00a0Supuestos controvertidos\u00a0\u00a0 \u00a0\u00a0\u00a0 \u00a0261<br \/>\nIII.5.2.4.\u00a0\u00a0 \u00a0Las liberalidades de uso\u00a0\u00a0 \u00a0\u00a0\u00a0 \u00a0298<br \/>\nIII.5.3.\u00a0\u00a0 \u00a0Extinci\u00f3n de obligaciones con vencimiento posterior al concurso\u00a0\u00a0 \u00a0\u00a0\u00a0 \u00a0300<br \/>\nIII.5.3.1.\u00a0\u00a0 \u00a0Fundamento de la norma\u00a0\u00a0 \u00a0\u00a0\u00a0 \u00a0301<br \/>\nIII.5.3.2.\u00a0\u00a0 \u00a0Actos objeto de la presunci\u00f3n\u00a0\u00a0 \u00a0\u00a0\u00a0 \u00a0303<br \/>\nIII.5.3.3.\u00a0\u00a0 \u00a0Otras cuestiones\u00a0\u00a0 \u00a0\u00a0\u00a0 \u00a0316<br \/>\nIII.6.\u00a0\u00a0 \u00a0PRESUNCI\u00d3N IURIS TAMTUM DE LA PERJUDICIALIDAD DEL ACTO\u00a0\u00a0 \u00a0\u00a0\u00a0 \u00a0318<br \/>\nIII.6.1.\u00a0\u00a0 \u00a0Actos a favor de personas especialmente relacionadas con el deudor\u00a0\u00a0 \u00a0\u00a0\u00a0 \u00a0319<br \/>\nIII.6.1.1.\u00a0\u00a0 \u00a0Personas especialmente relacionadas con el deudor\u00a0\u00a0 \u00a0\u00a0\u00a0 \u00a0319<br \/>\nIII.6.1.2.\u00a0\u00a0 \u00a0Fundamento de la presunci\u00f3n\u00a0\u00a0 \u00a0\u00a0\u00a0 \u00a0331<br \/>\nIII.6.1.3.\u00a0\u00a0 \u00a0Momento en que debe existir la vinculaci\u00f3n\u00a0\u00a0 \u00a0\u00a0\u00a0 \u00a0332<br \/>\nIII.6.1.4.\u00a0\u00a0 \u00a0Criterios para acreditar la ausencia de perjuicio\u00a0\u00a0 \u00a0\u00a0\u00a0 \u00a0336<br \/>\nIII.6.1.5.\u00a0\u00a0 \u00a0Una reflexi\u00f3n cr\u00edtica sobre el tratamiento concursal que se da a las personas especialmente relacionadas con el concursado\u00a0\u00a0 \u00a0\u00a0\u00a0 \u00a0353<br \/>\nIII.6.1.6.\u00a0\u00a0 \u00a0Conciliaci\u00f3n entre la presunci\u00f3n muciana concursal y la presunci\u00f3n objeto del art. 228.1.\u00ba TRLC\u00a0\u00a0 \u00a0\u00a0\u00a0 \u00a0355<br \/>\nIII.6.2.\u00a0\u00a0 \u00a0Garant\u00edas reales a favor de obligaciones preexistes o de las nuevas contra\u00eddas en lugar de aquellas\u00a0\u00a0 \u00a0\u00a0\u00a0 \u00a0357<br \/>\nIII.6.2.1.\u00a0\u00a0 \u00a0Fundamento de la presunci\u00f3n\u00a0\u00a0 \u00a0\u00a0\u00a0 \u00a0357<br \/>\nIII.6.2.2.\u00a0\u00a0 \u00a0Obligaciones y garant\u00edas objeto de la presunci\u00f3n. General\u00a0\u00a0 \u00a0\u00a0\u00a0 \u00a0362<br \/>\nIII.6.2.3.\u00a0\u00a0 \u00a0Garant\u00edas constituidas con relaci\u00f3n a obligaciones preexistentes\u00a0\u00a0 \u00a0\u00a0\u00a0 \u00a0371<br \/>\nIII.6.2.4.\u00a0\u00a0 \u00a0Garant\u00edas constituidas a favor \u201cde las nuevas contra\u00eddas en sustituci\u00f3n de aquellas\u201d\u00a0\u00a0 \u00a0\u00a0\u00a0 \u00a0392<br \/>\nIII.6.3.\u00a0\u00a0 \u00a0Extinci\u00f3n de obligaciones con vencimiento posterior al concurso que gozan de garant\u00eda real\u00a0\u00a0 \u00a0\u00a0\u00a0 \u00a0420<br \/>\nIII.7.\u00a0\u00a0 \u00a0LOS ACTOS DEL DEUDOR, ADEMAS DE PERJUDICIALES PARA LA MASA ACTIVA, DEBEN HABERSE REALIZADO DENTRO DEL PERIODO SOSPECHOSO\u00a0\u00a0 \u00a0\u00a0\u00a0 \u00a0422<br \/>\nIII.7.1.\u00a0\u00a0 \u00a0General\u00a0\u00a0 \u00a0\u00a0\u00a0 \u00a0422<br \/>\nIII.7.2.\u00a0\u00a0 \u00a0Computo del plazo\u00a0\u00a0 \u00a0\u00a0\u00a0 \u00a0441<br \/>\nIV.\u00a0\u00a0 \u00a0LEGITIMACI\u00d3N Y PROCEDIMIENTO\u00a0\u00a0 \u00a0\u00a0\u00a0 \u00a0447<br \/>\nIV.1.\u00a0\u00a0 \u00a0LEGITIMACI\u00d3N\u00a0\u00a0 \u00a0\u00a0\u00a0 \u00a0447<br \/>\nIV.1.1.\u00a0\u00a0 \u00a0Legitimaci\u00f3n activa: legitimaci\u00f3n principal y subsidiaria\u00a0\u00a0 \u00a0\u00a0\u00a0 \u00a0449<br \/>\nIV.1.1.1.\u00a0\u00a0 \u00a0Legitimaci\u00f3n principal\u00a0\u00a0 \u00a0\u00a0\u00a0 \u00a0449<br \/>\nIV.1.1.2.\u00a0\u00a0 \u00a0Legitimaci\u00f3n subsidiaria\u00a0\u00a0 \u00a0\u00a0\u00a0 \u00a0455<br \/>\nIV.1.2.\u00a0\u00a0 \u00a0Legitimaci\u00f3n pasiva\u00a0\u00a0 \u00a0\u00a0\u00a0 \u00a0465<br \/>\nIV.1.3.\u00a0\u00a0 \u00a0Intervenci\u00f3n de terceros\u00a0\u00a0 \u00a0\u00a0\u00a0 \u00a0469<br \/>\nIV.2.\u00a0\u00a0 \u00a0PROCEDIMIENTO\u00a0\u00a0 \u00a0\u00a0\u00a0 \u00a0473<br \/>\nIV.2.1.\u00a0\u00a0 \u00a0Demanda\u00a0\u00a0 \u00a0\u00a0\u00a0 \u00a0479<br \/>\nIV.2.1.1.\u00a0\u00a0 \u00a0Interposici\u00f3n\u00a0\u00a0 \u00a0\u00a0\u00a0 \u00a0479<br \/>\nIV.2.1.2.\u00a0\u00a0 \u00a0Forma de la demanda\u00a0\u00a0 \u00a0\u00a0\u00a0 \u00a0486<br \/>\nIV.2.1.3.\u00a0\u00a0 \u00a0Admisi\u00f3n de la demanda. Acumulaci\u00f3n de otras demandas contra el mismo acto\u00a0\u00a0 \u00a0\u00a0\u00a0 \u00a0487<br \/>\nIV.2.1.4.\u00a0\u00a0 \u00a0Efectos de la admisi\u00f3n de la demanda. No suspensi\u00f3n del proceso concursal\u00a0\u00a0 \u00a0\u00a0\u00a0 \u00a0487<br \/>\nIV.2.2.\u00a0\u00a0 \u00a0Contestaci\u00f3n a la demanda\u00a0\u00a0 \u00a0\u00a0\u00a0 \u00a0488<br \/>\nIV.2.3.\u00a0\u00a0 \u00a0Tramitaci\u00f3n del incidente por los tr\u00e1mites previstos para los juicios verbales\u00a0\u00a0 \u00a0\u00a0\u00a0 \u00a0488<br \/>\nIV.2.4.\u00a0\u00a0 \u00a0Medidas cautelares\u00a0\u00a0 \u00a0\u00a0\u00a0 \u00a0489<br \/>\nIV.2.5.\u00a0\u00a0 \u00a0Sentencia y recursos contra la misma.\u00a0\u00a0 \u00a0\u00a0\u00a0 \u00a0490<br \/>\nIV.2.6.\u00a0\u00a0 \u00a0Costas\u00a0\u00a0 \u00a0\u00a0\u00a0 \u00a0490<br \/>\nIV.2.7.\u00a0\u00a0 \u00a0Aprobaci\u00f3n de convenio, o conclusi\u00f3n del concurso, durante la tramitaci\u00f3n del incidente concursal rescisorio\u00a0\u00a0 \u00a0\u00a0\u00a0 \u00a0493<br \/>\nV.\u00a0\u00a0 \u00a0\u00bfPRESCRIPCI\u00d3N (CADUCIDAD) DE LA ACCION? TIEMPO DE EJERCICIO DE LA ACCI\u00d3N RESCISORIA CONCURSAL. CONCLUSI\u00d3N DEL CONCURSO. REAPERTURA\u00a0\u00a0 \u00a0\u00a0\u00a0 \u00a0495<br \/>\nVI.\u00a0\u00a0 \u00a0CESI\u00d3N DE LAS ACCIONES\u00a0\u00a0 \u00a0\u00a0\u00a0 \u00a0511<br \/>\nVII.\u00a0\u00a0 \u00a0EFECTOS DE LA ACCI\u00d3N RESCISORIA CONCURSAL FRENTE A LA CONTRAPARTE DEL CONCURSADO Y TERCEROS\u00a0\u00a0 \u00a0\u00a0\u00a0 \u00a0515<br \/>\nVII.1.\u00a0\u00a0 \u00a0EFECTOS EN RELACI\u00d3N CON EL ADQUIRENTE DIRECTO\u00a0\u00a0 \u00a0\u00a0\u00a0 \u00a0515<br \/>\nVII.1.1.\u00a0\u00a0 \u00a0Adquirente de buena fe\u00a0\u00a0 \u00a0\u00a0\u00a0 \u00a0515<br \/>\nVII.1.2.\u00a0\u00a0 \u00a0Adquirente que act\u00fao de mala fe\u00a0\u00a0 \u00a0\u00a0\u00a0 \u00a0536<br \/>\nVII.1.3.\u00a0\u00a0 \u00a0Cuestiones dudosas\u00a0\u00a0 \u00a0\u00a0\u00a0 \u00a0558<br \/>\nVII.1.3.1.\u00a0\u00a0 \u00a0Obligaciones de hacer o no hacer ejecutadas con anterioridad a la restituci\u00f3n.\u00a0\u00a0 \u00a0\u00a0\u00a0 \u00a0559<br \/>\nVII.1.3.2.\u00a0\u00a0 \u00a0Pagos anticipados en virtud de un contrato de pr\u00e9stamo o cr\u00e9dito.\u00a0\u00a0 \u00a0\u00a0\u00a0 \u00a0559<br \/>\nVII.1.3.4.\u00a0\u00a0 \u00a0Rescisi\u00f3n de una garant\u00eda real\u00a0\u00a0 \u00a0\u00a0\u00a0 \u00a0559<br \/>\nVII.1.3.5.\u00a0\u00a0 \u00a0Garant\u00edas extinguidas como consecuencia de su sustituci\u00f3n por otra garant\u00eda posteriormente rescindida\u00a0\u00a0 \u00a0\u00a0\u00a0 \u00a0572<br \/>\nVII.1.3.6.\u00a0\u00a0 \u00a0Bienes reintegrados que devienen no necesarios para pagar a los acreedores concursales\u00a0\u00a0 \u00a0\u00a0\u00a0 \u00a0575<br \/>\nVII.2.\u00a0\u00a0 \u00a0EFECTOS EN RELACI\u00d3N CON LOS SUBADQUIRENTES\u00a0\u00a0 \u00a0\u00a0\u00a0 \u00a0575<br \/>\nVII.2.1.\u00a0\u00a0 \u00a0El subadquirente no fue demandado\u00a0\u00a0 \u00a0\u00a0\u00a0 \u00a0576<br \/>\nVII.2.2.\u00a0\u00a0 \u00a0El subadquirente no actu\u00f3 de mala fe\u00a0\u00a0 \u00a0\u00a0\u00a0 \u00a0576<br \/>\nVII.2.3.\u00a0\u00a0 \u00a0El subadquirente goza de irrevindicabilidad o protecci\u00f3n registral\u00a0\u00a0 \u00a0\u00a0\u00a0 \u00a0577<br \/>\nVII.3.\u00a0\u00a0 \u00a0EFECTOS DE LA RESCISI\u00d3N SI INTERVIENE SUBADQUIRENTE\u00a0\u00a0 \u00a0\u00a0\u00a0 \u00a0578<br \/>\nVII.3.1.\u00a0\u00a0 \u00a0No es posible la rescisi\u00f3n\u00a0\u00a0 \u00a0\u00a0\u00a0 \u00a0578<br \/>\nVII.3.1.1.\u00a0\u00a0 \u00a0No mediando mala fe del adquirente directo\u00a0\u00a0 \u00a0\u00a0\u00a0 \u00a0578<br \/>\nVII.3.1.2.\u00a0\u00a0 \u00a0Mediando mala fe del adquirente directo\u00a0\u00a0 \u00a0\u00a0\u00a0 \u00a0579<br \/>\nVII.3.2.\u00a0\u00a0 \u00a0Resulta posible la rescisi\u00f3n\u00a0\u00a0 \u00a0\u00a0\u00a0 \u00a0579<br \/>\nVIII.\u00a0\u00a0 \u00a0EL EJERCICIO DE LAS DEM\u00c1S ACCIONES DE REINTEGRACI\u00d3N\u00a0\u00a0 \u00a0\u00a0\u00a0 \u00a0581<br \/>\nIX.\u00a0\u00a0 \u00a0LA ACCI\u00d3N RESCISORIA CONCURSAL Y EL PROCEDIMIENTO ESPECIAL PARA MICROEMPRESAS\u00a0\u00a0 \u00a0\u00a0\u00a0 \u00a0585<br \/>\nX.\u00a0\u00a0 \u00a0BIBLIOGRAF\u00cdA\u00a0\u00a0 \u00a0\u00a0\u00a0 \u00a0603<br \/>\nXI.\u2002FORMULARIOS\u00a0\u00a0 \u00a0\u00a0\u00a0 \u00a0615<\/p>\n","protected":false},"excerpt":{"rendered":"<p>1\u00b0 EDICI\u00d3N ACTUALIZADA JUNIO A\u00d1O 2025\u00a0 * 716 P\u00c1GINAS * Libro Espa\u00f1ol<\/p>\n<p>Buscas un libro Jur\u00eddico.? Lo puedes encontrar en nuestra tienda virtual.<br \/>\nContamos con prestigiosos autores y muchas alternativas en sus diferentes materias al igual que grandes descuentos.! Vis\u00edtanos en <a class=\"DGvtWMHHFxUFucvarCuTmPvyMuWuwlaQNuYA \" tabindex=\"0\" href=\"https:\/\/lnkd.in\/eiAG7jdZ\" target=\"_blank\" rel=\"noopener\" data-test-app-aware-link=\"\">https:\/\/lnkd.in\/eiAG7jdZ<\/a><br \/>\nEscr\u00edbenos al +56930565235 \/ <a class=\"DGvtWMHHFxUFucvarCuTmPvyMuWuwlaQNuYA \" tabindex=\"0\" href=\"mailto:ventaslegallexglobal@gmail.com\" target=\"_self\" data-test-app-aware-link=\"\">ventaslegallexglobal@gmail.com<\/a><br \/>\nHacemos env\u00edos a todo Chile \u2013 Starken o Correos Chile \/ Te esperamos<\/p>\n","protected":false},"featured_media":2383,"comment_status":"open","ping_status":"closed","template":"","meta":{"inline_featured_image":false,"_joinchat":[]},"product_brand":[],"product_cat":[48,26],"product_tag":[],"class_list":{"0":"post-2335","1":"product","2":"type-product","3":"status-publish","4":"has-post-thumbnail","6":"product_cat-comercial","7":"product_cat-derecho","9":"first","10":"instock","11":"shipping-taxable","12":"purchasable","13":"product-type-simple"},"_links":{"self":[{"href":"https:\/\/bibliotecajuridicavirtual.cl\/index.php\/wp-json\/wp\/v2\/product\/2335","targetHints":{"allow":["GET"]}}],"collection":[{"href":"https:\/\/bibliotecajuridicavirtual.cl\/index.php\/wp-json\/wp\/v2\/product"}],"about":[{"href":"https:\/\/bibliotecajuridicavirtual.cl\/index.php\/wp-json\/wp\/v2\/types\/product"}],"replies":[{"embeddable":true,"href":"https:\/\/bibliotecajuridicavirtual.cl\/index.php\/wp-json\/wp\/v2\/comments?post=2335"}],"wp:featuredmedia":[{"embeddable":true,"href":"https:\/\/bibliotecajuridicavirtual.cl\/index.php\/wp-json\/wp\/v2\/media\/2383"}],"wp:attachment":[{"href":"https:\/\/bibliotecajuridicavirtual.cl\/index.php\/wp-json\/wp\/v2\/media?parent=2335"}],"wp:term":[{"taxonomy":"product_brand","embeddable":true,"href":"https:\/\/bibliotecajuridicavirtual.cl\/index.php\/wp-json\/wp\/v2\/product_brand?post=2335"},{"taxonomy":"product_cat","embeddable":true,"href":"https:\/\/bibliotecajuridicavirtual.cl\/index.php\/wp-json\/wp\/v2\/product_cat?post=2335"},{"taxonomy":"product_tag","embeddable":true,"href":"https:\/\/bibliotecajuridicavirtual.cl\/index.php\/wp-json\/wp\/v2\/product_tag?post=2335"}],"curies":[{"name":"wp","href":"https:\/\/api.w.org\/{rel}","templated":true}]}}