{"id":2338,"date":"2026-02-28T01:00:40","date_gmt":"2026-02-28T04:00:40","guid":{"rendered":"https:\/\/bibliotecajuridicavirtual.cl\/?post_type=product&#038;p=2338"},"modified":"2026-02-28T01:01:14","modified_gmt":"2026-02-28T04:01:14","slug":"curso-de-derecho-procesal-civil-alejandro-romero-seguel-tomo-iv-de-los-actos-procesales-y-sus-efectos-2025-222-paginas","status":"publish","type":"product","link":"https:\/\/bibliotecajuridicavirtual.cl\/index.php\/product\/curso-de-derecho-procesal-civil-alejandro-romero-seguel-tomo-iv-de-los-actos-procesales-y-sus-efectos-2025-222-paginas\/","title":{"rendered":"Curso de Derecho Procesal Civil * Alejandro Romero Seguel &#8211; Tomo IV * De los Actos Procesales y sus Efectos, 2025 * 222 P\u00e1ginas"},"content":{"rendered":"<p class=\"universidadcatolicab2c-dynamic-description-0-x-dynamicDescriptionItem\">&#8220;En este cuarto tomo del Curso de Derecho Procesal Civil se examinan los actos procesales y sus efectos, con el prop\u00f3sito de ofrecer a los estudiantes de Derecho una visi\u00f3n sistem\u00e1tica de diversas instituciones clave del proceso civil chileno. Se estudian los requisitos generales de los actos procesales y las causas que pueden afectar su eficacia jur\u00eddica, como la inexistencia, inadmisibilidad, nulidad, caducidad, preclusi\u00f3n e inoponibilidad. Asimismo, se dedica un cap\u00edtulo a las resoluciones judiciales, y se abordan sus principales efectos: la cosa juzgada y la prejudicialidad, incluyendo esta \u00faltima en sus distintas variantes \u2014civiles, penales y administrativas\u2014 conforme al tratamiento que ha recibido en la doctrina y jurisprudencia nacionales.<\/p>\n<p class=\"universidadcatolicab2c-dynamic-description-0-x-dynamicDescriptionItem\">La experiencia acad\u00e9mica y profesional de Alejandro Romero Seguel se refleja en su enfoque claro y riguroso, que ha convertido esta obra en una herramienta \u00fatil tanto para el estudio como para la pr\u00e1ctica. La frecuente cita de los contenidos de estos tomos por tribunales chilenos confirma su relevancia y solidez jur\u00eddica.&#8221;<\/p>\n<p>&nbsp;<\/p>\n","protected":false},"excerpt":{"rendered":"<p>Buscas un libro Jur\u00eddico.? Lo puedes encontrar en nuestra tienda virtual.<br \/>\nContamos con prestigiosos autores y muchas alternativas en sus diferentes materias al igual que grandes descuentos.! Vis\u00edtanos en <a class=\"DGvtWMHHFxUFucvarCuTmPvyMuWuwlaQNuYA \" tabindex=\"0\" href=\"https:\/\/lnkd.in\/eiAG7jdZ\" target=\"_blank\" rel=\"noopener\" data-test-app-aware-link=\"\">https:\/\/lnkd.in\/eiAG7jdZ<\/a><br \/>\nEscr\u00edbenos al +56930565235 \/ <a class=\"DGvtWMHHFxUFucvarCuTmPvyMuWuwlaQNuYA \" tabindex=\"0\" href=\"mailto:ventaslegallexglobal@gmail.com\" target=\"_self\" data-test-app-aware-link=\"\">ventaslegallexglobal@gmail.com<\/a><br \/>\nHacemos env\u00edos a todo Chile \u2013 Starken o Correos Chile \/ Te esperamos<\/p>\n","protected":false},"featured_media":2386,"comment_status":"open","ping_status":"closed","template":"","meta":{"inline_featured_image":false,"_joinchat":[]},"product_brand":[],"product_cat":[26,50,39],"product_tag":[],"class_list":{"0":"post-2338","1":"product","2":"type-product","3":"status-publish","4":"has-post-thumbnail","6":"product_cat-derecho","7":"product_cat-procedimientos-civiles","8":"product_cat-procesal-civil","10":"first","11":"instock","12":"shipping-taxable","13":"purchasable","14":"product-type-simple"},"_links":{"self":[{"href":"https:\/\/bibliotecajuridicavirtual.cl\/index.php\/wp-json\/wp\/v2\/product\/2338","targetHints":{"allow":["GET"]}}],"collection":[{"href":"https:\/\/bibliotecajuridicavirtual.cl\/index.php\/wp-json\/wp\/v2\/product"}],"about":[{"href":"https:\/\/bibliotecajuridicavirtual.cl\/index.php\/wp-json\/wp\/v2\/types\/product"}],"replies":[{"embeddable":true,"href":"https:\/\/bibliotecajuridicavirtual.cl\/index.php\/wp-json\/wp\/v2\/comments?post=2338"}],"wp:featuredmedia":[{"embeddable":true,"href":"https:\/\/bibliotecajuridicavirtual.cl\/index.php\/wp-json\/wp\/v2\/media\/2386"}],"wp:attachment":[{"href":"https:\/\/bibliotecajuridicavirtual.cl\/index.php\/wp-json\/wp\/v2\/media?parent=2338"}],"wp:term":[{"taxonomy":"product_brand","embeddable":true,"href":"https:\/\/bibliotecajuridicavirtual.cl\/index.php\/wp-json\/wp\/v2\/product_brand?post=2338"},{"taxonomy":"product_cat","embeddable":true,"href":"https:\/\/bibliotecajuridicavirtual.cl\/index.php\/wp-json\/wp\/v2\/product_cat?post=2338"},{"taxonomy":"product_tag","embeddable":true,"href":"https:\/\/bibliotecajuridicavirtual.cl\/index.php\/wp-json\/wp\/v2\/product_tag?post=2338"}],"curies":[{"name":"wp","href":"https:\/\/api.w.org\/{rel}","templated":true}]}}