{"id":2340,"date":"2026-02-28T01:00:40","date_gmt":"2026-02-28T04:00:40","guid":{"rendered":"https:\/\/bibliotecajuridicavirtual.cl\/?post_type=product&#038;p=2340"},"modified":"2026-02-28T01:01:16","modified_gmt":"2026-02-28T04:01:16","slug":"derecho-municipal-carolina-helfmann-martini-paulina-cafena-jottar-sergio-guzman-silva-1a-edicion-ano-2025-188-pag","status":"publish","type":"product","link":"https:\/\/bibliotecajuridicavirtual.cl\/index.php\/product\/derecho-municipal-carolina-helfmann-martini-paulina-cafena-jottar-sergio-guzman-silva-1a-edicion-ano-2025-188-pag\/","title":{"rendered":"Derecho Municipal * Carolina Helfmann &#8211; Martini Paulina Cafena Jottar &#8211; Sergio Guzm\u00e1n Silva * 1\u00aa Edici\u00f3n a\u00f1o 2025 -188 p\u00e1g."},"content":{"rendered":"<p>En nuestro sistema de organizaci\u00f3n administrativa las municipalidades son el organismo estatal m\u00e1s cercano a la ciudadan\u00eda. Mediante el ejercicio de funciones privativas y compartidas con otros organismos p\u00fablicos, las municipalidades asumen una labor fundamental y de creciente relevancia para la satisfacci\u00f3n de necesidades p\u00fablicas muy variadas. Este rol y los desaf\u00edos de los entes municipales debe ir acompa\u00f1ado de un an\u00e1lisis y reflexi\u00f3n en torno a sus facultades.<br \/>\nEn este sentido el libro &#8220;Derecho Municipal&#8221; ofrece una visi\u00f3n actualizada del marco normativo que rige a las municipalidades y de los criterios m\u00e1s relevantes de la jurisprudencia judicial y administrativa. Sus autores abordan tem\u00e1ticas fundamentales para comprender los alcances y l\u00edmites del actuar municipal, tales como principios, r\u00e9gimen de bienes, potestad normativa, control y responsabilidad municipal.<br \/>\nEste libro presta utilidad para autoridades y funcionarios municipales, profesionales del sector p\u00fablico y privado que se relacionen con las municipalidades, estudiantes de pre y post grados de los cursos de derecho administrativo y de derecho municipal que quieran profundizar en esta materia.<\/p>\n<p>\u00cdndice<br \/>\nAbreviaturas\u00a0\u00a0 \u00a0\u00a0\u00a0 \u00a013<\/p>\n<p>Pr\u00f3logo\u00a0\u00a0 \u00a0\u00a0\u00a0 \u00a015<br \/>\nLa aplicaci\u00f3n de los principios del Derecho Administrativo a las municipalidades y la especial importancia del principio de coordinaci\u00f3n<br \/>\nI.\u00a0\u00a0 \u00a0Los principios en el Derecho Municipal\u00a0\u00a0 \u00a0\u00a0\u00a0 \u00a025<br \/>\n1.\u00a0\u00a0 \u00a0Consideraciones generales\u00a0\u00a0 \u00a0\u00a0\u00a0 \u00a025<br \/>\n2.\u00a0\u00a0 \u00a0Reglas y principios: una necesaria distinci\u00f3n\u00a0\u00a0 \u00a0\u00a0\u00a0 \u00a026<br \/>\n3.\u00a0\u00a0 \u00a0La especial relevancia de los principios del derecho administrativo en la actuaci\u00f3n municipal\u00a0\u00a0 \u00a0\u00a0\u00a0 \u00a027<br \/>\nII.\u00a0\u00a0 \u00a0Principio de juridicidad y el elemento de competencia\u00a0\u00a0 \u00a0\u00a0\u00a0 \u00a028<br \/>\n1.\u00a0\u00a0 \u00a0Tipos de competencia municipal\u00a0\u00a0 \u00a0\u00a0\u00a0 \u00a029<br \/>\n2.\u00a0\u00a0 \u00a0Conflictos de competencia\u00a0\u00a0 \u00a0\u00a0\u00a0 \u00a029<br \/>\n3.\u00a0\u00a0 \u00a0El rol del principio de coordinaci\u00f3n\u00a0\u00a0 \u00a0\u00a0\u00a0 \u00a030<br \/>\na.\u00a0\u00a0 \u00a0Reconocimiento normativo del principio de coordinaci\u00f3n\u00a0\u00a0 \u00a0\u00a0\u00a0 \u00a031<br \/>\nb.\u00a0\u00a0 \u00a0La coordinaci\u00f3n como principio y deber jur\u00eddico\u00a0\u00a0 \u00a0\u00a0\u00a0 \u00a032<br \/>\nc.\u00a0\u00a0 \u00a0De la coordinaci\u00f3n ad intra\u00a0\u00a0 \u00a0\u00a0\u00a0 \u00a033<br \/>\nd.\u00a0\u00a0 \u00a0De los efectos de la actuaci\u00f3n descoordinada\u00a0\u00a0 \u00a0\u00a0\u00a0 \u00a035<br \/>\nIII.\u00a0\u00a0 \u00a0Conclusiones\u00a0\u00a0 \u00a0\u00a0\u00a0 \u00a035<br \/>\nBienes nacionales de uso p\u00fablico y bienes municipales: r\u00e9gimen de adquisici\u00f3n, administraci\u00f3n y disposici\u00f3n<br \/>\nI.\u00a0\u00a0 \u00a0Introducci\u00f3n\u00a0\u00a0 \u00a0\u00a0\u00a0 \u00a037<br \/>\nII.\u00a0\u00a0 \u00a0Bienes inmuebles y municipalidades\u00a0\u00a0 \u00a0\u00a0\u00a0 \u00a038<br \/>\n1.\u00a0\u00a0 \u00a0Distinci\u00f3n entre bienes nacionales de uso p\u00fablico y bienes municipales\u00a0\u00a0 \u00a0\u00a0\u00a0 \u00a038<br \/>\n2.\u00a0\u00a0 \u00a0Consecuencias de la distinci\u00f3n entre bienes nacionales de uso p\u00fablico y bienes municipales\u00a0\u00a0 \u00a0\u00a0\u00a0 \u00a040<br \/>\nIII.\u00a0\u00a0 \u00a0Bienes nacionales de uso p\u00fablico\u00a0\u00a0 \u00a0\u00a0\u00a0 \u00a041<br \/>\n1.\u00a0\u00a0 \u00a0La adquisici\u00f3n de bienes nacionales de uso p\u00fablico\u00a0\u00a0 \u00a0\u00a0\u00a0 \u00a041<br \/>\n2.\u00a0\u00a0 \u00a0La administraci\u00f3n de los bienes nacionales de uso p\u00fablico: el permiso y la concesi\u00f3n\u00a0\u00a0 \u00a0\u00a0\u00a0 \u00a042<br \/>\na.\u00a0\u00a0 \u00a0Elementos caracter\u00edsticos de las concesiones y los permisos\u00a0\u00a0 \u00a0\u00a0\u00a0 \u00a042<br \/>\nb.\u00a0\u00a0 \u00a0Alcances de la discrecionalidad municipal en materia de administraci\u00f3n de bienes nacionales de uso p\u00fablico\u00a0\u00a0 \u00a0\u00a0\u00a0 \u00a046<br \/>\nc.\u00a0\u00a0 \u00a0Propuesta de criterios para optar entre permisos y concesiones\u00a0\u00a0 \u00a0\u00a0\u00a0 \u00a049<br \/>\n3.\u00a0\u00a0 \u00a0La administraci\u00f3n de bienes nacionales de uso p\u00fablico y la prestaci\u00f3n de servicios municipales\u00a0\u00a0 \u00a0\u00a0\u00a0 \u00a051<br \/>\nIV.\u00a0\u00a0 \u00a0Bienes inmuebles municipales\u00a0\u00a0 \u00a0\u00a0\u00a0 \u00a052<br \/>\n1.\u00a0\u00a0 \u00a0Adquisici\u00f3n de bienes inmuebles municipales\u00a0\u00a0 \u00a0\u00a0\u00a0 \u00a052<br \/>\n2.\u00a0\u00a0 \u00a0Administraci\u00f3n de bienes inmuebles\u00a0\u00a0 \u00a0\u00a0\u00a0 \u00a053<br \/>\nV.\u00a0\u00a0 \u00a0El caso de los caminos privados de acceso a playas de mar, r\u00edos y lagos\u00a0\u00a0 \u00a0\u00a0\u00a0 \u00a056<br \/>\nVI.\u00a0\u00a0 \u00a0Reglas comunes aplicables a bienes nacionales de uso p\u00fablico y bienes municipales\u00a0\u00a0 \u00a0\u00a0\u00a0 \u00a058<br \/>\n1.\u00a0\u00a0 \u00a0El caso de los \u201cestablecimientos\u201d\u00a0\u00a0 \u00a0\u00a0\u00a0 \u00a058<br \/>\n2.\u00a0\u00a0 \u00a0La regulaci\u00f3n de las potestades de administraci\u00f3n de bienes nacionales de uso p\u00fablico y bienes municipales en las ordenanzas municipales\u00a0\u00a0 \u00a0\u00a0\u00a0 \u00a060<br \/>\n3.\u00a0\u00a0 \u00a0Cauciones\u00a0\u00a0 \u00a0\u00a0\u00a0 \u00a061<br \/>\nVII.\u00a0\u00a0 \u00a0Conclusiones\u00a0\u00a0 \u00a0\u00a0\u00a0 \u00a062<br \/>\nLas ordenanzas municipales<br \/>\nI.\u00a0\u00a0 \u00a0La potestad normativa de las municipalidades\u00a0\u00a0 \u00a0\u00a0\u00a0 \u00a065<br \/>\nII.\u00a0\u00a0 \u00a0Las ordenanzas municipales: una manifestaci\u00f3n de la potestad normativa. concepto y caracter\u00edsticas\u00a0\u00a0 \u00a0\u00a0\u00a0 \u00a066<br \/>\n1.\u00a0\u00a0 \u00a0Las ordenanzas municipales son normas de rango infralegal\u00a0\u00a0 \u00a0\u00a0\u00a0 \u00a067<br \/>\n2.\u00a0\u00a0 \u00a0Fuentes de las ordenanzas municipales\u00a0\u00a0 \u00a0\u00a0\u00a0 \u00a067<br \/>\n3.\u00a0\u00a0 \u00a0Las ordenanzas municipales se circunscriben al territorio de la comuna\u00a0\u00a0 \u00a0\u00a0\u00a0 \u00a069<br \/>\n4.\u00a0\u00a0 \u00a0Las ordenanzas deben tratar materias que forman parte de las competencias municipales\u00a0\u00a0 \u00a0\u00a0\u00a0 \u00a070<br \/>\n5.\u00a0\u00a0 \u00a0Las ordenanzas municipales deben ser publicadas\u00a0\u00a0 \u00a0\u00a0\u00a0 \u00a071<br \/>\n6.\u00a0\u00a0 \u00a0Por regla general, las ordenanzas municipales rigen desde la fecha de publicaci\u00f3n y tienen efectos indefinidos en el tiempo\u00a0\u00a0 \u00a0\u00a0\u00a0 \u00a072<br \/>\nIII.\u00a0\u00a0 \u00a0L\u00edmites de las ordenanzas\u00a0\u00a0 \u00a0\u00a0\u00a0 \u00a073<br \/>\n1.\u00a0\u00a0 \u00a0L\u00edmites formales\u00a0\u00a0 \u00a0\u00a0\u00a0 \u00a073<br \/>\na.\u00a0\u00a0 \u00a0La dictaci\u00f3n de ordenanzas municipales requiere acuerdo del concejo municipal\u00a0\u00a0 \u00a0\u00a0\u00a0 \u00a073<br \/>\nb.\u00a0\u00a0 \u00a0Publicidad\u00a0\u00a0 \u00a0\u00a0\u00a0 \u00a074<br \/>\n2.\u00a0\u00a0 \u00a0L\u00edmites materiales\u00a0\u00a0 \u00a0\u00a0\u00a0 \u00a074<br \/>\na.\u00a0\u00a0 \u00a0Primac\u00eda del texto constitucional y de la ley\u00a0\u00a0 \u00a0\u00a0\u00a0 \u00a074<br \/>\nb.\u00a0\u00a0 \u00a0Competencias de otros \u00f3rganos\u00a0\u00a0 \u00a0\u00a0\u00a0 \u00a079<br \/>\nc.\u00a0\u00a0 \u00a0Sanciones\u00a0\u00a0 \u00a0\u00a0\u00a0 \u00a081<br \/>\nIV.\u00a0\u00a0 \u00a0Control de las ordenanzas\u00a0\u00a0 \u00a0\u00a0\u00a0 \u00a082<br \/>\nV.\u00a0\u00a0 \u00a0Conclusiones\u00a0\u00a0 \u00a0\u00a0\u00a0 \u00a083<br \/>\nControl municipal: mecanismos administrativos internos y externos<br \/>\nI.\u00a0\u00a0 \u00a0Aspectos fundamentales de la autonom\u00eda municipal y mecanismos de control\u00a0\u00a0 \u00a0\u00a0\u00a0 \u00a087<br \/>\nII.\u00a0\u00a0 \u00a0El control administrativo interno\u00a0\u00a0 \u00a0\u00a0\u00a0 \u00a090<br \/>\n1.\u00a0\u00a0 \u00a0Alcalde\u00a0\u00a0 \u00a0\u00a0\u00a0 \u00a090<br \/>\na.\u00a0\u00a0 \u00a0Propuesta al concejo de la organizaci\u00f3n interna de la municipalidad\u00a0\u00a0 \u00a0\u00a0\u00a0 \u00a090<br \/>\nb.\u00a0\u00a0 \u00a0Provisi\u00f3n de cargos\u00a0\u00a0 \u00a0\u00a0\u00a0 \u00a090<br \/>\nc.\u00a0\u00a0 \u00a0Responsabilidad administrativa de los funcionarios municipales\u00a0\u00a0 \u00a0\u00a0\u00a0 \u00a091<br \/>\n2.\u00a0\u00a0 \u00a0Concejo municipal\u00a0\u00a0 \u00a0\u00a0\u00a0 \u00a094<br \/>\na.\u00a0\u00a0 \u00a0La funci\u00f3n resolutiva del concejo municipal como mecanismo de control\u00a0\u00a0 \u00a0\u00a0\u00a0 \u00a094<br \/>\na\u2019.\u00a0\u00a0 \u00a0Algunas consideraciones respecto de las materias tratadas por el art\u00edculo 65 de la LOCM\u00a0\u00a0 \u00a0\u00a0\u00a0 \u00a095<br \/>\nb\u2019.\u00a0\u00a0 \u00a0Otras materias que requieren acuerdo del concejo\u00a0\u00a0 \u00a0\u00a0\u00a0 \u00a097<br \/>\nc\u2019.\u00a0\u00a0 \u00a0La elecci\u00f3n del alcalde en casos de vacancia\u00a0\u00a0 \u00a0\u00a0\u00a0 \u00a098<br \/>\nd\u2019.\u00a0\u00a0 \u00a0El pronunciamiento respecto de los motivos de renuncia del alcalde\u00a0\u00a0 \u00a0\u00a0\u00a0 \u00a098<br \/>\ne\u2019.\u00a0\u00a0 \u00a0La autorizaci\u00f3n de cometidos del alcalde y de los concejales\u00a0\u00a0 \u00a0\u00a0\u00a0 \u00a098<br \/>\nf\u2019.\u00a0\u00a0 \u00a0La elecci\u00f3n de los directores que integrar\u00e1n las corporaciones o fundaciones municipales\u00a0\u00a0 \u00a0\u00a0\u00a0 \u00a099<br \/>\nb.\u00a0\u00a0 \u00a0Las funciones fiscalizadoras del concejo municipal como mecanismo de control\u00a0\u00a0 \u00a0\u00a0\u00a0 \u00a099<br \/>\na\u2019.\u00a0\u00a0 \u00a0Derecho a ser informado sobre la marcha y funcionamiento de la municipalidad\u00a0\u00a0 \u00a0\u00a0\u00a0 \u00a099<br \/>\nb\u2019.\u00a0\u00a0 \u00a0Fiscalizaci\u00f3n del cumplimiento de planes y programas de inversi\u00f3n municipal y otros mecanismos de control financiero\u00a0\u00a0 \u00a0\u00a0\u00a0 \u00a0100<br \/>\nc\u2019.\u00a0\u00a0 \u00a0Formulaci\u00f3n de observaciones y evaluaci\u00f3n de la gesti\u00f3n del alcalde\u00a0\u00a0 \u00a0\u00a0\u00a0 \u00a0101<br \/>\nd\u2019.\u00a0\u00a0 \u00a0Citaci\u00f3n y requerimientos de informaci\u00f3n\u00a0\u00a0 \u00a0\u00a0\u00a0 \u00a0102<br \/>\ne\u2019.\u00a0\u00a0 \u00a0Solicitud de informes\u00a0\u00a0 \u00a0\u00a0\u00a0 \u00a0103<br \/>\nf\u2019.\u00a0\u00a0 \u00a0Auditor\u00edas externas\u00a0\u00a0 \u00a0\u00a0\u00a0 \u00a0103<br \/>\ng\u2019.\u00a0\u00a0 \u00a0Cuenta p\u00fablica\u00a0\u00a0 \u00a0\u00a0\u00a0 \u00a0104<br \/>\nh\u2019.\u00a0\u00a0 \u00a0Acta de traspaso\u00a0\u00a0 \u00a0\u00a0\u00a0 \u00a0105<br \/>\ni\u2019.\u00a0\u00a0 \u00a0Iniciativa en la destituci\u00f3n del alcalde\u00a0\u00a0 \u00a0\u00a0\u00a0 \u00a0106<br \/>\n3.\u00a0\u00a0 \u00a0Direcci\u00f3n de control municipal\u00a0\u00a0 \u00a0\u00a0\u00a0 \u00a0107<br \/>\nIII.\u00a0\u00a0 \u00a0Control administrativo externo\u00a0\u00a0 \u00a0\u00a0\u00a0 \u00a0109<br \/>\n1.\u00a0\u00a0 \u00a0Control administrativo realizado por la CGR\u00a0\u00a0 \u00a0\u00a0\u00a0 \u00a0109<br \/>\na.\u00a0\u00a0 \u00a0Toma de raz\u00f3n\u00a0\u00a0 \u00a0\u00a0\u00a0 \u00a0109<br \/>\na\u2019.\u00a0\u00a0 \u00a0La toma de raz\u00f3n como control de legalidad de los actos administrativos\u00a0\u00a0 \u00a0\u00a0\u00a0 \u00a0109<br \/>\nb\u2019.\u00a0\u00a0 \u00a0Los actos jur\u00eddicos municipales est\u00e1n por regla general exentos de toma de raz\u00f3n\u00a0\u00a0 \u00a0\u00a0\u00a0 \u00a0112<br \/>\nc\u2019.\u00a0\u00a0 \u00a0\u00c1mbito y efectos de los convenios voluntarios entre las municipalidades y la CGR para someter ciertos actos a control\u00a0\u00a0 \u00a0\u00a0\u00a0 \u00a0113<br \/>\nb.\u00a0\u00a0 \u00a0Potestad dictaminante\u00a0\u00a0 \u00a0\u00a0\u00a0 \u00a0114<br \/>\na\u2019.\u00a0\u00a0 \u00a0Fuente normativa\u00a0\u00a0 \u00a0\u00a0\u00a0 \u00a0114<br \/>\nb\u2019.\u00a0\u00a0 \u00a0L\u00edmite al ejercicio de la potestad dictaminante\u00a0\u00a0 \u00a0\u00a0\u00a0 \u00a0115<br \/>\nc\u2019.\u00a0\u00a0 \u00a0El car\u00e1cter vinculante de los dict\u00e1menes\u00a0\u00a0 \u00a0\u00a0\u00a0 \u00a0117<br \/>\nc.\u00a0\u00a0 \u00a0Auditor\u00edas\u00a0\u00a0 \u00a0\u00a0\u00a0 \u00a0118<br \/>\nIV.\u00a0\u00a0 \u00a0Control ciudadano\u00a0\u00a0 \u00a0\u00a0\u00a0 \u00a0120<br \/>\na.\u00a0\u00a0 \u00a0Elecci\u00f3n popular\u00a0\u00a0 \u00a0\u00a0\u00a0 \u00a0120<br \/>\nb.\u00a0\u00a0 \u00a0Plebiscitos comunales\u00a0\u00a0 \u00a0\u00a0\u00a0 \u00a0120<br \/>\nc.\u00a0\u00a0 \u00a0Mecanismos previstos en la ordenanza de participaci\u00f3n ciudadana\u00a0\u00a0 \u00a0\u00a0\u00a0 \u00a0121<br \/>\nd.\u00a0\u00a0 \u00a0Cuenta p\u00fablica\u00a0\u00a0 \u00a0\u00a0\u00a0 \u00a0122<br \/>\ne.\u00a0\u00a0 \u00a0Oficina de informaciones, reclamos y sugerencias\u00a0\u00a0 \u00a0\u00a0\u00a0 \u00a0122<br \/>\nf.\u00a0\u00a0 \u00a0Denuncias o sugerencias de fiscalizaci\u00f3n\u00a0\u00a0 \u00a0\u00a0\u00a0 \u00a0123<br \/>\nV.\u00a0\u00a0 \u00a0Conclusiones\u00a0\u00a0 \u00a0\u00a0\u00a0 \u00a0124<br \/>\nEl reclamo de ilegalidad municipal<br \/>\nI.\u00a0\u00a0 \u00a0Introducci\u00f3n\u00a0\u00a0 \u00a0\u00a0\u00a0 \u00a0127<br \/>\nII.\u00a0\u00a0 \u00a0Aspectos especiales del reclamo de ilegalidad municipal\u00a0\u00a0 \u00a0\u00a0\u00a0 \u00a0128<br \/>\n1.\u00a0\u00a0 \u00a0Objeto del reclamo de ilegalidad municipal\u00a0\u00a0 \u00a0\u00a0\u00a0 \u00a0128<br \/>\n2.\u00a0\u00a0 \u00a0Legitimaci\u00f3n activa para la interposici\u00f3n del reclamo de ilegalidad municipal\u00a0\u00a0 \u00a0\u00a0\u00a0 \u00a0130<br \/>\n3.\u00a0\u00a0 \u00a0C\u00f3mputo de plazos para la interposici\u00f3n del reclamo de ilegalidad municipal\u00a0\u00a0 \u00a0\u00a0\u00a0 \u00a0133<br \/>\na.\u00a0\u00a0 \u00a0Plazo para la interposici\u00f3n del reclamo de ilegalidad municipal ante el alcalde\u00a0\u00a0 \u00a0\u00a0\u00a0 \u00a0133<br \/>\nb.\u00a0\u00a0 \u00a0Plazo de la municipalidad para responder\u00a0\u00a0 \u00a0\u00a0\u00a0 \u00a0133<br \/>\nc.\u00a0\u00a0 \u00a0Plazo para reclamar ante la Corte de Apelaciones\u00a0\u00a0 \u00a0\u00a0\u00a0 \u00a0134<br \/>\n4.\u00a0\u00a0 \u00a0Contenido del reclamo de ilegalidad\u00a0\u00a0 \u00a0\u00a0\u00a0 \u00a0135<br \/>\na.\u00a0\u00a0 \u00a0En sede administrativa\u00a0\u00a0 \u00a0\u00a0\u00a0 \u00a0135<br \/>\nb.\u00a0\u00a0 \u00a0En sede judicial\u00a0\u00a0 \u00a0\u00a0\u00a0 \u00a0136<br \/>\n5.\u00a0\u00a0 \u00a0Agotamiento de la v\u00eda administrativa\u00a0\u00a0 \u00a0\u00a0\u00a0 \u00a0137<br \/>\n6.\u00a0\u00a0 \u00a0Tramitaci\u00f3n del reclamo en la Corte de Apelaciones\u00a0\u00a0 \u00a0\u00a0\u00a0 \u00a0137<br \/>\na.\u00a0\u00a0 \u00a0Orden de no innovar\u00a0\u00a0 \u00a0\u00a0\u00a0 \u00a0138<br \/>\nb.\u00a0\u00a0 \u00a0Traslado al alcalde y eventual t\u00e9rmino probatorio\u00a0\u00a0 \u00a0\u00a0\u00a0 \u00a0138<br \/>\nc.\u00a0\u00a0 \u00a0Informe del fiscal judicial, autos en relaci\u00f3n y vista de la causa\u00a0\u00a0 \u00a0\u00a0\u00a0 \u00a0139<br \/>\nd.\u00a0\u00a0 \u00a0Sentencia de la Corte de Apelaciones\u00a0\u00a0 \u00a0\u00a0\u00a0 \u00a0139<br \/>\n7.\u00a0\u00a0 \u00a0Recursos procedentes en contra de la sentencia de la Corte de Apelaciones\u00a0\u00a0 \u00a0\u00a0\u00a0 \u00a0141<br \/>\n8.\u00a0\u00a0 \u00a0Compatibilidad del reclamo de ilegalidad municipal con otras acciones\u00a0\u00a0 \u00a0\u00a0\u00a0 \u00a0143<br \/>\na.\u00a0\u00a0 \u00a0Compatibilidad del reclamo de ilegalidad municipal con los recursos administrativos ordinarios\u00a0\u00a0 \u00a0\u00a0\u00a0 \u00a0143<br \/>\nb.\u00a0\u00a0 \u00a0Compatibilidad del reclamo de ilegalidad municipal con la acci\u00f3n de nulidad de derecho p\u00fablico\u00a0\u00a0 \u00a0\u00a0\u00a0 \u00a0144<br \/>\nc.\u00a0\u00a0 \u00a0Compatibilidad del reclamo de ilegalidad municipal con el recurso de protecci\u00f3n\u00a0\u00a0 \u00a0\u00a0\u00a0 \u00a0145<br \/>\nd.\u00a0\u00a0 \u00a0Compatibilidad del reclamo de ilegalidad municipal con el recurso de reclamaci\u00f3n de la LGUC\u00a0\u00a0 \u00a0\u00a0\u00a0 \u00a0146<br \/>\nIII.\u00a0\u00a0 \u00a0Conclusiones\u00a0\u00a0 \u00a0\u00a0\u00a0 \u00a0147<br \/>\nResponsabilidad municipal<br \/>\nI.\u00a0\u00a0 \u00a0Introducci\u00f3n\u00a0\u00a0 \u00a0\u00a0\u00a0 \u00a0149<br \/>\nII.\u00a0\u00a0 \u00a0Conceptualizaci\u00f3n de la responsabilidad extracontractual municipal\u00a0\u00a0 \u00a0\u00a0\u00a0 \u00a0150<br \/>\n1.\u00a0\u00a0 \u00a0Responsabilidad objetiva o subjetiva: planteamiento de la discusi\u00f3n respecto de la Administraci\u00f3n del Estado\u00a0\u00a0 \u00a0\u00a0\u00a0 \u00a0150<br \/>\n2.\u00a0\u00a0 \u00a0Responsabilidad objetiva o subjetiva: particularidades de la normativa municipal\u00a0\u00a0 \u00a0\u00a0\u00a0 \u00a0152<br \/>\n3.\u00a0\u00a0 \u00a0Actuaci\u00f3n u omisi\u00f3n antijur\u00eddica y falta de servicio\u00a0\u00a0 \u00a0\u00a0\u00a0 \u00a0155<br \/>\n4.\u00a0\u00a0 \u00a0Responsabilidad regida exclusivamente por el Derecho P\u00fablico o bien aplicaci\u00f3n de normas de Derecho Privado\u00a0\u00a0 \u00a0\u00a0\u00a0 \u00a0156<br \/>\na.\u00a0\u00a0 \u00a0La aplicaci\u00f3n del art\u00edculo 2330 del CC: exposici\u00f3n imprudente al da\u00f1o por parte de la v\u00edctima\u00a0\u00a0 \u00a0\u00a0\u00a0 \u00a0157<br \/>\nb.\u00a0\u00a0 \u00a0La aplicaci\u00f3n del art\u00edculo 2317 del CC: responsabilidad solidaria por delitos o cuasidelitos cometidos por dos o m\u00e1s personas\u00a0\u00a0 \u00a0\u00a0\u00a0 \u00a0158<br \/>\n5.\u00a0\u00a0 \u00a0Esferas de la actuaci\u00f3n municipal y tratamiento jurisprudencial de la responsabilidad\u00a0\u00a0 \u00a0\u00a0\u00a0 \u00a0159<br \/>\na.\u00a0\u00a0 \u00a0A prop\u00f3sito de la administraci\u00f3n de bienes nacionales de uso p\u00fablico: el est\u00e1ndar exigible a las municipalidades\u00a0\u00a0 \u00a0\u00a0\u00a0 \u00a0159<br \/>\nb.\u00a0\u00a0 \u00a0A prop\u00f3sito de los contratos y las concesiones: la responsabilidad derivada del incumplimiento de los deberes de supervigilancia y fiscalizaci\u00f3n\u00a0\u00a0 \u00a0\u00a0\u00a0 \u00a0162<br \/>\nc.\u00a0\u00a0 \u00a0A prop\u00f3sito de los actos urban\u00edsticos y la posible responsabilidad municipal\u00a0\u00a0 \u00a0\u00a0\u00a0 \u00a0164<br \/>\na\u2019.\u00a0\u00a0 \u00a0Errores en actos urban\u00edsticos municipales ocasionados por las \u00f3rdenes de un tercero\u00a0\u00a0 \u00a0\u00a0\u00a0 \u00a0165<br \/>\nb\u2019.\u00a0\u00a0 \u00a0Indemnizaci\u00f3n por la nulidad de actos urban\u00edsticos municipales\u00a0\u00a0 \u00a0\u00a0\u00a0 \u00a0166<br \/>\nc\u2019.\u00a0\u00a0 \u00a0Responsabilidad municipal por recepci\u00f3n definitiva de obras que incumpl\u00eda con la normativa urban\u00edstica\u00a0\u00a0 \u00a0\u00a0\u00a0 \u00a0167<br \/>\nIII.\u00a0\u00a0 \u00a0Conclusiones\u00a0\u00a0 \u00a0\u00a0\u00a0 \u00a0168<\/p>\n<p>Bibliograf\u00eda citada\u00a0\u00a0 \u00a0\u00a0\u00a0 \u00a0171<\/p>\n<p>Jurisprudencia citada\u00a0\u00a0 \u00a0\u00a0\u00a0 \u00a0175<\/p>\n<p>&nbsp;<\/p>\n","protected":false},"excerpt":{"rendered":"<p>Buscas un libro Jur\u00eddico.? Lo puedes encontrar en nuestra tienda virtual.<br \/>\nContamos con prestigiosos autores y muchas alternativas en sus diferentes materias al igual que grandes descuentos.! Vis\u00edtanos en <a class=\"rvxSAhdspoaQIXROVGmqmgSjAEonUrxjJfTUU \" tabindex=\"0\" href=\"https:\/\/lnkd.in\/eiAG7jdZ\" target=\"_blank\" rel=\"noopener\" data-test-app-aware-link=\"\">https:\/\/lnkd.in\/eiAG7jdZ<\/a><br \/>\nEscr\u00edbenos al +56930565235 \/ <a class=\"rvxSAhdspoaQIXROVGmqmgSjAEonUrxjJfTUU \" tabindex=\"0\" href=\"mailto:ventaslegallexglobal@gmail.com\" target=\"_self\" data-test-app-aware-link=\"\">ventaslegallexglobal@gmail.com<\/a><br \/>\nHacemos env\u00edos a todo Chile \u2013 Starken o Correos Chile \/ Te esperamos.<\/p>\n","protected":false},"featured_media":2388,"comment_status":"open","ping_status":"closed","template":"","meta":{"inline_featured_image":false,"_joinchat":[]},"product_brand":[],"product_cat":[45,27,26,55],"product_tag":[],"class_list":{"0":"post-2340","1":"product","2":"type-product","3":"status-publish","4":"has-post-thumbnail","6":"product_cat-administrativo","7":"product_cat-civil","8":"product_cat-derecho","9":"product_cat-derecho-municipal","11":"first","12":"instock","13":"shipping-taxable","14":"purchasable","15":"product-type-simple"},"_links":{"self":[{"href":"https:\/\/bibliotecajuridicavirtual.cl\/index.php\/wp-json\/wp\/v2\/product\/2340","targetHints":{"allow":["GET"]}}],"collection":[{"href":"https:\/\/bibliotecajuridicavirtual.cl\/index.php\/wp-json\/wp\/v2\/product"}],"about":[{"href":"https:\/\/bibliotecajuridicavirtual.cl\/index.php\/wp-json\/wp\/v2\/types\/product"}],"replies":[{"embeddable":true,"href":"https:\/\/bibliotecajuridicavirtual.cl\/index.php\/wp-json\/wp\/v2\/comments?post=2340"}],"wp:featuredmedia":[{"embeddable":true,"href":"https:\/\/bibliotecajuridicavirtual.cl\/index.php\/wp-json\/wp\/v2\/media\/2388"}],"wp:attachment":[{"href":"https:\/\/bibliotecajuridicavirtual.cl\/index.php\/wp-json\/wp\/v2\/media?parent=2340"}],"wp:term":[{"taxonomy":"product_brand","embeddable":true,"href":"https:\/\/bibliotecajuridicavirtual.cl\/index.php\/wp-json\/wp\/v2\/product_brand?post=2340"},{"taxonomy":"product_cat","embeddable":true,"href":"https:\/\/bibliotecajuridicavirtual.cl\/index.php\/wp-json\/wp\/v2\/product_cat?post=2340"},{"taxonomy":"product_tag","embeddable":true,"href":"https:\/\/bibliotecajuridicavirtual.cl\/index.php\/wp-json\/wp\/v2\/product_tag?post=2340"}],"curies":[{"name":"wp","href":"https:\/\/api.w.org\/{rel}","templated":true}]}}