{"id":2359,"date":"2026-02-28T01:01:08","date_gmt":"2026-02-28T04:01:08","guid":{"rendered":"https:\/\/bibliotecajuridicavirtual.cl\/?post_type=product&#038;p=2359"},"modified":"2026-02-28T01:01:17","modified_gmt":"2026-02-28T04:01:17","slug":"vision-jurisprudencial-de-las-servidumbres-mineras-editorial-hammurabi-2a-edicion-julio-2025-369-pag","status":"publish","type":"product","link":"https:\/\/bibliotecajuridicavirtual.cl\/index.php\/product\/vision-jurisprudencial-de-las-servidumbres-mineras-editorial-hammurabi-2a-edicion-julio-2025-369-pag\/","title":{"rendered":"Visi\u00f3n Jurisprudencial de las Servidumbres Mineras * Editorial Hammurabi * 2\u00aa edici\u00f3n &#8211; Julio 2025 &#8211; 369 P\u00e1g."},"content":{"rendered":"<p style=\"font-weight: 400;\"><b><strong>FICHAS DE SERVIDUMBRES MINERAS<\/strong><\/b><\/p>\n<p style=\"font-weight: 400;\">Ficha N\u00ba 1: Demanda de constituci\u00f3n de servidumbre minera, en juicio sumar\u00edsimo.<\/p>\n<p style=\"font-weight: 400;\">An\u00e1lisis de la pretensi\u00f3n y defensa<br \/>\n1. S\u00edntesis de los fallos<br \/>\n2. Cuantificaci\u00f3n del pago<\/p>\n<p style=\"font-weight: 400;\">Ficha N\u00ba 2: Demanda de constituci\u00f3n de servidumbre minera, en juicio sumar\u00edsimo.<\/p>\n<p style=\"font-weight: 400;\">An\u00e1lisis de la pretensi\u00f3n y defensa<br \/>\n1. S\u00edntesis de los fallos<br \/>\n2. Cuantificaci\u00f3n del pago<\/p>\n<p style=\"font-weight: 400;\">Ficha N\u00ba 3: Demanda en juicio sumar\u00edsimo de constituci\u00f3n de servidumbres legal minera de ocupaci\u00f3n y tr\u00e1nsito<\/p>\n<p style=\"font-weight: 400;\">An\u00e1lisis de la pretensi\u00f3n y defensa<br \/>\n1. S\u00edntesis de los fallos<br \/>\n2. Cuantificaci\u00f3n del pago<\/p>\n<p style=\"font-weight: 400;\">Ficha N\u00ba 4: Demanda de constituci\u00f3n de servidumbres legales mineras en procedimiento sumar\u00edsimo<\/p>\n<p style=\"font-weight: 400;\">An\u00e1lisis de la pretensi\u00f3n y defensa<br \/>\n1. S\u00edntesis de los fallos<br \/>\n2. Cuantificaci\u00f3n del pago<\/p>\n<p style=\"font-weight: 400;\">Ficha N\u00ba 5: Demanda de constituci\u00f3n de servidumbre minera.<\/p>\n<p style=\"font-weight: 400;\">An\u00e1lisis de la pretensi\u00f3n y defensa<br \/>\n1. S\u00edntesis de los fallos<br \/>\n2. Cuantificaci\u00f3n del pago<\/p>\n<p style=\"font-weight: 400;\">Ficha N\u00ba 6: Demanda de constituci\u00f3n de servidumbres legales mineras, en juicio sumar\u00edsimo<\/p>\n<p style=\"font-weight: 400;\">An\u00e1lisis de la pretensi\u00f3n y defensa<br \/>\n1. S\u00edntesis de los fallos<br \/>\n2. Cuantificaci\u00f3n del pago<\/p>\n<p style=\"font-weight: 400;\">Ficha N\u00ba 7: Demanda en juicio sumar\u00edsimo de constituci\u00f3n de servidumbres legales mineras sobre terreno fiscales.<\/p>\n<p style=\"font-weight: 400;\">An\u00e1lisis de la pretensi\u00f3n y defensa<br \/>\n1. S\u00edntesis de los fallos<br \/>\n2. Cuantificaci\u00f3n del pago<\/p>\n<p style=\"font-weight: 400;\">Ficha N\u00ba 8: Demanda en juicio sumar\u00edsimo establecido en los art\u00edculos 234 y 235 del C\u00f3digo de Miner\u00eda.<\/p>\n<p style=\"font-weight: 400;\">An\u00e1lisis de la pretensi\u00f3n y defensa<br \/>\n1. S\u00edntesis de los fallos<br \/>\n2. Cuantificaci\u00f3n del pago<\/p>\n<p style=\"font-weight: 400;\">Ficha N\u00ba 9: Demanda en juicio sumar\u00edsimo de constituci\u00f3n de servidumbre minera.<\/p>\n<p style=\"font-weight: 400;\">An\u00e1lisis de la pretensi\u00f3n y defensa<br \/>\n1. S\u00edntesis de los fallos<br \/>\n2. Cuantificaci\u00f3n del pago<\/p>\n<p style=\"font-weight: 400;\">FICHA N\u00ba 10: Demanda en juicio sumar\u00edsimo de constituci\u00f3n de servidumbres mineras.<\/p>\n<p style=\"font-weight: 400;\">An\u00e1lisis de la pretensi\u00f3n y defensa<br \/>\n1. S\u00edntesis de los fallos<br \/>\n2. Cuantificaci\u00f3n del pago<\/p>\n<p style=\"font-weight: 400;\">Ficha N\u00ba 11: Demanda sobre constituci\u00f3n de servidumbres legales mineras.<\/p>\n<p style=\"font-weight: 400;\">An\u00e1lisis de la pretensi\u00f3n y defensa<br \/>\n1. S\u00edntesis de los fallos<br \/>\n2. Cuantificaci\u00f3n del pago<\/p>\n<p style=\"font-weight: 400;\">Ficha N\u00ba 12: Demanda de constituci\u00f3n de servidumbre minera.<\/p>\n<p style=\"font-weight: 400;\">An\u00e1lisis de la pretensi\u00f3n y defensa<br \/>\n1. S\u00edntesis de los fallos<br \/>\n2. Cuantificaci\u00f3n del pago<\/p>\n<p style=\"font-weight: 400;\">Ficha N\u00ba 13: Demanda de oposici\u00f3n a la solicitud de mensura. derecho sobre la concesi\u00f3n minera. recurso de apelaci\u00f3n. Sentencia invalidada de oficio.<\/p>\n<p style=\"font-weight: 400;\">An\u00e1lisis de la pretensi\u00f3n y defensa<br \/>\n1. S\u00edntesis de los fallos<br \/>\n2. Conclusi\u00f3n<\/p>\n<p style=\"font-weight: 400;\">Ficha N\u00ba 14: Demanda de servidumbre minera. Servidumbres legales mineras para la ocupaci\u00f3n, tendido el\u00e9ctrico y tr\u00e1nsito. Sentencia de reemplazo. An\u00e1lisis de la pretensi\u00f3n y defensa<\/p>\n<ol>\n<li style=\"font-weight: 400;\">S\u00edntesis de los fallos<br \/>\n2. Conclusi\u00f3n<\/li>\n<\/ol>\n<p style=\"font-weight: 400;\">Ficha N\u00ba 15: Demanda de servidumbre minera. Planta de beneficios de minerales. Regulaci\u00f3n de indemnizaci\u00f3n y forma de pago. Servidumbres mineras tienen la caracter\u00edstica de ser esencialmente transitorias. Servidumbres tradicionales son perpetuas.<\/p>\n<p style=\"font-weight: 400;\">An\u00e1lisis de la pretensi\u00f3n y defensa<br \/>\n1. S\u00edntesis de los fallos<br \/>\n2. Conclusi\u00f3n<\/p>\n<p style=\"font-weight: 400;\">Ficha N\u00ba 16: Demanda de constituci\u00f3n de servidumbre legal minera. Indemnizaci\u00f3n por la servidumbre. Concesiones mineras. Pagar anualmente al Fisco de Chile, a t\u00edtulo de indemnizaci\u00f3n por la servidumbre. Falta de fundamento.<\/p>\n<p style=\"font-weight: 400;\">An\u00e1lisis de la pretensi\u00f3n y defensa<br \/>\n1. S\u00edntesis de los fallos<br \/>\n2. Conclusi\u00f3n<\/p>\n<p style=\"font-weight: 400;\">Ficha N\u00ba 17: Demanda de servidumbre legal minera. Derechos reales. Constituci\u00f3n de servidumbre legal minera. Minerales no met\u00e1licos. Yacimientos o dep\u00f3sitos de sustancias minerales.<\/p>\n<p style=\"font-weight: 400;\">An\u00e1lisis de la pretensi\u00f3n y defensa<br \/>\n1. S\u00edntesis de los fallos<br \/>\n2. Conclusi\u00f3n<\/p>\n<p style=\"font-weight: 400;\">Ficha N\u00ba 18: Demanda en juicio sumar\u00edsimo de constituci\u00f3n de servidumbres legales mineras. Servidumbre legal minera de ocupaci\u00f3n y tr\u00e1nsito. Explotaci\u00f3n de pertenencias mineras. Recurso de apelaci\u00f3n. Duraci\u00f3n m\u00ednima de la servidumbre.<\/p>\n<p style=\"font-weight: 400;\">An\u00e1lisis de la pretensi\u00f3n y defensa<br \/>\n1. S\u00edntesis de los fallos<br \/>\n2. Conclusi\u00f3n<\/p>\n<p style=\"font-weight: 400;\">Ficha N\u00ba 19: Demanda sobre servidumbre legal minera. Servidumbre legal minera de ocupaci\u00f3n, el\u00e9ctrica y de tr\u00e1nsito. Ultrapetita. predio dominante.<\/p>\n<p style=\"font-weight: 400;\">An\u00e1lisis de la pretensi\u00f3n y defensa<br \/>\n1. S\u00edntesis de los fallos<br \/>\n2. Conclusi\u00f3n<\/p>\n<p style=\"font-weight: 400;\">Ficha N\u00ba 20: Demanda de constituci\u00f3n de servidumbre legal minera. Juicio sumar\u00edsimo especial. Recurso de apelaci\u00f3n. Explotaci\u00f3n de concesi\u00f3n minera.<\/p>\n<p style=\"font-weight: 400;\">An\u00e1lisis de la pretensi\u00f3n y defensa<br \/>\n1. S\u00edntesis de los fallos<br \/>\n2. Conclusi\u00f3n<\/p>\n<p style=\"font-weight: 400;\">Ficha N\u00ba 21: Demanda en procedimiento sumar\u00edsimo. constituci\u00f3n de servidumbre legal minera. Sentencia de reemplazo. Sociedad contractual minera.<\/p>\n<p style=\"font-weight: 400;\">An\u00e1lisis de la pretensi\u00f3n y defensa<br \/>\n1. S\u00edntesis de los fallos<br \/>\n2. Conclusi\u00f3n<\/p>\n<p style=\"font-weight: 400;\">Ficha N\u00ba 22: Demanda de servidumbres mineras. Servidumbres mineras de ocupaci\u00f3n y tr\u00e1nsito. Constituci\u00f3n de servidumbres mineras. Recursos de casaci\u00f3n en la forma y fondo. Recurso de apelaci\u00f3n. Voto en contra.<\/p>\n<p style=\"font-weight: 400;\">An\u00e1lisis de la pretensi\u00f3n y defensa<br \/>\n1. S\u00edntesis de los fallos<br \/>\n2. Conclusi\u00f3n<\/p>\n<p style=\"font-weight: 400;\">Ficha N\u00ba 23: Servidumbres mineras de ocupaci\u00f3n y tr\u00e1nsito. Constituci\u00f3n de servidumbres mineras. Pago de la indemnizaci\u00f3n en cuotas. Recurso de casaci\u00f3n en el fondo acogido. Recurso de apelaci\u00f3n.<\/p>\n<p style=\"font-weight: 400;\">An\u00e1lisis de la pretensi\u00f3n y defensa<br \/>\n1. S\u00edntesis de los fallos<br \/>\n2. Conclusi\u00f3n<\/p>\n<p style=\"font-weight: 400;\">FICHA N\u00ba 24: Demanda servidumbre legal minera. Se invalida de oficio la Sentencia impugnada. Duraci\u00f3n de las servidumbres. Concesiones mineras de terceros. Voto en contra<\/p>\n<p style=\"font-weight: 400;\">An\u00e1lisis de la pretensi\u00f3n y defensa<br \/>\n1. S\u00edntesis de los fallos<br \/>\n2. Conclusi\u00f3n<\/p>\n<p style=\"font-weight: 400;\"><b><strong>SENTENCIAS DE SERVIDUMBRES MINERAS<\/strong><\/b><\/p>\n<p style=\"font-weight: 400;\">Sentencia 1. Sociedad Legal Minera Puma de Chile Chico contra Southern Sold SpA.<br \/>\nSentencia 2. Compa\u00f1\u00eda Minera Do\u00f1a In\u00e9s de Collahuasi SCM contra Fisco de Chile.<br \/>\nSentencia 3. Compa\u00f1\u00eda Minera Do\u00f1a In\u00e9s de Collahuasi SCM contra Fisco de Chile.<br \/>\nSentencia 4. Sociedad Qu\u00edmica y Minera de Chile S.A. contra Fisco de Chile.<br \/>\nSentencia 5. Sociedad Qu\u00edmica y Minera de Chile S.A. contra Fisco de Chile.<br \/>\nSentencia 6. Sociedad Contractual Minera El Abra contra del Fisco de Chile<br \/>\nSentencia 7. Compa\u00f1\u00eda Regional Aguas Mar\u00edtimas S.A. con Fisco de Chile.<br \/>\nSentencia 8. Maquinarias y Servicios Tamblay Ltda. con Compa\u00f1\u00eda Minera del Pac\u00edfico S.A.<br \/>\nSentencia 9. Sociedad Contractual Minera El Abra contra Fisco de Chile.<br \/>\nSentencia 10. Compa\u00f1\u00eda Minera Cielo Azul Limitada contra del Fisco de Chile.<br \/>\nSentencia 11. Compa\u00f1\u00eda Minera Cielo Azul Limitada contra del Fisco de Chile.<br \/>\nSentencia 12. SQM Salar S.A. contra Fisco de Chile<br \/>\nSentencia 13. SQM Salar S.A. contra Fisco de Chile<br \/>\nSentencia 14. SQM Salar S.A. contra Fisco de Chile<br \/>\nSentencia 15. Compa\u00f1\u00eda Minera Cerro del Medio con Fisco de Chile.<br \/>\nSentencia 16. Compa\u00f1\u00eda minera Do\u00f1a In\u00e9s de Collahuasi SCM contra Fisco de Chile<br \/>\nSentencia 17. Sociedad Legal Minera Desierto 10 de Sierra Gorda contra Fisco de Chile<br \/>\nSentencia 18. Compa\u00f1\u00eda minera Do\u00f1a In\u00e9s de Collahuasi SCM contra Fisco de Chile<br \/>\nSentencia 19. David Alfredo Ferrada Barrera contra Fisco de Chile.<br \/>\nSentencia 20. Sociedad Andes Cordillera SpA., en contra de Felipe Eduardo Walker Slimming, Patricio Nelson Mu\u00f1oz Milla y Felipe Sebasti\u00e1n Silva Berrios<br \/>\nSentencia 21. Alvaro Jes\u00fas Pizarro Valencia con Agr\u00edcola Industrial Comercial Artificio de Pedegua S.A.<br \/>\nSentencia 22. Admiralty Minerals Chile PYT Ltd Agencia en Chile con Compa\u00f1\u00eda Minera del Pacifico S.A.<br \/>\nSentencia 23. Sociedad Legal Minera Las Brujas 1 del 1-30 de Paine contra Andr\u00e9s P\u00e9rez Cruz<br \/>\nSentencia 24. Jorge Federico Antonio Corssen Novion con Fisco de Chile\u00a0Vis\u00edtanos en <a class=\"rvxSAhdspoaQIXROVGmqmgSjAEonUrxjJfTUU \" tabindex=\"0\" href=\"https:\/\/lnkd.in\/eiAG7jdZ\" target=\"_blank\" rel=\"noopener\" data-test-app-aware-link=\"\">https:\/\/lnkd.in\/eiAG7jdZ<\/a><br \/>\nBuscas un libro Jur\u00eddico.?<br \/>\nContamos con prestigiosos autores y muchas alternativas en sus diferentes materias al igual que grandes descuentos.!<br \/>\nEscr\u00edbenos al +56930565235 \/ <a class=\"rvxSAhdspoaQIXROVGmqmgSjAEonUrxjJfTUU \" tabindex=\"0\" href=\"mailto:ventaslegallexglobal@gmail.com\" target=\"_self\" data-test-app-aware-link=\"\">ventaslegallexglobal@gmail.com<\/a><br \/>\nHacemos env\u00edos a todo Chile \u2013 Starken o Correos Chile \/ Te esperamos.<\/p>\n","protected":false},"excerpt":{"rendered":"<p>Buscas un libro Jur\u00eddico.?<br \/>\nContamos con prestigiosos autores y muchas alternativas en sus diferentes materias al igual que grandes descuentos. \/ Vis\u00edtanos en <a class=\"rvxSAhdspoaQIXROVGmqmgSjAEonUrxjJfTUU \" tabindex=\"0\" href=\"https:\/\/lnkd.in\/eiAG7jdZ\" target=\"_blank\" rel=\"noopener\" data-test-app-aware-link=\"\">https:\/\/lnkd.in\/eiAG7jdZ<\/a><br \/>\nEscr\u00edbenos al +56930565235 \/ <a class=\"rvxSAhdspoaQIXROVGmqmgSjAEonUrxjJfTUU \" tabindex=\"0\" href=\"mailto:ventaslegallexglobal@gmail.com\" target=\"_self\" data-test-app-aware-link=\"\">ventaslegallexglobal@gmail.com<\/a><br \/>\nHacemos env\u00edos a todo Chile \u2013 Starken o Correos Chile \/ Te esperamos.<\/p>\n","protected":false},"featured_media":2389,"comment_status":"open","ping_status":"closed","template":"","meta":{"inline_featured_image":false,"_joinchat":[]},"product_brand":[],"product_cat":[45,26,52],"product_tag":[],"class_list":{"0":"post-2359","1":"product","2":"type-product","3":"status-publish","4":"has-post-thumbnail","6":"product_cat-administrativo","7":"product_cat-derecho","8":"product_cat-derecho-minero","10":"first","11":"instock","12":"shipping-taxable","13":"purchasable","14":"product-type-simple"},"_links":{"self":[{"href":"https:\/\/bibliotecajuridicavirtual.cl\/index.php\/wp-json\/wp\/v2\/product\/2359","targetHints":{"allow":["GET"]}}],"collection":[{"href":"https:\/\/bibliotecajuridicavirtual.cl\/index.php\/wp-json\/wp\/v2\/product"}],"about":[{"href":"https:\/\/bibliotecajuridicavirtual.cl\/index.php\/wp-json\/wp\/v2\/types\/product"}],"replies":[{"embeddable":true,"href":"https:\/\/bibliotecajuridicavirtual.cl\/index.php\/wp-json\/wp\/v2\/comments?post=2359"}],"wp:featuredmedia":[{"embeddable":true,"href":"https:\/\/bibliotecajuridicavirtual.cl\/index.php\/wp-json\/wp\/v2\/media\/2389"}],"wp:attachment":[{"href":"https:\/\/bibliotecajuridicavirtual.cl\/index.php\/wp-json\/wp\/v2\/media?parent=2359"}],"wp:term":[{"taxonomy":"product_brand","embeddable":true,"href":"https:\/\/bibliotecajuridicavirtual.cl\/index.php\/wp-json\/wp\/v2\/product_brand?post=2359"},{"taxonomy":"product_cat","embeddable":true,"href":"https:\/\/bibliotecajuridicavirtual.cl\/index.php\/wp-json\/wp\/v2\/product_cat?post=2359"},{"taxonomy":"product_tag","embeddable":true,"href":"https:\/\/bibliotecajuridicavirtual.cl\/index.php\/wp-json\/wp\/v2\/product_tag?post=2359"}],"curies":[{"name":"wp","href":"https:\/\/api.w.org\/{rel}","templated":true}]}}