{"id":2360,"date":"2026-02-28T01:01:08","date_gmt":"2026-02-28T04:01:08","guid":{"rendered":"https:\/\/bibliotecajuridicavirtual.cl\/?post_type=product&#038;p=2360"},"modified":"2026-02-28T01:01:17","modified_gmt":"2026-02-28T04:01:17","slug":"tri-ley-compendio-tributario-jose-a-fajardo-castro-2a-edicion-ano-2025-327-pag","status":"publish","type":"product","link":"https:\/\/bibliotecajuridicavirtual.cl\/index.php\/product\/tri-ley-compendio-tributario-jose-a-fajardo-castro-2a-edicion-ano-2025-327-pag\/","title":{"rendered":"Tri-Ley * Compendio Tributario * Jos\u00e9 A. Fajardo Castro &#8211; 2\u00aa edici\u00f3n a\u00f1o 2025 \u2013 327 P\u00e1g."},"content":{"rendered":"<p style=\"font-weight: 400;\">Se denomina TRI-LEY, en atenci\u00f3n a que contiene s\u00f3lo las 3 leves tributarias usuales; no contiene el C\u00f3digo del Trabajo.<\/p>\n<p style=\"font-weight: 400;\">Los textos tributarios de este Tri-Ley 2025: C\u00f3digo Tributario; D.L.825, I.V.A. con Reglamento y Ley de la Renta, incluyen las modificaciones de los \u00faltimos a\u00f1os, a modo de ejemplo: la Ley N\u00b0 21.716 de 13-11-2024; N\u00b0 21.713 de 24-10-2024: N\u00b0 21.591 de 10-08-2023; N\u00b0 21.641 de 30-12-2023; N\u00b0 21.578 de 20-05-2023: 21.540 de 15-02-2023; 21.453 de 30-06-2022 y Ley 21.420 de 04-02-2022.<\/p>\n<p style=\"font-weight: 400;\">A su vez, respecto de la Ley N\u00b0 21.622 de 17-11-2023, sobre una exenci\u00f3n de IVA, en la prestaci\u00f3n de ciertos servicios de tipo cultural, por sociedades de profesionales y otros, modifica la Ley de Donaciones Culturales, contenida en el Art. 8\u00b0 de la 18.985 de 28-06-1990, creando el T\u00edtulo V y un Art. 12 bis, pero no modifica el D.L. 825, ni el D.L. 824 y por ello, s\u00f3lo se incluye una Nota de Autor, en el Art. 12, letra E. N\u00b0 8, del D.L. 825 y otra Nota, en el Art. 31, N\u00b0 7 de la Ley de la Renta.<\/p>\n<p style=\"font-weight: 400;\">En esta oportunidad, los textos nuevos est\u00e1n destacados con fondo gris y los textos eliminados, en textos tachados (no hay textos paralelos).<\/p>\n<p style=\"font-weight: 400;\">El campo normativo tributario de nuestro pa\u00eds se caracteriza por su gran diversidad heterogeneidad de disposiciones, las cuales se encuentran contenidas en variados y dispersos cuerpos legales y reglamentarios.<\/p>\n<p style=\"font-weight: 400;\">Algunos de los textos legales existentes son, en cierta medida, m\u00e1s utilizados o recurrentes que otros.<\/p>\n<p style=\"font-weight: 400;\">Este compendio o conjunto de normas, se ha seleccionado y preparado, a base de la experiencia y en la creencia de conocer las necesidades m\u00e1s frecuentes de informaci\u00f3n empresarial, relativa a los sistemas impositivos de car\u00e1cter tributario que, permanente o espor\u00e1dicamente, pueden ser aplicables, afectando a las distintas actividades y organizaciones.<\/p>\n<p style=\"font-weight: 400;\">Por otra parte, se han incorporado algunos &#8220;datos \u00fatiles&#8221; o &#8220;torpedos&#8221;, en calidad de &#8220;Notas del Autor&#8221;, junto con ciertos comentarios breves, para que el lector pueda iniciar o seguir el estudio y an\u00e1lisis, con dicho peque\u00f1o apoyo.\u00a0\u00a0Adem\u00e1s, se sugieren algunas modificaciones legales que se estiman necesarias para dar una mayor integridad y concordancia a determinadas disposiciones.<\/p>\n<p style=\"font-weight: 400;\">A los principiantes en la lectura y estudio de las leyes tributarias, el autor sugiere dedicar el tiempo adecuado para avanzar y, en alguna medida, acompa\u00f1arse de un diccionario y de una buena cuota de paciencia. En todo caso, no deben abandonar la idea, porque para el humano, nada es indomable.<\/p>\n<p style=\"font-weight: 400;\"><b>Incluye modificaciones de las Leyes N\u00b0s 21.755 de 11-07-2025, Leyes 21.713 de 24-10-2024; 21.716 de 13-11-2024; 21.648 de 05-02-2024; y otras.<\/b><\/p>\n<p>MATERIAS<\/p>\n<p><b>&#8211; C\u00d3DIGO TRIBUTARIO D.L. N\u00b0830<\/b><\/p>\n<p style=\"font-weight: 400;\"><b>&#8211; I.V.A \u2013 VENTAS Y SERVICIOS<br \/>\nD.L. 825<\/b><\/p>\n<p style=\"font-weight: 400;\"><b>&#8211; LEY DE RENTA<br \/>\n<\/b>D.L. 824<\/p>\n<p style=\"font-weight: 400;\"><b>&#8211; REGLAMENTO D.S. N\u00b0 55\/1977<br \/>\n<\/b>D.L. 824<\/p>\n","protected":false},"excerpt":{"rendered":"<p>Buscas un libro Jur\u00eddico.?<br \/>\nContamos con prestigiosos autores y muchas alternativas en sus diferentes materias al igual que grandes descuentos.! \u00a0Vis\u00edtanos en <a class=\"rvxSAhdspoaQIXROVGmqmgSjAEonUrxjJfTUU \" tabindex=\"0\" href=\"https:\/\/lnkd.in\/eiAG7jdZ\" target=\"_blank\" rel=\"noopener\" data-test-app-aware-link=\"\">https:\/\/lnkd.in\/eiAG7jdZ<\/a><br \/>\nEscr\u00edbenos al +56930565235 \/ <a class=\"rvxSAhdspoaQIXROVGmqmgSjAEonUrxjJfTUU \" tabindex=\"0\" href=\"mailto:ventaslegallexglobal@gmail.com\" target=\"_self\" data-test-app-aware-link=\"\">ventaslegallexglobal@gmail.com<\/a><br \/>\nHacemos env\u00edos a todo Chile \u2013 Starken o Correos Chile \/ Te esperamos.<\/p>\n","protected":false},"featured_media":2390,"comment_status":"open","ping_status":"closed","template":"","meta":{"inline_featured_image":false,"_joinchat":[]},"product_brand":[],"product_cat":[26,28],"product_tag":[],"class_list":{"0":"post-2360","1":"product","2":"type-product","3":"status-publish","4":"has-post-thumbnail","6":"product_cat-derecho","7":"product_cat-tributario","9":"first","10":"instock","11":"shipping-taxable","12":"purchasable","13":"product-type-simple"},"_links":{"self":[{"href":"https:\/\/bibliotecajuridicavirtual.cl\/index.php\/wp-json\/wp\/v2\/product\/2360","targetHints":{"allow":["GET"]}}],"collection":[{"href":"https:\/\/bibliotecajuridicavirtual.cl\/index.php\/wp-json\/wp\/v2\/product"}],"about":[{"href":"https:\/\/bibliotecajuridicavirtual.cl\/index.php\/wp-json\/wp\/v2\/types\/product"}],"replies":[{"embeddable":true,"href":"https:\/\/bibliotecajuridicavirtual.cl\/index.php\/wp-json\/wp\/v2\/comments?post=2360"}],"wp:featuredmedia":[{"embeddable":true,"href":"https:\/\/bibliotecajuridicavirtual.cl\/index.php\/wp-json\/wp\/v2\/media\/2390"}],"wp:attachment":[{"href":"https:\/\/bibliotecajuridicavirtual.cl\/index.php\/wp-json\/wp\/v2\/media?parent=2360"}],"wp:term":[{"taxonomy":"product_brand","embeddable":true,"href":"https:\/\/bibliotecajuridicavirtual.cl\/index.php\/wp-json\/wp\/v2\/product_brand?post=2360"},{"taxonomy":"product_cat","embeddable":true,"href":"https:\/\/bibliotecajuridicavirtual.cl\/index.php\/wp-json\/wp\/v2\/product_cat?post=2360"},{"taxonomy":"product_tag","embeddable":true,"href":"https:\/\/bibliotecajuridicavirtual.cl\/index.php\/wp-json\/wp\/v2\/product_tag?post=2360"}],"curies":[{"name":"wp","href":"https:\/\/api.w.org\/{rel}","templated":true}]}}