{"id":2362,"date":"2026-02-28T01:01:08","date_gmt":"2026-02-28T04:01:08","guid":{"rendered":"https:\/\/bibliotecajuridicavirtual.cl\/?post_type=product&#038;p=2362"},"modified":"2026-02-28T01:01:19","modified_gmt":"2026-02-28T04:01:19","slug":"cuidado-personal-compartido-un-derecho-fundamental-de-los-ninos-ninas-y-adolescentes-alonso-bravo-lazaneo-julio-2025-178-pag","status":"publish","type":"product","link":"https:\/\/bibliotecajuridicavirtual.cl\/index.php\/product\/cuidado-personal-compartido-un-derecho-fundamental-de-los-ninos-ninas-y-adolescentes-alonso-bravo-lazaneo-julio-2025-178-pag\/","title":{"rendered":"Cuidado Personal Compartido: Un Derecho Fundamental de los Ni\u00f1os, Ni\u00f1as y Adolescentes * Alonso Bravo Lazaneo &#8211; julio 2025 * 178 P\u00e1g."},"content":{"rendered":"<p style=\"font-weight: 400;\">Este trabajo propone que el cuidado personal compartido es un derecho fundamental de los NNA, se propone un m\u00e9todo general que permite sistematizar los argumentos para determinar en primer lugar si el cuidado personal compartido es un derecho subjetivo de los NNA y luego si ese derecho subjetivo tiene el rango de norma fundamental. Este an\u00e1lisis se hace desde la perspectiva te\u00f3rica de la argumentaci\u00f3n jur\u00eddica como tambi\u00e9n desde el mundo emp\u00edrico que analiza los beneficios de este r\u00e9gimen de cuidado de los hijos cuando los padres se separan.<b><strong>\u00a0<\/strong><\/b><\/p>\n<p style=\"font-weight: 400;\"><b><strong>CAP\u00cdTULO PRIMERO<\/strong><\/b><\/p>\n<ol>\n<li style=\"font-weight: 400;\">Los derechos subjetivos<\/li>\n<\/ol>\n<p style=\"font-weight: 400;\">1.1. Las posiciones jur\u00eddicas elementales<br \/>\n1.1.1. La pretensi\u00f3n<br \/>\n1.1.2. La Libertad<\/p>\n<p style=\"font-weight: 400;\">1.2. Inter\u00e9s o voluntad<br \/>\n1.2.1. La teor\u00eda de la voluntad<br \/>\n1.2.2. Teor\u00eda del Inter\u00e9s<\/p>\n<p style=\"font-weight: 400;\">1.3. El Inter\u00e9s<br \/>\n1.3.1. Criterios para determinar un inter\u00e9s jur\u00eddicamente relevante<br \/>\n1.3.2. La ponderaci\u00f3n como m\u00e9todo de resoluci\u00f3n de conflicto de principios e intereses<\/p>\n<p style=\"font-weight: 400;\">1.4. Resultado<\/p>\n<p style=\"font-weight: 400;\"><b><strong>CAP\u00cdTULO SEGUNDO<\/strong><\/b><\/p>\n<ol>\n<li style=\"font-weight: 400;\">Derechos fundamentales impl\u00edcitos\n<p>1.1. NNA como titulares de derechos fundamentales<br \/>\n1.2. La adscripci\u00f3n de norma y los derechos fundamentales impl\u00edcitos<br \/>\n1.3. Qu\u00e9 hace que un derecho sea fundamental<br \/>\n1.4. El inter\u00e9s superior del ni\u00f1o como norma fundamental<\/li>\n<\/ol>\n<p style=\"font-weight: 400;\"><b><strong>CAPITULO TERCERO<\/strong><\/b><\/p>\n<ol>\n<li style=\"font-weight: 400;\">El cuidado personal<\/li>\n<\/ol>\n<p style=\"font-weight: 400;\">1.1. Tipos de cuidado personal<br \/>\n1.1.1. Responsabilidad parental<br \/>\n1.1.2. Corresponsabilidad<br \/>\n1.1.3. Coparentalidad<\/p>\n<p style=\"font-weight: 400;\">1.2. El cuidado personal indistinto como r\u00e9gimen sumpletorio<\/p>\n<p style=\"font-weight: 400;\">1.3.- El cuidado personal compartido y su atribuci\u00f3n<\/p>\n<p style=\"font-weight: 400;\">1.4. El cuidado personal compartido en otros pa\u00edses<\/p>\n<p style=\"font-weight: 400;\"><b><strong>CAP\u00cdTULO CUARTO<\/strong><\/b><\/p>\n<ol>\n<li style=\"font-weight: 400;\">El efecto del cuidado personal compartido<\/li>\n<\/ol>\n<p style=\"font-weight: 400;\">1.1. Ajuste general o resultados cognitivos<br \/>\n1.2. Ajuste emocional o psicol\u00f3gico<br \/>\n1.3. Ajuste conductual<br \/>\n1.4. Ajuste social<br \/>\n1.5. Ajuste respecto de relaciones familiares<br \/>\n1.6. Salud f\u00edsica<br \/>\n1.7. Resultados en t\u00e9rminos gen\u00e9ricos<\/p>\n<ol start=\"2\">\n<li style=\"font-weight: 400;\">Cr\u00edticas<\/li>\n<\/ol>\n<p style=\"font-weight: 400;\">2.1. Factor edad<br \/>\n2.2. Conflictividad<br \/>\n2.3. Un r\u00e9gimen s\u00f3lo para la \u00e9lite<br \/>\n2.4. Disminuci\u00f3n de la pensi\u00f3n de alimentos<\/p>\n<ol start=\"3\">\n<li style=\"font-weight: 400;\">Cuando el cuidado personal compartido no es recomendado<\/li>\n<\/ol>\n<p style=\"font-weight: 400;\">3.1. Factor geogr\u00e1fico<\/p>\n<ol start=\"4\">\n<li style=\"font-weight: 400;\">Visi\u00f3n general<\/li>\n<li style=\"font-weight: 400;\">El cuidado personal compartido y la madre trabajadora<\/li>\n<\/ol>\n<p style=\"font-weight: 400;\"><b><strong>CAPITULO QUINTO<\/strong><\/b><\/p>\n<ol>\n<li style=\"font-weight: 400;\">La atribuci\u00f3n del cuidado personal compartido como derecho subjetivo y su jerarqu\u00eda<\/li>\n<\/ol>\n<p style=\"font-weight: 400;\">1.1. El sujeto<br \/>\n1.2. El inter\u00e9s<br \/>\n1.3. Posiciones hohfeldianas y terceros<br \/>\n1.4. La relevancia del inter\u00e9s<br \/>\n1.5. Inter\u00e9s jur\u00eddicamente relevante<\/p>\n<ol start=\"2\">\n<li style=\"font-weight: 400;\">El cuidado personal compartido como un derecho fundamental de los NNA<\/li>\n<li style=\"font-weight: 400;\">El alcance del cuidado personal compartido como derecho fundamental de los NNA<\/li>\n<\/ol>\n","protected":false},"excerpt":{"rendered":"<p>Buscas un libro Jur\u00eddico.? Lo puedes encontrar en nuestra tienda virtual.<br \/>\nContamos con prestigiosos autores y muchas alternativas en sus diferentes materias al igual que grandes descuentos.! Vis\u00edtanos en <a class=\"NpAOenjuLyTkzcGAWovJllDYgHrUgYzuNQo \" tabindex=\"0\" href=\"https:\/\/lnkd.in\/eiAG7jdZ\" target=\"_blank\" rel=\"noopener\" data-test-app-aware-link=\"\">https:\/\/lnkd.in\/eiAG7jdZ<\/a><br \/>\nEscr\u00edbenos al +56930565235 \/ <a class=\"NpAOenjuLyTkzcGAWovJllDYgHrUgYzuNQo \" tabindex=\"0\" href=\"mailto:ventaslegallexglobal@gmail.com\" target=\"_self\" data-test-app-aware-link=\"\">ventaslegallexglobal@gmail.com<\/a><br \/>\nHacemos env\u00edos a todo Chile \u2013 Starken o Correos Chile \/ Te esperamos.<\/p>\n","protected":false},"featured_media":2392,"comment_status":"open","ping_status":"closed","template":"","meta":{"inline_featured_image":false,"_joinchat":[]},"product_brand":[],"product_cat":[26,29],"product_tag":[],"class_list":{"0":"post-2362","1":"product","2":"type-product","3":"status-publish","4":"has-post-thumbnail","6":"product_cat-derecho","7":"product_cat-familia-y-del-menor","9":"first","10":"instock","11":"shipping-taxable","12":"purchasable","13":"product-type-simple"},"_links":{"self":[{"href":"https:\/\/bibliotecajuridicavirtual.cl\/index.php\/wp-json\/wp\/v2\/product\/2362","targetHints":{"allow":["GET"]}}],"collection":[{"href":"https:\/\/bibliotecajuridicavirtual.cl\/index.php\/wp-json\/wp\/v2\/product"}],"about":[{"href":"https:\/\/bibliotecajuridicavirtual.cl\/index.php\/wp-json\/wp\/v2\/types\/product"}],"replies":[{"embeddable":true,"href":"https:\/\/bibliotecajuridicavirtual.cl\/index.php\/wp-json\/wp\/v2\/comments?post=2362"}],"wp:featuredmedia":[{"embeddable":true,"href":"https:\/\/bibliotecajuridicavirtual.cl\/index.php\/wp-json\/wp\/v2\/media\/2392"}],"wp:attachment":[{"href":"https:\/\/bibliotecajuridicavirtual.cl\/index.php\/wp-json\/wp\/v2\/media?parent=2362"}],"wp:term":[{"taxonomy":"product_brand","embeddable":true,"href":"https:\/\/bibliotecajuridicavirtual.cl\/index.php\/wp-json\/wp\/v2\/product_brand?post=2362"},{"taxonomy":"product_cat","embeddable":true,"href":"https:\/\/bibliotecajuridicavirtual.cl\/index.php\/wp-json\/wp\/v2\/product_cat?post=2362"},{"taxonomy":"product_tag","embeddable":true,"href":"https:\/\/bibliotecajuridicavirtual.cl\/index.php\/wp-json\/wp\/v2\/product_tag?post=2362"}],"curies":[{"name":"wp","href":"https:\/\/api.w.org\/{rel}","templated":true}]}}