{"id":2363,"date":"2026-02-28T01:01:08","date_gmt":"2026-02-28T04:01:08","guid":{"rendered":"https:\/\/bibliotecajuridicavirtual.cl\/?post_type=product&#038;p=2363"},"modified":"2026-02-28T01:01:20","modified_gmt":"2026-02-28T04:01:20","slug":"nuevas-tendencias-regulatorias-tratamiento-y-proteccion-de-datos-personales-en-chile-esquemas-y-comentarios-prospectivos-francisco-antonio-pino-pino","status":"publish","type":"product","link":"https:\/\/bibliotecajuridicavirtual.cl\/index.php\/product\/nuevas-tendencias-regulatorias-tratamiento-y-proteccion-de-datos-personales-en-chile-esquemas-y-comentarios-prospectivos-francisco-antonio-pino-pino\/","title":{"rendered":"Nuevas Tendencias Regulatorias: Tratamiento y Protecci\u00f3n de Datos Personales en Chile: Esquemas y Comentarios Prospectivos * Francisco Antonio Pino Pino"},"content":{"rendered":"<p style=\"font-weight: 400;\">Este libro presenta una reflexi\u00f3n en tres niveles: primero, una reflexi\u00f3n te\u00f3rica pol\u00edtica con ocasi\u00f3n de la novedad normativa que supone este nuevo r\u00e9gimen de tratamiento y protecci\u00f3n de datos (Cap. I). En segundo lugar, esta reflexi\u00f3n te\u00f3rica es sucedida por un estudio de la nueva ley que pretende dos cuestiones: i. esquematizar y presentar su contenidos y ii. comentarlo a fin de complementarla en algunos casos, interpretarla en otros y advertir problemas en no pocos pasajes (Cap. II). Finalmente, en tercer lugar, (Cap. III), se presentan dos comentarios cr\u00edticos sobre la ley y su interpretaci\u00f3n que, aunque versan sobre cuestiones espec\u00edficas sobre la regulaci\u00f3n presentan reflexiones te\u00f3ricas indispensables para comprender la ley en abstracto y en concreto.<\/p>\n<p style=\"font-weight: 400;\">El an\u00e1lisis abarca, de forma transversal y exploratoria, diversas dimensiones del estudio sobre la protecci\u00f3n y tratamiento de datos personales. En ese sentido, constituye un material indispensable para comprender la regulaci\u00f3n, as\u00ed como para discutir su interpretaci\u00f3n y aplicaci\u00f3n.<\/p>\n<p style=\"font-weight: 400;\"><b><strong>CAP\u00cdTULO I<\/strong><\/b><br \/>\n<b><strong>INFORMACI\u00d3N, PROTECCI\u00d3N DE DATOS PERSONALES Y DEMOCRACIA<\/strong><\/b><\/p>\n<ol>\n<li style=\"font-weight: 400;\">Introducci\u00f3n<\/li>\n<li style=\"font-weight: 400;\">Desarrollo<br \/>\n2.1. Estado constitucional de derecho, democracia y autonom\u00eda<br \/>\n2.3. Tecnolog\u00eda, big data y democracia<br \/>\n2.4. Entre la videopol\u00edtica y la democratia in umbra<\/li>\n<li style=\"font-weight: 400;\">Conclusi\u00f3n<\/li>\n<\/ol>\n<p style=\"font-weight: 400;\"><b><strong>CAP\u00cdTULO II<\/strong><\/b><br \/>\n<b><strong>LA NUEVA LEGISLACI\u00d3NSOBRE PROTECCI\u00d3NDE DATOS PERSONALES: ESQUEMA<\/strong><\/b><\/p>\n<ol>\n<li style=\"font-weight: 400;\">Introducci\u00f3n<\/li>\n<li style=\"font-weight: 400;\">Un esquema<br \/>\n2.1. Objetivo de la reforma legal<br \/>\n2.1.1. Dos elementos generales que articulan la regulaci\u00f3n<br \/>\n2.1.1.1. El tratamiento de datos y r\u00e9gimen de protecci\u00f3n<br \/>\n2.1.1.2. Personas naturales y r\u00e9gimen protector<br \/>\n2.2. Vigencia y aplicaci\u00f3n del r\u00e9gimen de tratamiento y protecci\u00f3n de datos<br \/>\n2.2.1. Aplicaci\u00f3n temporal<br \/>\n2.2.1.1. Publicaci\u00f3n y entrada en vigencia<br \/>\n2.2.1.2. Regla general de vacancia establecida en el art\u00edculo primero transitorio y algunas precisiones<br \/>\n2.2.1.3. Regla respecto del plazo para dictar reglamentos establecida en el art\u00edculo segundo transitorio<br \/>\n2.2.1.4. Facultad de aplicaci\u00f3n de una sanci\u00f3n menos grave para empresas de menor tama\u00f1o por 12 meses<br \/>\n2.2.1.5. Plazo de dictaci\u00f3n de normas complementarias para el cumplimiento de esta ley por parte del congreso nacional, el poder judicial y organismos p\u00fablicos dotados de autonom\u00eda constitucional<br \/>\n2.2.1.6. Conclusi\u00f3n<br \/>\n2.2.2. aplicaci\u00f3n territorial<br \/>\n2.2.2.1. s\u00edntesis de las \u201ccircunstancias\u201d relacionadas a la aplicaci\u00f3n territorial de la ley<br \/>\n2.2.2.2. la cuesti\u00f3n de la transferencia internacional de datos<br \/>\n2.2.3. Aplicaci\u00f3n material<br \/>\n2.2.3.. La referencia al art\u00edculo 19 n\u00fam. 12 del texto constitucional<br \/>\n2.2.3.2. La referencia del texto constitucional a las normas legales referidas en el art\u00edculo 19 n\u00fam. 12.<br \/>\n2.2.3.2. La ley n\u00fam. 19.733 sobre libertades de opini\u00f3n e informaci\u00f3n y ejercicio del periodismo<br \/>\n2.2.3.3. La referencia a los \u201cmedios de comunicaci\u00f3n social\u201d<br \/>\n2.3. Aplicaci\u00f3ndel r\u00e9gimende protecci\u00f3n de tratamiento y protecci\u00f3n de datos personales y otras normas legales relevantes<br \/>\n2.3.1. La ley n\u00fam. 20.120 sobre la investigaci\u00f3n cient\u00edfica en el ser humano, su genoma, y proh\u00edbe la clonaci\u00f3n humana<br \/>\n2.3.2 Ley n\u00fam. 21.729 que modifica la ley n\u00fam. 18.168, general de telecomunicaciones, en materia de registro e individualizaci\u00f3n de usuarios de servicios telef\u00f3nicos<br \/>\n2.4. Definiciones y principios<br \/>\n2.4.1. Definiciones establecidas en el art\u00edculo 2\u00b0 de la reformada ley n\u00fam. 19.628:<br \/>\n2.4.2. Los denominados \u201cprincipios\u201d de la ley<br \/>\n2.4.2.1. Licitud y lealtad<br \/>\n2.4.2.2. Finalidad<br \/>\n2.4.2.3. Proporcionalidad<br \/>\n2.4.2.4. Calidad<br \/>\n2.4.2.5. Responsabilidad<br \/>\n2.4.2.6. Seguridad<br \/>\n2.4.2.7. Transparencia<br \/>\n2.4.2.8. Confidencialidad<br \/>\n2.5. Sujetos imperados, sujetos de derechos y posiciones jur\u00eddicas relevantes Enel tratamiento de datos<br \/>\n2.5.1. El tratamiento de datos como criterio orientador<br \/>\n2.5.2. Titulares: sujetos de derechos ante el tratamiento de datos<br \/>\n2.5.2.1. Derechos: portabilidad, rectificaci\u00f3n, oposici\u00f3n, supresi\u00f3n, acceso, bloqueo (prosab)<br \/>\n2.5.2.1.1. Derecho de acceso<br \/>\n2.5.2.1.2. Derecho de rectificaci\u00f3n<br \/>\n2.5.1.1.3. Derecho de supresi\u00f3n<br \/>\n2.5.1.1.4. Derecho de oposici\u00f3n al tratamiento y a ser objeto de decisiones automatizadas<br \/>\n2.5.1.1.5. Derecho de bloqueo<br \/>\n2.5.1.1.6. Derecho de portabilidad<br \/>\n2.5.2.2. Reglas relativas al ejercicio de los derechos de prosab<br \/>\n2.5.2.2.1. Forma y medio de ejercicio<br \/>\n2.5.2.2.1.1. Ante quien<br \/>\n2.5.2.2.1.2. Personas jur\u00eddicas constituidas fuera del pa\u00eds<br \/>\n2.5.2.2.1.3. Deber de informar y simplificar los canales de ejercicio del derecho<br \/>\n2.5.2.2.1.4. Gratuidad del ejercicio de los derechos<br \/>\n2.5.2.2.1.5. Excepci\u00f3n a la gratuidad en el ejercicio del derecho<br \/>\n2.5.2.2.1.6. Determinaci\u00f3n del costo del cobro excepcional<br \/>\n2.5.2.2.1.7. Deber de fiscalizaci\u00f3n por parte de la agencia<br \/>\n2.5.2.2.2. Procedimiento ante el responsable de datos<br \/>\n2.5.2.2.2.1. Requisitos formales generales y espec\u00edficos de presentaci\u00f3n de la solicitud<br \/>\n2.5.2.2.2.2. Reglas para dar curso a la solicitud debidamente presentada<br \/>\n2.5.2.2.2.3. Denegaci\u00f3n total o parcial de la solicitud<br \/>\n2.5.2.2.2.4. Procedimiento y derecho a bloqueo<br \/>\n2.6. El tratamiento de datos y sus reglas<br \/>\n2.6.1. Sujetos imperados por el r\u00e9gimen de tratamiento y protecci\u00f3n de datos<br \/>\n2.6.1.1. Responsable<br \/>\n2.6.1.2. Tercero mandatario o encargado<br \/>\n2.6.1.4. Delegado<br \/>\n2.6.2. El tratamiento de datos y sus reglas<br \/>\n2.6.2.1. Regla general<br \/>\n2.6.2.2. Fuentes de licitud: consentimiento y otras fuentes<br \/>\n2.6.2.3. Obligaciones del responsable<br \/>\n2.6.2.3.1. Deber secreto o confidencialidad<br \/>\n2.6.2.3.2. Deber de informaci\u00f3n y transparencia<br \/>\n2.6.2.3.3. Deber de protecci\u00f3n desde el dise\u00f1o y por defecto<br \/>\n2.6.2.3.4. Deber de adoptar medidas de seguridad<br \/>\n2.6.2.3.4. Deber de reportar las vulneraciones a las medidas de seguridad<br \/>\n2.6.4. Diferenciaci\u00f3n de est\u00e1ndares de cumplimiento . 134 2.6.5 cesi\u00f3n de datos personales<br \/>\n2.6.6. Tratamiento a trav\u00e9s de un tercero mandatario o encargado<br \/>\n2.6.7. Evaluaci\u00f3n de impacto en el tratamiento de datos 141 2.6.8 tratamiento de datos sensibles<br \/>\n2.6.8.1. Regla general<br \/>\n2.6.8.2. Datos sensibles relativos a la salud y perfil biol\u00f3gico humano y una nueva fuente de licitud<br \/>\n2.6.8.3. Datos sensibles de car\u00e1cter biom\u00e9trico<br \/>\n2.6.8.4. Datos sensibles de ni\u00f1os, ni\u00f1as y adolescentes 152 2.6.9 datos personales con fines hist\u00f3ricos, estad\u00edsticos, cient\u00edficos y de estudios o investigaciones<br \/>\n2.6.10. Datos de geolocalizaci\u00f3n<br \/>\n2.6.11. Uso de datos personales relativos a obligaciones de car\u00e1cter econ\u00f3mico, financiero, bancario o comercial<br \/>\n2.6.11.1. Limitaci\u00f3n al tratamiento<br \/>\n2.6.11.2. Efectos de la extinci\u00f3n de la obligaci\u00f3n econ\u00f3mica, bancaria o comercial<br \/>\n2.7. Tratamiento de datos personales por parte de \u00f3rganos p\u00fablicos<br \/>\n2.7.1. Regla general y una nueva fuente de licitud<br \/>\n2.7.2. Principios y normas aplicables<br \/>\n2.7.3. Comunicaci\u00f3n o cesi\u00f3n de datos por \u00f3rganos p\u00fablicos<br \/>\n2.7.4. Ejercicio de los derechos del titular, procedimiento administrativo de tutela y reclamo de ilegalidad<br \/>\n2.7.5 reglas especiales para el tratamiento de datos personales por parte de \u00f3rganos p\u00fablicos y regla respecto de datos relativos a infracciones penales, civiles, administrativas y disciplinarias<br \/>\n2.7.5 remisi\u00f3n reglamentaria a las determinaciones de condiciones de tratamiento<br \/>\n2.8 transferencia internacionaldedatos personales<br \/>\n2.8.1 regla general<br \/>\n2.8.2 determinaci\u00f3n de pa\u00edses adecuados para la transferencia internacional de datos 2.9 la agencia<br \/>\n2.9.1 definici\u00f3n y estructura<br \/>\n2.9.2 estructura de la agencia<br \/>\n2.9.2.1 integraci\u00f3n del consejo directivo<br \/>\n2.9.2.2 inhabilidades e incompetencia<br \/>\n2.9.2.3 remoci\u00f3n y causales de cesaci\u00f3n<br \/>\n2.9.3 funciones y atribuciones<br \/>\n2.9.3.1 respecto de la agencia<br \/>\n2.9.3.2 respecto del consejo directivo<br \/>\n2.9.3.3 agencia, consejo para la transparencia y coordinaci\u00f3n regulatoria<br \/>\n2.10 infracciones, sanciones, reclamaci\u00f3ny responsabilidad<br \/>\n2.10.1 r\u00e9gimen general de responsabilidad<br \/>\n2.10.2 escala de sanciones<br \/>\n2.10.2.1 infracciones leves<br \/>\n2.10.2.2 infracciones graves<br \/>\n2.10.2.1 infracciones grav\u00edsimas<br \/>\n2.10.3 sanciones<br \/>\n2.10.4 circunstancias atenuantes y agravantes<br \/>\n2.10.5 determinaci\u00f3n del monto de las multas<br \/>\n2.10.6 sanciones accesorias<br \/>\n2.10.7 registro nacional de sanciones y cumplimiento<br \/>\n2.10.8 prescripci\u00f3n de las acciones<br \/>\n2.10.9 procedimientos administrativos de tutela de derechos<br \/>\n2.10.10 procedimiento administrativo por infracci\u00f3n a la ley<br \/>\n2.10.11 procedimiento de reclamaci\u00f3n judicial<br \/>\n2.10.12 reglas de responsabilidad administrativa<br \/>\n2.10.13 responsabilidad civil<br \/>\n2.10.13.1 prevenci\u00f3n de infracciones<br \/>\n2.10.13.1.2 modelo de prevenci\u00f3n de infracciones<br \/>\n2.10.13.1.3 atribuciones del delegado<br \/>\n2.10.13.1.4 certificaci\u00f3n, registro, supervisi\u00f3n del modelo de prevenci\u00f3n de infracciones y reglamento<br \/>\n2.10.13.1.4.1 vigencia de los certificados<br \/>\n2.10.13.1.4.2 revocaci\u00f3n de la certificaci\u00f3n<br \/>\n2.11 tratamiento de datos por el congresonacional, poder judicial y \u00f3rganos constitucionalmente aut\u00f3nomos<br \/>\n2.11.1 regla general<br \/>\n2.11.2 ejercicio de los derechos y reclamaciones<\/li>\n<\/ol>\n<p style=\"font-weight: 400;\"><b><strong>CAP\u00cdTULO III<\/strong><\/b><br \/>\n<b><strong>COMENTARIOS PROSPECTIVOS SOBRE LA COMPRENSI\u00d3N DE ESTA LEY<\/strong><\/b><\/p>\n<ol>\n<li style=\"font-weight: 400;\">Primer comentario: comercio, industria y datos: la cuesti\u00f3n de la huella digital y el regitro de asistencia laboral 1.- primer comentario: comercio, industria y datos: la cuesti\u00f3n de la huella digital y el registro de asistencia laboral<br \/>\n1.1 La hip\u00f3tesis del uso de huellas digitales y una curiosa interpretaci\u00f3n<br \/>\n1.2 Una cr\u00edtica<br \/>\n1.3 Una reflexi\u00f3n<\/li>\n<li style=\"font-weight: 400;\">Segundo comentario: algunos problemas de la resoluci\u00f3n n\u00famero 566 exenta del 4de febrero de 2025 emitida por la subsecretar\u00eda de Telecomunicaciones del Ministerio de Transporte y Telecomunicaciones<br \/>\n2.1 Resoluci\u00f3n exenta n\u00famero 566de la subsecretar\u00eda de telecomunicaciones del ministerio de transporte y telecomunicaciones:\u00bfqu\u00e9 dice?<br \/>\n2.3 Cuestiones de compatibilidad legal: nuevo r\u00e9gimen de tratamiento y protecci\u00f3n de datos personales frente a la resoluci\u00f3n exenta n\u00famero 566<br \/>\n2.4. Sentido com\u00fan<\/li>\n<\/ol>\n","protected":false},"excerpt":{"rendered":"<p>Edici\u00f3n Julio 2025 &#8211; 354 P\u00e1ginas.<br \/>\nBuscas un libro Jur\u00eddico.? Lo puedes encontrar en nuestra tienda virtual.<br \/>\nContamos con prestigiosos autores y muchas alternativas en sus diferentes materias al igual que grandes descuentos.! Vis\u00edtanos en <a class=\"NpAOenjuLyTkzcGAWovJllDYgHrUgYzuNQo \" tabindex=\"0\" href=\"https:\/\/lnkd.in\/eiAG7jdZ\" target=\"_blank\" rel=\"noopener\" data-test-app-aware-link=\"\">https:\/\/lnkd.in\/eiAG7jdZ<\/a><br \/>\nEscr\u00edbenos al +56930565235 \/ <a class=\"NpAOenjuLyTkzcGAWovJllDYgHrUgYzuNQo \" tabindex=\"0\" href=\"mailto:ventaslegallexglobal@gmail.com\" target=\"_self\" data-test-app-aware-link=\"\">ventaslegallexglobal@gmail.com<\/a><br \/>\nHacemos env\u00edos a todo Chile \u2013 Starken o Correos Chile \/ Te esperamos<\/p>\n","protected":false},"featured_media":2393,"comment_status":"open","ping_status":"closed","template":"","meta":{"inline_featured_image":false,"_joinchat":[]},"product_brand":[],"product_cat":[27,26],"product_tag":[],"class_list":{"0":"post-2363","1":"product","2":"type-product","3":"status-publish","4":"has-post-thumbnail","6":"product_cat-civil","7":"product_cat-derecho","9":"first","10":"instock","11":"shipping-taxable","12":"purchasable","13":"product-type-simple"},"_links":{"self":[{"href":"https:\/\/bibliotecajuridicavirtual.cl\/index.php\/wp-json\/wp\/v2\/product\/2363","targetHints":{"allow":["GET"]}}],"collection":[{"href":"https:\/\/bibliotecajuridicavirtual.cl\/index.php\/wp-json\/wp\/v2\/product"}],"about":[{"href":"https:\/\/bibliotecajuridicavirtual.cl\/index.php\/wp-json\/wp\/v2\/types\/product"}],"replies":[{"embeddable":true,"href":"https:\/\/bibliotecajuridicavirtual.cl\/index.php\/wp-json\/wp\/v2\/comments?post=2363"}],"wp:featuredmedia":[{"embeddable":true,"href":"https:\/\/bibliotecajuridicavirtual.cl\/index.php\/wp-json\/wp\/v2\/media\/2393"}],"wp:attachment":[{"href":"https:\/\/bibliotecajuridicavirtual.cl\/index.php\/wp-json\/wp\/v2\/media?parent=2363"}],"wp:term":[{"taxonomy":"product_brand","embeddable":true,"href":"https:\/\/bibliotecajuridicavirtual.cl\/index.php\/wp-json\/wp\/v2\/product_brand?post=2363"},{"taxonomy":"product_cat","embeddable":true,"href":"https:\/\/bibliotecajuridicavirtual.cl\/index.php\/wp-json\/wp\/v2\/product_cat?post=2363"},{"taxonomy":"product_tag","embeddable":true,"href":"https:\/\/bibliotecajuridicavirtual.cl\/index.php\/wp-json\/wp\/v2\/product_tag?post=2363"}],"curies":[{"name":"wp","href":"https:\/\/api.w.org\/{rel}","templated":true}]}}