{"id":2364,"date":"2026-02-28T01:01:08","date_gmt":"2026-02-28T04:01:08","guid":{"rendered":"https:\/\/bibliotecajuridicavirtual.cl\/?post_type=product&#038;p=2364"},"modified":"2026-02-28T01:01:20","modified_gmt":"2026-02-28T04:01:20","slug":"derecho-de-la-ninez-y-sistema-residencial-el-rol-del-estado-frente-a-un-factor-de-riesgo-yastin-pinto-robles-1edicion-2021-166-pag","status":"publish","type":"product","link":"https:\/\/bibliotecajuridicavirtual.cl\/index.php\/product\/derecho-de-la-ninez-y-sistema-residencial-el-rol-del-estado-frente-a-un-factor-de-riesgo-yastin-pinto-robles-1edicion-2021-166-pag\/","title":{"rendered":"Derecho de la Ni\u00f1ez y Sistema Residencial, El Rol del Estado Frente a un Factor de Riesgo &#8211; Yastin Pinto Robles * 1\u00b0edici\u00f3n 2021 &#8211; 166 P\u00e1g."},"content":{"rendered":"<p style=\"font-weight: 400;\">La presente investigaci\u00f3n analiza c\u00f3mo el sistema residencial chileno es un factor de riesgo estructural que impide el libre ejercicio de los derechos de la ni\u00f1ez, y cu\u00e1l es rol del Estado frente al derecho a la protecci\u00f3n de la ni\u00f1ez en cuidado alternativo de acogimiento residencial.<\/p>\n<p style=\"font-weight: 400;\">Para ello se estudia en primer lugar el marco legal internacional y nacional de aquellos cuerpos legales de protecci\u00f3n de la ni\u00f1ez, en segundo lugar se examinan los distintos factores de riesgo psicosociales asociados al sistema residencial y el concepto de vulnerabilidad definida por la Corte Interamericana de Derechos Humanos, en tercer lugar se analizan datos y hechos actuales de vulneraci\u00f3n de derechos hacia la ni\u00f1ez en Chile a ra\u00edz de distintos informes investigativos y los efectos que produce el internamiento en ni\u00f1os, ni\u00f1as y adolescentes, y en cuarto lugar se observa la responsabilidad del Estado en materia de derechos de la ni\u00f1ez y su obligaci\u00f3n de respetar, proteger y hacer cumplir tales derechos.<\/p>\n<p style=\"font-weight: 400;\">Finalmente, la autora realiza una propuesta de mejora al sistema proteccional chileno, a trav\u00e9s de un abordaje interdisciplinario jur\u00eddico-social, mediante propuestas de prevenci\u00f3n, profesionalizaci\u00f3n de los intervinientes, nueva legislaci\u00f3n con enfoque de derechos de la ni\u00f1ez y una intervenci\u00f3n de caso con enfoque de tipo familiar.<\/p>\n<p style=\"font-weight: 400;\"><b><strong>CAP\u00cdTULO I<\/strong><\/b><br \/>\n<b><strong>ALCANCES DEL PROBLEMA DEL SISTEMA RESIDENCIAL CHILENO<\/strong><\/b><\/p>\n<ol>\n<li style=\"font-weight: 400;\">Contexto<br \/>\n2. Objetivos Investigativos<\/li>\n<\/ol>\n<p style=\"font-weight: 400;\"><b><strong>CAP\u00cdTULO II<\/strong><\/b><br \/>\n<b><strong>MECANISMOS LEGISLATIVOS DE PROTECCI\u00d3N A NI\u00d1OS, NI\u00d1AS Y ADOLESCENTES BAJO CUIDADO DEL ESTADO<\/strong><\/b><\/p>\n<ol>\n<li style=\"font-weight: 400;\">Marco legal internacional de protecci\u00f3n de la ni\u00f1ez bajo cuidado del Estado<\/li>\n<\/ol>\n<p style=\"font-weight: 400;\">1.1 Ni\u00f1os, ni\u00f1as y adolescentes bajo la protecci\u00f3n del Estado al alero de la Convenci\u00f3n sobre los Derechos del Ni\u00f1o<br \/>\n1.2 Explotaci\u00f3n sexual de la ni\u00f1ez a la luz del Protocolo facultativo de la Convenci\u00f3n sobre los Derechos del Ni\u00f1o relativo a la venta de ni\u00f1os, la prostituci\u00f3n infantil y la utilizaci\u00f3n de ni\u00f1os en la pornograf\u00eda<br \/>\n1.3 Acerc\u00e1ndonos al acogimiento residencial bajo la observaci\u00f3n de las Directrices de Naciones Unidas sobre las Modalidades Alternativas de Cuidado de los Ni\u00f1os<\/p>\n<ol start=\"2\">\n<li style=\"font-weight: 400;\">Marco legal del sistema de protecci\u00f3n de la ni\u00f1ez<\/li>\n<\/ol>\n<p style=\"font-weight: 400;\">2.1 El acogimiento residencial como cuidado alternativo en la legislaci\u00f3n chilena<br \/>\n2.1.1 Reflexiones y disfunciones del sistema de protecci\u00f3n de la ni\u00f1ez en Chile<br \/>\n2.2 Sistema residencial chileno<br \/>\n2.2.1 Servicio Nacional de Menores<br \/>\n2.2.2 Acerc\u00e1ndonos a la administraci\u00f3n y l\u00edneas de acci\u00f3n de los distintos centros residenciales de protecci\u00f3n<br \/>\n2.2.3 Servicio Nacional de Protecci\u00f3n Especializada de la Ni\u00f1ez y Adolescencia<br \/>\n2.3 La Defensor\u00eda de la Ni\u00f1ez y su labor con los ni\u00f1os, ni\u00f1as y adolescentes bajo el cuidado del Estado en el \u00e1rea de protecci\u00f3n<\/p>\n<ol start=\"3\">\n<li style=\"font-weight: 400;\">Marco Conceptual<br \/>\n3.1 Hacia una definici\u00f3n y tipolog\u00eda de factores de riesgo en el cuidado alternativo de acogimiento residencial<br \/>\n3.2 Vulnerabilidad y protecci\u00f3n a luz de la Corte Interamericana de Derechos Humanos<\/li>\n<\/ol>\n<p style=\"font-weight: 400;\"><b><strong>CAP\u00cdTULO III<\/strong><\/b><br \/>\n<b><strong>AN\u00c1LISIS DE LA REALIDAD DE LA PROTECCI\u00d3N DE LA NI\u00d1EZ EN CHILE<\/strong><\/b><\/p>\n<ol>\n<li style=\"font-weight: 400;\">Aproxim\u00e1ndonos a las cifras de protecci\u00f3n de la ni\u00f1ez en Chile<\/li>\n<li style=\"font-weight: 400;\">Efectos del internamiento en ni\u00f1os, ni\u00f1as y adolescentes en centros residenciales de protecci\u00f3n bajo una mirada psicosocial<\/li>\n<li style=\"font-weight: 400;\">Vulneraci\u00f3n de derechos hacia la ni\u00f1ez en acogimiento residencial<br \/>\n3.1 Abordaje de datos documentados sobre informes investigativos de vulneraci\u00f3n de derechos de la ni\u00f1ez en centros residenciales de protecci\u00f3n<br \/>\n3.2 Informe de investigaci\u00f3n Comit\u00e9 de los Derechos del Ni\u00f1o<br \/>\n3.3 Introduci\u00e9ndonos en hechos actuales de vulneraci\u00f3n de derechos de la ni\u00f1ez en acogimiento residencial<\/li>\n<li style=\"font-weight: 400;\">Representaci\u00f3n de responsabilidad estatal bajo el examen de los informes investigativos<\/li>\n<\/ol>\n<p style=\"font-weight: 400;\"><b><strong>CAP\u00cdTULO IV<\/strong><\/b><br \/>\n<b><strong>PROPUESTA DE MEJORA<\/strong><\/b><\/p>\n<p style=\"font-weight: 400;\">Propuesta de mejora del sistema proteccional chileno<\/p>\n","protected":false},"excerpt":{"rendered":"<p>Buscas un libro Jur\u00eddico.? Lo puedes encontrar en nuestra tienda virtual.<br \/>\nContamos con prestigiosos autores y muchas alternativas en sus diferentes materias al igual que grandes descuentos.! Vis\u00edtanos en <a class=\"NpAOenjuLyTkzcGAWovJllDYgHrUgYzuNQo \" tabindex=\"0\" href=\"https:\/\/lnkd.in\/eiAG7jdZ\" target=\"_blank\" rel=\"noopener\" data-test-app-aware-link=\"\">https:\/\/lnkd.in\/eiAG7jdZ<\/a><br \/>\nEscr\u00edbenos al +56930565235 \/ <a class=\"NpAOenjuLyTkzcGAWovJllDYgHrUgYzuNQo \" tabindex=\"0\" href=\"mailto:ventaslegallexglobal@gmail.com\" target=\"_self\" data-test-app-aware-link=\"\">ventaslegallexglobal@gmail.com<\/a><br \/>\nHacemos env\u00edos a todo Chile \u2013 Starken o Correos Chile \/ Te esperamos<\/p>\n","protected":false},"featured_media":2394,"comment_status":"open","ping_status":"closed","template":"","meta":{"inline_featured_image":false,"_joinchat":[]},"product_brand":[],"product_cat":[26,29],"product_tag":[],"class_list":{"0":"post-2364","1":"product","2":"type-product","3":"status-publish","4":"has-post-thumbnail","6":"product_cat-derecho","7":"product_cat-familia-y-del-menor","9":"first","10":"instock","11":"shipping-taxable","12":"purchasable","13":"product-type-simple"},"_links":{"self":[{"href":"https:\/\/bibliotecajuridicavirtual.cl\/index.php\/wp-json\/wp\/v2\/product\/2364","targetHints":{"allow":["GET"]}}],"collection":[{"href":"https:\/\/bibliotecajuridicavirtual.cl\/index.php\/wp-json\/wp\/v2\/product"}],"about":[{"href":"https:\/\/bibliotecajuridicavirtual.cl\/index.php\/wp-json\/wp\/v2\/types\/product"}],"replies":[{"embeddable":true,"href":"https:\/\/bibliotecajuridicavirtual.cl\/index.php\/wp-json\/wp\/v2\/comments?post=2364"}],"wp:featuredmedia":[{"embeddable":true,"href":"https:\/\/bibliotecajuridicavirtual.cl\/index.php\/wp-json\/wp\/v2\/media\/2394"}],"wp:attachment":[{"href":"https:\/\/bibliotecajuridicavirtual.cl\/index.php\/wp-json\/wp\/v2\/media?parent=2364"}],"wp:term":[{"taxonomy":"product_brand","embeddable":true,"href":"https:\/\/bibliotecajuridicavirtual.cl\/index.php\/wp-json\/wp\/v2\/product_brand?post=2364"},{"taxonomy":"product_cat","embeddable":true,"href":"https:\/\/bibliotecajuridicavirtual.cl\/index.php\/wp-json\/wp\/v2\/product_cat?post=2364"},{"taxonomy":"product_tag","embeddable":true,"href":"https:\/\/bibliotecajuridicavirtual.cl\/index.php\/wp-json\/wp\/v2\/product_tag?post=2364"}],"curies":[{"name":"wp","href":"https:\/\/api.w.org\/{rel}","templated":true}]}}