{"id":2365,"date":"2026-02-28T01:01:08","date_gmt":"2026-02-28T04:01:08","guid":{"rendered":"https:\/\/bibliotecajuridicavirtual.cl\/?post_type=product&#038;p=2365"},"modified":"2026-02-28T01:01:21","modified_gmt":"2026-02-28T04:01:21","slug":"derecho-civil-parte-general-carlos-ducci-claro-4ta-edicion-abril-ano-2015-438-pag","status":"publish","type":"product","link":"https:\/\/bibliotecajuridicavirtual.cl\/index.php\/product\/derecho-civil-parte-general-carlos-ducci-claro-4ta-edicion-abril-ano-2015-438-pag\/","title":{"rendered":"Derecho Civil * Parte General * Carlos Ducci Claro &#8211; 4ta. edici\u00f3n abril a\u00f1o 2015 * 438 P\u00e1g."},"content":{"rendered":"<p style=\"font-weight: 400;\">La parte general del Derecho Civil fija muchos de los conceptos fundamentales que van a servir para todo el estudio del Derecho.\u00a0Esta obra corresponde exactamente a las materias que contempla el programa de primer a\u00f1o de Derecho Civil de la Facultad de Derecho de la Universidad de Chile.\u00a0Mucho m\u00e1s que una simple exposici\u00f3n de la ense\u00f1anza tradicional, contiene ideas renovadoras especialmente respeto a la interpretaci\u00f3n de la ley, al concepto de cosas incorporales, a la limitaci\u00f3n en el ejercicio de los derechos, a la responsabilidad precontractual y de las personas jur\u00eddicas y varias m\u00e1s.<\/p>\n<p style=\"font-weight: 400;\"><b><strong>CAP\u00cdTULO I<\/strong><\/b><br \/>\n<b><strong>INTRODUCCI\u00d3N<\/strong><\/b><\/p>\n<p style=\"font-weight: 400;\">EL ORDENAMIENTO JUR\u00cdDICO<\/p>\n<p style=\"font-weight: 400;\">DERECHO P\u00daBLICO Y DERECHO PRIVADO<\/p>\n<p style=\"font-weight: 400;\">EL DERECHO P\u00daBLICO<\/p>\n<p style=\"font-weight: 400;\">EL DERECHO PRIVADO Y EL DERECHO CIVIL<\/p>\n<p style=\"font-weight: 400;\">EL C\u00d3DIGO CIVIL CHILENO<br \/>\nHistoria del C\u00f3digo Civil<br \/>\nFuentes del C\u00f3digo Civil<br \/>\nEstructura y contenido del C\u00f3digo Civil<br \/>\nPrincipios fundamentales<br \/>\n\u2013 La autonom\u00eda de la voluntad<br \/>\n\u2013 La buena fe<br \/>\n\u2013 El enriquecimiento sin causa<br \/>\n\u2013 La responsabilidad<br \/>\nCualidades e influencia del C\u00f3digo Civil<br \/>\nPrincipales leyes modificatorias<\/p>\n<p style=\"font-weight: 400;\"><b><strong>CAP\u00cdTULO II<\/strong><\/b><br \/>\n<b><strong>LA NORMA JUR\u00cdDICA DE DERECHO PRIVADO<\/strong><\/b><\/p>\n<p style=\"font-weight: 400;\">LAS FUENTES DEL DERECHO<\/p>\n<p style=\"font-weight: 400;\">LA LEY<br \/>\n\u2013 Concepto<br \/>\n\u2013 Definici\u00f3n del C\u00f3digo Civil<br \/>\n\u2013 Diversas variedades de leyes y su jerarqu\u00eda<br \/>\n\u2013 Potestad reglamentaria<br \/>\n\u2013 Decretos con fuerza de ley \u2013 Decretos-leyes<br \/>\n\u2013 Inconstitucionalidad de las leyes<br \/>\nClasificaci\u00f3n de las leyes<br \/>\nAutoridad de la ley<br \/>\nSanci\u00f3n de la ley<br \/>\n\u2013 Leyes prohibitivas<br \/>\n\u2013 Leyes imperativas<br \/>\n\u2013 Leyes permisivas<br \/>\nEfectos de la ley<br \/>\n\u2013 Aspectos a considerar<br \/>\nEfectos de la ley en cuanto al tiempo<br \/>\n\u2013 Promulgaci\u00f3n y derogaci\u00f3n<br \/>\n\u2013 Retroactividad de la ley<br \/>\n\u2013 Leyes interpretativas<br \/>\n\u2013 Ley sobre el Efecto Retroactivo de las Leyes<br \/>\nEfectos de la ley en cuanto a las personas<br \/>\nEfectos de la ley en cuanto al territorio<br \/>\n\u2013 Territorio<br \/>\n\u2013 Territorialidad de la ley<br \/>\n\u2013 Extraterritorialidad de la ley<br \/>\nA) Aplicaci\u00f3n de la ley extranjera en Chile<br \/>\nB) Aplicaci\u00f3n de la ley chilena en el extranjero<br \/>\n\u2013 Leyes relativas a los actos<br \/>\n\u2013 Requisitos externos<br \/>\n\u2013 Requisitos internos<br \/>\n\u2013 Efectos<br \/>\nInterpretaci\u00f3n de la ley<br \/>\n\u2013 Concepto<br \/>\nInterpretaci\u00f3n doctrinal<br \/>\nInterpretaci\u00f3n por v\u00eda de autoridad<br \/>\nInterpretaci\u00f3n por el legislador<br \/>\nInterpretaci\u00f3n judicial<br \/>\n\u2013 Integraci\u00f3n de la ley<br \/>\n\u2013 Finalidad de la interpretaci\u00f3n<br \/>\n\u2013 Criterios de interpretaci\u00f3n<br \/>\n\u2013 Elementos de interpretaci\u00f3n<br \/>\n\u2013 La l\u00f3gica y el razonamiento jur\u00eddicos<br \/>\nLa costumbre<br \/>\n\u2013 La costumbre como fuente de derecho<br \/>\n\u2013 Valor de la costumbre<br \/>\n\u2013 La costumbre jurisprudencial<br \/>\n\u2013 La sentencia judicial<\/p>\n<p style=\"font-weight: 400;\"><b><strong>CAP\u00cdTULO III<\/strong><\/b><br \/>\n<b><strong>LOS SUJETOS DEL DERECHO<\/strong><\/b><\/p>\n<p style=\"font-weight: 400;\">PERSONA Y RELACI\u00d3N JUR\u00cdDICA<br \/>\n\u2013 Sujetos<\/p>\n<p style=\"font-weight: 400;\">LAS PERSONAS NATURALES<br \/>\n\u2013 Concepto y existencia<br \/>\nLa muerte natural<br \/>\nLa muerte presunta<\/p>\n<p style=\"font-weight: 400;\">ATRIBUTOS DE LA PERSONALIDAD<br \/>\n\u2013 Concepto<br \/>\nEl nombre<br \/>\nLa capacidad<br \/>\nLa nacionalidad<br \/>\nEl domicilio<br \/>\n\u2013 Presunciones de domicilio<br \/>\n\u2013 Clasificaci\u00f3n del domicilio<br \/>\n\u2013 Pluralidad de domicilios<br \/>\n\u2013 Importancia del domicilio<br \/>\nEl estado civil<br \/>\n\u2013 Concepto y caracter\u00edsticas<br \/>\n\u2013 Fuentes del estado civil<br \/>\n\u2013 La familia y el parentesco<br \/>\n\u2013 Importancia del parentesco<br \/>\n\u2013 Prueba del estado civil<br \/>\n\u2013 Sentencias en materia de estado civil<br \/>\n\u2013 El Registro Civil<br \/>\nEl patrimonio<br \/>\n\u2013 Concepto e importancia<br \/>\n\u2013 Caracter\u00edsticas<br \/>\nDerechos de la personalidad<br \/>\n\u2013 Concepto<br \/>\n\u2013 Derechos a la individualidad<br \/>\n\u2013 Derechos a la personalidad civil<br \/>\n\u2013 Derechos a la personalidad moral<\/p>\n<p style=\"font-weight: 400;\">LAS PERSONAS JUR\u00cdDICAS<br \/>\n\u2013 Concepto y clasificaci\u00f3n<br \/>\n\u2013 Las personas jur\u00eddicas sin fines de lucro<br \/>\n\u2013 Corporaciones<br \/>\n\u2013 Fundaciones<br \/>\nAtributos de las personas jur\u00eddicas<br \/>\nNombre y domicilio<br \/>\nNacionalidad<br \/>\nPatrimonio<br \/>\nCapacidad<br \/>\nResponsabilidad de las personas jur\u00eddicas<br \/>\n\u2013 Responsabilidad penal<br \/>\n\u2013 Responsabilidad civil<\/p>\n<p style=\"font-weight: 400;\"><b><strong>CAP\u00cdTULO IV<\/strong><\/b><br \/>\n<b><strong>LOS OBJETOS DEL DERECHO<\/strong><\/b><\/p>\n<p style=\"font-weight: 400;\">COSAS BIENES Y OBJETO<br \/>\nCosas corporales<br \/>\n\u2013 Clasificaci\u00f3n<br \/>\nBienes inmuebles<br \/>\nBienes muebles<br \/>\n\u2013 Especie y g\u00e9nero<br \/>\n\u2013 Cosas consumibles y fungibles<br \/>\nCosas incorporales<br \/>\n\u2013 Concepto<br \/>\nDerechos reales<br \/>\nDerechos personales<br \/>\nDerechos muebles e inmuebles<br \/>\nUniversalidades<br \/>\n\u2013 Establecimientos de comercio<br \/>\n\u2013 Bienes intangibles<br \/>\n\u2013 Derechos potestativos<br \/>\nEl cuerpo humano y el cad\u00e1ver como objetos del derecho<\/p>\n<p style=\"font-weight: 400;\"><b><strong>CAP\u00cdTULO V<\/strong><\/b><br \/>\n<b><strong>LA RELACI\u00d3N JUR\u00cdDICA DE DERECHO PRIVADO<\/strong><\/b><\/p>\n<p style=\"font-weight: 400;\">\u2013 Concepto<br \/>\n\u2013 Contenido de la relaci\u00f3n jur\u00eddica<br \/>\n\u2013 Clasificaciones de la relaci\u00f3n jur\u00eddica<br \/>\n\u2013 Or\u00edgenes de la relaci\u00f3n jur\u00eddica<br \/>\n\u2013 Actos l\u00edcitos e il\u00edcitos<\/p>\n<p style=\"font-weight: 400;\">LOS DERECHOS SUBJETIVOS<br \/>\nDerecho objetivo y derecho subjetivo<br \/>\nClasificaci\u00f3n de los derechos subjetivos<br \/>\n\u2013 Derechos p\u00fablicos y privados<br \/>\n\u2013 Derechos absolutos o relativos<br \/>\n\u2013 Derechos originarios o derivados<br \/>\n\u2013 Derechos puros y simples y sujetos a modalidades<br \/>\n\u2013 Derechos patrimoniales y extrapatrimoniales<br \/>\n\u2013 Derechos patrimoniales<br \/>\n\u2013 Derechos extrapatrimoniales<br \/>\nNacimiento, transferencia, transmisi\u00f3n y extinci\u00f3n de los derechos subjetivos<br \/>\n\u2013 Nacimiento<br \/>\n\u2013 Transferencia y transmisi\u00f3n<br \/>\n\u2013 Derechos intransferibles e intransmisibles<br \/>\n\u2013 Modificaci\u00f3n de los derechos<br \/>\n\u2013 Extinci\u00f3n de los derechos<br \/>\n\u2013 Fuentes de los derechos subjetivos<br \/>\nEl ejercicio de los derechos subjetivos. Abuso del derecho<br \/>\nLos l\u00edmites al ejercicio de los derechos<br \/>\n\u2013 L\u00edmites intr\u00ednsecos<br \/>\n\u2013 L\u00edmites extr\u00ednsecos<\/p>\n<p style=\"font-weight: 400;\"><b><strong>CAP\u00cdTULO VI<\/strong><\/b><br \/>\n<b><strong>TEOR\u00cdA DE LOS ACTOS JUR\u00cdDICOS<\/strong><\/b><\/p>\n<p style=\"font-weight: 400;\">HECHOS Y ACTOS JUR\u00cdDICOS<br \/>\nOtras clasificaciones de los actos jur\u00eddicos<br \/>\nContratos<br \/>\nEmpleo del t\u00e9rmino acto en el C\u00f3digo Civil<br \/>\nElementos constitutivos del acto jur\u00eddico<br \/>\nElementos esenciales<br \/>\nElementos de la naturaleza del acto<br \/>\nElementos accidentales<\/p>\n<p style=\"font-weight: 400;\">REQUISITOS DE EXISTENCIA Y VALIDEZ DEL ACTO JUR\u00cdDICO<br \/>\n\u2013 Requisitos externos e internos<br \/>\nLa voluntad<br \/>\n\u2013 Voluntad expresa y t\u00e1cita<br \/>\n\u2013 Voluntad real y voluntad declarada<br \/>\nEl consentimiento<br \/>\nLa oferta<br \/>\n\u2013 Revocaci\u00f3n de la oferta<br \/>\n\u2013 Caducidad de la oferta<br \/>\n\u2013 Vigencia de la oferta<br \/>\nLa aceptaci\u00f3n<br \/>\n\u2013 Efectos de la aceptaci\u00f3n<br \/>\nResponsabilidad precontractual<br \/>\nEl autoconsentimiento<br \/>\nVicios de la voluntad<br \/>\nEl error<br \/>\n\u2013 Error de derecho<br \/>\n\u2013 Error esencial<br \/>\n\u2013 Error sustancial<br \/>\n\u2013 Error en la persona<br \/>\n\u2013 Error en la magnitud de las prestaciones. La lesi\u00f3n<br \/>\n\u2013 Error com\u00fan<br \/>\n\u2013 Sanci\u00f3n del error<br \/>\nLa fuerza<br \/>\n\u2013 Origen de la fuerza<br \/>\n\u2013 Sanci\u00f3n de la fuerza<br \/>\nEl dolo<br \/>\n\u2013 Dolo principal o inductivo<br \/>\n\u2013 Dolo incidental<br \/>\n\u2013 Prueba del dolo<br \/>\n\u2013 Dolo y culpa grave<br \/>\n\u2013 Efectos del dolo<\/p>\n<p style=\"font-weight: 400;\">LA CAPACIDAD<br \/>\nCapacidad de goce<br \/>\nCapacidad de ejercicio<br \/>\nIncapacidad absoluta<br \/>\n\u2013 Los dementes<br \/>\n\u2013 Los imp\u00faberes<br \/>\n\u2013 Los sordomudos que no pueden darse a entender por escrito<br \/>\n\u2013 Consecuencia de la incapacidad absoluta<br \/>\nIncapacidad relativa<br \/>\n\u2013 Menores adultos<br \/>\n\u2013 Los disipadores<br \/>\n\u2013 Efectos de la incapacidad relativa<\/p>\n<p style=\"font-weight: 400;\">EL OBJETO<br \/>\nRequisitos del objeto<br \/>\n\u2013 Objeto real<br \/>\n\u2013 Objeto comerciable<br \/>\n\u2013 Objeto determinado o determinable<br \/>\n\u2013 Hecho determinado<br \/>\n\u2013 Hecho f\u00edsicamente posible<br \/>\n\u2013 Hecho moralmente imposible<br \/>\n\u2013 El orden p\u00fablico<br \/>\n\u2013 Las buenas costumbres<br \/>\nEl objeto il\u00edcito<br \/>\nCasos de objeto il\u00edcito<br \/>\n\u2013 Actos prohibidos por la ley<br \/>\n\u2013 Actos y contratos contrarios al derecho p\u00fablico chileno<br \/>\n\u2013 Pactos relativos a sucesiones futuras<br \/>\n\u2013 Condonaci\u00f3n anticipada del dolo<br \/>\n\u2013 Deudas contra\u00eddas en los juegos de azar<br \/>\n\u2013 Venta de libros prohibidos u objetos inmorales<br \/>\n\u2013 Enajenaci\u00f3n de las cosas que est\u00e1n fuera del comercio<br \/>\n\u2013 Sanci\u00f3n del objeto il\u00edcito<\/p>\n<p style=\"font-weight: 400;\">LA CAUSA<\/p>\n<p style=\"font-weight: 400;\">Requisitos de la causa<br \/>\n\u2013 Causa real<br \/>\n\u2013 Causa il\u00edcita<br \/>\n\u2013 Causa simulada<br \/>\n\u2013 Actos abstractos<br \/>\n\u2013 Sanci\u00f3n de la causa<\/p>\n<p style=\"font-weight: 400;\">LAS FORMALIDADES<br \/>\nSolemnidades<br \/>\n\u2013 El instrumento p\u00fablico<br \/>\n\u2013 El instrumento privado<br \/>\n\u2013 Presencia de un funcionario determinado y\/o testigos<br \/>\n\u2013 Inscripciones en registros especiales<br \/>\n\u2013 Otras solemnidades<br \/>\n\u2013 Omisi\u00f3n de las solemnidades<br \/>\nFormalidades habilitantes<br \/>\n\u2013 Menores<br \/>\n\u2013 Disipadores<br \/>\n\u2013 Casos especiales<br \/>\n\u2013 Omisi\u00f3n de las formalidades habilitantes<\/p>\n<p style=\"font-weight: 400;\">EFECTOS DE LOS ACTOS JUR\u00cdDICOS<br \/>\n\u2013 Concepto<br \/>\n\u2013 Partes y terceros<br \/>\n\u2013 Actos jur\u00eddicos unilaterales<br \/>\n\u2013 Actos jur\u00eddicos bilaterales. Contratos<\/p>\n<p style=\"font-weight: 400;\">SANCIONES CIVILES<br \/>\nInexistencia<br \/>\n\u2013 Discusi\u00f3n del problema<br \/>\n\u2013 Conclusi\u00f3n<br \/>\nLa nulidad<br \/>\nGeneralidades<br \/>\nNulidad absoluta<br \/>\nNulidad relativa<br \/>\nEfectos de la nulidad<br \/>\n\u2013 Efectos de la nulidad entre las partes<br \/>\n\u2013 Excepciones<br \/>\n\u2013 Efecto de la nulidad respecto a terceros<br \/>\n\u2013 Acciones derivadas de la nulidad<br \/>\nConversi\u00f3n de los actos nulos<br \/>\nNulidad<br \/>\nLa inoponibilidad<br \/>\nLimitaci\u00f3n de los medios de prueba<br \/>\nLa simulaci\u00f3n<br \/>\n\u2013 Prueba de la simulaci\u00f3n<\/p>\n<p style=\"font-weight: 400;\">MODALIDADES DE LOS ACTOS JUR\u00cdDICOS<br \/>\n\u2013 Concepto<br \/>\n\u2013 Origen de las modalidades<br \/>\n\u2013 Actos que no admiten modalidades<br \/>\n\u2013 Clases de modalidades<br \/>\n\u2013 Car\u00e1cter excepcional de las modalidades<br \/>\nLa condici\u00f3n<br \/>\n\u2013 Definici\u00f3n<br \/>\n\u2013 Elementos de la condici\u00f3n<br \/>\n\u2013 Futuridad<br \/>\n\u2013 Incertidumbre<br \/>\n\u2013 Clasificaci\u00f3n de las condiciones<br \/>\n\u2013 Estado en que pueden encontrarse las condiciones<br \/>\n\u2013 Efectos de la condici\u00f3n suspensiva<br \/>\n\u2013 Efectos de la condici\u00f3n resolutoria<br \/>\n\u2013 Pacto comisorio<br \/>\n\u2013 Acci\u00f3n resolutoria<br \/>\nEl plazo<br \/>\n\u2013 Concepto<br \/>\n\u2013 Clasificaci\u00f3n de los plazos<br \/>\n\u2013 Expresos y t\u00e1citos<br \/>\n\u2013 Plazos suspensivos y extintivos<br \/>\n\u2013 Efectos del plazo suspensivo<br \/>\n\u2013 Efectos del plazo extintivo<br \/>\n\u2013 Las asignaciones a d\u00eda<br \/>\n\u2013 C\u00f3mputo del plazo<br \/>\nEl modo<br \/>\n\u2013 Concepto<br \/>\n\u2013 Reglas generales<br \/>\n\u2013 Efectos del modo<\/p>\n<p style=\"font-weight: 400;\">LA REPRESENTACI\u00d3N EN LOS ACTOS JUR\u00cdDICOS<br \/>\n\u2013 Concepto<br \/>\n\u2013 Naturaleza jur\u00eddica de la representaci\u00f3n<br \/>\n\u2013 Actos no susceptibles de representaci\u00f3n<br \/>\n\u2013 Clases de representaci\u00f3n<br \/>\n\u2013 Requisitos de la representaci\u00f3n<br \/>\n\u2013 Efectos de la representaci\u00f3n<br \/>\n\u2013 Representaci\u00f3n sin mandato<\/p>\n<p style=\"font-weight: 400;\"><b><strong>CAP\u00cdTULO VII<\/strong><\/b><br \/>\n<b><strong>TEOR\u00cdA DE LA PRUEBA<\/strong><\/b><\/p>\n<p style=\"font-weight: 400;\">CONCEPTOS GENERALES<br \/>\nNociones y reglamentaci\u00f3n<br \/>\n\u2013 Ubicaci\u00f3n<br \/>\n\u2013 Definici\u00f3n<br \/>\n\u2013 Importancia y nociones generales<br \/>\n\u2013 Normas que regulan la prueba<br \/>\nObjeto de la prueba<br \/>\n\u2013 Hechos y derecho<br \/>\n\u2013 Hechos y actos jur\u00eddicos<br \/>\n\u2013 Clasificaci\u00f3n de los hechos<br \/>\nPeso de la prueba<br \/>\n\u2013 Norma general<br \/>\n\u2013 La responsabilidad por los actos propios<br \/>\n\u2013 Modificaciones al onus probandi<\/p>\n<p style=\"font-weight: 400;\">LOS MEDIOS DE LA PRUEBA<br \/>\nNociones generales, enumeraci\u00f3n y clasificaci\u00f3n<br \/>\n\u2013 Definici\u00f3n<br \/>\n\u2013 Sistemas probatorios<br \/>\n\u2013 Enumeraci\u00f3n<br \/>\n\u2013 Admisibilidad y valor probatorio<br \/>\n\u2013 Apreciaci\u00f3n de la prueba<br \/>\n\u2013 Clasificaci\u00f3n<br \/>\nLos instrumentos en general<br \/>\n\u2013 Definici\u00f3n<br \/>\n\u2013 Instrumento por v\u00eda de solemnidad y de prueba<br \/>\n\u2013 Clasificaci\u00f3n<\/p>\n<p style=\"font-weight: 400;\">EL INSTRUMENTO P\u00daBLICO<br \/>\n\u2013 Definici\u00f3n<br \/>\n\u2013 Requisitos<br \/>\n\u2013 Instrumentos p\u00fablicos nulos<br \/>\nValor probatorio del instrumento p\u00fablico<br \/>\n\u2013 Declaraciones dispositivas y enunciativas<br \/>\n\u2013 Originales y copias<br \/>\n\u2013 Instrumentos p\u00fablicos otorgados en el extranjero<br \/>\nImpugnaci\u00f3n del instrumento p\u00fablico<br \/>\n\u2013 Impugnaci\u00f3n por nulidad<br \/>\n\u2013 Impugnaci\u00f3n por falta de autenticidad<br \/>\n\u2013 Impugnaci\u00f3n por falsedad de las declaraciones<br \/>\nLa escritura p\u00fablica<br \/>\n\u2013 Definici\u00f3n<br \/>\n\u2013 Requisitos<br \/>\n\u2013 Copias<br \/>\nDocumentos protocolizados<\/p>\n<p style=\"font-weight: 400;\">EL INSTRUMENTO PRIVADO<br \/>\n\u2013 El instrumento privado es reconocido<br \/>\n\u2013 El instrumento se manda tener por reconocido<br \/>\nValor probatorio del instrumento privado<br \/>\n\u2013 Los asientos, registros y papeles dom\u00e9sticos<br \/>\n\u2013 La nota escrita o firmada por el acreedor<\/p>\n<p style=\"font-weight: 400;\">LA PRUEBA DE TESTIGOS<br \/>\nAdmisibilidad de la prueba de testigos<br \/>\n\u2013 Alcance de la inadmisibilidad<br \/>\n\u2013 Valor probatorio de la prueba testimonial<\/p>\n<p style=\"font-weight: 400;\">LA CONFESI\u00d3N<br \/>\n\u2013 Clasificaci\u00f3n de la confesi\u00f3n<br \/>\n\u2013 Casos en que no se admite la confesi\u00f3n<br \/>\nValor probatorio de la confesi\u00f3n<\/p>\n<p style=\"font-weight: 400;\">LAS PRESUNCIONES<br \/>\nPresunciones legales<br \/>\nPresunciones judiciales<br \/>\n\u2013 Condiciones y valor probatorio de la presunci\u00f3n judicial<\/p>\n<p style=\"font-weight: 400;\">INSPECCI\u00d3N PERSONAL DEL TRIBUNAL<br \/>\n\u2013 Valor probatorio<\/p>\n<p style=\"font-weight: 400;\">INFORME DE PERITOS<br \/>\n\u2013 Valor probatorio<\/p>\n<p style=\"font-weight: 400;\">OTROS ELEMENTOS DE PRUEBA<\/p>\n","protected":false},"excerpt":{"rendered":"<p>Buscas un libro Jur\u00eddico.? Lo puedes encontrar en nuestra tienda virtual.<br \/>\nContamos con prestigiosos autores y muchas alternativas en sus diferentes materias al igual que grandes descuentos.! Vis\u00edtanos en <a class=\"NpAOenjuLyTkzcGAWovJllDYgHrUgYzuNQo \" tabindex=\"0\" href=\"https:\/\/lnkd.in\/eiAG7jdZ\" target=\"_blank\" rel=\"noopener\" data-test-app-aware-link=\"\">https:\/\/lnkd.in\/eiAG7jdZ<\/a><br \/>\nEscr\u00edbenos al +56930565235 \/ <a class=\"NpAOenjuLyTkzcGAWovJllDYgHrUgYzuNQo \" tabindex=\"0\" href=\"mailto:ventaslegallexglobal@gmail.com\" target=\"_self\" data-test-app-aware-link=\"\">ventaslegallexglobal@gmail.com<\/a><br \/>\nHacemos env\u00edos a todo Chile \u2013 Starken o Correos Chile \/ Te esperamos.<\/p>\n","protected":false},"featured_media":2395,"comment_status":"open","ping_status":"closed","template":"","meta":{"inline_featured_image":false,"_joinchat":[]},"product_brand":[],"product_cat":[27,26],"product_tag":[],"class_list":{"0":"post-2365","1":"product","2":"type-product","3":"status-publish","4":"has-post-thumbnail","6":"product_cat-civil","7":"product_cat-derecho","9":"first","10":"instock","11":"shipping-taxable","12":"purchasable","13":"product-type-simple"},"_links":{"self":[{"href":"https:\/\/bibliotecajuridicavirtual.cl\/index.php\/wp-json\/wp\/v2\/product\/2365","targetHints":{"allow":["GET"]}}],"collection":[{"href":"https:\/\/bibliotecajuridicavirtual.cl\/index.php\/wp-json\/wp\/v2\/product"}],"about":[{"href":"https:\/\/bibliotecajuridicavirtual.cl\/index.php\/wp-json\/wp\/v2\/types\/product"}],"replies":[{"embeddable":true,"href":"https:\/\/bibliotecajuridicavirtual.cl\/index.php\/wp-json\/wp\/v2\/comments?post=2365"}],"wp:featuredmedia":[{"embeddable":true,"href":"https:\/\/bibliotecajuridicavirtual.cl\/index.php\/wp-json\/wp\/v2\/media\/2395"}],"wp:attachment":[{"href":"https:\/\/bibliotecajuridicavirtual.cl\/index.php\/wp-json\/wp\/v2\/media?parent=2365"}],"wp:term":[{"taxonomy":"product_brand","embeddable":true,"href":"https:\/\/bibliotecajuridicavirtual.cl\/index.php\/wp-json\/wp\/v2\/product_brand?post=2365"},{"taxonomy":"product_cat","embeddable":true,"href":"https:\/\/bibliotecajuridicavirtual.cl\/index.php\/wp-json\/wp\/v2\/product_cat?post=2365"},{"taxonomy":"product_tag","embeddable":true,"href":"https:\/\/bibliotecajuridicavirtual.cl\/index.php\/wp-json\/wp\/v2\/product_tag?post=2365"}],"curies":[{"name":"wp","href":"https:\/\/api.w.org\/{rel}","templated":true}]}}