{"id":2366,"date":"2026-02-28T01:01:08","date_gmt":"2026-02-28T04:01:08","guid":{"rendered":"https:\/\/bibliotecajuridicavirtual.cl\/?post_type=product&#038;p=2366"},"modified":"2026-02-28T01:01:21","modified_gmt":"2026-02-28T04:01:21","slug":"compendio-de-leyes-tributarias-ano-tributario-2025-gerardo-escudero-toledo-3a-edicion-mayo-2025-816-pag","status":"publish","type":"product","link":"https:\/\/bibliotecajuridicavirtual.cl\/index.php\/product\/compendio-de-leyes-tributarias-ano-tributario-2025-gerardo-escudero-toledo-3a-edicion-mayo-2025-816-pag\/","title":{"rendered":"Compendio de Leyes Tributarias A\u00f1o Tributario 2025 * Gerardo Escudero Toledo &#8211;  3\u00aa edici\u00f3n mayo 2025 * 816 P\u00e1g."},"content":{"rendered":"<p style=\"font-weight: 400;\">Por tercer a\u00f1o consecutivo, se publica esta obra que se consolida como un referente clave en el derecho tributario. Este Compendio no solo responde a una necesidad de actualizaci\u00f3n, sino que tambi\u00e9n busca ofrecer una herramienta robusta y para la comprensi\u00f3n y aplicaci\u00f3n de las normativas fiscales, tanto en el \u00e1mbito acad\u00e9mico como profesional.<\/p>\n<p style=\"font-weight: 400;\">En esta edici\u00f3n, el autor ha incorporado las modificaciones establecidas por la Ley N\u00b021.713 que &#8220;Dicta normas para asegurar el Cumplimiento de las obligaciones tributarias dentro del marco del pacto por el crecimiento econ\u00f3mico, el progreso social y la responsabilidad fiscal&#8221; publicada en el Diario Oficial el 24 de octubre de 2024. Se ha recurrido al Administrador de Contenidos Normativos (ACN), desarrollado por el Servicio de Impuestos Internos, para llevar a cabo una exhaustiva selecci\u00f3n de las principales Circulares y normas explicativas relativas a la Ley sobre Impuesto a la Renta, la Ley sobre el Impuesto a las Ventas y Servicios y el C\u00f3digo Tributario, entre otras leyes.<\/p>\n<p style=\"font-weight: 400;\">Este enfoque meticuloso y actualizado garantiza que las normativas sean presentadas con la mayor claridad y precisi\u00f3n, adapt\u00e1ndose a las necesidades de un entorno tributario cada vez m\u00e1s din\u00e1mico y complejo.<\/p>\n<p style=\"font-weight: 400;\">En esta edici\u00f3n, el autor ha incorporado ejercicios pr\u00e1cticos de su propia autor\u00eda, as\u00ed como aquellos basados en las instrucciones del Servicio de Impuestos Internos (SII) contenidas en las diversas Circulares vigentes. Los ejercicios abordan diversos aspectos clave del sistema tributario. Dos de ellos se centran en las enajenaciones de acciones realizadas a partir del 2 de septiembre de 2022, conforme al art\u00edculo 107 de la LIR y sus respectivos efectos en los registros tributarios de rentas empresariales. Por otro lado, cuatro ejercicios se enfocan en la confecci\u00f3n de los registros tributarios de rentas empresariales. El s\u00e9ptimo ejercicio examina el caso de una persona natural que obtiene rentas tanto del trabajo como del capital, y qua invoca la exenci\u00f3n establecida en el art\u00edculo 57 de la LIR. Finalmente, el octavo ejercicio aborda el c\u00e1lculo del inter\u00e9s penal diario en caso de mora en el pago total o parcial de las obligaciones tributarias, conforme a lo dispuesto en el art\u00edculo 53 del C\u00f3digo Tributario.<\/p>\n<p style=\"font-weight: 400;\">Gerardo Escudero Toledo fue asesor durante 10 a\u00f1os en el Servicio de Impuestos Internos (SII), donde se desempe\u00f1\u00f3 como asesor tributario en la Subdirecci\u00f3n de Fiscalizaci\u00f3n. En este rol, brind\u00f3 asesor\u00eda y particip\u00f3 activamente en diversas mesas de trabajo relacionadas con bancos e instituciones financieras, adem\u00e1s de colaborar en los procesos de las distintas reformas tributarias. Asimismo, durante 3 a\u00f1os, trabaj\u00f3 como asesor en el Departamento de Fiscalizaci\u00f3n de Grandes Empresas de la Direcci\u00f3n de Grandes Contribuyentes.<\/p>\n<p style=\"font-weight: 400;\"><b><strong>NORMATIVA<\/strong><\/b><\/p>\n<ol>\n<li style=\"font-weight: 400;\">Decreto Ley N\u00ba824, Ley sobre Impuesto a la Renta, contenida en el art\u00edculo 1\u00ba.<br \/>\n2. Decreto Ley N\u00ba825, Ley sobre Impuesto a las Ventas y Servicios.<br \/>\n3. Decreto Supremo N\u00b055, de Hacienda, de 1977, Reglamento de la Ley sobre Impuesto a las Ventas y Servicios.<br \/>\n4. Reglamento IVA Exportador<br \/>\n5. Decreto Ley N\u00ba830, C\u00f3digo Tributario.<br \/>\n6. Decreto Ley N\u00b03.475, Ley sobre Impuesto de Timbres y Estampillas<br \/>\n7. Ley N\u00b017.235 sobre Impuesto Territorial<br \/>\n8. Ley N\u00b016.271 sobre impuesto a las herencias, asignaciones y donaciones<br \/>\n9. Ley N\u00b020.544 que regula el tratamiento tributario de los instrumentos derivados<br \/>\n10. Ley N\u00b020.712 Ley \u00danica de Fondos (LUF)<br \/>\n11. Ley N\u00b0 21.540 que repone el tratamiento tributario para los contratos de arrendamiento con opci\u00f3n de compra de bienes que impliquen una operaci\u00f3n de financiamiento o Leasing financiero.<br \/>\n12. Ley 21.591, Royalty a la Miner\u00eda.<br \/>\n13. Ley N\u00b0 21.745. Modifica el Decreto Ley N\u00b0 825, de 1974, sobre Impuesto a las Ventas y Servicios, para establecer un r\u00e9gimen tributario especial para comerciantes de ferias libres<br \/>\n14. Disposiciones transitorias de la Ley N\u00b0 21.210<br \/>\n15. Disposiciones transitorias de la Ley N\u00b0 21.713<\/li>\n<\/ol>\n<p style=\"font-weight: 400;\">\n<p style=\"font-weight: 400;\"><b><strong>CASOS<\/strong><\/b><\/p>\n<p style=\"font-weight: 400;\">Caso N\u00b01:\u00a0Determinaci\u00f3n Base Imponible IU 10% Art\u00edculo 107 y registros tributarios de rentas empresariales empresa sujeta al r\u00e9gimen 14A) de la LIR.<br \/>\nCaso N\u00b02:\u00a0Enajenaciones realizadas a partir del 02.09.2022 de acciones sujetas al art\u00edculo 107 de la LIR y efectos en los registros tributarios de rentas empresariales, empresa sujeta al r\u00e9gimen 14A) de la LIR. (Ejercicio SII Recuadro N\u00b04 F22 AT_2023)<br \/>\nCaso N\u00b03:\u00a0Devoluci\u00f3n de capital, determinaci\u00f3n de rentas afectas y no afectas a impuestos finales, empresa sujeta al r\u00e9gimen 14 letra A) de la LIR. (Ejercicio SII Circular 73\/2020).<br \/>\nCaso N\u00b04:\u00a0Determinaci\u00f3n PPUA (AT.2024), DDAN y registros tributarios de rentas empresariales, empresa sujeta al r\u00e9gimen 14 letra A) de la LIR.<br \/>\nCaso N\u00b05:\u00a0Determinaci\u00f3n base imponible y registros, empresa sujeta al r\u00e9gimen Pro Pyme (Art. 14 letra D) N\u00b03 de la LIR.<br \/>\nCaso N\u00b06:\u00a0Determinaci\u00f3n e imputaci\u00f3n del monto del cr\u00e9dito por impuestos soportados en el extranjero y determinaci\u00f3n de registros. (Ejercicio Circular SII 31\/2021)<br \/>\nCaso N\u00b07:\u00a0Determinaci\u00f3n exenci\u00f3n de rentas del impuesto Global Complementario por persona natural que obtiene rentas del trabajo y rentas de capitales mobiliarias, seg\u00fan el art\u00edculo 57 de la LIR.<br \/>\nCaso N\u00b08:\u00a0Determinaci\u00f3n c\u00e1lculo del inter\u00e9s penal diario, en caso de mora seg\u00fan el nuevo art\u00edculo 53 del C\u00f3digo Tributario.<\/p>\n<p style=\"font-weight: 400;\">A contar del 01 de enero de 2025, el nuevo inciso tercero del art\u00edculo 53\u00b0 del C\u00f3digo Tributario establece que \u201cEl contribuyente estar\u00e1 afecto adem\u00e1s a un inter\u00e9s penal diario, en caso de mora en el pago del todo o de la parte que adeude de cualquier clase de impuestos o contribuciones. El inter\u00e9s penal ser\u00e1 determinado a partir de la tasa de inter\u00e9s corriente aplicable a operaciones a un a\u00f1o o m\u00e1s, reajustables en moneda nacional, inferiores o iguales al equivalente de 2.000 unidades de fomento, publicada por la Comisi\u00f3n para el Mercado Financiero (CMF), incrementada en 3,5%. Este inter\u00e9s se calcular\u00e1 sobre valores reajustados en la forma se\u00f1alada en el inciso primero y se determinar\u00e1 por cada d\u00eda de retraso, es por ello que el autor adicionalmente ha incorporado un Anexo N\u00b01, en el cual se visualizan las Tasas de inter\u00e9s penal diarias vigentes semestralmente seg\u00fan lo establecido en el art\u00edculo 53.<\/p>\n","protected":false},"excerpt":{"rendered":"<p>Buscas un libro Jur\u00eddico.? Lo puedes encontrar en nuestra tienda virtual.<br \/>\nContamos con prestigiosos autores y muchas alternativas en sus diferentes materias al igual que grandes descuentos.! Vis\u00edtanos en <a class=\"NpAOenjuLyTkzcGAWovJllDYgHrUgYzuNQo \" tabindex=\"0\" href=\"https:\/\/lnkd.in\/eiAG7jdZ\" target=\"_blank\" rel=\"noopener\" data-test-app-aware-link=\"\">https:\/\/lnkd.in\/eiAG7jdZ<\/a><br \/>\nEscr\u00edbenos al +56930565235 \/ <a class=\"NpAOenjuLyTkzcGAWovJllDYgHrUgYzuNQo \" tabindex=\"0\" href=\"mailto:ventaslegallexglobal@gmail.com\" target=\"_self\" data-test-app-aware-link=\"\">ventaslegallexglobal@gmail.com<\/a><br \/>\nHacemos env\u00edos a todo Chile \u2013 Starken o Correos Chile \/ Te esperamos<\/p>\n","protected":false},"featured_media":2396,"comment_status":"open","ping_status":"closed","template":"","meta":{"inline_featured_image":false,"_joinchat":[]},"product_brand":[],"product_cat":[26,28],"product_tag":[],"class_list":{"0":"post-2366","1":"product","2":"type-product","3":"status-publish","4":"has-post-thumbnail","6":"product_cat-derecho","7":"product_cat-tributario","9":"first","10":"instock","11":"shipping-taxable","12":"purchasable","13":"product-type-simple"},"_links":{"self":[{"href":"https:\/\/bibliotecajuridicavirtual.cl\/index.php\/wp-json\/wp\/v2\/product\/2366","targetHints":{"allow":["GET"]}}],"collection":[{"href":"https:\/\/bibliotecajuridicavirtual.cl\/index.php\/wp-json\/wp\/v2\/product"}],"about":[{"href":"https:\/\/bibliotecajuridicavirtual.cl\/index.php\/wp-json\/wp\/v2\/types\/product"}],"replies":[{"embeddable":true,"href":"https:\/\/bibliotecajuridicavirtual.cl\/index.php\/wp-json\/wp\/v2\/comments?post=2366"}],"wp:featuredmedia":[{"embeddable":true,"href":"https:\/\/bibliotecajuridicavirtual.cl\/index.php\/wp-json\/wp\/v2\/media\/2396"}],"wp:attachment":[{"href":"https:\/\/bibliotecajuridicavirtual.cl\/index.php\/wp-json\/wp\/v2\/media?parent=2366"}],"wp:term":[{"taxonomy":"product_brand","embeddable":true,"href":"https:\/\/bibliotecajuridicavirtual.cl\/index.php\/wp-json\/wp\/v2\/product_brand?post=2366"},{"taxonomy":"product_cat","embeddable":true,"href":"https:\/\/bibliotecajuridicavirtual.cl\/index.php\/wp-json\/wp\/v2\/product_cat?post=2366"},{"taxonomy":"product_tag","embeddable":true,"href":"https:\/\/bibliotecajuridicavirtual.cl\/index.php\/wp-json\/wp\/v2\/product_tag?post=2366"}],"curies":[{"name":"wp","href":"https:\/\/api.w.org\/{rel}","templated":true}]}}