{"id":2367,"date":"2026-02-28T01:01:08","date_gmt":"2026-02-28T04:01:08","guid":{"rendered":"https:\/\/bibliotecajuridicavirtual.cl\/?post_type=product&#038;p=2367"},"modified":"2026-02-28T01:01:22","modified_gmt":"2026-02-28T04:01:22","slug":"codigo-de-la-familia-e-infancia-y-adolescencia-adultos-mayores-y-personas-en-situacion-de-discapacidad-mar-del-rosario-guridi-rivano-fernanda-rubio-bravo","status":"publish","type":"product","link":"https:\/\/bibliotecajuridicavirtual.cl\/index.php\/product\/codigo-de-la-familia-e-infancia-y-adolescencia-adultos-mayores-y-personas-en-situacion-de-discapacidad-mar-del-rosario-guridi-rivano-fernanda-rubio-bravo\/","title":{"rendered":"C\u00f3digo de la Familia e Infancia y Adolescencia, Adultos Mayores y Personas en Situaci\u00f3n de Discapacidad * Mar del Rosario Guridi Rivano, Fernanda Rubio Bravo"},"content":{"rendered":"<p>Incluye:<br \/>\nConvenci\u00f3n sobre los Derechos del Ni\u00f1o<br \/>\nLey que establece la nueva Ley de Matrimonio Civil N\u00b0 19.947<br \/>\nLey que crea el Acuerdo de Uni\u00f3n Civil N\u00b0 20.830<br \/>\nLey que crea los Tribunales de Familia N\u00b0 19.968<br \/>\nLey que Establece la Ley de Violencia Intrafamiliar N\u00b0 20.066<br \/>\nLey sobre Garant\u00edas y Protecci\u00f3n Integral de los Derechos de la Ni\u00f1ez y Adolescencia N\u00b021.430<br \/>\nLey sobre Abandono de Familia y Pago de Pensiones Alimenticias N\u00b0 14.908<br \/>\nLey de Responsabilidad Parental y Pago Efectivo de Deudas de Pensiones de Alimentos N\u00b0 21484<br \/>\nLey que crea el Registro Nacional de Deudores de Pensiones de Alimentos y modifica diversos cuerpos legales para perfeccionar el sistema de pago de las pensiones de alimentos N\u00b021389<br \/>\nLey que establece la promoci\u00f3n de la inclusi\u00f3n, la atenci\u00f3n integral, y la protecci\u00f3n de los derechos de las personas con trastorno del espectro autista en el \u00e1mbito social, de salud y educaci\u00f3n N\u00b0 21545<\/p>\n<p>Sumario<br \/>\nCap\u00edtulo I. El rol y la funci\u00f3n de la familia en el Estado\u00a0\u00a0 \u00a0\u00a0\u00a0 \u00a015<br \/>\nBernardita Conley Garrido. \u00a0\/ Francisca Bel\u00e9n Hevia Hevia<br \/>\nCap\u00edtulo II. Matrimonio, acuerdo de uni\u00f3n civil y relaciones afectivas estables\u00a0\u00a0 \u00a0\u00a0\u00a0 \u00a0165<br \/>\nJaviera Constanza Far\u00edas Soto. \u00a0\/ Mar del Rosario Guridi Rivano<br \/>\nCap\u00edtulo III. Efectos jur\u00eddicos de las relaciones de familia\u00a0\u00a0 \u00a0\u00a0\u00a0 \u00a0225<br \/>\nIntroducci\u00f3n a los reg\u00edmenes patrimoniales del matrimonio\u00a0\u00a0 \u00a0\u00a0\u00a0 \u00a0225<br \/>\nMar\u00eda Paz Gatica Rodr\u00edguez<br \/>\nRegulaci\u00f3n jur\u00eddica de la violencia intrafamiliar\u00a0\u00a0 \u00a0\u00a0\u00a0 \u00a0233<br \/>\nClaudia Moraga Contreras<br \/>\nAlgunos aspectos sobre la compensaci\u00f3n econ\u00f3mica\u00a0\u00a0 \u00a0\u00a0\u00a0 \u00a0239<br \/>\nFrancisco Rubio Varas<br \/>\nLos bienes familiares\u00a0\u00a0 \u00a0\u00a0\u00a0 \u00a0251<br \/>\nPatricia Leal Barros<br \/>\nCap\u00edtulo IV. Reglas en torno al estatuto de la filiaci\u00f3n\u00a0\u00a0 \u00a0\u00a0\u00a0 \u00a0281<br \/>\nLos principios en torno a la filiaci\u00f3n\u00a0\u00a0 \u00a0\u00a0\u00a0 \u00a0281<br \/>\nNicol\u00e1s Ib\u00e1\u00f1ez Meza<br \/>\nNormativa aplicable a la filiaci\u00f3n mediante t\u00e9cnicas de reproducci\u00f3n humana asistida\u00a0\u00a0 \u00a0\u00a0\u00a0 \u00a0289<br \/>\nEugenio S. V\u00e1squez Cunsolo<br \/>\nLas reglas en torno al estatuto de la filiaci\u00f3n. El sistema de adopci\u00f3n\u00a0\u00a0 \u00a0\u00a0\u00a0 \u00a0293<br \/>\nRommy \u00c1lvarez Escudero<br \/>\nCap\u00edtulo V. Efectos jur\u00eddicos de la filiaci\u00f3n\u00a0\u00a0 \u00a0\u00a0\u00a0 \u00a0389<br \/>\nLegislaci\u00f3n relacionada al cuidado personal\u00a0\u00a0 \u00a0\u00a0\u00a0 \u00a0389<br \/>\nMarcela Acu\u00f1a San Mart\u00edn<br \/>\nLegislaci\u00f3n relacionada al derecho de relaci\u00f3n directa y regular\u00a0\u00a0 \u00a0\u00a0\u00a0 \u00a0393<br \/>\nMarcela Acu\u00f1a San Mart\u00edn<br \/>\nDerecho de alimentos\u00a0\u00a0 \u00a0\u00a0\u00a0 \u00a0399<br \/>\nJorge Ibarra Lara. \u00a0\/ Carlos P\u00e9rez Bravo<br \/>\nDerecho internacional privado de la ni\u00f1ez\u00a0\u00a0 \u00a0\u00a0\u00a0 \u00a0405<br \/>\nLuc\u00eda Rizik Mulet<br \/>\nCap\u00edtulo VI. Sistema de protecci\u00f3n y garant\u00eda de la infancia y reorganizaci\u00f3n familiar\u00a0\u00a0 \u00a0\u00a0\u00a0 \u00a0433<br \/>\nSistema de protecci\u00f3n y garant\u00edas de los derechos de la ni\u00f1ez y la adolescencia\u00a0\u00a0 \u00a0\u00a0\u00a0 \u00a0433<br \/>\nIsaac Ravetllat Ballest\u00e9<br \/>\nEl derecho de familia y de la infancia desde una perspectiva migratoria\u00a0\u00a0 \u00a0\u00a0\u00a0 \u00a0441<br \/>\nAlexis Mondaca Miranda<br \/>\nCap\u00edtulo VII. Sistema de protecci\u00f3n y garant\u00eda de las personas mayores\u00a0\u00a0 \u00a0\u00a0\u00a0 \u00a0573<br \/>\nYerko Cubillos Rom\u00e1n<br \/>\nCap\u00edtulo VIII. Grupos vulnerables. Sistema de protecci\u00f3n a personas en situaci\u00f3n de discapacidad en Chile\u00a0\u00a0 \u00a0\u00a0\u00a0 \u00a0601<br \/>\nValentina Silva Berr\u00edos<br \/>\nCap\u00edtulo IX. El derecho sucesorio y las familias\u00a0\u00a0 \u00a0\u00a0\u00a0 \u00a0675<br \/>\nJaviera Constanza Far\u00edas Soto<\/p>\n","protected":false},"excerpt":{"rendered":"<p>1\u00b0 edici\u00f3n a\u00f1o 2025 * 754 P\u00e1ginas.<\/p>\n<p>Buscas un libro Jur\u00eddico.? Lo puedes encontrar en nuestra tienda virtual.<br \/>\nContamos con prestigiosos autores y muchas alternativas en sus diferentes materias al igual que grandes descuentos.! Vis\u00edtanos en <a class=\"NpAOenjuLyTkzcGAWovJllDYgHrUgYzuNQo \" tabindex=\"0\" href=\"https:\/\/lnkd.in\/eiAG7jdZ\" target=\"_blank\" rel=\"noopener\" data-test-app-aware-link=\"\">https:\/\/lnkd.in\/eiAG7jdZ<\/a><br \/>\nEscr\u00edbenos al +56930565235 \/ <a class=\"NpAOenjuLyTkzcGAWovJllDYgHrUgYzuNQo \" tabindex=\"0\" href=\"mailto:ventaslegallexglobal@gmail.com\" target=\"_self\" data-test-app-aware-link=\"\">ventaslegallexglobal@gmail.com<\/a><br \/>\nHacemos env\u00edos a todo Chile \u2013 Starken o Correos Chile \/ Te esperamos.<\/p>\n","protected":false},"featured_media":2397,"comment_status":"open","ping_status":"closed","template":"","meta":{"inline_featured_image":false,"_joinchat":[]},"product_brand":[],"product_cat":[26,29],"product_tag":[],"class_list":{"0":"post-2367","1":"product","2":"type-product","3":"status-publish","4":"has-post-thumbnail","6":"product_cat-derecho","7":"product_cat-familia-y-del-menor","9":"first","10":"instock","11":"shipping-taxable","12":"purchasable","13":"product-type-simple"},"_links":{"self":[{"href":"https:\/\/bibliotecajuridicavirtual.cl\/index.php\/wp-json\/wp\/v2\/product\/2367","targetHints":{"allow":["GET"]}}],"collection":[{"href":"https:\/\/bibliotecajuridicavirtual.cl\/index.php\/wp-json\/wp\/v2\/product"}],"about":[{"href":"https:\/\/bibliotecajuridicavirtual.cl\/index.php\/wp-json\/wp\/v2\/types\/product"}],"replies":[{"embeddable":true,"href":"https:\/\/bibliotecajuridicavirtual.cl\/index.php\/wp-json\/wp\/v2\/comments?post=2367"}],"wp:featuredmedia":[{"embeddable":true,"href":"https:\/\/bibliotecajuridicavirtual.cl\/index.php\/wp-json\/wp\/v2\/media\/2397"}],"wp:attachment":[{"href":"https:\/\/bibliotecajuridicavirtual.cl\/index.php\/wp-json\/wp\/v2\/media?parent=2367"}],"wp:term":[{"taxonomy":"product_brand","embeddable":true,"href":"https:\/\/bibliotecajuridicavirtual.cl\/index.php\/wp-json\/wp\/v2\/product_brand?post=2367"},{"taxonomy":"product_cat","embeddable":true,"href":"https:\/\/bibliotecajuridicavirtual.cl\/index.php\/wp-json\/wp\/v2\/product_cat?post=2367"},{"taxonomy":"product_tag","embeddable":true,"href":"https:\/\/bibliotecajuridicavirtual.cl\/index.php\/wp-json\/wp\/v2\/product_tag?post=2367"}],"curies":[{"name":"wp","href":"https:\/\/api.w.org\/{rel}","templated":true}]}}