{"id":2370,"date":"2026-02-28T01:01:08","date_gmt":"2026-02-28T04:01:08","guid":{"rendered":"https:\/\/bibliotecajuridicavirtual.cl\/?post_type=product&#038;p=2370"},"modified":"2026-02-28T01:01:24","modified_gmt":"2026-02-28T04:01:24","slug":"razonamientos-jurisprudenciales-terminacion-del-contrato-de-trabajo-por-necesidades-de-la-empresa-rafael-vargas-miranda-1edicion-ano-2025-356-pag","status":"publish","type":"product","link":"https:\/\/bibliotecajuridicavirtual.cl\/index.php\/product\/razonamientos-jurisprudenciales-terminacion-del-contrato-de-trabajo-por-necesidades-de-la-empresa-rafael-vargas-miranda-1edicion-ano-2025-356-pag\/","title":{"rendered":"Razonamientos Jurisprudenciales. Terminaci\u00f3n del Contrato de Trabajo por Necesidades de la Empresa * Rafael Vargas Miranda &#8211; 1\u00b0edici\u00f3n a\u00f1o 2025 &#8211; 356 P\u00e1g."},"content":{"rendered":"<p style=\"font-weight: 400;\">Este segundo volumen de la serie \u201cRazonamientos Jurisprudenciales\u201d trata las Necesidades de la Empresa como causal de terminaci\u00f3n del Contrato de Trabajo.<\/p>\n<p style=\"font-weight: 400;\">Se ha seleccionado una serie de casos que nos sirven para intentar mostrar el escenario jurisprudencial del a\u00f1o 2024. Tal como se expresa en el Pr\u00f3logo, se eligieron aquellos casos que mejor representan la idea de este trabajo. Todo bajo el criterio del compilador, quien m\u00e1s que intentar buscar aquella sentencia que pueda pasar a la posteridad, apuesta por casos de utilidad pr\u00e1ctica, que tengan mayor conexi\u00f3n con la realidad y que puedan resultar un aporte al trabajo de los operadores jur\u00eddicos.<\/p>\n<p style=\"font-weight: 400;\">De esta manera, importa destacar que el objetivo de este trabajo es mostrar el caso mismo, o sea, el juicio completo. No s\u00f3lo quedarnos con aquellos fallos destacados.<\/p>\n<p style=\"font-weight: 400;\">Al igual que el volumen anterior, se intenta entregar una herramienta \u00fatil, en el sentido que sea clarificadora del actual panorama de esta instituci\u00f3n del C\u00f3digo laboral, la terminaci\u00f3n del Contrato de Trabajo por \u201cNecesidades de la empresa\u201d.<\/p>\n<p style=\"font-weight: 400;\">\u201cFuentes Mu\u00f1oz y otros\/Dominion SpA. y otra\u201d<br \/>\n\u201cRom\u00e1n Vallejos\/Galilea S.A. Ingenier\u00eda y Construcci\u00f3n\u201d<br \/>\n\u201cVilla\/Servicios M\u00e9dicos Bicentenario SPA\u201d<br \/>\n\u201cPonce\/Zoetis de Chile S.A.\u201d<br \/>\n\u201cCarranca Oneto con Liga Chilena contra la Epilepsia\u201d<br \/>\n\u201cMedina Oyharcabal\/LATAM Airlines Group S.A. y otro\u201d<br \/>\n\u201cMartin\/Santa Isabel Administradora S.A.\u201d<br \/>\n\u201cPast\u00e9n\/Dartel S.A.\u201d<br \/>\n\u201cTroncoso Abarca\/F\u00e1bricas y Maestranzas del Ej\u00e9rcito\u201d<br \/>\n\u201cFern\u00e1ndez Manr\u00edquez\/Corporaci\u00f3n Educacional Concepci\u00f3n\u201d<br \/>\n\u201cFuentes Fuentes\/Servicio Local de Educaci\u00f3n P\u00fablica Colchagua\u201d<br \/>\n\u201cBustamante Guti\u00e9rrez\/Codelco Chile\u201d<br \/>\n\u201cTroncoso Urrutia\/Sociedad Pro Ayuda del Ni\u00f1o Lisiado\u201d<br \/>\n\u201cCardemil\/Jard\u00edn Infantil y Sala Cuna Balu Chicureo SPA\u201d<\/p>\n","protected":false},"excerpt":{"rendered":"<p>Buscas un libro Jur\u00eddico.? Lo puedes encontrar en nuestra tienda virtual.<br \/>\nContamos con prestigiosos autores y muchas alternativas en sus diferentes materias al igual que grandes descuentos.! Vis\u00edtanos en <a class=\"NpAOenjuLyTkzcGAWovJllDYgHrUgYzuNQo \" tabindex=\"0\" href=\"https:\/\/lnkd.in\/eiAG7jdZ\" target=\"_blank\" rel=\"noopener\" data-test-app-aware-link=\"\">https:\/\/lnkd.in\/eiAG7jdZ<\/a><br \/>\nEscr\u00edbenos al +56930565235 \/ <a class=\"NpAOenjuLyTkzcGAWovJllDYgHrUgYzuNQo \" tabindex=\"0\" href=\"mailto:ventaslegallexglobal@gmail.com\" target=\"_self\" data-test-app-aware-link=\"\">ventaslegallexglobal@gmail.com<\/a><br \/>\nHacemos env\u00edos a todo Chile \u2013 Starken o Correos Chile \/ Te esperamos.<\/p>\n","protected":false},"featured_media":2400,"comment_status":"open","ping_status":"closed","template":"","meta":{"inline_featured_image":false,"_joinchat":[]},"product_brand":[],"product_cat":[26,41],"product_tag":[],"class_list":{"0":"post-2370","1":"product","2":"type-product","3":"status-publish","4":"has-post-thumbnail","6":"product_cat-derecho","7":"product_cat-laboral","9":"first","10":"instock","11":"shipping-taxable","12":"purchasable","13":"product-type-simple"},"_links":{"self":[{"href":"https:\/\/bibliotecajuridicavirtual.cl\/index.php\/wp-json\/wp\/v2\/product\/2370","targetHints":{"allow":["GET"]}}],"collection":[{"href":"https:\/\/bibliotecajuridicavirtual.cl\/index.php\/wp-json\/wp\/v2\/product"}],"about":[{"href":"https:\/\/bibliotecajuridicavirtual.cl\/index.php\/wp-json\/wp\/v2\/types\/product"}],"replies":[{"embeddable":true,"href":"https:\/\/bibliotecajuridicavirtual.cl\/index.php\/wp-json\/wp\/v2\/comments?post=2370"}],"wp:featuredmedia":[{"embeddable":true,"href":"https:\/\/bibliotecajuridicavirtual.cl\/index.php\/wp-json\/wp\/v2\/media\/2400"}],"wp:attachment":[{"href":"https:\/\/bibliotecajuridicavirtual.cl\/index.php\/wp-json\/wp\/v2\/media?parent=2370"}],"wp:term":[{"taxonomy":"product_brand","embeddable":true,"href":"https:\/\/bibliotecajuridicavirtual.cl\/index.php\/wp-json\/wp\/v2\/product_brand?post=2370"},{"taxonomy":"product_cat","embeddable":true,"href":"https:\/\/bibliotecajuridicavirtual.cl\/index.php\/wp-json\/wp\/v2\/product_cat?post=2370"},{"taxonomy":"product_tag","embeddable":true,"href":"https:\/\/bibliotecajuridicavirtual.cl\/index.php\/wp-json\/wp\/v2\/product_tag?post=2370"}],"curies":[{"name":"wp","href":"https:\/\/api.w.org\/{rel}","templated":true}]}}