{"id":2371,"date":"2026-02-28T01:01:08","date_gmt":"2026-02-28T04:01:08","guid":{"rendered":"https:\/\/bibliotecajuridicavirtual.cl\/?post_type=product&#038;p=2371"},"modified":"2026-02-28T01:01:24","modified_gmt":"2026-02-28T04:01:24","slug":"delitos-sexuales-el-consentimiento-y-el-perdon-de-la-victima-un-analisis-del-delito-de-estupro-natalia-rojas-vicuna-1a-edicion-marzo-2020-114-pag","status":"publish","type":"product","link":"https:\/\/bibliotecajuridicavirtual.cl\/index.php\/product\/delitos-sexuales-el-consentimiento-y-el-perdon-de-la-victima-un-analisis-del-delito-de-estupro-natalia-rojas-vicuna-1a-edicion-marzo-2020-114-pag\/","title":{"rendered":"Delitos Sexuales * El Consentimiento y el Perd\u00f3n de la V\u00edctima: Un An\u00e1lisis del Delito de Estupro &#8211; Natalia Rojas Vicu\u00f1a * 1\u00aa edici\u00f3n marzo 2020 &#8211; 114 P\u00e1g."},"content":{"rendered":"<p>DELITOS SEXUALES<\/p>\n<p>El consentimiento y el perd\u00f3n de la v\u00edctima: un an\u00e1lisis del delito de estupro<\/p>\n<p>El lector tiene en sus manos un libro donde la voz de su autora, Natalia Rojas Vicu\u00f1a, alumna y ayudante del suscrito, aparece en plenitud. Si las cosas siguen como hasta aqu\u00ed, en unos a\u00f1os m\u00e1s alguien tendr\u00e1 el placer de dirigir su tesis doctoral y alguna Universidad la fortuna de contarla entre sus j\u00f3venes profesoras.<br \/>\nEn efecto, el libro nos ofrece el personal acercamiento de la autora a un tema que, a pesar de su relevancia, solo se trata entre nosotros en los textos generales, sea de Parte Especial, sea sobre la clase de delitos en que se encuentra: el consentimiento y el perd\u00f3n de la v\u00edctima en los delitos de car\u00e1cter sexual. A esta problem\u00e1tica general dedica sus dos primeros cap\u00edtulos. En el primero, analiza el alcance del consentimiento de la v\u00edctima en el ordenamiento nacional, poniendo especial \u00e9nfasis en sus efectos dogm\u00e1ticos y las limitaciones propuestas a su alcance; trabajo que se extiende al tratamiento del perd\u00f3n como causal de extinci\u00f3n de la responsabilidad penal, particularmente en delitos de acci\u00f3n penal privada y su aparici\u00f3n tambi\u00e9n en ciertos casos de acci\u00f3n penal p\u00fablica, bajo la forma de los llamados acuerdos reparatorios en el marco del proceso penal. Sobre estas bases, aborda en el cap\u00edtulo segundo los efectos del consentimiento y el perd\u00f3n en los delitos de car\u00e1cter sexual, desde un punto de vista general. De este modo, el lector queda informado de los presupuestos dogm\u00e1ticos con que la memorista abordar\u00e1 en su cap\u00edtulo final los efectos y alcances del consentimiento y el perd\u00f3n en el delito de estupro.<br \/>\nEn un mundo donde se acostumbra a citar sin medida ni cr\u00edtica doctrina extranjera, tratando de importar conceptos y hasta la literalidad de las leyes for\u00e1neas en que se fundan, una particularidad del libro que presento es su exhaustividad respecto de la doctrina y legislaci\u00f3n nacionales y su libertad de esp\u00edritu a la hora de tomar partido o proponer interpretaciones, que por regla general corresponden a sus propias ideas y argumentaciones, no necesariamente coincidentes con las de quienes fuimos sus profesores y gu\u00edas en este proceso de aprendizaje en que, como corresponde a la vida Universitaria, quienes ense\u00f1amos tambi\u00e9n podemos aprender de quienes formamos.<br \/>\nPor todo lo anterior, recomiendo la lectura de esta obra y su incorporaci\u00f3n a la bibliograf\u00eda b\u00e1sica que todos los litigantes y jueces debieran tener sobre la regulaci\u00f3n chilena de los delitos de car\u00e1cter sexual.<\/p>\n","protected":false},"excerpt":{"rendered":"<p>Buscas un libro Jur\u00eddico.? Lo puedes encontrar en nuestra tienda virtual.<br \/>\nContamos con prestigiosos autores y muchas alternativas en sus diferentes materias al igual que grandes descuentos.! Vis\u00edtanos en <a class=\"YycAgPsbNGZauLWLnGmOHPtJKCOQrAPTnDowguY \" tabindex=\"0\" href=\"https:\/\/lnkd.in\/eiAG7jdZ\" target=\"_self\" data-test-app-aware-link=\"\">https:\/\/lnkd.in\/eiAG7jdZ<\/a> \ud83d\udca5<br \/>\nEscr\u00edbenos al +56930565235 \/ <a class=\"YycAgPsbNGZauLWLnGmOHPtJKCOQrAPTnDowguY \" tabindex=\"0\" href=\"mailto:ventaslegallexglobal@gmail.com\" target=\"_self\" data-test-app-aware-link=\"\">ventaslegallexglobal@gmail.com<\/a><br \/>\nHacemos env\u00edos a todo Chile \u2013 Starken o Correos Chile \/ Te esperamos<\/p>\n","protected":false},"featured_media":2401,"comment_status":"open","ping_status":"closed","template":"","meta":{"inline_featured_image":false,"_joinchat":[]},"product_brand":[],"product_cat":[26,30,47],"product_tag":[],"class_list":{"0":"post-2371","1":"product","2":"type-product","3":"status-publish","4":"has-post-thumbnail","6":"product_cat-derecho","7":"product_cat-penal","8":"product_cat-sin-categorizar","10":"first","11":"instock","12":"shipping-taxable","13":"purchasable","14":"product-type-simple"},"_links":{"self":[{"href":"https:\/\/bibliotecajuridicavirtual.cl\/index.php\/wp-json\/wp\/v2\/product\/2371","targetHints":{"allow":["GET"]}}],"collection":[{"href":"https:\/\/bibliotecajuridicavirtual.cl\/index.php\/wp-json\/wp\/v2\/product"}],"about":[{"href":"https:\/\/bibliotecajuridicavirtual.cl\/index.php\/wp-json\/wp\/v2\/types\/product"}],"replies":[{"embeddable":true,"href":"https:\/\/bibliotecajuridicavirtual.cl\/index.php\/wp-json\/wp\/v2\/comments?post=2371"}],"wp:featuredmedia":[{"embeddable":true,"href":"https:\/\/bibliotecajuridicavirtual.cl\/index.php\/wp-json\/wp\/v2\/media\/2401"}],"wp:attachment":[{"href":"https:\/\/bibliotecajuridicavirtual.cl\/index.php\/wp-json\/wp\/v2\/media?parent=2371"}],"wp:term":[{"taxonomy":"product_brand","embeddable":true,"href":"https:\/\/bibliotecajuridicavirtual.cl\/index.php\/wp-json\/wp\/v2\/product_brand?post=2371"},{"taxonomy":"product_cat","embeddable":true,"href":"https:\/\/bibliotecajuridicavirtual.cl\/index.php\/wp-json\/wp\/v2\/product_cat?post=2371"},{"taxonomy":"product_tag","embeddable":true,"href":"https:\/\/bibliotecajuridicavirtual.cl\/index.php\/wp-json\/wp\/v2\/product_tag?post=2371"}],"curies":[{"name":"wp","href":"https:\/\/api.w.org\/{rel}","templated":true}]}}