{"id":2372,"date":"2026-02-28T01:01:08","date_gmt":"2026-02-28T04:01:08","guid":{"rendered":"https:\/\/bibliotecajuridicavirtual.cl\/?post_type=product&#038;p=2372"},"modified":"2026-02-28T01:01:25","modified_gmt":"2026-02-28T04:01:25","slug":"delitos-sexuales-en-el-sistema-procesal-investigacion-videograbada-de-ninos-ninas-y-adolescentes-pugna-entre-el-derecho-a-defensa-del-imputado-y-el-interes-superior-del-nino","status":"publish","type":"product","link":"https:\/\/bibliotecajuridicavirtual.cl\/index.php\/product\/delitos-sexuales-en-el-sistema-procesal-investigacion-videograbada-de-ninos-ninas-y-adolescentes-pugna-entre-el-derecho-a-defensa-del-imputado-y-el-interes-superior-del-nino\/","title":{"rendered":"Delitos Sexuales en el Sistema Procesal * Investigaci\u00f3n videograbada de ni\u00f1os, ni\u00f1as y adolescentes: pugna entre el derecho a defensa del imputado y el inter\u00e9s superior del ni\u00f1o"},"content":{"rendered":"<p>DELITOS SEXUALES EN EL SISTEMA PROCESAL<\/p>\n<p>Investigaci\u00f3n videograbada de ni\u00f1os, ni\u00f1as y adolescentes: pugna entre el derecho a defensa del imputado y el inter\u00e9s superior del ni\u00f1o.<\/p>\n<p>Esta investigaci\u00f3n trata la introducci\u00f3n de la Entrevista Investigativa Videograbada, realizada a ni\u00f1os, ni\u00f1as y adolescentes v\u00edctimas de delitos sexuales y otros delitos graves, en el juicio oral, como una forma de adecuar el proceso penal en dichos casos, con el objetivo de erradicar la victimizaci\u00f3n secundaria sufrida por aquel grupo de menores en su paso por nuestro sistema de justicia, especialmente en reemplazo de su comparecencia en juicio.<br \/>\nAsimismo, se analiza la posibilidad de que ello vulnere el debido proceso y el derecho a defensa del imputado, en contraposici\u00f3n a la contingente predominancia del inter\u00e9s superior del ni\u00f1o como principio nacional e internacionalmente reconocido.<br \/>\nTodo esto, en el marco de la reciente publicaci\u00f3n de la Ley N\u00b0 21.057 en Chile \u2013la cual es analizada y criticada sucintamente\u2013 y de la masiva implementaci\u00f3n de la Entrevista Investigativa Videograbada en el derecho comparado.<\/p>\n","protected":false},"excerpt":{"rendered":"<p>Autora: Javiera Torres Hermosilla * 196 P\u00e1g. &#8211; \u00a01\u00aa edici\u00f3n, diciembre 2019<\/p>\n<p>Buscas un libro Jur\u00eddico.? Lo puedes encontrar en nuestra tienda virtual.<br \/>\nContamos con prestigiosos autores y muchas alternativas en sus diferentes materias al igual que grandes descuentos.! Vis\u00edtanos en <a class=\"YycAgPsbNGZauLWLnGmOHPtJKCOQrAPTnDowguY \" tabindex=\"0\" href=\"https:\/\/lnkd.in\/eiAG7jdZ\" target=\"_self\" data-test-app-aware-link=\"\">https:\/\/lnkd.in\/eiAG7jdZ<\/a> \ud83d\udca5<br \/>\nEscr\u00edbenos al +56930565235 \/ <a class=\"YycAgPsbNGZauLWLnGmOHPtJKCOQrAPTnDowguY \" tabindex=\"0\" href=\"mailto:ventaslegallexglobal@gmail.com\" target=\"_self\" data-test-app-aware-link=\"\">ventaslegallexglobal@gmail.com<\/a><br \/>\nHacemos env\u00edos a todo Chile \u2013 Starken o Correos Chile \/ Te esperamos<\/p>\n","protected":false},"featured_media":2402,"comment_status":"open","ping_status":"closed","template":"","meta":{"inline_featured_image":false,"_joinchat":[]},"product_brand":[],"product_cat":[26,29,30],"product_tag":[],"class_list":{"0":"post-2372","1":"product","2":"type-product","3":"status-publish","4":"has-post-thumbnail","6":"product_cat-derecho","7":"product_cat-familia-y-del-menor","8":"product_cat-penal","10":"first","11":"instock","12":"shipping-taxable","13":"purchasable","14":"product-type-simple"},"_links":{"self":[{"href":"https:\/\/bibliotecajuridicavirtual.cl\/index.php\/wp-json\/wp\/v2\/product\/2372","targetHints":{"allow":["GET"]}}],"collection":[{"href":"https:\/\/bibliotecajuridicavirtual.cl\/index.php\/wp-json\/wp\/v2\/product"}],"about":[{"href":"https:\/\/bibliotecajuridicavirtual.cl\/index.php\/wp-json\/wp\/v2\/types\/product"}],"replies":[{"embeddable":true,"href":"https:\/\/bibliotecajuridicavirtual.cl\/index.php\/wp-json\/wp\/v2\/comments?post=2372"}],"wp:featuredmedia":[{"embeddable":true,"href":"https:\/\/bibliotecajuridicavirtual.cl\/index.php\/wp-json\/wp\/v2\/media\/2402"}],"wp:attachment":[{"href":"https:\/\/bibliotecajuridicavirtual.cl\/index.php\/wp-json\/wp\/v2\/media?parent=2372"}],"wp:term":[{"taxonomy":"product_brand","embeddable":true,"href":"https:\/\/bibliotecajuridicavirtual.cl\/index.php\/wp-json\/wp\/v2\/product_brand?post=2372"},{"taxonomy":"product_cat","embeddable":true,"href":"https:\/\/bibliotecajuridicavirtual.cl\/index.php\/wp-json\/wp\/v2\/product_cat?post=2372"},{"taxonomy":"product_tag","embeddable":true,"href":"https:\/\/bibliotecajuridicavirtual.cl\/index.php\/wp-json\/wp\/v2\/product_tag?post=2372"}],"curies":[{"name":"wp","href":"https:\/\/api.w.org\/{rel}","templated":true}]}}