{"id":2374,"date":"2026-02-28T01:01:08","date_gmt":"2026-02-28T04:01:08","guid":{"rendered":"https:\/\/bibliotecajuridicavirtual.cl\/?post_type=product&#038;p=2374"},"modified":"2026-02-28T01:01:27","modified_gmt":"2026-02-28T04:01:27","slug":"los-procedimientos-especiales-de-contratacion-bajo-la-ley-de-compras-publicas-gabriel-celis-danzinger-jorge-ortega-gutierrez-1-edicion-junio-2025-233-pag","status":"publish","type":"product","link":"https:\/\/bibliotecajuridicavirtual.cl\/index.php\/product\/los-procedimientos-especiales-de-contratacion-bajo-la-ley-de-compras-publicas-gabriel-celis-danzinger-jorge-ortega-gutierrez-1-edicion-junio-2025-233-pag\/","title":{"rendered":"Los Procedimientos Especiales de Contrataci\u00f3n * Bajo la Ley de Compras P\u00fablicas * Gabriel Celis Danzinger \u2013  Jorge Ortega Guti\u00e9rrez * 1\u00b0 edici\u00f3n junio 2025 &#8211; 233 P\u00e1g."},"content":{"rendered":"<p>Gabriel Celis Danzinger. Es abogado, Doctor en Derecho por la Universidad de Talca. Mag\u00edster en Derecho con menci\u00f3n en Derecho P\u00fablico por la Universidad de Chile; Master en Contrataci\u00f3n P\u00fablica por la Universidad de Castilla-La Mancha; Post\u00edtulo en Derecho Constitucional por la Universidad de Salamanca; Curso de especializaci\u00f3n sobre r\u00e9gimen anticorrupci\u00f3n en la Universidad Complutense de Madrid.<\/p>\n<p>En su actividad universitaria se ha desempe\u00f1ado como profesor de Derecho Pol\u00edtico, Constitucional, Administrativo, Derecho Internacional P\u00fablico, Derecho Ambiental y Filosof\u00eda del Derecho. En la actualidad es profesor de planta en la U. de Talca en las c\u00e1tedras de Derecho Pol\u00edtico, Constitucional y Administrativo. Es acad\u00e9mico de postgrado en los siguientes magister: en Derecho con menci\u00f3n en Derecho Administrativo de la: Universidad de Talca; en Derecho Administrativo de la Universidad de Los Andes; en Derecho de la Universidad de Gates en Derecho con menci\u00f3n en Derecho P\u00fablico de la Universidad de Atacama; en Derecho P\u00fablico de la Universidad de central de Chile; en Derecho P\u00fablico de la Universidad Finis Terrae; y en Derecho P\u00fablico de la Universidad Santo Director de la Escuela de la Derecho de la Universidad de Talca; y profesor del Post\u00edtulo en Contrataci\u00f3n P\u00fablica universidad de Chile.<br \/>\nHa publicado diversos art\u00edculos acad\u00e9micos en revistas vinculadas al Derecho P\u00fablico y autor de 38 libros, referidos a las diversas disciplinas que integran el Derecho P\u00fablico, centr\u00e1ndose en materias de Derecho Administrativo.<\/p>\n<p>Jorge Ortega Guti\u00e9rrez. AAbogado. Doctor en Derecho por la Universidad Nacional de Rosario. M\u00e1ster en Derecho de la Contrataci\u00f3n P\u00fablica por la Universidad de Castilla-La Mancha y Mag\u00edster en Derecho P\u00fablico por la Universidad Finis Terrae.<br \/>\nEs miembro de la Asociaci\u00f3n de Derecho Administrativo de Chile (ADAD) y de la Red Iberoamericana de Contrataci\u00f3n P\u00fablica (REDICOP).<br \/>\nHa ejercido como acad\u00e9mico en la Universidad Andr\u00e9s Bello, Universidad Academia de Humanismo Cristiano, Universidad Miguel de Cervantes y en la Universidad Nacional de San Mart\u00edn (Argentina).<br \/>\nEs autor de \u00abLa Autonom\u00eda Municipal\u00bb y coautor del \u00abManual de Convenio Marco\u00bb y del \u00abC\u00f3digo de Contrataci\u00f3n Administrativa\u00bb publicados por esta editorial.<br \/>\nActualmente, se desempe\u00f1a como Jefe de la Secci\u00f3n de Sanciones Contractuales en la Junta Nacional de Auxilio Escolar y Becas.<\/p>\n","protected":false},"excerpt":{"rendered":"<p>Buscas un libro Jur\u00eddico.? Lo puedes encontrar en nuestra tienda virtual.<br \/>\nContamos con prestigiosos autores y muchas alternativas en sus diferentes materias al igual que grandes descuentos.! Vis\u00edtanos en <a class=\"YycAgPsbNGZauLWLnGmOHPtJKCOQrAPTnDowguY \" tabindex=\"0\" href=\"https:\/\/lnkd.in\/eiAG7jdZ\" target=\"_blank\" rel=\"noopener\" data-test-app-aware-link=\"\">https:\/\/lnkd.in\/eiAG7jdZ<\/a><br \/>\nEscr\u00edbenos al +56930565235 \/ <a class=\"YycAgPsbNGZauLWLnGmOHPtJKCOQrAPTnDowguY \" tabindex=\"0\" href=\"mailto:ventaslegallexglobal@gmail.com\" target=\"_self\" data-test-app-aware-link=\"\">ventaslegallexglobal@gmail.com<\/a><br \/>\nHacemos env\u00edos a todo Chile \u2013 Starken o Correos Chile \/ Te esperamos<\/p>\n","protected":false},"featured_media":2404,"comment_status":"open","ping_status":"closed","template":"","meta":{"inline_featured_image":false,"_joinchat":[]},"product_brand":[],"product_cat":[27,26],"product_tag":[],"class_list":{"0":"post-2374","1":"product","2":"type-product","3":"status-publish","4":"has-post-thumbnail","6":"product_cat-civil","7":"product_cat-derecho","9":"first","10":"instock","11":"shipping-taxable","12":"purchasable","13":"product-type-simple"},"_links":{"self":[{"href":"https:\/\/bibliotecajuridicavirtual.cl\/index.php\/wp-json\/wp\/v2\/product\/2374","targetHints":{"allow":["GET"]}}],"collection":[{"href":"https:\/\/bibliotecajuridicavirtual.cl\/index.php\/wp-json\/wp\/v2\/product"}],"about":[{"href":"https:\/\/bibliotecajuridicavirtual.cl\/index.php\/wp-json\/wp\/v2\/types\/product"}],"replies":[{"embeddable":true,"href":"https:\/\/bibliotecajuridicavirtual.cl\/index.php\/wp-json\/wp\/v2\/comments?post=2374"}],"wp:featuredmedia":[{"embeddable":true,"href":"https:\/\/bibliotecajuridicavirtual.cl\/index.php\/wp-json\/wp\/v2\/media\/2404"}],"wp:attachment":[{"href":"https:\/\/bibliotecajuridicavirtual.cl\/index.php\/wp-json\/wp\/v2\/media?parent=2374"}],"wp:term":[{"taxonomy":"product_brand","embeddable":true,"href":"https:\/\/bibliotecajuridicavirtual.cl\/index.php\/wp-json\/wp\/v2\/product_brand?post=2374"},{"taxonomy":"product_cat","embeddable":true,"href":"https:\/\/bibliotecajuridicavirtual.cl\/index.php\/wp-json\/wp\/v2\/product_cat?post=2374"},{"taxonomy":"product_tag","embeddable":true,"href":"https:\/\/bibliotecajuridicavirtual.cl\/index.php\/wp-json\/wp\/v2\/product_tag?post=2374"}],"curies":[{"name":"wp","href":"https:\/\/api.w.org\/{rel}","templated":true}]}}