{"id":2409,"date":"2026-02-28T01:01:30","date_gmt":"2026-02-28T04:01:30","guid":{"rendered":"https:\/\/bibliotecajuridicavirtual.cl\/?post_type=product&#038;p=2409"},"modified":"2026-02-28T01:01:33","modified_gmt":"2026-02-28T04:01:33","slug":"de-los-contratos-rene-ramos-pazos-agosto-ano-2025-168-pag","status":"publish","type":"product","link":"https:\/\/bibliotecajuridicavirtual.cl\/index.php\/product\/de-los-contratos-rene-ramos-pazos-agosto-ano-2025-168-pag\/","title":{"rendered":"De Los Contratos * Ren\u00e9 Ramos Pazos &#8211; Agosto a\u00f1o 2025 * 168 P\u00e1g."},"content":{"rendered":"<p style=\"font-weight: 400;\">Presentamos la destacada obra de Derecho Civil De Los Contratos. Teor\u00eda General, desarrollada por Ren\u00e9 Ramos Pazos.<\/p>\n<p style=\"font-weight: 400;\">La obra contempla un estudio sistematizado de la teor\u00eda general del contrato, analizando su concepto, funciones y cuestiones generales, formaci\u00f3n, diversas clasificaciones y tipolog\u00edas contractuales. Analiza, tambi\u00e9n, la figura de la cesi\u00f3n del contrato y el subcontrato, para pasar a la revisi\u00f3n de las reglas de interpretaci\u00f3n de los contratos<\/p>\n<p style=\"font-weight: 400;\">Finaliza el texto con el an\u00e1lisis de los efectos del contrato, sea entre las partes como respecto de terceros, con un an\u00e1lisis particular de ciertas instituciones como la estipulaci\u00f3n a favor de otro, la representaci\u00f3n, la inoponibilidad, la simulaci\u00f3n y la doctrina del levantamiento del velo.<\/p>\n<p style=\"font-weight: 400;\"><b><strong>T\u00cdTULO PRIMERO<\/strong><\/b><br \/>\n<b><strong>GENERALIDADES<\/strong><\/b><\/p>\n<ol>\n<li style=\"font-weight: 400;\">Del Contrato. Concepto<br \/>\n2. El contrato es una de las fuentes de las obligaciones<br \/>\n3. Sentido de la voz \u201ccontrato\u201d<br \/>\n4. Antecedentes hist\u00f3ricos del contrato<br \/>\n5. Importancia de los contratos<br \/>\n6. De la autonom\u00eda de la voluntad o autonom\u00eda privada<br \/>\n7. L\u00edmites a la autonom\u00eda de la voluntad<br \/>\n8. Elementos de los contratos<br \/>\n9. Requisitos de los contratos<br \/>\n10. Del consentimiento<br \/>\n11. De la formaci\u00f3n del consentimiento<br \/>\n12. Contratos a los que se aplican las normas anteriores<br \/>\n13. De la oferta<br \/>\n14. Valor jur\u00eddico de la oferta antes de que sea aceptada<br \/>\n15. La oferta es revocable por regla general. Excepciones<br \/>\n16. La retractaci\u00f3n tempestiva, genera responsabilidad para el proponente<br \/>\n17. De la aceptaci\u00f3n<br \/>\n18. Requisitos de la aceptaci\u00f3n<br \/>\n19. Debe ser pura y simple<br \/>\n20. La aceptaci\u00f3n debe darse mientras la oferta est\u00e1 vigente<br \/>\n21. Plazo para aceptar<br \/>\n22. \u00bfProcede la indemnizaci\u00f3n de perjuicios cuando la oferta ha caducado por muerte o incapacidad legal del oferente?<br \/>\n23. Deterioro, p\u00e9rdida o destrucci\u00f3n de la cosa ofrecida pendiente la aceptaci\u00f3n<br \/>\n24. Momento en que se forma el consentimiento<br \/>\n25. Importancia de determinar el momento en que se forma el consentimiento<br \/>\n26. Lugar en que se forma el consentimiento<\/li>\n<\/ol>\n<p style=\"font-weight: 400;\"><b><strong>T\u00cdTULO SEGUNDO<\/strong><\/b><br \/>\n<b><strong>DEL AUTOCONTRATO<\/strong><\/b><\/p>\n<ol start=\"27\">\n<li style=\"font-weight: 400;\">Concepto<br \/>\n28. El autocontrato en Chile<\/li>\n<\/ol>\n<p style=\"font-weight: 400;\"><b><strong>T\u00cdTULO TERCERO<\/strong><\/b><br \/>\n<b><strong>CLASIFICACI\u00d3N DE LOS CONTRATOS<\/strong><\/b><\/p>\n<ol start=\"29\">\n<li style=\"font-weight: 400;\">Clasificaci\u00f3n de los contratos<br \/>\n30. Contratos unilaterales y bilaterales<br \/>\n31. Importancia de esta clasificaci\u00f3n<br \/>\n32. Procedencia de la condici\u00f3n resolutoria t\u00e1cita<br \/>\n33. Importa la clasificaci\u00f3n de unilaterales y bilaterales para los efectos de la aplicaci\u00f3n de la teor\u00eda de los riesgos<br \/>\n34. Importa la distinci\u00f3n para la aplicaci\u00f3n del principio que la mora purga la mora (\u201cexceptio non adimpleti contractus\u201d)<br \/>\n35. Importa la distinci\u00f3n para los efectos de la teor\u00eda de la causa<br \/>\n36. Contratos sinalagm\u00e1ticos imperfectos<br \/>\n37. Contratos gratuitos y onerosos<br \/>\n38. Relaci\u00f3n de la clasificaci\u00f3n de contratos unilaterales y bilaterales con la de gratuitos y onerosos<br \/>\n39. Importancia de esta clasificaci\u00f3n<br \/>\n40. a) Procedencia de la Acci\u00f3n Pauliana<br \/>\n41. b) Error en la persona<br \/>\n42. c) Culpa de que responde el deudor<br \/>\n43. d) Transmisibilidad de los derechos del acreedor condicional<br \/>\n44. e) En los contratos onerosos generalmente se responde de la evicci\u00f3n<br \/>\n45. f) Importa la distinci\u00f3n en el contrato de arrendamiento, cuando el arrendador transfiere la cosa arrendada<br \/>\n46. Sub clasificaci\u00f3n de los contratos onerosos<br \/>\n47. Importancia de esta clasificaci\u00f3n<br \/>\n48. Contratos principales y accesorios<br \/>\n49. Importancia de esta clasificaci\u00f3n<br \/>\n50. Contratos dependientes<br \/>\n51. Contratos consensuales, reales y solemnes<br \/>\n52. Otras clasificaciones de los contratos<br \/>\n53. Contratos nominados (o t\u00edpicos) e innominados (o at\u00edpicos)<br \/>\n54. Contratos de ejecuci\u00f3n instant\u00e1nea, de ejecuci\u00f3n diferida y de tracto sucesivo<br \/>\n55. Importancia de esta distinci\u00f3n<br \/>\n56. Contratos individuales y colectivos<br \/>\n57. Contratos de libre discusi\u00f3n y contratos por adhesi\u00f3n<br \/>\n58. Naturaleza jur\u00eddica de los contratos por adhesi\u00f3n<br \/>\n59. Interpretaci\u00f3n de las cl\u00e1usulas de un contrato por adhesi\u00f3n<br \/>\n60. Cl\u00e1usulas manuscritas incompatibles con las establecidas en el formulario tipo<br \/>\n61. Protecci\u00f3n a la parte d\u00e9bil en los contratos por adhesi\u00f3n<br \/>\n62. Contratos preparatorios y contratos definitivos<\/li>\n<\/ol>\n<p style=\"font-weight: 400;\"><b><strong>T\u00cdTULO CUARTO<\/strong><\/b><br \/>\n<b><strong>CATEGOR\u00cdAS CONTRACTUALES<\/strong><\/b><\/p>\n<ol start=\"63\">\n<li style=\"font-weight: 400;\">Contratos dirigidos<br \/>\n64. Del contrato forzoso<\/li>\n<\/ol>\n<p style=\"font-weight: 400;\"><b><strong>T\u00cdTULO QUINTO<\/strong><\/b><br \/>\n<b><strong>CESI\u00d3N DEL CONTRATO<\/strong><\/b><\/p>\n<ol start=\"65\">\n<li style=\"font-weight: 400;\">Cesi\u00f3n del contrato<br \/>\n66. Partes que intervienen en la cesi\u00f3n<br \/>\n67. Diferencias entre la cesi\u00f3n del contrato y la cesi\u00f3n de cr\u00e9ditos<br \/>\n68. Diferencias de la cesi\u00f3n del contrato con la novaci\u00f3n subjetiva<br \/>\n69. Diferencias entre la cesi\u00f3n del contrato y la asunci\u00f3n de deudas<br \/>\n70. Requisitos de la cesi\u00f3n del contrato<br \/>\n71. Naturaleza jur\u00eddica de la cesi\u00f3n de contrato<br \/>\n72. Capacidad, objeto y causa de la cesi\u00f3n de contrato<br \/>\n73. La cesi\u00f3n del contrato en el Derecho Chileno<br \/>\n74. Efectos de la cesi\u00f3n del contrato<\/li>\n<\/ol>\n<p style=\"font-weight: 400;\"><b><strong>T\u00cdTULO SEXTO<\/strong><\/b><br \/>\n<b><strong>DEL SUBCONTRATO<\/strong><\/b><\/p>\n<ol start=\"75\">\n<li style=\"font-weight: 400;\">Concepto<br \/>\n76. Diferencias de la subcontrataci\u00f3n con la cesi\u00f3n del contrato<br \/>\n77. Casos de subcontrataci\u00f3n en la legislaci\u00f3n chilena<br \/>\n78. La subcontrataci\u00f3n procede por regla general. Excepciones<\/li>\n<\/ol>\n<p style=\"font-weight: 400;\"><b><strong>T\u00cdTULO S\u00c9PTIMO<\/strong><\/b><br \/>\n<b><strong>INTERPRETACI\u00d3N DE LOS CONTRATOS<\/strong><\/b><\/p>\n<ol start=\"79\">\n<li style=\"font-weight: 400;\">Generalidades<br \/>\n80. Concepto de interpretaci\u00f3n<br \/>\n81. Interpretaci\u00f3n y calificaci\u00f3n de un contrato<br \/>\n82. Relaci\u00f3n del art\u00edculo 1546 con la interpretaci\u00f3n de los contratos<br \/>\n83. Reglas de interpretaci\u00f3n de los contratos<br \/>\n84. Elementos legales de interpretaci\u00f3n<br \/>\n85. Los t\u00e9rminos del contrato s\u00f3lo se aplican a la materia objeto del contrato<br \/>\n86. Debe preferirse la interpretaci\u00f3n que haga \u00fatil la cl\u00e1usula<br \/>\n87. Las cl\u00e1usulas deben interpretarse de forma que mejor cuadre con la naturaleza del contrato. Las cl\u00e1usulas de uso com\u00fan se presumen<br \/>\n88. Las cl\u00e1usulas de un contrato deben interpretarse en el sentido que mejor corresponda con el contrato en su totalidad<br \/>\n89. Interpretaci\u00f3n sistem\u00e1tica de las cl\u00e1usulas de un contrato<br \/>\n90. Aplicaci\u00f3n pr\u00e1ctica que las partes han hecho de un contrato<br \/>\n91. Regla de la natural extensi\u00f3n de la declaraci\u00f3n<br \/>\n92. Interpretaci\u00f3n de las cl\u00e1usulas ambiguas<br \/>\n93. Valor de las reglas de interpretaci\u00f3n precedentes<\/li>\n<\/ol>\n<p style=\"font-weight: 400;\"><b><strong>T\u00cdTULO OCTAVO<\/strong><\/b><br \/>\n<b><strong>EFECTOS DE LOS CONTRATOS<\/strong><\/b><\/p>\n<ol start=\"94\">\n<li style=\"font-weight: 400;\">Concepto<br \/>\n95. Efecto relativo o directo del contrato<br \/>\n96. Personas a quienes alcanza el efecto relativo<br \/>\n97. Causahabientes a t\u00edtulo singular<br \/>\n98. La regla general es que los efectos de un contrato no alcanzan a los causahabientes a t\u00edtulo singular<br \/>\n99. Algunas excepciones al efecto relativo del contrato<\/li>\n<\/ol>\n<p style=\"font-weight: 400;\"><b><strong>T\u00cdTULO NOVENO<\/strong><\/b><br \/>\n<b><strong>DE LA ESTIPULACI\u00d3N EN FAVOR DE OTRO<\/strong><\/b><\/p>\n<ol start=\"100\">\n<li style=\"font-weight: 400;\">Estipulaci\u00f3n a favor de otro<br \/>\n101. Participaci\u00f3n de tres personas<br \/>\n102. Teor\u00edas para explicar la naturaleza jur\u00eddica de la estipulaci\u00f3n a favor de otro<br \/>\n103. a) Teor\u00eda de la oferta<br \/>\n104. b) Teor\u00eda de la gesti\u00f3n de negocios<br \/>\n105. c) Teor\u00eda de la declaraci\u00f3n unilateral de voluntad<br \/>\n106. d) Teor\u00eda de la declaraci\u00f3n directa del derecho<br \/>\n107. Consecuencias que se siguen de aceptar la doctrina de la creaci\u00f3n directa del derecho<br \/>\n108. La estipulaci\u00f3n a favor de otro y el efecto relativo de los contratos<br \/>\n109. La estipulaci\u00f3n en favor de otro no constituye una donaci\u00f3n<br \/>\n110. Aceptaci\u00f3n del beneficiario<br \/>\n111. Efectos de la estipulaci\u00f3n en favor de otro<\/li>\n<\/ol>\n<p style=\"font-weight: 400;\"><b><strong>T\u00cdTULO D\u00c9CIMO<\/strong><\/b><br \/>\n<b><strong>DE LA REPRESENTACI\u00d3N<\/strong><\/b><\/p>\n<ol start=\"112\">\n<li style=\"font-weight: 400;\">Concepto<br \/>\n113. Teor\u00edas que explican la naturaleza jur\u00eddica de la representaci\u00f3n<br \/>\n114. a) Teor\u00eda de la Ficci\u00f3n<br \/>\n115. b) Teor\u00eda del Nuntius o mensajero<br \/>\n116. c) Teor\u00eda de la cooperaci\u00f3n de voluntades<br \/>\n117. d) Teor\u00eda de la representaci\u00f3n modalidad de los actos jur\u00eddicos<br \/>\n118. El C\u00f3digo Civil sigue la teor\u00eda de la representaci\u00f3n modalidad de los actos jur\u00eddicos<br \/>\n119. Requisitos de la representaci\u00f3n<br \/>\n120. a) Que el representante ejecute un acto<br \/>\n121. b) Que el acto o contrato se celebre a nombre del representado<br \/>\n122. c) Poder de representaci\u00f3n<br \/>\n123. El otorgamiento de poder es un acto consensual<\/li>\n<\/ol>\n<p style=\"font-weight: 400;\"><b><strong>T\u00cdTULO UND\u00c9CIMO<\/strong><\/b><br \/>\n<b><strong>PROMESA DE HECHO AJENO<\/strong><\/b><\/p>\n<ol start=\"124\">\n<li style=\"font-weight: 400;\">Promesa de hecho ajeno<\/li>\n<\/ol>\n<p style=\"font-weight: 400;\"><b><strong>T\u00cdTULO DUOD\u00c9CIMO<\/strong><\/b><br \/>\n<b><strong>EFECTO REFLEJO, ABSOLUTO O EXPANSIVO DE LOS CONTRATOS<\/strong><\/b><\/p>\n<ol start=\"125\">\n<li style=\"font-weight: 400;\">Efecto reflejo, absoluto o expansivo de los contratos<br \/>\n126. Manifestaciones del efecto reflejo de los contratos<\/li>\n<\/ol>\n<p style=\"font-weight: 400;\"><b><strong>T\u00cdTULO DECIMOTERCERO<\/strong><\/b><br \/>\n<b><strong>DE LA INOPONIBILIDAD<\/strong><\/b><\/p>\n<ol start=\"127\">\n<li style=\"font-weight: 400;\">De la inoponibilidad<br \/>\n128. La inoponibilidad en el Derecho positivo chileno<br \/>\n129. Tipos de inoponibilidad<br \/>\n130. Inoponibilidad que protegen a los terceros de un acto nulo<br \/>\n131. Sujetos activos de la inoponibilidad<br \/>\n132. Sujetos pasivos de la inoponibilidad<br \/>\n133. Forma de invocar la inoponibilidad<br \/>\n134. Efectos de la inoponibilidad<br \/>\n135. Extinci\u00f3n de la inoponibilidad<\/li>\n<\/ol>\n<p style=\"font-weight: 400;\"><b><strong>T\u00cdTULO DECIMOCUARTO<\/strong><\/b><br \/>\n<b><strong>DE LA SIMULACI\u00d3N<\/strong><\/b><\/p>\n<ol start=\"136\">\n<li style=\"font-weight: 400;\">Concepto<br \/>\n137. Requisitos<br \/>\n138. Clases de simulaci\u00f3n<br \/>\n139. Simulaci\u00f3n absoluta y relativa<br \/>\n140. Simulaci\u00f3n l\u00edcita e il\u00edcita<br \/>\n141. Simulaci\u00f3n por interposici\u00f3n de personas<br \/>\n142. Simulaci\u00f3n de contenido<br \/>\n143. Efectos de la simulaci\u00f3n<br \/>\n144. Efectos entre las partes. Simulaci\u00f3n absoluta<br \/>\n145. La simulaci\u00f3n absoluta no puede atacarse por falta de causa<br \/>\n146. Efectos de la simulaci\u00f3n absoluta respecto de terceros<br \/>\n147. Efectos de la simulaci\u00f3n relativa, respecto de las partes y de terceros<br \/>\n148. Prueba de la simulaci\u00f3n<br \/>\n149. El contrato fiduciario<br \/>\n150. El contrato fiduciario puede ser l\u00edcito o il\u00edcito<br \/>\n151. Simulaci\u00f3n y negocio fiduciario<br \/>\n152. Doctrina del levantamiento del velo<\/li>\n<\/ol>\n","protected":false},"excerpt":{"rendered":"<p>Buscas un libro Jur\u00eddico.? Lo puedes encontrar en nuestra tienda virtual.<br \/>\nContamos con prestigiosos autores y muchas alternativas en sus diferentes materias al igual que grandes descuentos.! Vis\u00edtanos en <a class=\"DXNSlbosknJbpjnPjPkcXtduFQjWIw \" tabindex=\"0\" href=\"https:\/\/lnkd.in\/eiAG7jdZ\" target=\"_blank\" rel=\"noopener\" data-test-app-aware-link=\"\">https:\/\/lnkd.in\/eiAG7jdZ<\/a><br \/>\nEscr\u00edbenos al +56930565235 \/ <a class=\"DXNSlbosknJbpjnPjPkcXtduFQjWIw \" tabindex=\"0\" href=\"mailto:ventaslegallexglobal@gmail.com\" target=\"_self\" data-test-app-aware-link=\"\">ventaslegallexglobal@gmail.com<\/a><br \/>\nHacemos env\u00edos a todo Chile \u2013 Starken o Correos Chile \/ Te esperamos<\/p>\n","protected":false},"featured_media":2439,"comment_status":"open","ping_status":"closed","template":"","meta":{"inline_featured_image":false,"_joinchat":[]},"product_brand":[],"product_cat":[27,26],"product_tag":[],"class_list":{"0":"post-2409","1":"product","2":"type-product","3":"status-publish","4":"has-post-thumbnail","6":"product_cat-civil","7":"product_cat-derecho","9":"first","10":"instock","11":"shipping-taxable","12":"purchasable","13":"product-type-simple"},"_links":{"self":[{"href":"https:\/\/bibliotecajuridicavirtual.cl\/index.php\/wp-json\/wp\/v2\/product\/2409","targetHints":{"allow":["GET"]}}],"collection":[{"href":"https:\/\/bibliotecajuridicavirtual.cl\/index.php\/wp-json\/wp\/v2\/product"}],"about":[{"href":"https:\/\/bibliotecajuridicavirtual.cl\/index.php\/wp-json\/wp\/v2\/types\/product"}],"replies":[{"embeddable":true,"href":"https:\/\/bibliotecajuridicavirtual.cl\/index.php\/wp-json\/wp\/v2\/comments?post=2409"}],"wp:featuredmedia":[{"embeddable":true,"href":"https:\/\/bibliotecajuridicavirtual.cl\/index.php\/wp-json\/wp\/v2\/media\/2439"}],"wp:attachment":[{"href":"https:\/\/bibliotecajuridicavirtual.cl\/index.php\/wp-json\/wp\/v2\/media?parent=2409"}],"wp:term":[{"taxonomy":"product_brand","embeddable":true,"href":"https:\/\/bibliotecajuridicavirtual.cl\/index.php\/wp-json\/wp\/v2\/product_brand?post=2409"},{"taxonomy":"product_cat","embeddable":true,"href":"https:\/\/bibliotecajuridicavirtual.cl\/index.php\/wp-json\/wp\/v2\/product_cat?post=2409"},{"taxonomy":"product_tag","embeddable":true,"href":"https:\/\/bibliotecajuridicavirtual.cl\/index.php\/wp-json\/wp\/v2\/product_tag?post=2409"}],"curies":[{"name":"wp","href":"https:\/\/api.w.org\/{rel}","templated":true}]}}