{"id":2410,"date":"2026-02-28T01:01:30","date_gmt":"2026-02-28T04:01:30","guid":{"rendered":"https:\/\/bibliotecajuridicavirtual.cl\/?post_type=product&#038;p=2410"},"modified":"2026-02-28T01:01:34","modified_gmt":"2026-02-28T04:01:34","slug":"manual-sobre-remuneraciones-eduardo-caamano-rojo-cristobal-gutierrez-dominguez-veronica-munilla-espinoza-karla-varas-marchant","status":"publish","type":"product","link":"https:\/\/bibliotecajuridicavirtual.cl\/index.php\/product\/manual-sobre-remuneraciones-eduardo-caamano-rojo-cristobal-gutierrez-dominguez-veronica-munilla-espinoza-karla-varas-marchant\/","title":{"rendered":"Manual Sobre Remuneraciones * Eduardo Caama\u00f1o Rojo &#8211; Crist\u00f3bal Guti\u00e9rrez Dom\u00ednguez &#8211; Ver\u00f3nica Munilla Espinoza &#8211; Karla Varas Marchant"},"content":{"rendered":"<p style=\"font-weight: 400;\">La remuneraci\u00f3n es el principal derecho para las personas trabajadoras que emana de sus contratos de trabajo y, a pesar de su trascendencia, no siempre se aborda de forma completa e integrada con sus implicancias pr\u00e1cticas en el desarrollo de las relaciones laborales.<\/p>\n<p style=\"font-weight: 400;\">Su alcance no se limita a lo jur\u00eddico o econ\u00f3mico, tambi\u00e9n se conecta con la justicia social y el debido respeto a la dignidad humana, ya que el trabajo es un eje indispensable para la mayor\u00eda de las personas. En este sentido, el estudio de esta materia resulta fundamental para comprender la libertad de trabajo y la justa retribuci\u00f3n como derechos fundamentales.<\/p>\n<p style=\"font-weight: 400;\">Este manual ofrece una herramienta rigurosa y actualizada para que estudiantes y operadores jur\u00eddicos comprendan los fundamentos conceptuales, normativos y jurisprudenciales que estructuran el sistema de remuneraciones. Para ello, el texto se estructura en tres cap\u00edtulos que abordan: el primero, el concepto general de remuneraci\u00f3n y su relevancia pol\u00edtica y jur\u00eddica; el segundo, su configuraci\u00f3n en el derecho nacional y, los principios que la informan; y el tercero, los rubros que la componen y el sistema de protecci\u00f3n aplicable.<\/p>\n<p style=\"font-weight: 400;\">Conocer y aplicar correctamente la normativa laboral sobre remuneraciones no solo es un imperativo jur\u00eddico, sino tambi\u00e9n compromiso \u00e9tico. Con esta obra, sus autores realizan una contribuci\u00f3n significativa que refuerza y fortalece una cultura jur\u00eddica respetuosa, justa y comprometida con la equidad en el trabajo.<\/p>\n<p style=\"font-weight: 400;\">\n<p style=\"font-weight: 400;\"><b><strong>CAP\u00cdTULO 1<\/strong><\/b><br \/>\n<b><strong>NOCIONES GENERALES SOBRE LAS REMUNERA-CIONES EN EL DERECHO DEL TRABAJO<\/strong><\/b><\/p>\n<ol>\n<li style=\"font-weight: 400;\">CONSIDERACIONES GENERALES SOBRE LAS REMUNERACIONES Y SU IMPORTANCIA JUR\u00cdDICA<\/li>\n<li style=\"font-weight: 400;\">\u00bfPOR QU\u00c9 ES IMPORTANTE LA REGULACI\u00d3N DE LAS REMUNERACIONES? LA EVIDENCIA HIST\u00d3RICA<\/li>\n<li style=\"font-weight: 400;\">EL DERECHO A LA JUSTA RETRIBUCI\u00d3N<\/li>\n<\/ol>\n<p style=\"font-weight: 400;\">3.1. Antecedentes hist\u00f3ricos<br \/>\n3.2. Regulaci\u00f3n internacional sobre el derecho a la justa retribuci\u00f3n<\/p>\n<ol start=\"4\">\n<li style=\"font-weight: 400;\">EL INGRESO MINIMO MENSUAL<\/li>\n<\/ol>\n<p style=\"font-weight: 400;\">4.1. \u00bfPor qu\u00e9 debe existir un ingreso m\u00ednimo?.<br \/>\n4.2. Regulaci\u00f3n internacional<br \/>\n4.3. La regulaci\u00f3n del ingreso m\u00ednimo mensual en Chile<br \/>\nA) Pago proporcional del ingreso m\u00ednimo mensual a los trabajadores a tiempo parcial<\/p>\n<p style=\"font-weight: 400;\"><b><strong>CAP\u00cdTULO II<\/strong><\/b><br \/>\n<b><strong>LA REGULACI\u00d3N DE LAS REMUNERACIONES EN EL C\u00d3DIGO DEL TRABAJO<\/strong><\/b><\/p>\n<ol>\n<li style=\"font-weight: 400;\">CONCEPTO LEGAL DE REMUNERACIONES<\/li>\n<\/ol>\n<p style=\"font-weight: 400;\">1.1. An\u00e1lisis del art\u00edculo 41 del C\u00f3digo del Trabajo<br \/>\n1.2. Asignaciones no constitutivas de remuneraci\u00f3n<br \/>\nA) Otras asignaciones no remuneracionales: la propina<\/p>\n<ol start=\"2\">\n<li style=\"font-weight: 400;\">CONCEPTOS ESPECIALES DE REMUNERACI\u00d3N<\/li>\n<li style=\"font-weight: 400;\">LOS PRINCIPIOS INFORMADORES DE LAS REMUNERACIONES<\/li>\n<\/ol>\n<p style=\"font-weight: 400;\">3.1. Principio de integridad<br \/>\n3.2. Principio retributivo<br \/>\n3.3. Principio de igualdad de remuneraciones entre hombres y mujeres<br \/>\n3.4. Principio de certeza<br \/>\n3.5. Principio de intangibilidad<\/p>\n<ol start=\"4\">\n<li style=\"font-weight: 400;\">FORMAS NOMINADAS O TIPICAS DE REMUNERACI\u00d3N<\/li>\n<\/ol>\n<p style=\"font-weight: 400;\">4.1. El sueldo o sueldo base<br \/>\nA) Jurisprudencia de la Direcci\u00f3n del Trabajo sobre el concepto de sueldo<br \/>\nB) El sueldo base equivalente al ingreso m\u00ednimo mensual<br \/>\n4.2. El sobresueldo<br \/>\nA) Base de c\u00e1lculo del sobresueldo<br \/>\n4.3. La comisi\u00f3n<br \/>\n4.4. La participaci\u00f3n<br \/>\n4.5. La gratificaci\u00f3n<br \/>\nA) Empresas obligadas al pago de gratificaciones legales<br \/>\nB) Formas de pago de la gratificaci\u00f3n legal<br \/>\nC) Anticipos y oportunidad de pago de la gratificaci\u00f3n<br \/>\n4.6. La semana corrida<br \/>\nA) Base de c\u00e1lculo<\/p>\n<p style=\"font-weight: 400;\"><b><strong>CAP\u00cdTULO III<\/strong><\/b><br \/>\n<b><strong>LA PROTECCI\u00d3N DE LAS REMUNERACIONES<\/strong><\/b><\/p>\n<ol>\n<li style=\"font-weight: 400;\">INTRODUCCI\u00d3N<\/li>\n<li style=\"font-weight: 400;\">GARANT\u00cdAS CON RELACI\u00d3N AL PAGO<\/li>\n<\/ol>\n<p style=\"font-weight: 400;\">2.1. Forma de pago de las remuneraciones<br \/>\n2.2. Periodicidad del pago de las remuneraciones<br \/>\n2.3. Lugar y oportunidad de pago de las remuneraciones<\/p>\n<ol start=\"3\">\n<li style=\"font-weight: 400;\">GARANTIAS FRENTE AL EMPLEADOR<\/li>\n<\/ol>\n<p style=\"font-weight: 400;\">3.1. Descuentos de remuneraciones<br \/>\n3.2. Reajustabilidad e inter\u00e9s de las remuneraciones adeudadas<br \/>\n3.3. Publicidad del pago de las remuneraciones.<\/p>\n<ol start=\"4\">\n<li style=\"font-weight: 400;\">GARANT\u00cdAS EN RELACI\u00d3N CON LOS ACREEDORES DEL EMPLEADOR<\/li>\n<li style=\"font-weight: 400;\">GARANT\u00cdAS FRENTE A TERCEROS<\/li>\n<li style=\"font-weight: 400;\">GARANT\u00cdAS EN RELACI\u00d3N CON LA FAMILIA DEL TRABAJADOR<\/li>\n<\/ol>\n","protected":false},"excerpt":{"rendered":"<p>edici\u00f3n Agosto 2025 &#8211; 160 P\u00e1ginas<br \/>\nBuscas un libro Jur\u00eddico.? Lo puedes encontrar en nuestra tienda virtual.<br \/>\nContamos con prestigiosos autores y muchas alternativas en sus diferentes materias al igual que grandes descuentos.! Vis\u00edtanos en <a class=\"CfNQGlhWUWJsYONVgpIxUnCheSFloSNXpQc \" tabindex=\"0\" href=\"https:\/\/lnkd.in\/eiAG7jdZ\" target=\"_blank\" rel=\"noopener\" data-test-app-aware-link=\"\">https:\/\/lnkd.in\/eiAG7jdZ<\/a><br \/>\nEscr\u00edbenos al +56930565235 \/ <a class=\"CfNQGlhWUWJsYONVgpIxUnCheSFloSNXpQc \" tabindex=\"0\" href=\"mailto:ventaslegallexglobal@gmail.com\" target=\"_self\" data-test-app-aware-link=\"\">ventaslegallexglobal@gmail.com<\/a><br \/>\nHacemos env\u00edos a todo Chile \u2013 Starken o Correos Chile \/ Te esperamos<\/p>\n","protected":false},"featured_media":2440,"comment_status":"open","ping_status":"closed","template":"","meta":{"inline_featured_image":false,"_joinchat":[]},"product_brand":[],"product_cat":[26,41],"product_tag":[],"class_list":{"0":"post-2410","1":"product","2":"type-product","3":"status-publish","4":"has-post-thumbnail","6":"product_cat-derecho","7":"product_cat-laboral","9":"first","10":"instock","11":"shipping-taxable","12":"purchasable","13":"product-type-simple"},"_links":{"self":[{"href":"https:\/\/bibliotecajuridicavirtual.cl\/index.php\/wp-json\/wp\/v2\/product\/2410","targetHints":{"allow":["GET"]}}],"collection":[{"href":"https:\/\/bibliotecajuridicavirtual.cl\/index.php\/wp-json\/wp\/v2\/product"}],"about":[{"href":"https:\/\/bibliotecajuridicavirtual.cl\/index.php\/wp-json\/wp\/v2\/types\/product"}],"replies":[{"embeddable":true,"href":"https:\/\/bibliotecajuridicavirtual.cl\/index.php\/wp-json\/wp\/v2\/comments?post=2410"}],"wp:featuredmedia":[{"embeddable":true,"href":"https:\/\/bibliotecajuridicavirtual.cl\/index.php\/wp-json\/wp\/v2\/media\/2440"}],"wp:attachment":[{"href":"https:\/\/bibliotecajuridicavirtual.cl\/index.php\/wp-json\/wp\/v2\/media?parent=2410"}],"wp:term":[{"taxonomy":"product_brand","embeddable":true,"href":"https:\/\/bibliotecajuridicavirtual.cl\/index.php\/wp-json\/wp\/v2\/product_brand?post=2410"},{"taxonomy":"product_cat","embeddable":true,"href":"https:\/\/bibliotecajuridicavirtual.cl\/index.php\/wp-json\/wp\/v2\/product_cat?post=2410"},{"taxonomy":"product_tag","embeddable":true,"href":"https:\/\/bibliotecajuridicavirtual.cl\/index.php\/wp-json\/wp\/v2\/product_tag?post=2410"}],"curies":[{"name":"wp","href":"https:\/\/api.w.org\/{rel}","templated":true}]}}