{"id":2411,"date":"2026-02-28T01:01:30","date_gmt":"2026-02-28T04:01:30","guid":{"rendered":"https:\/\/bibliotecajuridicavirtual.cl\/?post_type=product&#038;p=2411"},"modified":"2026-02-28T01:01:34","modified_gmt":"2026-02-28T04:01:34","slug":"de-las-obligaciones-rene-ramos-pazos-4ta-edicion-ano-2025-441-pag","status":"publish","type":"product","link":"https:\/\/bibliotecajuridicavirtual.cl\/index.php\/product\/de-las-obligaciones-rene-ramos-pazos-4ta-edicion-ano-2025-441-pag\/","title":{"rendered":"De Las Obligaciones * Ren\u00e9 Ramos Pazos &#8211; 4ta. edici\u00f3n a\u00f1o 2025 * 441 P\u00e1g."},"content":{"rendered":"<p style=\"font-weight: 400;\">La obra contempla un estudio sistematizado de las obligaciones, analizando, en su primera parte, sus conceptos generales, fuentes y clasificaci\u00f3n (obligaciones civiles y naturales, positivas y negativas, de especie o cuerpo cierto y de g\u00e9nero; de dar, hacer, hacer o no hacer; de dinero y de valor; de objeto singular y con objeto plural o compuesta; con unidad y con pluralidad de sujetos; principales y accesorias; puras y simples o sujetas a modalidad y nuevas categor\u00edas de obligaciones).<\/p>\n<p style=\"font-weight: 400;\">Su segunda parte repasa los efectos de las obligaciones (cumplimiento forzado; cumplimiento por equivalencia; avaluaci\u00f3n de los perjuicios; derechos auxiliares del acreedor); los modos de extinguir las obligaciones (soluci\u00f3n o pago efectivo; pago por consignaci\u00f3n; con subrogaci\u00f3n; con cesi\u00f3n de bienes o por acci\u00f3n ejecutiva del acreedor o acreedores; con beneficio de competencia; la daci\u00f3n en pago; la novaci\u00f3n; la compensaci\u00f3n; la remisi\u00f3n; la confusi\u00f3n: imposibilidad de la ejecuci\u00f3n y p\u00e9rdida de la cosa debida y la prescripci\u00f3n), finalizando con la prelaci\u00f3n de cr\u00e9ditos<\/p>\n<p style=\"font-weight: 400;\">Esta cuarta edici\u00f3n (la primera tras el fallecimiento del profesor Ramos Pazos), al igual que el resto de su legado bibliogr\u00e1fico, se encuentra al cuidado del Departamento de Derecho Privado de la Universidad de Concepci\u00f3n y ha sido actualizada por los profesores que lo componen.<\/p>\n<p style=\"font-weight: 400;\"><b><strong>CAP\u00cdTULO PRIMERO<br \/>\nCONCEPTOS GENERALES<\/strong><\/b><\/p>\n<p style=\"font-weight: 400;\"><b><strong>CAP\u00cdTULO SEGUNDO<br \/>\nFUENTES DE LAS OBLIGACIONES<\/strong><\/b><\/p>\n<p style=\"font-weight: 400;\"><b><strong>CAP\u00cdTULO TERCERO<br \/>\nCLASIFICACI\u00d3N DE LAS OBLIGACIONES<\/strong><\/b><\/p>\n<p style=\"font-weight: 400;\"><b><strong>CAP\u00cdTULO CUARTO<br \/>\nDE LOS MODOS DE EXTINGUIR LAS OBLIGACIONES<\/strong><\/b><\/p>\n<p style=\"font-weight: 400;\"><b><strong>CAP\u00cdTULO QUINTO<\/strong><\/b><br \/>\n<b><strong>DE LA PRELACI\u00d3N DE CR\u00c9DITOS<\/strong><\/b><\/p>\n","protected":false},"excerpt":{"rendered":"<p>Buscas un libro Jur\u00eddico.? Lo puedes encontrar en nuestra tienda virtual.<br \/>\nContamos con prestigiosos autores y muchas alternativas en sus diferentes materias al igual que grandes descuentos.! Vis\u00edtanos en <a class=\"CfNQGlhWUWJsYONVgpIxUnCheSFloSNXpQc \" tabindex=\"0\" href=\"https:\/\/lnkd.in\/eiAG7jdZ\" target=\"_blank\" rel=\"noopener\" data-test-app-aware-link=\"\">https:\/\/lnkd.in\/eiAG7jdZ<\/a><br \/>\nEscr\u00edbenos al +56930565235 \/ <a class=\"CfNQGlhWUWJsYONVgpIxUnCheSFloSNXpQc \" tabindex=\"0\" href=\"mailto:ventaslegallexglobal@gmail.com\" target=\"_self\" data-test-app-aware-link=\"\">ventaslegallexglobal@gmail.com<\/a><br \/>\nHacemos env\u00edos a todo Chile \u2013 Starken o Correos Chile \/ Te esperamos<\/p>\n","protected":false},"featured_media":2441,"comment_status":"open","ping_status":"closed","template":"","meta":{"inline_featured_image":false,"_joinchat":[]},"product_brand":[],"product_cat":[27],"product_tag":[],"class_list":{"0":"post-2411","1":"product","2":"type-product","3":"status-publish","4":"has-post-thumbnail","6":"product_cat-civil","8":"first","9":"instock","10":"shipping-taxable","11":"purchasable","12":"product-type-simple"},"_links":{"self":[{"href":"https:\/\/bibliotecajuridicavirtual.cl\/index.php\/wp-json\/wp\/v2\/product\/2411","targetHints":{"allow":["GET"]}}],"collection":[{"href":"https:\/\/bibliotecajuridicavirtual.cl\/index.php\/wp-json\/wp\/v2\/product"}],"about":[{"href":"https:\/\/bibliotecajuridicavirtual.cl\/index.php\/wp-json\/wp\/v2\/types\/product"}],"replies":[{"embeddable":true,"href":"https:\/\/bibliotecajuridicavirtual.cl\/index.php\/wp-json\/wp\/v2\/comments?post=2411"}],"wp:featuredmedia":[{"embeddable":true,"href":"https:\/\/bibliotecajuridicavirtual.cl\/index.php\/wp-json\/wp\/v2\/media\/2441"}],"wp:attachment":[{"href":"https:\/\/bibliotecajuridicavirtual.cl\/index.php\/wp-json\/wp\/v2\/media?parent=2411"}],"wp:term":[{"taxonomy":"product_brand","embeddable":true,"href":"https:\/\/bibliotecajuridicavirtual.cl\/index.php\/wp-json\/wp\/v2\/product_brand?post=2411"},{"taxonomy":"product_cat","embeddable":true,"href":"https:\/\/bibliotecajuridicavirtual.cl\/index.php\/wp-json\/wp\/v2\/product_cat?post=2411"},{"taxonomy":"product_tag","embeddable":true,"href":"https:\/\/bibliotecajuridicavirtual.cl\/index.php\/wp-json\/wp\/v2\/product_tag?post=2411"}],"curies":[{"name":"wp","href":"https:\/\/api.w.org\/{rel}","templated":true}]}}