{"id":2412,"date":"2026-02-28T01:01:30","date_gmt":"2026-02-28T04:01:30","guid":{"rendered":"https:\/\/bibliotecajuridicavirtual.cl\/?post_type=product&#038;p=2412"},"modified":"2026-02-28T01:01:35","modified_gmt":"2026-02-28T04:01:35","slug":"manual-de-reorganizaciones-empresariales-y-sus-efectos-tributarios-david-lagos-fernandez-agosto-ano-2025-328-pag","status":"publish","type":"product","link":"https:\/\/bibliotecajuridicavirtual.cl\/index.php\/product\/manual-de-reorganizaciones-empresariales-y-sus-efectos-tributarios-david-lagos-fernandez-agosto-ano-2025-328-pag\/","title":{"rendered":"Manual de Reorganizaciones Empresariales y sus Efectos Tributarios * David Lagos Fern\u00e1ndez &#8211; Agosto a\u00f1o 2025 &#8211; 328 P\u00e1g."},"content":{"rendered":"<p style=\"font-weight: 400;\">El autor de una manera pedag\u00f3gica y did\u00e1ctica desarrolla e instruye acerca de los elementos jur\u00eddicos que intervienen en los diversos tipos de reorganizaciones empresariales y sus efectos tributarios<\/p>\n<p style=\"font-weight: 400;\">Es as\u00ed, como se pasa revista a las diferentes formas de organizaci\u00f3n jur\u00eddica que puede adoptar una empresa o un nuevo emprendimiento y las modificaciones que ellas pueden experimentar en su ciclo de vida, tales como: Conversiones, Transformaciones, Fusiones o Divisiones.<\/p>\n<p style=\"font-weight: 400;\">De gran relevancia es el Cap\u00edtulo dedicado especialmente a la atenci\u00f3n que debe prestarse a las actuales normas antielusivas (NGA) y a la leg\u00edtima raz\u00f3n de negocios que debe acompa\u00f1ar a distintos tipos de reorganizaciones empresariales.<\/p>\n<p style=\"font-weight: 400;\"><b><strong>CAPITULO 1<br \/>\nFONDO O SUSTENTO ECON\u00d3MICO DE UNA REORGANIZACI\u00d3N EMPRESARIAL<\/strong><\/b><\/p>\n<p style=\"font-weight: 400;\"><b><strong>CAPITULO 2<br \/>\nCONCEPTO DE EMPRESA<\/strong><\/b><\/p>\n<p style=\"font-weight: 400;\"><b><strong>CAPITULO 3<\/strong><\/b><br \/>\n<b><strong>ALTERNATIVAS DE ORGANIZACI\u00d3N JUR\u00cdDICA PARA REALIZAR UNA ACTIVIDAD<\/strong><\/b><\/p>\n<p style=\"font-weight: 400;\">3.1 Empresa Individual (E.I.)<br \/>\n3.2 Comunidades y Sociedades de Hecho<br \/>\n3.3 Asociaci\u00f3n o Cuentas en Participaci\u00f3n<br \/>\n3.4 Cooperativas<br \/>\n3.5 Joint Venture<br \/>\n3.6 Agencia o Establecimiento Permanent<br \/>\n3.7 Fondo de Inversi\u00f3n Privado<br \/>\n3.8 Sociedades y Empresas Individuales de Responsabilidad Limitada (EIRL)<\/p>\n<p style=\"font-weight: 400;\"><b><strong>CAPITULO 4<\/strong><\/b><br \/>\n<b><strong>CLASIFICACI\u00d3N DE LAS SOCIEDADES<\/strong><\/b><\/p>\n<p style=\"font-weight: 400;\">4.1 Sociedades An\u00f3nimas<br \/>\n4.2 Sociedades por Acciones<br \/>\n4.3 Sociedad de Responsabilidad Limitada<br \/>\n4.4 Empresa individual de responsabilidad limitada (EIRL)<br \/>\n4.5 Sociedad en comandita<br \/>\n4.6 Sociedad colectiva mercantil<br \/>\n4.7 Resumen de formalidades de constituci\u00f3n<\/p>\n<p style=\"font-weight: 400;\">4.8 Caso especial: \u201cSociedad de Profesionales\u201d<br \/>\n4.9 Empresas y Sociedades constituidas a trav\u00e9s del portal de \u201cTu empresa en un d\u00eda\u201d<br \/>\n4.10 Qu\u00e9 empresa o sociedad elegir<\/p>\n<p style=\"font-weight: 400;\"><b><strong>CAPITULO 5<\/strong><\/b><br \/>\n<b><strong>LA REORGANIZACI\u00d3N EMPRESARIAL<\/strong><\/b><\/p>\n<p style=\"font-weight: 400;\">5.1 Herramientas legales para reorganizarse<br \/>\n5.2 Como ejecutar una reorganizaci\u00f3n empresarial<br \/>\n5.3 Posibilidad de acudir al SII antes de materializar la reorganizaci\u00f3n<\/p>\n<p style=\"font-weight: 400;\"><b><strong>CAPITULO 6<\/strong><\/b><br \/>\n<b><strong>LA FUSION<\/strong><\/b><\/p>\n<p style=\"font-weight: 400;\">6.1 Formalidades legales de las fusiones<br \/>\n6.2 Fecha de la fusi\u00f3n para efectos jur\u00eddicos y tributarios<br \/>\n6.3 Goodwill \u2013 Badwill<br \/>\n6.3.1 Cuadro sin\u00f3ptico del tratamiento tributario del badwill y del goodwill<br \/>\n6.4 Tr\u00e1mites ante el SII por fusi\u00f3n<br \/>\n6.5 T\u00e9rmino de giro<br \/>\n6.6 Efectos tributarios de la fusi\u00f3n a nivel de Impuesto a la Renta<br \/>\n6.7 Fusi\u00f3n seg\u00fan Ley de la Renta vigente desde el 01 de enero 2020<br \/>\n6.7.1 Fusi\u00f3n de empresa 14 A (absorbente) con otras empresas del r\u00e9gimen 14 A o 14 D 3 (absorbidas)<br \/>\n6.7.2 Fusi\u00f3n de empresa Art. 14 A (absorbente) con empresa Art. 14 B N\u00b0 1 o Art. 14 N\u00b0 8 (absorbida)<br \/>\n6.7.3 Fusi\u00f3n de empresa Art. 14 A (absorbente) con sociedad acogida a renta presunta (absorbida)<br \/>\n6.7.4 Fusi\u00f3n de empresa Art. 14 B) N\u00b0 1, 14 D) N\u00b0 8 o renta presunta (absorbente) con sociedad Art. 14 A (absorbida)<br \/>\n6.8 Efectos tributarios de la fusi\u00f3n a nivel de Impuesto a las Ventas y Servicios<br \/>\n6.9 Canje de acciones en el proceso de fusi\u00f3n<br \/>\n6.10 Ejemplo de fusi\u00f3n impropia<br \/>\n6.11 Ejemplo de fusi\u00f3n por incorporaci\u00f3n<br \/>\n6.12 Ejemplo de presentaci\u00f3n de informe pericial<br \/>\n6.13 Ejemplo balances LUNA S.A. y SOL S.A. antes de fusi\u00f3n<br \/>\n6.14 La Fusi\u00f3n inversa<br \/>\n6.15 Ejemplo de Fusi\u00f3n y sus efectos en el Registro Tributario de Rentas Empresariales<\/p>\n<p style=\"font-weight: 400;\"><b><strong>CAPITULO 7<\/strong><\/b><br \/>\n<b><strong>LA DIVISI\u00d3N<\/strong><\/b><\/p>\n<p style=\"font-weight: 400;\">7.1 Formalidades legales de la divisi\u00f3n de una S.A<br \/>\n7.2 Formalidades legales de la divisi\u00f3n de las dem\u00e1s sociedades y personas jur\u00eddicas<br \/>\n7.3 Tr\u00e1mites ante el SII<br \/>\n7.4 Aspectos contables y tributarios de la divisi\u00f3n<br \/>\n7.5 Ejemplo de divisi\u00f3n<br \/>\n7.6 Ejemplo de divisi\u00f3n y sus efectos en el Registro Tributario de Rentas Empresariales<\/p>\n<p style=\"font-weight: 400;\"><b><strong>CAPITULO 8<\/strong><\/b><br \/>\n<b><strong>LA TRANSFORMACI\u00d3N DE SOCIEDADES<br \/>\n<\/strong><\/b><br \/>\n8.1 Transformaci\u00f3n de sociedades<br \/>\n8.2 Oportunidad en que se materializa la transformaci\u00f3n<br \/>\n8.3 Tr\u00e1mites ante el SII en caso de una Transformaci\u00f3n<br \/>\n8.4 Efectos contables y tributarios de la transformaci\u00f3n<br \/>\n8.5 Ley sobre Impuesto a las Ventas y Servicios<br \/>\n8.6 Ley de Impuesto a la Renta<br \/>\n8.7 Situaci\u00f3n de transformaci\u00f3n de una Sociedad Art. 14 A que se transforma en S.A. efecto que s\u00f3lo se gener\u00f3 hasta el 31.12.2019 seg\u00fan se explic\u00f3 en el p\u00e1rrafo anterior al 31.12.2019<br \/>\n8.8 Situaci\u00f3n especial de la EIRL en que fallece su titular<br \/>\n8.9 Caso de contribuyente de renta presunta que se transforma en sociedad an\u00f3nima<br \/>\n8.10 Costo tributario de las acciones producto de una Transformaci\u00f3n<br \/>\n8.11 Costo tributario de las acciones financiadas con retiros para reinversi\u00f3n<\/p>\n<p style=\"font-weight: 400;\"><b><strong>CAPITULO 9<\/strong><\/b><br \/>\n<b><strong>LA CONVERSI\u00d3N<\/strong><\/b><\/p>\n<p style=\"font-weight: 400;\">9.1 La Conversi\u00f3n implica el aporte de los activos y pasivos del EI a la entidad que se convierte<br \/>\n9.2 La conversi\u00f3n implica la constituci\u00f3n de una EIRL o de una sociedad y el t\u00e9rmino del giro del EI<br \/>\n9.3 Tr\u00e1mites ante el SII<br \/>\n9.4 Efectos de la conversi\u00f3n a nivel de Impuesto a la Renta<br \/>\n9.5 Efectos tributarios de la conversi\u00f3n a nivel de Impuesto a las Ventas y Servicios<\/p>\n<p style=\"font-weight: 400;\"><b><strong>CAPITULO 10<\/strong><\/b><br \/>\n<b><strong>LA REORGANIZACI\u00d3N EMPRESARIAL ANTE LA NGA (NORMA GENERAL ANTIELUSI\u00d3N)<\/strong><\/b><\/p>\n<p style=\"font-weight: 400;\">10.1 La NGA en el C\u00f3digo Tributario<br \/>\n10.2 Criterios administrativos vigentes respecto a la NGA<br \/>\n10.3 Cat\u00e1logo de esquemas tributarios del SII<\/p>\n<p style=\"font-weight: 400;\">ANEXO N\u00b0 1: Reglas para fusionar empresas sometidas a distintos reg\u00edmenes tributarios hasta el 31.12.2019<\/p>\n<p style=\"font-weight: 400;\">Fusi\u00f3n Soc. 14 B con Soc. 14 B vigentes hasta el 31.12.2019<br \/>\nFusi\u00f3n Soc. 14 A con Soc. 14 A vigentes hasta el 31.12.2019<br \/>\nFusi\u00f3n Soc. 14 C N\u00b0 1 con Soc. 14 B seg\u00fan normas al 31.12.2019<br \/>\nFusi\u00f3n Soc. 14 A que absorbe Soc. 14 B hasta 31.12.2019<br \/>\nFusi\u00f3n Soc. 14 B que absorbe Soc. 14 A hasta 31.12.2019<\/p>\n<p style=\"font-weight: 400;\"><b><strong>AP\u00c9NDICE<br \/>\n<\/strong><\/b><b><strong>CIRCULARES DEL S.I.I. RELACIONADAS CON LOS TEMAS TRATADOS EN ESTA OBRA<\/strong><\/b><\/p>\n<p style=\"font-weight: 400;\">Circular N\u00b0 6, de 16.01.2025 Procedimiento de fiscalizaci\u00f3n unificado de grupos empresariales<br \/>\nCircular N\u00b0 23, de 27.03.2025 Normas de tasaci\u00f3n contempladas en el art\u00edculo 64 del C\u00f3digo Tributario<br \/>\nCircular N\u00b0 31, de 17.04.2025 Instrucciones en materia de normas antielusivas<br \/>\nCircular N\u00b0 36, de 30.04.2025 Cooperaci\u00f3n eficaz y denunciante an\u00f3nimo<br \/>\nCircular N\u00b0 38, de 30.04.2025 Inicio de actividades y obtenci\u00f3n de RUT<\/p>\n","protected":false},"excerpt":{"rendered":"<p>Buscas un libro Jur\u00eddico.? Lo puedes encontrar en nuestra tienda virtual.<br \/>\nContamos con prestigiosos autores y muchas alternativas en sus diferentes materias al igual que grandes descuentos.! Vis\u00edtanos en <a class=\"CfNQGlhWUWJsYONVgpIxUnCheSFloSNXpQc \" tabindex=\"0\" href=\"https:\/\/lnkd.in\/eiAG7jdZ\" target=\"_blank\" rel=\"noopener\" data-test-app-aware-link=\"\">https:\/\/lnkd.in\/eiAG7jdZ<\/a><br \/>\nEscr\u00edbenos al +56930565235 \/ <a class=\"CfNQGlhWUWJsYONVgpIxUnCheSFloSNXpQc \" tabindex=\"0\" href=\"mailto:ventaslegallexglobal@gmail.com\" target=\"_self\" data-test-app-aware-link=\"\">ventaslegallexglobal@gmail.com<\/a><br \/>\nHacemos env\u00edos a todo Chile \u2013 Starken o Correos Chile \/ Te esperamos<\/p>\n","protected":false},"featured_media":2442,"comment_status":"open","ping_status":"closed","template":"","meta":{"inline_featured_image":false,"_joinchat":[]},"product_brand":[],"product_cat":[26,28],"product_tag":[],"class_list":{"0":"post-2412","1":"product","2":"type-product","3":"status-publish","4":"has-post-thumbnail","6":"product_cat-derecho","7":"product_cat-tributario","9":"first","10":"instock","11":"shipping-taxable","12":"purchasable","13":"product-type-simple"},"_links":{"self":[{"href":"https:\/\/bibliotecajuridicavirtual.cl\/index.php\/wp-json\/wp\/v2\/product\/2412","targetHints":{"allow":["GET"]}}],"collection":[{"href":"https:\/\/bibliotecajuridicavirtual.cl\/index.php\/wp-json\/wp\/v2\/product"}],"about":[{"href":"https:\/\/bibliotecajuridicavirtual.cl\/index.php\/wp-json\/wp\/v2\/types\/product"}],"replies":[{"embeddable":true,"href":"https:\/\/bibliotecajuridicavirtual.cl\/index.php\/wp-json\/wp\/v2\/comments?post=2412"}],"wp:featuredmedia":[{"embeddable":true,"href":"https:\/\/bibliotecajuridicavirtual.cl\/index.php\/wp-json\/wp\/v2\/media\/2442"}],"wp:attachment":[{"href":"https:\/\/bibliotecajuridicavirtual.cl\/index.php\/wp-json\/wp\/v2\/media?parent=2412"}],"wp:term":[{"taxonomy":"product_brand","embeddable":true,"href":"https:\/\/bibliotecajuridicavirtual.cl\/index.php\/wp-json\/wp\/v2\/product_brand?post=2412"},{"taxonomy":"product_cat","embeddable":true,"href":"https:\/\/bibliotecajuridicavirtual.cl\/index.php\/wp-json\/wp\/v2\/product_cat?post=2412"},{"taxonomy":"product_tag","embeddable":true,"href":"https:\/\/bibliotecajuridicavirtual.cl\/index.php\/wp-json\/wp\/v2\/product_tag?post=2412"}],"curies":[{"name":"wp","href":"https:\/\/api.w.org\/{rel}","templated":true}]}}