{"id":2413,"date":"2026-02-28T01:01:30","date_gmt":"2026-02-28T04:01:30","guid":{"rendered":"https:\/\/bibliotecajuridicavirtual.cl\/?post_type=product&#038;p=2413"},"modified":"2026-02-28T01:01:35","modified_gmt":"2026-02-28T04:01:35","slug":"principios-del-moderno-derecho-de-aguas-chileno-una-lectura-a-la-luz-de-la-ley-n21-435-tatiana-celume-byrne-agosto-ano-2025-220-pag","status":"publish","type":"product","link":"https:\/\/bibliotecajuridicavirtual.cl\/index.php\/product\/principios-del-moderno-derecho-de-aguas-chileno-una-lectura-a-la-luz-de-la-ley-n21-435-tatiana-celume-byrne-agosto-ano-2025-220-pag\/","title":{"rendered":"Principios del Moderno Derecho de Aguas Chileno. Una Lectura a la Luz de la Ley N\u00b021.435 * Tatiana Celume Byrne &#8211; Agosto a\u00f1o 2025 * 220 P\u00e1g."},"content":{"rendered":"<p style=\"font-weight: 400;\">&#8220;Principios del moderno Derecho de aguas chileno&#8221; constituye una obra esencial para comprender los principios en que se funda la nueva legislaci\u00f3n de aguas chilena. En este sentido, ofrece un an\u00e1lisis dogm\u00e1tico, sistem\u00e1tico y cr\u00edtico de la transformaci\u00f3n que ha experimentado el r\u00e9gimen jur\u00eddico de las aguas en Chile a partir de la Ley N\u00b0 21.435 de 2022.<\/p>\n<p style=\"font-weight: 400;\">Desde una perspectiva constitucional y administrativa, la obra reconstruye las bases del derecho de aprovechamiento de aguas, examinando su tr\u00e1nsito desde una configuraci\u00f3n dominada por la l\u00f3gica de la propiedad privada y el mercado, hacia un modelo que incorpora elementos de la funci\u00f3n social de la propiedad, haciendo hincapi\u00e9 en el inter\u00e9s p\u00fablico y en la incidencia ambiental de las aguas. Se abordan en detalle las implicancias jur\u00eddicas del reconocimiento del derecho humano al agua, la priorizaci\u00f3n legal del uso de las aguas para el consumo humano y el saneamiento, as\u00ed como las nuevas herramientas de preservaci\u00f3n ecosist\u00e9mica y las restricciones impuestas a la titularidad y el ejercicio de los derechos de aprovechamiento en virtud del inter\u00e9s p\u00fablico. En s\u00edntesis, se analiza la evoluci\u00f3n del elemento teleol\u00f3gico de la publificaci\u00f3n de las aguas.<\/p>\n<p style=\"font-weight: 400;\">Este libro constituye un aporte fundamental a la comprensi\u00f3n del Derecho de aguas contempor\u00e1neo, y se dirige especialmente a acad\u00e9micos, legisladores, jueces, magistrados y autoridades administrativas llamadas a aplicar e interpretar el nuevo marco regulatorio en un escenario de creciente escasez h\u00eddrica y exigencias de justicia social y ambiental.<\/p>\n<p style=\"font-weight: 400;\"><b><strong>INTRODUCCI\u00d3N<\/strong><\/b><br \/>\n<b><strong>EL DERECHO DE AGUAS CHILENO: FUNDAMENTO Y TRANSFORMACIONES<\/strong><\/b><\/p>\n<p><b><strong>CAP\u00cdTULO I<\/strong><\/b><br \/>\n<b><strong>CONSIDERACIONES PRELIMINARES PARA LA COMPRENSI\u00d3N DE LA REGULACI\u00d3N DE LAS AGUAS EN CHILE<\/strong><\/b><\/p>\n<ol>\n<li style=\"font-weight: 400;\">\u00a0El alcance p\u00fablico de la regulaci\u00f3n de las aguas1.\u00a0\u00a0 \u00a0Sobre la insusceptibilidad de apropiaci\u00f3n de las aguas<br \/>\n2.\u00a0\u00a0 \u00a0Las aguas marinas como cosas comunes a todos los hombres<br \/>\n3.\u00a0\u00a0 \u00a0Las aguas terrestres como bienes nacionales de uso p\u00fablico<\/li>\n<li style=\"font-weight: 400;\">\u00a0F\u00f3rmulas de acceso a las aguas terrestres<\/li>\n<li style=\"font-weight: 400;\">\u00a0Mecanismos de uso de las aguas territoriales<br \/>\n2.\u00a0\u00a0 \u00a0Tres formas de utilizaci\u00f3n de las aguas terrestres<br \/>\n3.\u00a0\u00a0 \u00a0El uso com\u00fan general y el uso privativo de las aguas corrientes en el sistema chileno<\/li>\n<\/ol>\n<p style=\"font-weight: 400;\">III.\u00a0\u00a0 \u00a0La afectaci\u00f3n p\u00fablica de las aguas corrientes como expresi\u00f3n de eficiencia<\/p>\n<ol>\n<li style=\"font-weight: 400;\">\u00a0Consecuencias de la propietarizaci\u00f3n del derecho de aprovechamiento de aguas<br \/>\na)\u00a0\u00a0 \u00a0Reserva legal para determinar el modo de adquirir los derechos de aprovechamiento de aguas<br \/>\nb)\u00a0\u00a0 \u00a0Sobre las facultades de uso y goce del derecho de aprovechamiento<br \/>\nc)\u00a0\u00a0 \u00a0La protecci\u00f3n del contenido esencial del derecho de aprovechamiento de aguas<br \/>\nd)\u00a0\u00a0 \u00a0Las limitaciones u obligaciones impuestas al derecho de aprovechamiento quedan sujetas a reserva legal y deben basarse en la funci\u00f3n social de la propiedad<br \/>\ne)\u00a0\u00a0 \u00a0La privaci\u00f3n o expropiaci\u00f3n de los derechos de aprovechamiento solo podr\u00e1 hacerse en virtud de una ley, general o especial, que la autorice por causa de utilidad p\u00fablica o de inter\u00e9s nacional, previamente calificada por el legislador<br \/>\nf)\u00a0\u00a0 \u00a0La Constituci\u00f3n permite al legislador el establecimiento de restricciones especiales al ejercicio del derecho de propiedad fundadas en la protecci\u00f3n del medio ambiente<\/li>\n<li style=\"font-weight: 400;\">\u00a0Cambios en la afectaci\u00f3n p\u00fablica de las aguas: las tensiones entre el n\u00facleo esencial de los derechos de aprovechamiento de aguas y la funci\u00f3n social de la propiedad<\/li>\n<li style=\"font-weight: 400;\">\u00a0La funci\u00f3n social de la propiedad en la configuraci\u00f3n del derecho de aprovechamiento de aguas<\/li>\n<\/ol>\n<p style=\"font-weight: 400;\"><b><strong>CAP\u00cdTULO II<\/strong><\/b><br \/>\n<b><strong>EL PRINCIPIO DE PRIORIZACI\u00d3N DEL USO DE LAS AGUAS PARA EL CONSUMO HUMANO Y EL SANEAMIENTO<\/strong><\/b><\/p>\n<ol>\n<li style=\"font-weight: 400;\">\u00a0El derecho humano al agua<\/li>\n<li style=\"font-weight: 400;\">\u00a0Antecedentes hist\u00f3ricos en la regulaci\u00f3n chilena de las aguas<br \/>\n2.\u00a0\u00a0 \u00a0Contenido normativo y autonom\u00eda del derecho humano al agua en el contexto internacional<br \/>\n3.\u00a0\u00a0 \u00a0El derecho humano al agua como derecho impl\u00edcito reconocido por la jurisprudencia chilena<\/li>\n<li style=\"font-weight: 400;\">\u00a0Del reconocimiento legal del derecho humano al agua en el C\u00f3digo de Aguas<\/li>\n<li style=\"font-weight: 400;\">\u00a0Priorizaci\u00f3n del consumo humano y el saneamiento en la constituci\u00f3n del derecho de aprovechamiento de aguas<br \/>\na)\u00a0\u00a0 \u00a0Remate de solicitudes<br \/>\nb)\u00a0\u00a0 \u00a0Constituci\u00f3n directa del derecho de aprovechamiento de aguas<br \/>\nc)\u00a0\u00a0 \u00a0Constituci\u00f3n de derechos de aprovechamiento de aguas contra disponibilidad<\/li>\n<li style=\"font-weight: 400;\">\u00a0Priorizaci\u00f3n del uso de las aguas para el consumo humano y el saneamiento en la reducci\u00f3n temporal del ejercicio del derecho de aprovechamiento de aguas<\/li>\n<li style=\"font-weight: 400;\">\u00a0Priorizaci\u00f3n del uso de las aguas para el consumo humano y el saneamiento en la redistribuci\u00f3n de las aguas<br \/>\na)\u00a0\u00a0 \u00a0La situaci\u00f3n de normalidad h\u00eddrica<br \/>\nb)\u00a0\u00a0 \u00a0La escasez ordinaria o relativa<br \/>\nc)\u00a0\u00a0 \u00a0\u00c9pocas de severa sequ\u00eda (i)\u00a0\u00a0 \u00a0De la redistribuci\u00f3n mediante acuerdos<br \/>\n(ii)\u00a0\u00a0 \u00a0La redistribuci\u00f3n administrativa<\/li>\n<li style=\"font-weight: 400;\">\u00a0Autorizaciones transitorias para la extracci\u00f3n de aguas por parte de los servicios sanitarios rurales<\/li>\n<li style=\"font-weight: 400;\">\u00a0Reservas de agua para consumo humano y saneamiento y otorgamiento de derechos de aprovechamiento de aguas<\/li>\n<li style=\"font-weight: 400;\">\u00a0Usos m\u00ednimos para el consumo humano y el saneamiento<\/li>\n<\/ol>\n<p style=\"font-weight: 400;\"><b><strong>CAP\u00cdTULO III<\/strong><\/b><br \/>\n<b><strong>LA PROTECCI\u00d3N DE LOS USOS ECOSIST\u00c9MICOS DE LAS AGUAS<\/strong><\/b><\/p>\n<ol>\n<li style=\"font-weight: 400;\">\u00a0Contornos de la preservaci\u00f3n ecosist\u00e9mica de las aguas<\/li>\n<li style=\"font-weight: 400;\">\u00a0Aproximaci\u00f3n constitucional y de la Ley de Bases Generales del Medio Ambiente<br \/>\n2.\u00a0\u00a0 \u00a0La preservaci\u00f3n ecosist\u00e9mica y la seguridad h\u00eddrica en su dimensi\u00f3n internacional<br \/>\n3.\u00a0\u00a0 \u00a0Fundamentos de la preservaci\u00f3n ecosist\u00e9mica de las aguas<br \/>\n4.\u00a0\u00a0 \u00a0Antecedentes de la dimensi\u00f3n ecosist\u00e9mica en la legislaci\u00f3n chilena de aguas<\/li>\n<li style=\"font-weight: 400;\">\u00a0Herramientas de preservaci\u00f3n ecosist\u00e9mica en el C\u00f3digo de Aguas<\/li>\n<li style=\"font-weight: 400;\">\u00a0Protecci\u00f3n de humedales<br \/>\n2.\u00a0\u00a0 \u00a0Caudal ecol\u00f3gico m\u00ednimo<br \/>\n3.\u00a0\u00a0 \u00a0Reservas de aguas<br \/>\n4.\u00a0\u00a0 \u00a0Derechos in situ<br \/>\n5.\u00a0\u00a0 \u00a0Planes estrat\u00e9gicos de recursos h\u00eddricos en cuencas<\/li>\n<\/ol>\n<p style=\"font-weight: 400;\"><b><strong>CAP\u00cdTULO IV<\/strong><\/b><br \/>\n<b><strong>EL PRINCIPIO DEL INTER\u00c9S P\u00daBLICO PARA EL OTORGAMIENTO Y LA LIMITACI\u00d3N DEL EJERCICIO DE LOS DERECHOS DE APROVECHAMIENTO DE AGUA<\/strong><\/b><\/p>\n<ol>\n<li style=\"font-weight: 400;\">\u00a0Origen y fundamento del concepto de inter\u00e9s p\u00fablico en el \u00e1mbito de las aguas<\/li>\n<li style=\"font-weight: 400;\">\u00a0Antecedentes hist\u00f3ricos del concepto de inter\u00e9s p\u00fablico<br \/>\n2.\u00a0\u00a0 \u00a0Conceptualizaci\u00f3n actual del inter\u00e9s p\u00fablico en el otorgamiento de los derechos de aprovechamiento y en las restricciones a su ejercicio<\/li>\n<li style=\"font-weight: 400;\">\u00a0Fisonom\u00eda privatista del derecho de aprovechamiento de aguas<\/li>\n<li style=\"font-weight: 400;\">\u00a0La reconducci\u00f3n originaria de los derechos de aprovechamiento a las categor\u00edas y l\u00f3gicas del Derecho com\u00fan<\/li>\n<li style=\"font-weight: 400;\">\u00a0El estatuto civil de la propiedad y el derecho de aprovechamiento<br \/>\na)\u00a0\u00a0 \u00a0R\u00e9gimen de la propiedad inscrita y constituci\u00f3n del derecho de aprovechamiento<br \/>\nb)\u00a0\u00a0 \u00a0La propiedad sobre los \u201cusos\u201d de las aguas<br \/>\nc)\u00a0\u00a0 \u00a0Notas sobre la transferibilidad del derecho de aprovechamiento<\/li>\n<\/ol>\n<p style=\"font-weight: 400;\">III.\u00a0\u00a0 \u00a0Reconfiguraci\u00f3n del derecho de aprovechamiento de aguas a partir de la reforma introducida por la LRCA<\/p>\n<ol>\n<li style=\"font-weight: 400;\">\u00a0Perpetuidad y temporalidad<br \/>\n2.\u00a0\u00a0 \u00a0Uso efectivo, derechos ociosos y extinci\u00f3n<br \/>\n3.\u00a0\u00a0 \u00a0Inscripciones, dobles inscripciones y obligaci\u00f3n registral<\/li>\n<\/ol>\n","protected":false},"excerpt":{"rendered":"<p>Buscas un libro Jur\u00eddico.? Lo puedes encontrar en nuestra tienda virtual.<br \/>\nContamos con prestigiosos autores y muchas alternativas en sus diferentes materias al igual que grandes descuentos.! Vis\u00edtanos en <a class=\"CfNQGlhWUWJsYONVgpIxUnCheSFloSNXpQc \" tabindex=\"0\" href=\"https:\/\/lnkd.in\/eiAG7jdZ\" target=\"_blank\" rel=\"noopener\" data-test-app-aware-link=\"\">https:\/\/lnkd.in\/eiAG7jdZ<\/a><br \/>\nEscr\u00edbenos al +56930565235 \/ <a class=\"CfNQGlhWUWJsYONVgpIxUnCheSFloSNXpQc \" tabindex=\"0\" href=\"mailto:ventaslegallexglobal@gmail.com\" target=\"_self\" data-test-app-aware-link=\"\">ventaslegallexglobal@gmail.com<\/a><br \/>\nHacemos env\u00edos a todo Chile \u2013 Starken o Correos Chile \/ Te esperamos<\/p>\n","protected":false},"featured_media":2443,"comment_status":"open","ping_status":"closed","template":"","meta":{"inline_featured_image":false,"_joinchat":[]},"product_brand":[],"product_cat":[27,26,31,53,55],"product_tag":[],"class_list":{"0":"post-2413","1":"product","2":"type-product","3":"status-publish","4":"has-post-thumbnail","6":"product_cat-civil","7":"product_cat-derecho","8":"product_cat-derecho-ambiental","9":"product_cat-derecho-medioambiental","10":"product_cat-derecho-municipal","12":"first","13":"instock","14":"shipping-taxable","15":"purchasable","16":"product-type-simple"},"_links":{"self":[{"href":"https:\/\/bibliotecajuridicavirtual.cl\/index.php\/wp-json\/wp\/v2\/product\/2413","targetHints":{"allow":["GET"]}}],"collection":[{"href":"https:\/\/bibliotecajuridicavirtual.cl\/index.php\/wp-json\/wp\/v2\/product"}],"about":[{"href":"https:\/\/bibliotecajuridicavirtual.cl\/index.php\/wp-json\/wp\/v2\/types\/product"}],"replies":[{"embeddable":true,"href":"https:\/\/bibliotecajuridicavirtual.cl\/index.php\/wp-json\/wp\/v2\/comments?post=2413"}],"wp:featuredmedia":[{"embeddable":true,"href":"https:\/\/bibliotecajuridicavirtual.cl\/index.php\/wp-json\/wp\/v2\/media\/2443"}],"wp:attachment":[{"href":"https:\/\/bibliotecajuridicavirtual.cl\/index.php\/wp-json\/wp\/v2\/media?parent=2413"}],"wp:term":[{"taxonomy":"product_brand","embeddable":true,"href":"https:\/\/bibliotecajuridicavirtual.cl\/index.php\/wp-json\/wp\/v2\/product_brand?post=2413"},{"taxonomy":"product_cat","embeddable":true,"href":"https:\/\/bibliotecajuridicavirtual.cl\/index.php\/wp-json\/wp\/v2\/product_cat?post=2413"},{"taxonomy":"product_tag","embeddable":true,"href":"https:\/\/bibliotecajuridicavirtual.cl\/index.php\/wp-json\/wp\/v2\/product_tag?post=2413"}],"curies":[{"name":"wp","href":"https:\/\/api.w.org\/{rel}","templated":true}]}}