{"id":2414,"date":"2026-02-28T01:01:30","date_gmt":"2026-02-28T04:01:30","guid":{"rendered":"https:\/\/bibliotecajuridicavirtual.cl\/?post_type=product&#038;p=2414"},"modified":"2026-02-28T01:01:36","modified_gmt":"2026-02-28T04:01:36","slug":"estudios-de-derecho-privado-quintas-jornadas-de-profesoras-de-derecho-privado-maria-isabel-rodriguez-alfaro-alejandra-illanes-valdes-andrea-montecinos-tota","status":"publish","type":"product","link":"https:\/\/bibliotecajuridicavirtual.cl\/index.php\/product\/estudios-de-derecho-privado-quintas-jornadas-de-profesoras-de-derecho-privado-maria-isabel-rodriguez-alfaro-alejandra-illanes-valdes-andrea-montecinos-tota\/","title":{"rendered":"Estudios de Derecho Privado * Quintas Jornadas de Profesoras de Derecho Privado * Mar\u00eda Isabel Rodr\u00edguez Alfaro &#8211; Alejandra Illanes Vald\u00e9s &#8211; Andrea Montecinos Tota"},"content":{"rendered":"<p><b>El Consorcio de Universidades para las Jornadas Nacionales de Profesoras de Derecho Privado llev\u00f3 a cabo las V Jornadas Nacionales las que, en esta oportunidad, fueron\u201d organizadas por la Escuela de Derecho de la Pontificia Universidad Cat\u00f3lica de Valpara\u00edso.<br \/>\n<\/b><b>Este quinto encuentro tuvo lugar los d\u00edas 12 y 13 de agosto de 2024, en dependencias de la Casa Central de la referida Casa de Estudios ubicada en Avenida Brasil 2950, Valpara\u00edso.<\/b><\/p>\n","protected":false},"excerpt":{"rendered":"<p>1\u00b0 edici\u00f3n Agosto 2025 &#8211; 855 P\u00e1ginas.<\/p>\n<p>Buscas un libro Jur\u00eddico.? Lo puedes encontrar en nuestra tienda virtual.<br \/>\nContamos con prestigiosos autores y muchas alternativas en sus diferentes materias al igual que grandes descuentos.! Vis\u00edtanos en <a class=\"nIAHbkFFVPLJLbowytqQfPWpsWSECpfKtotE \" tabindex=\"0\" href=\"https:\/\/lnkd.in\/eiAG7jdZ\" target=\"_blank\" rel=\"noopener\" data-test-app-aware-link=\"\">https:\/\/lnkd.in\/eiAG7jdZ<\/a><br \/>\nEscr\u00edbenos al +56930565235 \/ <a class=\"nIAHbkFFVPLJLbowytqQfPWpsWSECpfKtotE \" tabindex=\"0\" href=\"mailto:ventaslegallexglobal@gmail.com\" target=\"_self\" data-test-app-aware-link=\"\">ventaslegallexglobal@gmail.com<\/a><br \/>\nHacemos env\u00edos a todo Chile \u2013 Starken o Correos Chile \/ Te esperamos<\/p>\n","protected":false},"featured_media":2444,"comment_status":"open","ping_status":"closed","template":"","meta":{"inline_featured_image":false,"_joinchat":[]},"product_brand":[],"product_cat":[27,26],"product_tag":[],"class_list":{"0":"post-2414","1":"product","2":"type-product","3":"status-publish","4":"has-post-thumbnail","6":"product_cat-civil","7":"product_cat-derecho","9":"first","10":"instock","11":"shipping-taxable","12":"purchasable","13":"product-type-simple"},"_links":{"self":[{"href":"https:\/\/bibliotecajuridicavirtual.cl\/index.php\/wp-json\/wp\/v2\/product\/2414","targetHints":{"allow":["GET"]}}],"collection":[{"href":"https:\/\/bibliotecajuridicavirtual.cl\/index.php\/wp-json\/wp\/v2\/product"}],"about":[{"href":"https:\/\/bibliotecajuridicavirtual.cl\/index.php\/wp-json\/wp\/v2\/types\/product"}],"replies":[{"embeddable":true,"href":"https:\/\/bibliotecajuridicavirtual.cl\/index.php\/wp-json\/wp\/v2\/comments?post=2414"}],"wp:featuredmedia":[{"embeddable":true,"href":"https:\/\/bibliotecajuridicavirtual.cl\/index.php\/wp-json\/wp\/v2\/media\/2444"}],"wp:attachment":[{"href":"https:\/\/bibliotecajuridicavirtual.cl\/index.php\/wp-json\/wp\/v2\/media?parent=2414"}],"wp:term":[{"taxonomy":"product_brand","embeddable":true,"href":"https:\/\/bibliotecajuridicavirtual.cl\/index.php\/wp-json\/wp\/v2\/product_brand?post=2414"},{"taxonomy":"product_cat","embeddable":true,"href":"https:\/\/bibliotecajuridicavirtual.cl\/index.php\/wp-json\/wp\/v2\/product_cat?post=2414"},{"taxonomy":"product_tag","embeddable":true,"href":"https:\/\/bibliotecajuridicavirtual.cl\/index.php\/wp-json\/wp\/v2\/product_tag?post=2414"}],"curies":[{"name":"wp","href":"https:\/\/api.w.org\/{rel}","templated":true}]}}