{"id":2418,"date":"2026-02-28T01:01:30","date_gmt":"2026-02-28T04:01:30","guid":{"rendered":"https:\/\/bibliotecajuridicavirtual.cl\/?post_type=product&#038;p=2418"},"modified":"2026-02-28T01:01:38","modified_gmt":"2026-02-28T04:01:38","slug":"jurisprudencia-de-derecho-comercial-acto-de-comercio-derecho-societario-cambiario-y-concursal-carlos-carcamo-vogel-edicion-ano-2025-300-pag","status":"publish","type":"product","link":"https:\/\/bibliotecajuridicavirtual.cl\/index.php\/product\/jurisprudencia-de-derecho-comercial-acto-de-comercio-derecho-societario-cambiario-y-concursal-carlos-carcamo-vogel-edicion-ano-2025-300-pag\/","title":{"rendered":"Jurisprudencia de Derecho Comercial Acto de Comercio, Derecho Societario, Cambiario y Concursal * Carlos C\u00e1rcamo Vogel &#8211; edici\u00f3n a\u00f1o 2025 &#8211; 300 P\u00e1g."},"content":{"rendered":"<p style=\"font-weight: 400;\">Esta obra es una selecci\u00f3n de sentencias de Derecho Mercantil chileno, sobre la tem\u00e1tica espec\u00edfica de acto de comercio, Derecho Societario, Cambiario y Concursal. El acopio de los fallos y dict\u00e1menes aqu\u00ed contenidos, se ha realizado con un af\u00e1n ilustrativo, acad\u00e9mico y comparatista.<\/p>\n<p style=\"font-weight: 400;\">Es as\u00ed como algunos han sido compilados para evidenciar un cambio de criterio jurisprudencial, pronunciamientos en contrario o conocer los conceptos elaborados por los sentenciadores en las materias tratadas, Obra de talante pr\u00e1ctica que aspira a ser \u00fatil para investigadores, estudiantes y letrados.<\/p>\n<p style=\"font-weight: 400;\"><b><strong>JURISPRUDENCIA SOBRE ACTO DE COMERCIO<\/strong><\/b><\/p>\n<ol>\n<li style=\"font-weight: 400;\">Actos de comercio mixtos o de doble car\u00e1cter<br \/>\n2. Mutuo destinado a una actividad civil. Plazo de prescripci\u00f3n aplicable<br \/>\n3. Actos sobre inmuebles son civiles<br \/>\n4. Las operaciones bancarias son actividades mercantiles<br \/>\n5. La emisi\u00f3n de una boleta bancaria de garant\u00eda es un acto de comercio, pues es una operaci\u00f3n bancaria<br \/>\n6. Contrato de transporte<br \/>\n7. Contrato de transporte. Prescripci\u00f3n contenida en el art\u00edculo 214 del C\u00f3digo de Comercio<\/li>\n<\/ol>\n<p style=\"font-weight: 400;\"><b><strong>JURISPRUDENCIA SOBRE DERECHO SOCIETARIO<\/strong><\/b><\/p>\n<p style=\"font-weight: 400;\"><b><strong>CAP\u00cdTULO PRIMERO<\/strong><\/b><br \/>\n<b><strong>PACTO SOCIAL, CONCEPTOS SOCIETARIOS Y ELEMENTOS DE LA SOCIEDAD<\/strong><\/b><\/p>\n<ol>\n<li style=\"font-weight: 400;\">El elemento esencial es la estipulaci\u00f3n del aporte a la sociedad<br \/>\n2. Contrato de sociedad<br \/>\n3. El aporte requiere que la sociedad se encuentre constituida<br \/>\n4. Aporte hecho por un curador<br \/>\n5. El estatuto social es un contrato<br \/>\n6. Caracter\u00edsticas de las sociedades por acciones (SpA). Su estatuto social. Creaci\u00f3n de acciones de industria<br \/>\n7. Interpretaci\u00f3n del estatuto social<br \/>\n8. Separaci\u00f3n de la responsabilidad entre los socios y la compa\u00f1\u00eda<br \/>\n9. La sociedad an\u00f3nima es una persona jur\u00eddica distinta de los accionistas. Consecuencias jur\u00eddicas que se derivan de ello<br \/>\n10. Las sociedades por acciones (SpA) no son sociedades an\u00f3nimas cerradas<br \/>\n11. Qu\u00e9 implica aportar en dominio<br \/>\n12. Incumplimiento de un socio de enterar el saldo de su aporte prometido<br \/>\n13. Ley No 19.99 de 11.04.1997 sobre saneamiento de vicios de nulidad<br \/>\n14. Renuncia del administrador<br \/>\n15. La sociedad an\u00f3nima es siempre mercantil<br \/>\n16. El cambio de raz\u00f3n no social no afecta la validez de los mandatos sociales<br \/>\n17. Affectio societatis<br \/>\n18. Sociedad de derecho y responsabilidad de los socios<br \/>\n19. Continuidad de la sociedad con los herederos del socio fallecido<br \/>\n20. Consecuencias de la especial caracter\u00edstica de las sociedades de personas<br \/>\n21. Concepto de informaci\u00f3n privilegiada. En qu\u00e9 situaciones el uso de la misma es indebido<br \/>\n22. Noci\u00f3n del inter\u00e9s que existe entre partes relacionadas, seg\u00fan el art\u00edculo 44 de la Ley No 18.046<br \/>\n23. Modificaci\u00f3n del cargo del gerente general<br \/>\n24. Prescripci\u00f3n<br \/>\n25. Aplicaci\u00f3n de las normas de la Ley No 18.046 a las sociedades de responsabilidad limitada<br \/>\n26. Levantamiento del velo corporativo<br \/>\n27. Transformaci\u00f3n de sociedades<\/li>\n<\/ol>\n<p style=\"font-weight: 400;\"><b><strong>CAP\u00cdTULO SEGUNDO<\/strong><\/b><br \/>\n<b><strong>DE LOS SOCIOS, DEBERES Y DERECHOS SOCIALES<\/strong><\/b><\/p>\n<p style=\"font-weight: 400;\">PRIMERA PARTE<br \/>\nDERECHOS SOCIALES EN GENERAL<\/p>\n<ol>\n<li style=\"font-weight: 400;\">Derecho del socio de participar en reuniones de la compa\u00f1\u00eda<br \/>\n2. Derecho de los accionistas a acceder a la informaci\u00f3n de la sociedad<br \/>\n3. Embargo de los derechos de un socio<br \/>\n4. Acciones de la sociedad an\u00f3nima y derecho a voto<br \/>\n5. Derecho de retiro de los accionistas de una sociedad an\u00f3nima<br \/>\n6. Derecho de suscripci\u00f3n preferente de acciones<br \/>\n7. Responsabilidad de los directores de una sociedad an\u00f3nima<br \/>\n8. P\u00e9rdidas de la sociedad y responsabilidad de los directores<br \/>\n9. Reajuste de los dividendos no pagados<br \/>\n10. Dividendos no cobrados por accionistas<br \/>\n11. Exigibilidad para el pago de los dividendos<br \/>\n12. Recurso de protecci\u00f3n y pago de dividendos<br \/>\n13. Pago de los dividendos en d\u00f3lares<br \/>\n14. El Directorio no puede modificar los dividendos que previamente hab\u00edan determinado por junta de accionistas<\/li>\n<\/ol>\n<p style=\"font-weight: 400;\">SEGUNDA PARTE<br \/>\nDEBERES Y PROHIBICIONES DE LOS SOCIOS Y ACCIONISTAS<\/p>\n<ol>\n<li style=\"font-weight: 400;\">Socio explota en otra sociedad el mismo giro de la compa\u00f1\u00eda a la cual pertenece. T\u00e9rmino anticipado de la sociedad. Perjuicios<br \/>\n2. Sentido de la frase \u201cpor cuenta propia\u201d del art\u00edculo 404 No 4 del C\u00f3digo de Comercio<br \/>\n3. Prohibici\u00f3n del art\u00edculo 404 No 4 primera parte del C\u00f3digo de Comercio<br \/>\n4. Momento en que comienza a contarse el t\u00e9rmino de prescripci\u00f3n para el caso del art\u00edculo 404 No 4 del C\u00f3digo de Comercio<\/li>\n<\/ol>\n<p style=\"font-weight: 400;\">TERCERA PARTE<br \/>\nTRANSFERENCIA DE LOS DERECHOS SOCIALES<\/p>\n<p style=\"font-weight: 400;\">T\u00cdTULO PRIMERO<br \/>\nTRANSFERENCIA DE LAS ACCIONES EN LA SOCIEDAD AN\u00d3NIMA<\/p>\n<ol>\n<li style=\"font-weight: 400;\">Formalidades para la venta de las acciones y su tradici\u00f3n<br \/>\n2. Requisitos estatutarios para la venta de acciones y pactos de accionistas<br \/>\n3. La sociedad no debe pronunciarse sobre la transferencia de las acciones, est\u00e1 obligada a inscribirla, pero debe cerciorarse de que se cumplieron las formalidades que establece el reglamento<br \/>\n4. Negativa a inscribir las acciones que se transfieren<br \/>\n5. Recurso de protecci\u00f3n y venta de acciones<\/li>\n<\/ol>\n<p style=\"font-weight: 400;\">T\u00cdTULO SEGUNDO<br \/>\nTRANSFERENCIA DE LOS DERECHOS SOCIALES EN LAS SOCIEDADES DE PERSONAS<\/p>\n<ol>\n<li style=\"font-weight: 400;\">La cesi\u00f3n de los derechos en una sociedad de responsabilidad limitada, es una modificaci\u00f3n de la compa\u00f1\u00eda<br \/>\n2. En una sociedad de personas no es v\u00e1lido el acuerdo adoptado por la mayor\u00eda de socios<\/li>\n<\/ol>\n<p style=\"font-weight: 400;\"><b><strong>CAP\u00cdTULO TERCERO<\/strong><\/b><br \/>\n<b><strong>CAPITAL DE LA SOCIEDAD<\/strong><\/b><\/p>\n<p style=\"font-weight: 400;\">PRIMERA PARTE<br \/>\nACERCA DE LOS APORTES Y UTILIDADES EN GENERAL<\/p>\n<ol>\n<li style=\"font-weight: 400;\">Aportes en general<br \/>\n2. Concepto de utilidad<br \/>\n3. Negativa del Conservador a inscribir escritura de aporte<\/li>\n<\/ol>\n<p style=\"font-weight: 400;\">SEGUNDA PARTE<br \/>\nGENERALIDADES SOBRE LAS ACCIONES DE UNA SOCIEDAD DE CAPITAL<\/p>\n<ol>\n<li style=\"font-weight: 400;\">Naturaleza jur\u00eddica de las acciones de las sociedades de capital<br \/>\n2. T\u00edtulos de acciones<br \/>\n3. Acciones dadas en prenda<br \/>\n4. Fraccionamiento de las acciones<br \/>\n5. Precio de las acciones<br \/>\n6. Pago de las acciones<br \/>\n7. Acciones liberadas de pago<br \/>\n8. Acciones y la figura de especie al parecer perdida<br \/>\n9. Pactos de accionistas<br \/>\na. Naturaleza jur\u00eddica de los pactos de accionistas<br \/>\nb. Obligaci\u00f3n de informar los pactos de accionistas<\/li>\n<\/ol>\n<p style=\"font-weight: 400;\">TERCERA PARTE<br \/>\nCAPITAL DE LA SOCIEDAD AN\u00d3NIMA<\/p>\n<ol>\n<li style=\"font-weight: 400;\">Fijaci\u00f3n del capital en los estatutos<br \/>\n2. Aumento de capital<br \/>\n3. Disminuci\u00f3n de capital<br \/>\n4. P\u00e9rdidas<\/li>\n<\/ol>\n<p style=\"font-weight: 400;\"><b><strong>CAP\u00cdTULO CUARTO<\/strong><\/b><br \/>\n<b><strong>ADMINISTRACI\u00d3N DE LAS SOCIEDADES<\/strong><\/b><\/p>\n<p style=\"font-weight: 400;\">PRIMERA PARTE<br \/>\nADMINISTRACI\u00d3N EN SOCIEDADES COLECTIVAS Y DE RESPONSABILIDAD LIMITADA<\/p>\n<ol>\n<li style=\"font-weight: 400;\">Rendici\u00f3n de cuentas del administrador<br \/>\n2. Los administradores de una sociedad de responsabilidad no son mandatarios. Rendici\u00f3n de cuentas<br \/>\n3. Actos realizados por el administrador fuera de sus facultades<br \/>\n4. Facultades de los administradores no contempladas en la escritura social<br \/>\n5. Facultades de los administradores expresamente contempladas<br \/>\n6. Finalidad de la labor de los administradores<br \/>\n7. Administraci\u00f3n ejercida por el tutor del socio declarado en interdicci\u00f3n<br \/>\n8. Remoci\u00f3n de administrador debido a conflictos de intereses<\/li>\n<\/ol>\n<p style=\"font-weight: 400;\">SEGUNDA PARTE<br \/>\nADMINISTRACI\u00d3N EN SOCIEDADES AN\u00d3NIMAS<\/p>\n<p style=\"font-weight: 400;\">DIRECTORIO DE LA SOCIEDAD AN\u00d3NIMA<\/p>\n<ol>\n<li style=\"font-weight: 400;\">Acerca del cargo de los directores<br \/>\n2. Revocaci\u00f3n del Directorio<br \/>\n3. Directores suplentes y reemplazantes<br \/>\n4. Directorio. Directores reemplazantes<br \/>\n5. Remuneraci\u00f3n de un director que es miembro del Comit\u00e9 de Directores<br \/>\n6. Remuneraci\u00f3n miembros del Comit\u00e9 de Directores<br \/>\n7. Directores independientes<br \/>\n8. Renuncia de un director a su dieta<br \/>\n9. Renuncia de todos los directores<br \/>\n10. Inhabilidades a que quedan afectos los directores independientes<br \/>\n11. El Directorio no puede otorgar pr\u00e9stamos a los accionistas<\/li>\n<\/ol>\n<p style=\"font-weight: 400;\">EL GERENTE DE LAS SOCIEDADES AN\u00d3NIMAS<\/p>\n<ol>\n<li style=\"font-weight: 400;\">Calidad jur\u00eddica del gerente y su responsabilidad<br \/>\n2. Incompatibilidad del cargo<br \/>\n3. Facultad del gerente de la representaci\u00f3n judicial de la sociedad<br \/>\n4. Gerente renuncia a su cargo y posterior responsabilidad que le asiste<br \/>\n5. Coexistencia de dos gerentes generales<br \/>\n6. Notificaci\u00f3n hecha a quien no ostentaba la calidad de gerente<\/li>\n<\/ol>\n<p style=\"font-weight: 400;\">TERCERA PARTE<br \/>\nGOBIERNO EN LAS SOCIEDADES AN\u00d3NIMAS. LAS JUNTAS DE ACCIONISTAS<\/p>\n<ol>\n<li style=\"font-weight: 400;\">Junta de accionistas y manifestaci\u00f3n de voluntad de la sociedad an\u00f3nima<br \/>\n2. Nulidad de las Juntas de Accionistas<br \/>\n3. Formalidades de la celebraci\u00f3n de las juntas<br \/>\n4. Materias a tratar en una junta<br \/>\n5. Reducci\u00f3n del acta a escritura p\u00fablica<br \/>\n6. Copia libro de asistencia a la junta de accionistas<br \/>\n7. Manifestaci\u00f3n de voluntad de una sociedad an\u00f3nima<br \/>\n8. Qu\u00f3rums y mayor\u00edas en una junta de accionistas<br \/>\n9. Citaci\u00f3n a junta extraordinaria de accionistas<br \/>\n10. Calificaci\u00f3n de poderes y participaci\u00f3n en la junta por videoconferencia<\/li>\n<\/ol>\n<p style=\"font-weight: 400;\"><b><strong>CAP\u00cdTULO QUINTO<\/strong><\/b><br \/>\n<b><strong>DISOLUCI\u00d3N Y LIQUIDACI\u00d3N DE LA SOCIEDAD Y ARBITRAJE SOCIETARIO<\/strong><\/b><\/p>\n<p style=\"font-weight: 400;\">PRIMERA PARTE<br \/>\nDISOLUCI\u00d3N Y LIQUIDACI\u00d3N<\/p>\n<ol>\n<li style=\"font-weight: 400;\">Emplazamiento de una demanda ejecutiva en una sociedad en liquidaci\u00f3n<br \/>\n2. Disoluci\u00f3n por grave motivo en una sociedad an\u00f3nima<br \/>\n3. Causal de disoluci\u00f3n de muerte de uno de los socios en una sociedad de responsabilidad limitada<br \/>\n4. Disoluci\u00f3n de sociedad de responsabilidad limitada por renuncia de un socio<br \/>\n5. Disoluci\u00f3n de sociedad de responsabilidad limitada por p\u00e9rdida de la affectio societatis<br \/>\n6. Representaci\u00f3n legal de una sociedad disuelta, pero que a\u00fan no se ha nombrado el liquidador<br \/>\n7. Liquidaci\u00f3n de sociedad disuelta<br \/>\n8. Facultades del liquidador<\/li>\n<\/ol>\n<p style=\"font-weight: 400;\">SEGUNDA PARTE<br \/>\nARBITRAJE SOCIETARIO<\/p>\n<ol>\n<li style=\"font-weight: 400;\">Arbitraje en las sociedades an\u00f3nimas<br \/>\n2. Arbitraje en sociedades de personas<\/li>\n<\/ol>\n<p style=\"font-weight: 400;\"><b><strong>JURISPRUDENCIA SOBRE DERECHO CAMBIARIO<\/strong><\/b><\/p>\n<p style=\"font-weight: 400;\"><b><strong>CAP\u00cdTULO PRIMERO<\/strong><\/b><br \/>\n<b><strong>NOCIONES GENERALES, PRINCIPIOS DE LOS T\u00cdTULOS VALORES Y LAS MENCIONES DEL DOCUMENTO<\/strong><\/b><\/p>\n<ol>\n<li style=\"font-weight: 400;\">Caracter\u00edsticas de los t\u00edtulos valores<br \/>\n2. Definiciones de los t\u00edtulos valores<br \/>\n3. La relaci\u00f3n fundamental o negocio causal<br \/>\n4. El principio cambiario de la abstracci\u00f3n<br \/>\n5. El t\u00edtulo de cr\u00e9dito como prueba documental<br \/>\n6. Los actos cambiarios generan una obligaci\u00f3n propia e independiente<br \/>\n7. Principio de la literalidad. Se prorroga el pagar\u00e9 en hoja de prolongaci\u00f3n. Consecuencias que se producen en el aval cambiario<br \/>\n8. Menciones de los t\u00edtulos valores<br \/>\n9. Reaceptaci\u00f3n de la letra de cambio<br \/>\n10. El cheque es un medio de pago<br \/>\n11. Cheque girado en garant\u00eda y el delito de giro doloso de ese instrumento<br \/>\n12. El cheque es siempre pagadero a la vista<\/li>\n<\/ol>\n<p style=\"font-weight: 400;\"><b><strong>CAP\u00cdTULO SEGUNDO<\/strong><\/b><br \/>\n<b><strong>ACCIONES CAMBIARIAS, CADUCIDAD Y PRESCRIPCI\u00d3N<\/strong><\/b><\/p>\n<p style=\"font-weight: 400;\">PRIMERA PARTE<br \/>\nDE LAS ACCIONES CAMBIARIAS Y CADUCIDAD DEL T\u00cdTULO<\/p>\n<ol>\n<li style=\"font-weight: 400;\">Acciones que emanan de una letra de cambio<br \/>\n2. Personas que intervienen en una letra de cambio<br \/>\n3. Perjuicio de la letra<br \/>\n4. Revalidaci\u00f3n del cheque<br \/>\n5. Caducidad del cheque y m\u00e9rito ejecutivo del documento<br \/>\n6. Los protestos y el m\u00e9rito ejecutivo de los cheques<br \/>\n7. C\u00f3mputo de los plazos establecidos en el art\u00edculo 23 del DFL No 707<\/li>\n<\/ol>\n<p style=\"font-weight: 400;\">SEGUNDA PARTE<br \/>\nDE LA PRESCRIPCI\u00d3N DE LAS ACCIONES CAMBIARIAS<\/p>\n<ol>\n<li style=\"font-weight: 400;\">Prescripci\u00f3n de las acciones cambiarias<br \/>\n2. Prescripci\u00f3n de acci\u00f3n cambiaria y la extra cambiaria<br \/>\n3. C\u00f3mputo del plazo de prescripci\u00f3n en una letra de cambio girada a la vista<br \/>\n4. Cl\u00e1usula de aceleraci\u00f3n establecida en el pagar\u00e9<br \/>\n5. Interrupci\u00f3n de la prescripci\u00f3n<br \/>\n6. Interrupci\u00f3n de la prescripci\u00f3n y verificaci\u00f3n de cr\u00e9ditos en procedimiento concursal de liquidaci\u00f3n<br \/>\n7. Declaraci\u00f3n de extrav\u00edo de pagar\u00e9 e interrupci\u00f3n de la prescripci\u00f3n<br \/>\n8. Prescripci\u00f3n parcial de cuotas e interrupci\u00f3n de la prescripci\u00f3n<\/li>\n<\/ol>\n<p style=\"font-weight: 400;\"><b><strong>CAP\u00cdTULO TERCERO<\/strong><\/b><br \/>\n<b><strong>EL ENDOSO Y EL AVAL CAMBIARIO<\/strong><\/b><\/p>\n<p style=\"font-weight: 400;\">PRIMERA PARTE<br \/>\nEL ENDOSO EN LOS T\u00cdTULOS VALORES<\/p>\n<ol>\n<li style=\"font-weight: 400;\">Formalidades del endoso<br \/>\n2. Endoso estampado en hoja de prolongaci\u00f3n<br \/>\n3. Endoso en comisi\u00f3n de cobranza<\/li>\n<\/ol>\n<p style=\"font-weight: 400;\">SEGUNDA PARTE<br \/>\nEL AVAL CAMBIARIO<\/p>\n<ol>\n<li style=\"font-weight: 400;\">Caracter\u00edstica y finalidad del aval<br \/>\n2. El aval no es una fianza<br \/>\n3. Aval constituido en hoja de prolongaci\u00f3n<br \/>\n4. Aval constituido sin limitaciones<br \/>\n5. Extensi\u00f3n de la solidaridad cambiaria al negocio causal<br \/>\n6. No toda garant\u00eda de una obligaci\u00f3n cambiaria es una de esta \u00faltima \u00edndole. Consecuencias de quien se obliga como avalista y codeudor solidario<br \/>\n7. El aval depende de la eficacia formal de la obligaci\u00f3n cambiaria del avalado<\/li>\n<\/ol>\n<p style=\"font-weight: 400;\"><b><strong>JURISPRUDENCIA DE DERECHO CONCURSAL<\/strong><\/b><\/p>\n<p style=\"font-weight: 400;\"><b><strong>CAP\u00cdTULO PRIMERO<\/strong><\/b><br \/>\n<b><strong>EL DERECHO CONCURSAL EN GENERAL<\/strong><\/b><\/p>\n<ol>\n<li style=\"font-weight: 400;\">Caracter\u00edsticas de la resoluci\u00f3n de liquidaci\u00f3n<br \/>\n2. Desasimiento y verificaci\u00f3n de cr\u00e9ditos<br \/>\n3. Los cr\u00e9ditos verificados pueden impugnarse a trav\u00e9s de las causales de extinci\u00f3n de las obligaciones<br \/>\n4. Actuar del liquidador frente a lo acordado en un acuerdo de organizaci\u00f3n<br \/>\n5. Acuerdo de reorganizaci\u00f3n judicial. Remisi\u00f3n de los cr\u00e9ditos que forman parte de aquel<br \/>\n6. Efectos del acuerdo de reorganizaci\u00f3n judicial<br \/>\n7. Acuerdo de reorganizaci\u00f3n judicial. Imposibilidad de que el acreedor persiga separadamente la satisfacci\u00f3n de su cr\u00e9dito<br \/>\n8. La representaci\u00f3n del liquidador concursal<br \/>\n9. Preferencias en el Derecho Concursal<br \/>\n10. El Descargue o discharge en el Derecho Concursal<br \/>\n11. Antecedentes solicitados en la audiencia inicial<br \/>\n12. Desistimiento de la pretensi\u00f3n del deudor concursal en un procedimiento de liquidaci\u00f3n voluntaria<br \/>\n13. Determinaci\u00f3n de la calidad del deudor concursal es un elemento fundamental en un proceso de liquidaci\u00f3n forzosa<br \/>\n14. El juez puede denegar dar inicio a un procedimiento de liquidaci\u00f3n voluntaria simplificada. Requisitos<\/li>\n<\/ol>\n<p style=\"font-weight: 400;\"><b><strong>CAP\u00cdTULO SEGUNDO<\/strong><\/b><br \/>\n<b><strong>LAS ACCIONES REVOCATORIAS CONCURSALES<\/strong><\/b><\/p>\n<ol>\n<li style=\"font-weight: 400;\">Finalidad y caracter\u00edsticas<br \/>\n2. Requisitos para que procedan las acciones revocatorias concursales<br \/>\n3. Plazo establecido en el art\u00edculo 291 de la Ley No 20.720 es de caducidad<br \/>\n4. Acciones revocatorias concursales y abandono de procedimiento<br \/>\n5. Acci\u00f3n pauliana y acciones revocatorias concursales<br \/>\n6. Actos a t\u00edtulo gratuito<br \/>\n7. Competencia de los tribunales para conocer las acciones revocatorias concursales<br \/>\n8. Medios de prueba en las acciones revocatorias concursales<\/li>\n<\/ol>\n<p style=\"font-weight: 400;\"><b><strong>CAP\u00cdTULO TERCERO<\/strong><\/b><br \/>\n<b><strong>LOS RECURSOS DE LA LEGISLACI\u00d3N CONCURSAL<\/strong><\/b><\/p>\n<ol>\n<li style=\"font-weight: 400;\">Raz\u00f3n de la restricci\u00f3n de los recursos en el Derecho Concursal. Caracter\u00edstica del recurso de apelaci\u00f3n en esta materia<br \/>\n2. Recurso de hecho. Apelaci\u00f3n subsidiaria<br \/>\n3. Recurso de apelaci\u00f3n. Especialidad de la ley concursal<br \/>\n4. Recurso de casaci\u00f3n en el fondo. R\u00e9gimen recursivo estricto de la ley concursal<br \/>\n5. Recurso de casaci\u00f3n en el fondo. Resoluci\u00f3n impugnada no corresponde a las que pueden atacarse por esta v\u00eda<\/li>\n<\/ol>\n","protected":false},"excerpt":{"rendered":"<p>Formato Tapa Dura.<\/p>\n<p>Buscas un libro Jur\u00eddico.? Lo puedes encontrar en nuestra tienda virtual.<br \/>\nContamos con prestigiosos autores y muchas alternativas en sus diferentes materias al igual que grandes descuentos.! Vis\u00edtanos en <a class=\"nIAHbkFFVPLJLbowytqQfPWpsWSECpfKtotE \" tabindex=\"0\" href=\"https:\/\/lnkd.in\/eiAG7jdZ\" target=\"_blank\" rel=\"noopener\" data-test-app-aware-link=\"\">https:\/\/lnkd.in\/eiAG7jdZ<\/a><br \/>\nEscr\u00edbenos al +56930565235 \/ <a class=\"nIAHbkFFVPLJLbowytqQfPWpsWSECpfKtotE \" tabindex=\"0\" href=\"mailto:ventaslegallexglobal@gmail.com\" target=\"_self\" data-test-app-aware-link=\"\">ventaslegallexglobal@gmail.com<\/a><br \/>\nHacemos env\u00edos a todo Chile \u2013 Starken o Correos Chile \/ Te esperamos<\/p>\n","protected":false},"featured_media":2448,"comment_status":"open","ping_status":"closed","template":"","meta":{"inline_featured_image":false,"_joinchat":[]},"product_brand":[],"product_cat":[48,26],"product_tag":[],"class_list":{"0":"post-2418","1":"product","2":"type-product","3":"status-publish","4":"has-post-thumbnail","6":"product_cat-comercial","7":"product_cat-derecho","9":"first","10":"instock","11":"shipping-taxable","12":"purchasable","13":"product-type-simple"},"_links":{"self":[{"href":"https:\/\/bibliotecajuridicavirtual.cl\/index.php\/wp-json\/wp\/v2\/product\/2418","targetHints":{"allow":["GET"]}}],"collection":[{"href":"https:\/\/bibliotecajuridicavirtual.cl\/index.php\/wp-json\/wp\/v2\/product"}],"about":[{"href":"https:\/\/bibliotecajuridicavirtual.cl\/index.php\/wp-json\/wp\/v2\/types\/product"}],"replies":[{"embeddable":true,"href":"https:\/\/bibliotecajuridicavirtual.cl\/index.php\/wp-json\/wp\/v2\/comments?post=2418"}],"wp:featuredmedia":[{"embeddable":true,"href":"https:\/\/bibliotecajuridicavirtual.cl\/index.php\/wp-json\/wp\/v2\/media\/2448"}],"wp:attachment":[{"href":"https:\/\/bibliotecajuridicavirtual.cl\/index.php\/wp-json\/wp\/v2\/media?parent=2418"}],"wp:term":[{"taxonomy":"product_brand","embeddable":true,"href":"https:\/\/bibliotecajuridicavirtual.cl\/index.php\/wp-json\/wp\/v2\/product_brand?post=2418"},{"taxonomy":"product_cat","embeddable":true,"href":"https:\/\/bibliotecajuridicavirtual.cl\/index.php\/wp-json\/wp\/v2\/product_cat?post=2418"},{"taxonomy":"product_tag","embeddable":true,"href":"https:\/\/bibliotecajuridicavirtual.cl\/index.php\/wp-json\/wp\/v2\/product_tag?post=2418"}],"curies":[{"name":"wp","href":"https:\/\/api.w.org\/{rel}","templated":true}]}}