{"id":2419,"date":"2026-02-28T01:01:30","date_gmt":"2026-02-28T04:01:30","guid":{"rendered":"https:\/\/bibliotecajuridicavirtual.cl\/?post_type=product&#038;p=2419"},"modified":"2026-02-28T01:01:39","modified_gmt":"2026-02-28T04:01:39","slug":"ley-n20-285-sobre-acceso-a-la-informacion-publica-2da-edicion-actualizada-ano-agosto-2025-270-pag","status":"publish","type":"product","link":"https:\/\/bibliotecajuridicavirtual.cl\/index.php\/product\/ley-n20-285-sobre-acceso-a-la-informacion-publica-2da-edicion-actualizada-ano-agosto-2025-270-pag\/","title":{"rendered":"Ley N\u00b020.285 * Sobre Acceso a la Informaci\u00f3n P\u00fablica * 2da. edici\u00f3n actualizada a\u00f1o agosto 2025 &#8211; 270 P\u00e1g."},"content":{"rendered":"<p>LEY N\u00b0 20.285, SOBRE ACCESO A LA INFORMACI\u00d3N P\u00daBLICA<br \/>\n\u00bfExisten l\u00edmites a la publicidad de los actos de los \u00f3rganos de la Administraci\u00f3n del Estado?<\/p>\n<p>A partir del valor jur\u00eddico de la sentencia de inconstitucionalidad como precedente, este trabajo analiza el fallo expedido en sede de inaplicabilidad por el Excmo. Tribunal Constitucional en el Rol 11.150-21-INA, con fecha 6 de abril de 2022, que se gesta en el marco del reclamo de ilegalidad del Rol 119-2021, contencioso administrativo, interpuesto ante la Ilustr\u00edsima Corte de Apelaciones de Santiago por Carabineros de Chile en contra de la Decisi\u00f3n de Amparo Rol C8051-20, emanada del Consejo para la Transparencia, litigio que culmin\u00f3 con la sentencia definitiva dictada por la Excma. Corte Suprema, en sede de queja, en el Rol 32.504-2022, con fecha 27 de diciembre de 2022, a favor de los intereses de aquella instituci\u00f3n policial.<br \/>\nSe expone respecto de lo que es la distracci\u00f3n indebida como afectaci\u00f3n al debido cumplimiento de las funciones de un \u00f3rgano administrativo. Se aborda la jurisprudencia reiterada y uniforme pronunciada por la m\u00e1xima magistratura constitucional del pa\u00eds con relaci\u00f3n a los art\u00edculos 5\u00b0 y 28, ambos de la Ley N\u00b0 20.285.<br \/>\nSe concluye reafirmando el valor del precedente con relaci\u00f3n al efecto relativo de las sentencias judiciales, reconociendo el valor de los principios en Derecho P\u00fablico, adem\u00e1s del an\u00e1lisis cr\u00edtico respecto de un cambio de criterio por parte del Excmo. Tribunal Constitucional.<br \/>\nAdem\u00e1s, en esta segunda edici\u00f3n hemos actualizado algunas tem\u00e1ticas jurisprudenciales y bibliogr\u00e1ficas y en especial reforzamos el ac\u00e1pite del estudio de los principios de legalidad y juridicidad, con arreglo en especial a lo resuelto por el m\u00e1ximo int\u00e9rprete de la Constituci\u00f3n en sentencia del pasado 10 de abril de 2025, reca\u00edda en los Roles N\u00b0 16.122-INHP y N\u00b0 16.138-25-INHP (acumulados), requerimientos como sabemos presentados por Honorables Diputados y Diputadas de la Rep\u00fablica a efectos de que se declarase la cesaci\u00f3n en el cargo de la Honorable Senadora se\u00f1ora Mar\u00eda Isabel Allende Bussi.<\/p>\n","protected":false},"excerpt":{"rendered":"<p>Buscas un libro Jur\u00eddico.? Lo puedes encontrar en nuestra tienda virtual.<br \/>\nContamos con prestigiosos autores y muchas alternativas en sus diferentes materias al igual que grandes descuentos.! Vis\u00edtanos en <a class=\"NzmTNqKOTmDnLjTfVvUDoJOSuuwdUuClRMRso \" tabindex=\"0\" href=\"https:\/\/lnkd.in\/eiAG7jdZ\" target=\"_blank\" rel=\"noopener\" data-test-app-aware-link=\"\">https:\/\/lnkd.in\/eiAG7jdZ<\/a><br \/>\nEscr\u00edbenos al +56930565235 \/ <a class=\"NzmTNqKOTmDnLjTfVvUDoJOSuuwdUuClRMRso \" tabindex=\"0\" href=\"mailto:ventaslegallexglobal@gmail.com\" target=\"_self\" data-test-app-aware-link=\"\">ventaslegallexglobal@gmail.com<\/a><br \/>\nHacemos env\u00edos a todo Chile \u2013 Starken o Correos Chile \/ Te esperamos.<\/p>\n","protected":false},"featured_media":2449,"comment_status":"open","ping_status":"closed","template":"","meta":{"inline_featured_image":false,"_joinchat":[]},"product_brand":[],"product_cat":[45,27],"product_tag":[],"class_list":{"0":"post-2419","1":"product","2":"type-product","3":"status-publish","4":"has-post-thumbnail","6":"product_cat-administrativo","7":"product_cat-civil","9":"first","10":"instock","11":"shipping-taxable","12":"purchasable","13":"product-type-simple"},"_links":{"self":[{"href":"https:\/\/bibliotecajuridicavirtual.cl\/index.php\/wp-json\/wp\/v2\/product\/2419","targetHints":{"allow":["GET"]}}],"collection":[{"href":"https:\/\/bibliotecajuridicavirtual.cl\/index.php\/wp-json\/wp\/v2\/product"}],"about":[{"href":"https:\/\/bibliotecajuridicavirtual.cl\/index.php\/wp-json\/wp\/v2\/types\/product"}],"replies":[{"embeddable":true,"href":"https:\/\/bibliotecajuridicavirtual.cl\/index.php\/wp-json\/wp\/v2\/comments?post=2419"}],"wp:featuredmedia":[{"embeddable":true,"href":"https:\/\/bibliotecajuridicavirtual.cl\/index.php\/wp-json\/wp\/v2\/media\/2449"}],"wp:attachment":[{"href":"https:\/\/bibliotecajuridicavirtual.cl\/index.php\/wp-json\/wp\/v2\/media?parent=2419"}],"wp:term":[{"taxonomy":"product_brand","embeddable":true,"href":"https:\/\/bibliotecajuridicavirtual.cl\/index.php\/wp-json\/wp\/v2\/product_brand?post=2419"},{"taxonomy":"product_cat","embeddable":true,"href":"https:\/\/bibliotecajuridicavirtual.cl\/index.php\/wp-json\/wp\/v2\/product_cat?post=2419"},{"taxonomy":"product_tag","embeddable":true,"href":"https:\/\/bibliotecajuridicavirtual.cl\/index.php\/wp-json\/wp\/v2\/product_tag?post=2419"}],"curies":[{"name":"wp","href":"https:\/\/api.w.org\/{rel}","templated":true}]}}