{"id":2422,"date":"2026-02-28T01:01:30","date_gmt":"2026-02-28T04:01:30","guid":{"rendered":"https:\/\/bibliotecajuridicavirtual.cl\/?post_type=product&#038;p=2422"},"modified":"2026-02-28T01:01:42","modified_gmt":"2026-02-28T04:01:42","slug":"explicaciones-de-derecho-civil-chileno-y-comparado-3-tomos-luis-claro-solar-de-los-bienes-y-su-dominio-posesion-uso-y-goce","status":"publish","type":"product","link":"https:\/\/bibliotecajuridicavirtual.cl\/index.php\/product\/explicaciones-de-derecho-civil-chileno-y-comparado-3-tomos-luis-claro-solar-de-los-bienes-y-su-dominio-posesion-uso-y-goce\/","title":{"rendered":"Explicaciones de Derecho Civil Chileno y Comparado &#8211; 3 Tomos * Luis Claro Solar * De Los Bienes y su Dominio, Posesi\u00f3n, Uso y Goce"},"content":{"rendered":"<p style=\"font-weight: 400;\">Obra cl\u00e1sica, destacada a nivel mundial, escrita en forma clara y explicativa, que marc\u00f3 la pauta para el estudio del derecho civil, y en donde el lector descubrir\u00e1 que aun cuando han pasado varios a\u00f1os de su edici\u00f3n, las bases no han variado y los cambios legislativos han sido menores al d\u00eda de hoy *<\/p>\n<p style=\"font-weight: 400;\"><b><strong>LIBRO SEGUNDO<\/strong><\/b><br \/>\n<b><strong>DE LOS BIENES Y DE SU DOMINIO, POSESI\u00d3N, USO Y GOCE<\/strong><\/b><\/p>\n<p style=\"font-weight: 400;\"><b><strong>CAP\u00cdTULO I<\/strong><\/b><br \/>\n<b><strong>DE LAS VARIAS CLASES DE BIENES<\/strong><\/b><\/p>\n<ul>\n<li style=\"font-weight: 400;\">1. DEFINICIONES Y CLASIFICACIONES<br \/>\n\u00a7 2. BIENES CORPORALES E INCORPORALES<br \/>\n\u00a7 3. BIENES MUEBLES E INMUEBLES<\/li>\n<\/ul>\n<p style=\"font-weight: 400;\">Primera secci\u00f3n. Bienes corporales<\/p>\n<ol>\n<li style=\"font-weight: 400;\">Bienes corporales inmuebles<br \/>\nB. Bienes corporales muebles<\/li>\n<\/ol>\n<p style=\"font-weight: 400;\">Segunda secci\u00f3n. Bienes Incorporales<\/p>\n<ol>\n<li style=\"font-weight: 400;\">Bienes incorporales inmuebles<br \/>\nB. Bienes incorporales muebles<br \/>\nC. Aplicaciones<\/li>\n<\/ol>\n<p style=\"font-weight: 400;\">Tercera secci\u00f3n. Apreciaci\u00f3n de la clasificaci\u00f3n de los bienes muebles e inmuebles e inter\u00e9s pr\u00e1ctico de esta clasificaci\u00f3n<\/p>\n<ul>\n<li style=\"font-weight: 400;\">4. BIENES FUNGIBLES Y NO FUNGIBLES<br \/>\n\u00a7 5. BIENES DIVISIBLES O INDIVISIBLES<br \/>\n\u00a7 6. BIENES PRINCIPALES Y ACCESORIOS<br \/>\n\u00a7 7. CLASIFICACI\u00d3N DE LAS COSAS CON RELACI\u00d3N A LOS DERECHOS DE QUE SON SUSCEPTIBLES<\/li>\n<\/ul>\n<p style=\"font-weight: 400;\"><b><strong>CAP\u00cdTULO II<\/strong><\/b><br \/>\n<b><strong>DE LOS BIENES NACIONALES<\/strong><\/b><\/p>\n<ul>\n<li style=\"font-weight: 400;\">1. DEFINICIONES Y GENERALIDADES<br \/>\n\u00a7 2. DEL DOMINIO P\u00daBLICO DEL ESTADO<\/li>\n<\/ul>\n<p style=\"font-weight: 400;\">Primera Secci\u00f3n. Bienes que lo constituyen<\/p>\n<ol>\n<li style=\"font-weight: 400;\">Dominio p\u00fablico mar\u00edtimo<\/li>\n<li style=\"font-weight: 400;\">Dominio p\u00fablico terrestre<\/li>\n<li style=\"font-weight: 400;\">Dominio p\u00fablico fluvial<br \/>\n1\u00b0. Aguas pluviales<br \/>\n2\u00b0. Aguas terrestres<br \/>\nI. Aguas superficiales<br \/>\nII. Aguas subterr\u00e1neas<\/li>\n<li style=\"font-weight: 400;\">Dominio p\u00fablico a\u00e9reo<\/li>\n<\/ol>\n<p style=\"font-weight: 400;\">Segunda secci\u00f3n. Reglas generales aplicables a los bienes p\u00fablicos<\/p>\n<ul>\n<li style=\"font-weight: 400;\">3. DEL DOMINIO PRIVADO DEL ESTADO<\/li>\n<\/ul>\n<p style=\"font-weight: 400;\">Primera secci\u00f3n. Bienes que lo constituyen<\/p>\n<ol>\n<li style=\"font-weight: 400;\">El Estado propietario<br \/>\nB. El Estado acreedor o deudor<\/li>\n<\/ol>\n<p style=\"font-weight: 400;\">Segunda secci\u00f3n. Administraci\u00f3n de estos bienes<\/p>\n<p style=\"font-weight: 400;\"><b><strong>CAP\u00cdTULO III<\/strong><\/b><br \/>\n<b><strong>DEL PATRIMONIO<\/strong><\/b><\/p>\n<ul>\n<li style=\"font-weight: 400;\">1. DEFINICI\u00d3N DEL PATRIMONIO Y ELEMENTOS DE QUE SE COMPONE<br \/>\n\u00a7 2. DE LA UNIDAD Y DE LA INDIVISIBILIDAD DEL PATRIMONIO<br \/>\n\u00a7 3. DE LA SUBROGACI\u00d3N REAL<br \/>\n\u00a7 4. DE LOS DERECHOS DE LA PERSONA SOBRE SU PATRIMONIO<br \/>\n\u00a7 5. DE LA TRANSMISI\u00d3N DEL PATRIMONIO<br \/>\n\u00a7 6. LA TEOR\u00cdA DE LOS CAUSAHABIENTES<\/li>\n<\/ul>\n<p style=\"font-weight: 400;\"><b><strong>LIBRO SEGUNDO<\/strong><\/b><br \/>\n<b><strong>DE LOS BIENES Y DE SU DOMINIO, POSESI\u00d3N, USO Y GOCE<\/strong><\/b><\/p>\n<p style=\"font-weight: 400;\"><b><strong>CAP\u00cdTULO IV<\/strong><\/b><br \/>\n<b><strong>DE LA PROPIEDAD<\/strong><\/b><\/p>\n<ul>\n<li style=\"font-weight: 400;\">1. DEFINICI\u00d3N, NATURALEZA, CARACTERES Y LIMITACI\u00d3N DEL DERECHO DE PROPIEDAD<br \/>\n\u00a7 2. LIMITACIONES DEL DERECHO DE PROPIEDAD<br \/>\n\u00a7 3. FUNDAMENTO Y EVOLUCI\u00d3N HIST\u00d3RICA DEL DERECHO DE PROPIEDAD<br \/>\n\u00a7 4. INVIOLABILIDAD DEL DERECHO DE PROPIEDAD<br \/>\n\u00a7 5. EXTENSI\u00d3N DEL DERECHO DE PROPIEDAD Y, EN PARTICULAR,<\/li>\n<\/ul>\n<p style=\"font-weight: 400;\">DE LA PROPIEDAD DEL SUELO<br \/>\n\u00a7 6. DE LOS MODOS DE ADQUIRIR EL DOMINIO<\/p>\n<ul>\n<li style=\"font-weight: 400;\">7. DE LA P\u00c9RDIDA DE LA PROPIEDAD<\/li>\n<\/ul>\n<p style=\"font-weight: 400;\"><b><strong>CAP\u00cdTULO V<\/strong><\/b><br \/>\n<b><strong>DE CIERTAS ESPECIES DE PROPIEDAD<\/strong><\/b><\/p>\n<ul>\n<li style=\"font-weight: 400;\">1. DE LA COPROPIEDAD<\/li>\n<\/ul>\n<p style=\"font-weight: 400;\">Primera secci\u00f3n. De la indivisi\u00f3n en general<br \/>\nSegunda secci\u00f3n. De la indivisi\u00f3n forzada<\/p>\n<ul>\n<li style=\"font-weight: 400;\">2. PROPIEDAD MINERA<\/li>\n<li style=\"font-weight: 400;\">3. PROPIEDAD DE LAS AGUAS<\/li>\n<li style=\"font-weight: 400;\">4. PROPIEDAD INTELECTUAL<\/li>\n<\/ul>\n<p style=\"font-weight: 400;\">Primera secci\u00f3n. Propiedad literaria, dram\u00e1tica y art\u00edstica<br \/>\nSegunda secci\u00f3n. Propiedad industrial<\/p>\n<ul>\n<li style=\"font-weight: 400;\">5. PROPIEDAD DEL NOMBRE<\/li>\n<li style=\"font-weight: 400;\">6. PROPIEDAD DE LAS CARTAS O CORRESPONDENCIA<\/li>\n<\/ul>\n<p style=\"font-weight: 400;\"><b><strong>CAP\u00cdTULO VI<\/strong><\/b><br \/>\n<b><strong>DE LA OCUPACI\u00d3N<\/strong><\/b><\/p>\n<ul>\n<li style=\"font-weight: 400;\">1. GENERALIDADES<\/li>\n<li style=\"font-weight: 400;\">2. DE LA CAZA Y PESCA<\/li>\n<li style=\"font-weight: 400;\">3. DE LA INVENCI\u00d3N O HALLAZGO<\/li>\n<\/ul>\n<ol>\n<li style=\"font-weight: 400;\">Invenci\u00f3n o hallazgo de cosas que no han tenido due\u00f1o<br \/>\nB. Invenci\u00f3n o hallazgo de cosas muebles que no tienen actualmente due\u00f1o, aunque antes lo tuvieron<br \/>\nC. Tesoro<br \/>\nD. Cosas muebles perdidas<br \/>\nE. Especies n\u00e1ufragas<\/li>\n<\/ol>\n<ul>\n<li style=\"font-weight: 400;\">4. CAPTURA B\u00c9LICA<\/li>\n<\/ul>\n<p style=\"font-weight: 400;\"><b><strong>CAP\u00cdTULO VII<\/strong><\/b><br \/>\n<b><strong>DE LA ACCESI\u00d3N<\/strong><\/b><\/p>\n<ul>\n<li style=\"font-weight: 400;\">1. GENERALIDADES<\/li>\n<li style=\"font-weight: 400;\">2. ACCESI\u00d3N DE LO QUE PRODUCE LA COSA<\/li>\n<li style=\"font-weight: 400;\">3. ACCESI\u00d3N PROPIAMENTE DICHA<\/li>\n<\/ul>\n<p style=\"font-weight: 400;\">Primera secci\u00f3n. Accesi\u00f3n de bienes inmuebles<br \/>\nSegunda secci\u00f3n. Accesi\u00f3n de bienes muebles<br \/>\nTercera secci\u00f3n. Accesi\u00f3n de bienes muebles a inmuebles<\/p>\n<p style=\"font-weight: 400;\"><b><strong>CAP\u00cdTULO VIII<\/strong><\/b><br \/>\n<b><strong>DE LA TRADICI\u00d3N<\/strong><\/b><\/p>\n<ul>\n<li style=\"font-weight: 400;\">1. REGLAS GENERALES<br \/>\n\u00a7 2. TRADICI\u00d3N DE LAS COSAS CORPORALES MUEBLES<br \/>\n\u00a7 3. DE LA TRADICI\u00d3N DE LOS DERECHOS REALES INMUEBLES<\/li>\n<\/ul>\n<ol>\n<li style=\"font-weight: 400;\">Del Registro del Conservador, su naturaleza y su desarrollo hist\u00f3rico en la legislaci\u00f3n<br \/>\nB. De la organizaci\u00f3n del Registro del Conservador seg\u00fan nuestro C\u00f3digo Civil<br \/>\nC. De los t\u00edtulos que deben inscribirse y de los que pueden inscribirse 326<br \/>\nD. Del modo de proceder en las inscripciones, su forma y solemnidades; de las subinscripciones y cancelaciones<\/li>\n<\/ol>\n<ul>\n<li style=\"font-weight: 400;\">4. DE LA TRADICI\u00d3N DE LOS DERECHOS PERSONALES<\/li>\n<\/ul>\n<p style=\"font-weight: 400;\"><b><strong>CAP\u00cdTULO IX<\/strong><\/b><br \/>\n<b><strong>DE LA POSESI\u00d3N<\/strong><\/b><\/p>\n<ul>\n<li style=\"font-weight: 400;\">1. GENERALIDADES, DEFINICI\u00d3N Y CLASIFICACIONES<br \/>\n\u00a7 2. DE LOS MODOS DE ADQUIRIR Y PERDER LA POSESI\u00d3N<\/li>\n<\/ul>\n<p style=\"font-weight: 400;\">Primera secci\u00f3n. De la adquisici\u00f3n de la posesi\u00f3n<\/p>\n<p style=\"font-weight: 400;\">Segunda secci\u00f3n. De la conservaci\u00f3n de la posesi\u00f3n<\/p>\n<p style=\"font-weight: 400;\">Tercera secci\u00f3n. De la p\u00e9rdida de la posesi\u00f3n<\/p>\n<ol>\n<li style=\"font-weight: 400;\">De la p\u00e9rdida de la posesi\u00f3n con voluntad del poseedor<br \/>\nB. De la p\u00e9rdida de la posesi\u00f3n sin la voluntad del poseedor<\/li>\n<\/ol>\n<ul>\n<li style=\"font-weight: 400;\">3. DE LA PRUEBA DE LA POSESI\u00d3N<\/li>\n<li style=\"font-weight: 400;\">4. DE LOS EFECTOS JUR\u00cdDICOS DE LA POSESI\u00d3N<\/li>\n<\/ul>\n<p style=\"font-weight: 400;\"><b><strong>CAP\u00cdTULO X<\/strong><\/b><br \/>\n<b><strong>DEL FIDEICOMISO<\/strong><\/b><\/p>\n<ul>\n<li style=\"font-weight: 400;\">1. GENERALIDADES<br \/>\n\u00a7 2. CONSTITUCI\u00d3N DEL FIDEICOMISO<br \/>\n\u00a7 3. DE LOS DERECHOS Y OBLIGACIONES DEL FIDUCIARIO 644<br \/>\n\u00a7 4. DE LOS DERECHOS DEL FIDEICOMISARIO<br \/>\n\u00a7 5. DE LA EXTINCI\u00d3N DEL FIDEICOMISO<\/li>\n<\/ul>\n<p style=\"font-weight: 400;\"><b><strong>CAP\u00cdTULO XI<\/strong><\/b><br \/>\n<b><strong>DEL USUFRUCTO<\/strong><\/b><\/p>\n<ul>\n<li style=\"font-weight: 400;\">1. DEFINICIONES Y GENERALIDADES<br \/>\n\u00a7 2. DE LA CONSTITUCI\u00d3N DEL USUFRUCTO<br \/>\n\u00a7 3. DE LA TENENCIA DE LA COSA FRUCTUARIA Y DEL INVENTARIO Y DE LA CAUCI\u00d3N PREVIOS<\/li>\n<\/ul>\n<ol>\n<li style=\"font-weight: 400;\">Inventario<br \/>\nB. Cauci\u00f3n<br \/>\nC. Sanci\u00f3n<\/li>\n<\/ol>\n<ul>\n<li style=\"font-weight: 400;\">4. DE LOS DERECHOS DEL USUFRUCTUARIO<\/li>\n<\/ul>\n<p style=\"font-weight: 400;\">Primera secci\u00f3n. Derechos del usufructuario de bienes corporales inmuebles<\/p>\n<p style=\"font-weight: 400;\">Segunda secci\u00f3n. Derechos del usufructuario de bienes corporales muebles<\/p>\n<ol>\n<li style=\"font-weight: 400;\">Usufructo de cosas muebles<br \/>\nB. Derechos del usufructuario de bienes fungibles<br \/>\nC. Derechos del usufructuario de ganados y reba\u00f1os<\/li>\n<\/ol>\n<p style=\"font-weight: 400;\">Tercera secci\u00f3n. Derechos del usufructuario de bienes incorporales, muebles o inmuebles<\/p>\n<ul>\n<li style=\"font-weight: 400;\">5. DE LA MANERA COMO PUEDE GOZAR EL USUFRUCTUARIO<\/li>\n<\/ul>\n<ol>\n<li style=\"font-weight: 400;\">Derecho de administraci\u00f3n<br \/>\nB. Derecho de disposici\u00f3n o enajenaci\u00f3n<\/li>\n<\/ol>\n<ul>\n<li style=\"font-weight: 400;\">6. OBLIGACIONES DEL USUFRUCTUARIO<\/li>\n<\/ul>\n<p style=\"font-weight: 400;\">Primera secci\u00f3n. De la administraci\u00f3n del usufructuario y de la responsabilidad que ella le impone<\/p>\n<p style=\"font-weight: 400;\">Segunda secci\u00f3n. De las reparaciones de las cosas fructuarias<\/p>\n<ol>\n<li style=\"font-weight: 400;\">Reparaciones ordinarias de conservaci\u00f3n<br \/>\nB. Reparaciones extraordinarias<\/li>\n<\/ol>\n<p style=\"font-weight: 400;\">Tercera secci\u00f3n. De las cargas fructuarias<\/p>\n<p style=\"font-weight: 400;\">Cuarta secci\u00f3n. De la contribuci\u00f3n a las deudas<\/p>\n<ul>\n<li style=\"font-weight: 400;\">7. SITUACI\u00d3N DEL NUDO PROPIETARIO ANTE EL USUFRUCTUARIO<\/li>\n<li style=\"font-weight: 400;\">8. DE LA EXTINCI\u00d3N DEL USUFRUCTO<\/li>\n<\/ul>\n<p style=\"font-weight: 400;\">Primera secci\u00f3n. De las causas que ponen fin al usufructo<br \/>\nSegunda secci\u00f3n. De las consecuencias que se derivan de la extinci\u00f3n del usufructo<\/p>\n<p style=\"font-weight: 400;\"><b><strong>CAP\u00cdTULO XII<\/strong><\/b><br \/>\n<b><strong>DE LOS DERECHOS DE USO Y DE HABITACI\u00d3N<\/strong><\/b><\/p>\n<ul>\n<li style=\"font-weight: 400;\">1. Definici\u00f3n y generalidades<br \/>\n\u00a7 2. C\u00f3mo se constituyen y pierden los derechos de uso y de habitaci\u00f3n<br \/>\n\u00a7 3. De los derechos del usuario o del habitador<br \/>\n\u00a7 4. Del modo de ejercerse el derecho de uso<br \/>\n\u00a7 5. De las obligaciones del usuario o del habitador<\/li>\n<\/ul>\n<p style=\"font-weight: 400;\"><b><strong>CAP\u00cdTULO XIII<\/strong><\/b><br \/>\n<b><strong>DE LAS SERVIDUMBRES<\/strong><\/b><\/p>\n<ul>\n<li style=\"font-weight: 400;\">1. DEFINICI\u00d3N DE LA SERVIDUMBRE Y AN\u00c1LISIS DE LOS REQUISITOS QUE SEG\u00daN ELLA LA CONSTITUYEN, Y SUS CARACTERES<br \/>\n\u00a7 2. PREDIOS QUE PUEDEN Y PREDIOS QUE NO PUEDEN SER GRAVADOS CON SERVIDUMBRES<\/li>\n<\/ul>\n<p style=\"font-weight: 400;\">Libro segundo. De los bienes y de su dominio, posesi\u00f3n, uso y goce<\/p>\n<ul>\n<li style=\"font-weight: 400;\">3. DERECHOS DEL PROPIETARIO DEL PREDIO DOMINANTE Y OBLIGACIONES DEL PROPIETARIO DEL PREDIO SIRVIENTE CON RESPECTO AL EJERCICIO DE LA SERVIDUMBRE<\/li>\n<li style=\"font-weight: 400;\">4. DE LA CLASIFICACI\u00d3N DE LAS SERVIDUMBRES<\/li>\n<\/ul>\n<ol>\n<li style=\"font-weight: 400;\">Servidumbres positivas y negativas<br \/>\nB. Servidumbres continuas y discontinuas<br \/>\nC. Servidumbres aparentes e inaparentes<br \/>\nD. Servidumbres naturales, legales y voluntarias<\/li>\n<\/ol>\n<ul>\n<li style=\"font-weight: 400;\">5. DE LAS SERVIDUMBRES NATURALES<\/li>\n<\/ul>\n<ol>\n<li style=\"font-weight: 400;\">Recepci\u00f3n de las aguas que descienden del predio superior naturalmente<\/li>\n<\/ol>\n<ul>\n<li style=\"font-weight: 400;\">6. DE LAS SERVIDUMBRES LEGALES<\/li>\n<\/ul>\n<ol>\n<li style=\"font-weight: 400;\">SERVIDUMBRES LEGALES DE USO P\u00daBLICO<\/li>\n<li style=\"font-weight: 400;\">SERVIDUMBRES LEGALES DE UTILIDAD PARTICULAR<\/li>\n<\/ol>\n<p style=\"font-weight: 400;\">1\u00b0. Demarcaci\u00f3n<br \/>\n2\u00b0. Cerramiento<br \/>\n3\u00b0. Medianer\u00eda<br \/>\n4\u00b0. Tr\u00e1nsito<br \/>\n5\u00b0. Acueducto<br \/>\n6\u00b0. Luz y vista<br \/>\n7\u00b0. Aguas-lluvias y desag\u00fce de los techos<br \/>\n8\u00b0. L\u00edneas de transporte de energ\u00eda el\u00e9ctrica<\/p>\n<ul>\n<li style=\"font-weight: 400;\">7. DE LAS SERVIDUMBRES VOLUNTARIAS<\/li>\n<li style=\"font-weight: 400;\">8. DE LA EXTINCI\u00d3N DE LAS SERVIDUMBRES<\/li>\n<\/ul>\n<p style=\"font-weight: 400;\"><b><strong>CAP\u00cdTULO XIV<\/strong><\/b><br \/>\n<b><strong>DE LA REIVINDICACI\u00d3N<\/strong><\/b><\/p>\n<ul>\n<li style=\"font-weight: 400;\">1. GENERALIDADES<br \/>\n\u00a7 2. QU\u00c9 COSAS PUEDEN REIVINDICARSE<br \/>\n\u00a7 3. QUI\u00c9N PUEDE REIVINDICAR<br \/>\n\u00a7 4. CONTRA QUI\u00c9N SE PUEDE REIVINDICAR<br \/>\n\u00a7 5. CONDICI\u00d3N DE LA COSA DURANTE LA INSTANCIA<br \/>\n\u00a7 6. PRESTACIONES MUTUAS<br \/>\n\u00a7 7. APLICACI\u00d3N DE LAS DISPOSICIONES DE ESTE T\u00cdTULO A OTROS CASOS NO CONSIDERADOS EN ELLAS<\/li>\n<\/ul>\n<p style=\"font-weight: 400;\"><b><strong>CAP\u00cdTULO XV<\/strong><\/b><br \/>\n<b><strong>DE LAS ACCIONES POSESORIAS<\/strong><\/b><\/p>\n<ul>\n<li style=\"font-weight: 400;\">1. GENERALIDADES: HISTORIA, DEFINICI\u00d3N, CLASIFICACI\u00d3N Y FUNDAMENTOS DE ESTAS ACCIONES<br \/>\n\u00a7 2. COSAS QUE PUEDEN SER OBJETO DE LAS ACCIONES POSESORIAS<br \/>\n\u00a7 3. QU\u00c9 PERSONAS PUEDEN INSTAURAR ACCIONES POSESORIAS<br \/>\n\u00a7 4. CONTRA QUI\u00c9N PUEDEN ENTABLARSE LAS ACCIONES POSESORIAS<br \/>\n\u00a7 5. PRESCRIPCI\u00d3N DE LAS ACCIONES POSESORIAS<br \/>\n\u00a7 6. OBJETO DE LAS ACCIONES POSESORIAS<br \/>\n\u00a7 7. DE LA PRUEBA EN LAS ACCIONES POSESORIAS<br \/>\n\u00a7 8. DEL DESPOJO VIOLENTO O QUERELLA DE RESTABLECIMIENTO<\/li>\n<\/ul>\n<p style=\"font-weight: 400;\"><b><strong>CAP\u00cdTULO XVI<\/strong><\/b><br \/>\n<b><strong>DE ALGUNAS ACCIONES POSESORIAS ESPECIALES<\/strong><\/b><\/p>\n<ul>\n<li style=\"font-weight: 400;\">1. ALGUNAS ACCIONES QUE LLAMA POSESORIAS ESPECIALES<br \/>\n\u00a7 2. DEL T\u00cdTULO V DEL LIBRO III SOBRE INTERDICTOS ESPECIALES<\/li>\n<\/ul>\n","protected":false},"excerpt":{"rendered":"<h3>3\u00aa edici\u00f3n &#8211; Agosto 2025 &#8211; 2.563 P\u00e1g. Actualizada, Concordada y Sistematizada por el Profesor Gabriel Mu\u00f1oz Bonacic.<\/h3>\n<p>Buscas un libro Jur\u00eddico.? Lo puedes encontrar en nuestra tienda virtual.<br \/>\nContamos con prestigiosos autores y muchas alternativas en sus diferentes materias al igual que grandes descuentos.! Vis\u00edtanos en <a class=\"NzmTNqKOTmDnLjTfVvUDoJOSuuwdUuClRMRso \" tabindex=\"0\" href=\"https:\/\/lnkd.in\/eiAG7jdZ\" target=\"_blank\" rel=\"noopener\" data-test-app-aware-link=\"\">https:\/\/lnkd.in\/eiAG7jdZ<\/a><br \/>\nEscr\u00edbenos al +56930565235 \/ <a class=\"NzmTNqKOTmDnLjTfVvUDoJOSuuwdUuClRMRso \" tabindex=\"0\" href=\"mailto:ventaslegallexglobal@gmail.com\" target=\"_self\" data-test-app-aware-link=\"\">ventaslegallexglobal@gmail.com<\/a><br \/>\nHacemos env\u00edos a todo Chile \u2013 Starken o Correos Chile \/ Te esperamos<\/p>\n","protected":false},"featured_media":2452,"comment_status":"open","ping_status":"closed","template":"","meta":{"inline_featured_image":false,"_joinchat":[]},"product_brand":[],"product_cat":[27,26],"product_tag":[],"class_list":{"0":"post-2422","1":"product","2":"type-product","3":"status-publish","4":"has-post-thumbnail","6":"product_cat-civil","7":"product_cat-derecho","9":"first","10":"instock","11":"sale","12":"shipping-taxable","13":"purchasable","14":"product-type-simple"},"_links":{"self":[{"href":"https:\/\/bibliotecajuridicavirtual.cl\/index.php\/wp-json\/wp\/v2\/product\/2422","targetHints":{"allow":["GET"]}}],"collection":[{"href":"https:\/\/bibliotecajuridicavirtual.cl\/index.php\/wp-json\/wp\/v2\/product"}],"about":[{"href":"https:\/\/bibliotecajuridicavirtual.cl\/index.php\/wp-json\/wp\/v2\/types\/product"}],"replies":[{"embeddable":true,"href":"https:\/\/bibliotecajuridicavirtual.cl\/index.php\/wp-json\/wp\/v2\/comments?post=2422"}],"wp:featuredmedia":[{"embeddable":true,"href":"https:\/\/bibliotecajuridicavirtual.cl\/index.php\/wp-json\/wp\/v2\/media\/2452"}],"wp:attachment":[{"href":"https:\/\/bibliotecajuridicavirtual.cl\/index.php\/wp-json\/wp\/v2\/media?parent=2422"}],"wp:term":[{"taxonomy":"product_brand","embeddable":true,"href":"https:\/\/bibliotecajuridicavirtual.cl\/index.php\/wp-json\/wp\/v2\/product_brand?post=2422"},{"taxonomy":"product_cat","embeddable":true,"href":"https:\/\/bibliotecajuridicavirtual.cl\/index.php\/wp-json\/wp\/v2\/product_cat?post=2422"},{"taxonomy":"product_tag","embeddable":true,"href":"https:\/\/bibliotecajuridicavirtual.cl\/index.php\/wp-json\/wp\/v2\/product_tag?post=2422"}],"curies":[{"name":"wp","href":"https:\/\/api.w.org\/{rel}","templated":true}]}}