{"id":2431,"date":"2026-02-28T01:01:31","date_gmt":"2026-02-28T04:01:31","guid":{"rendered":"https:\/\/bibliotecajuridicavirtual.cl\/?post_type=product&#038;p=2431"},"modified":"2026-02-28T01:01:48","modified_gmt":"2026-02-28T04:01:48","slug":"tratado-de-derecho-administrativo-iii-contratacion-publica-comentarios-a-la-ley-9-2017-de-8-de-noviembre-de-contratos-del-sector-publico-5a-ed","status":"publish","type":"product","link":"https:\/\/bibliotecajuridicavirtual.cl\/index.php\/product\/tratado-de-derecho-administrativo-iii-contratacion-publica-comentarios-a-la-ley-9-2017-de-8-de-noviembre-de-contratos-del-sector-publico-5a-ed\/","title":{"rendered":"Tratado de Derecho Administrativo III * Contrataci\u00f3n p\u00fablica. Comentarios a la Ley 9\/2017, de 8 de noviembre, de Contratos del Sector P\u00fablico) 5\u00aa Ed."},"content":{"rendered":"<p class=\"ficha_titulo_parrafo\"><strong>SINOPSIS<\/strong><\/p>\n<p class=\"ficha_texto\">Se estudia art\u00edculo por art\u00edculo la Ley de Contratos Del Sector P\u00fablico aportando la praxis sobre el asunto y la jurisprudencia en la materia, contiene todas las resoluciones m\u00e1s importantes de los \u00faltimos a\u00f1os de los tribunales administrativos de contrataci\u00f3n p\u00fablica.<\/p>\n<ul>\n<li>Legislaci\u00f3n y Jurisprudencia actualizada y seleccionada para facilitar la resoluci\u00f3n de casos<\/li>\n<li>Comentario art\u00edculo por art\u00edculo del texto legal.<\/li>\n<li>An\u00e1lisis detallado de los temas que plantean problemas especiales de aplicaci\u00f3n.<\/li>\n<\/ul>\n<p class=\"ficha_texto\"><strong>Santiago Gonz\u00e1lez-Varas Ib\u00e1\u00f1ez\u00a0<\/strong>es Catedr\u00e1tico de Derecho Administrativo.<\/p>\n<p class=\"ficha_texto\">Destinado Juristas encargados de la contrataci\u00f3n p\u00fablica, abogados, funcionarios que trabajan en \u00f3rganos de contrataci\u00f3n y ayuntamientos.<br \/>\n<strong>Extracto:<\/strong><\/p>\n<p class=\"ficha_texto\">Comenta los distintos art\u00edculos de la Ley 9\/2017, de 8 de noviembre, de Contratos del Sector P\u00fablico (por la que se transponen al ordenamiento jur\u00eddico espa\u00f1ol las Directivas del Parlamento Europeo y del Consejo 2014\/23\/UE y 2014\/24\/UE, de 26 de febrero de 2014), incidiendo en los temas que plantean problemas especiales para aportar entonces estudios en la materia.<br \/>\nEn general, se aporta conocimiento en relaci\u00f3n con las distintas regulaciones de la nueva ley. Pero sobre todo se van indicando sentencias y resoluciones que informan sobre la aplicaci\u00f3n pr\u00e1ctica de cada articulado. Se evitan en todo caso comentarios superfluos o reiteraciones de leyes en los comentarios. Tampoco se descartan comentarios doctrinales de fondo y posibles perspectivas de futuro.<\/p>\n<p class=\"ficha_titulo_parrafo\"><strong>FORMATO<\/strong><\/p>\n<p class=\"ficha_texto\">Con el libro digital contar\u00e1s con todas las ventajas de la Biblioteca Digital Legalteca:<br \/>\n\u2022 Podr\u00e1s personalizar tus contenidos con anotaciones, marcas o subrayados, e incluirlos en dosieres.<br \/>\n\u2022 Contar\u00e1s con el acceso a la informaci\u00f3n desde cualquier dispositivo, en cualquier momento y lugar, con o sin conexi\u00f3n a internet.<\/p>\n","protected":false},"excerpt":{"rendered":"<p><label>Autor: <span style=\"font-size: 16px;\">Santiago Gonz\u00e1lez-Varas Ib\u00e1\u00f1ez \/ Marzo <\/span><span style=\"font-size: 16px;\">-2024 publicaci\u00f3n *<\/span><span style=\"font-size: 16px;\">1.536 P\u00e1ginas<\/span><\/label><\/p>\n<p>Buscas un libro Jur\u00eddico.? Lo puedes encontrar en nuestra tienda virtual.<br \/>\nContamos con prestigiosos autores y muchas alternativas en sus diferentes materias al igual que grandes descuentos.! Vis\u00edtanos en <a class=\"QJYnkuCDVdJxwvVKNBOObagfmMZuqWeeoFig \" tabindex=\"0\" href=\"https:\/\/lnkd.in\/eiAG7jdZ\" target=\"_blank\" rel=\"noopener\" data-test-app-aware-link=\"\">https:\/\/lnkd.in\/eiAG7jdZ<\/a><br \/>\nEscr\u00edbenos al +56930565235 \/ <a class=\"QJYnkuCDVdJxwvVKNBOObagfmMZuqWeeoFig \" tabindex=\"0\" href=\"mailto:ventaslegallexglobal@gmail.com\" target=\"_self\" data-test-app-aware-link=\"\">ventaslegallexglobal@gmail.com<\/a><br \/>\nHacemos env\u00edos a todo Chile \u2013 Starken o Correos Chile \/ Te esperamos.<\/p>\n","protected":false},"featured_media":2461,"comment_status":"open","ping_status":"closed","template":"","meta":{"inline_featured_image":false,"_joinchat":[]},"product_brand":[],"product_cat":[27,26],"product_tag":[],"class_list":{"0":"post-2431","1":"product","2":"type-product","3":"status-publish","4":"has-post-thumbnail","6":"product_cat-civil","7":"product_cat-derecho","9":"first","10":"instock","11":"shipping-taxable","12":"purchasable","13":"product-type-simple"},"_links":{"self":[{"href":"https:\/\/bibliotecajuridicavirtual.cl\/index.php\/wp-json\/wp\/v2\/product\/2431","targetHints":{"allow":["GET"]}}],"collection":[{"href":"https:\/\/bibliotecajuridicavirtual.cl\/index.php\/wp-json\/wp\/v2\/product"}],"about":[{"href":"https:\/\/bibliotecajuridicavirtual.cl\/index.php\/wp-json\/wp\/v2\/types\/product"}],"replies":[{"embeddable":true,"href":"https:\/\/bibliotecajuridicavirtual.cl\/index.php\/wp-json\/wp\/v2\/comments?post=2431"}],"wp:featuredmedia":[{"embeddable":true,"href":"https:\/\/bibliotecajuridicavirtual.cl\/index.php\/wp-json\/wp\/v2\/media\/2461"}],"wp:attachment":[{"href":"https:\/\/bibliotecajuridicavirtual.cl\/index.php\/wp-json\/wp\/v2\/media?parent=2431"}],"wp:term":[{"taxonomy":"product_brand","embeddable":true,"href":"https:\/\/bibliotecajuridicavirtual.cl\/index.php\/wp-json\/wp\/v2\/product_brand?post=2431"},{"taxonomy":"product_cat","embeddable":true,"href":"https:\/\/bibliotecajuridicavirtual.cl\/index.php\/wp-json\/wp\/v2\/product_cat?post=2431"},{"taxonomy":"product_tag","embeddable":true,"href":"https:\/\/bibliotecajuridicavirtual.cl\/index.php\/wp-json\/wp\/v2\/product_tag?post=2431"}],"curies":[{"name":"wp","href":"https:\/\/api.w.org\/{rel}","templated":true}]}}