{"id":2432,"date":"2026-02-28T01:01:31","date_gmt":"2026-02-28T04:01:31","guid":{"rendered":"https:\/\/bibliotecajuridicavirtual.cl\/?post_type=product&#038;p=2432"},"modified":"2026-02-28T01:01:49","modified_gmt":"2026-02-28T04:01:49","slug":"derecho-de-la-contratacion-electronica-rafael-illescas-ortiz-espana-3era-edicion-ano-2019-342-pag","status":"publish","type":"product","link":"https:\/\/bibliotecajuridicavirtual.cl\/index.php\/product\/derecho-de-la-contratacion-electronica-rafael-illescas-ortiz-espana-3era-edicion-ano-2019-342-pag\/","title":{"rendered":"Derecho de la Contrataci\u00f3n Electr\u00f3nica * Rafael Illescas Ortiz (Espa\u00f1a) &#8211; 3era. edici\u00f3n a\u00f1o 2019 &#8211; 342 P\u00e1g."},"content":{"rendered":"<p style=\"font-weight: 400;\">La contrataci\u00f3n electr\u00f3nica ha protagonizado en lo transcurrido de siglo un desenvolvimiento tan inaudito como imperceptible: multitud de operaciones y actividades econ\u00f3micas han sustituido paulatinamente la pluma y el papel desenvolvi\u00e9ndose en la actualidad en soporte electr\u00f3nico de modo exclusivo.<\/p>\n<p style=\"font-weight: 400;\">El Derecho recibi\u00f3 las nuevas realidades tecnol\u00f3gicas y su aplicaci\u00f3n negocial con notable escepticismo y elevada incomprensi\u00f3n. R\u00e1pidamente, no obstante, el cambio de actitud se impuso en las jurisdicciones adeptas al cambio tecnol\u00f3gico. Y la eclosi\u00f3n normativa no se hizo esperar. En particular, a lo largo de los a\u00f1os previos a la presente edici\u00f3n de este libro.<\/p>\n<p style=\"font-weight: 400;\">El volumen tiene por objeto actualizar el an\u00e1lisis minucioso de los elementos conceptuales b\u00e1sicos del r\u00e9gimen jur\u00eddico de la contrataci\u00f3n electr\u00f3nica as\u00ed como de las normas que los configuran y disciplinan: alg\u00fan tratado internacional, diversas leyes modelo formuladas por agencias globales, normas europeas y leyes nacionales son objeto de atenci\u00f3n y an\u00e1lisis. Y resulta sorprendente que tanto las reglas europeas como las leyes nacionales hayan sido objeto en abundantes ocasiones de doble e incluso triple redacci\u00f3n en un breve lapso de tiempo. Hasta tal punto resulta disruptor el uso incesantemente incrementado de la electr\u00f3nica con fines negociales y jur\u00eddicos.<\/p>\n<p style=\"font-weight: 400;\">Todo ello pretende ser objeto de estudio y sistematizaci\u00f3n actualizados, ya por tercera vez, en la presente obra.<\/p>\n<p style=\"font-weight: 400;\"><b><strong>CAP\u00cdTULO 1<\/strong><\/b><br \/>\n<b><strong>LOS PRINCIPIOS GENERALES DEL DERECHO DEL COMERCIO ELECTR\u00d3NICO<\/strong><\/b><\/p>\n<p style=\"font-weight: 400;\">1.1. Generalidades<br \/>\n1.2. Las reglas b\u00e1sicas: enunciaci\u00f3n<br \/>\n1.3. La equivalencia funcional de los actos empresariales electr\u00f3nicos<br \/>\n1.4. Inalteraci\u00f3n del preexistente derecho de obligaciones y contratos privados<br \/>\n1.5. La neutralidad tecnol\u00f3gica<br \/>\n1.6. Buena fe<br \/>\n1.7. La libertad contractual mantenida en el nuevo contexto electr\u00f3nico<br \/>\n1.8. La electronificaci\u00f3n del Derecho Uniforme del Comercio Internacional<\/p>\n<p style=\"font-weight: 400;\"><b><strong>CAP\u00cdTULO 2<\/strong><\/b><br \/>\n<b><strong>LOS ELEMENTOS CONCEPTUALES DEL DERECHO DEL COMERCIO ELECTR\u00d3NICO<\/strong><\/b><\/p>\n<p style=\"font-weight: 400;\">2.1. Enunciaci\u00f3n y clasificaci\u00f3n de los diversos elementos conceptuales<\/p>\n<p>2.2. Los elementos objetivos<br \/>\n2.2.1. El mensaje de datos o documento electr\u00f3nico<br \/>\n2.2.2. Norma t\u00e9cnica de estructuraci\u00f3n (del mensaje de datos)<br \/>\n2.2.3. Firma electr\u00f3nica<br \/>\n2.2.4. Sistemas de informaci\u00f3n<br \/>\n2.2.5. Redes e interconexi\u00f3n de redes (internet)<\/p>\n<p>2.3. Los elementos subjetivos del Comercio Electr\u00f3nico<br \/>\n2.3.1. El iniciador o signatario del mensaje de datos<br \/>\n2.3.2. El destinatario<br \/>\n2.3.3. Los intermediarios o prestadores de servicios: generalidades y responsabilidad<\/p>\n<p>2.4. Unos intermediarios singulares: los prestadores de servicios de certificaci\u00f3n de firma electr\u00f3nica<\/p>\n<p><b><strong>CAP\u00cdTULO 3<\/strong><\/b><br \/>\n<b><strong>LAS MANIFESTACIONES ESPEC\u00cdFICAS DE LA EQUIVALENCIA FUNCIONAL<\/strong><\/b><\/p>\n<p style=\"font-weight: 400;\">3.1. Mensaje de Datos y documento escrito<br \/>\n3.1.1. Elementos de equivalencia funcional en el ordenamiento espa\u00f1ol<br \/>\n3.1.2. Los aspectos sustantivos de la equivalencia funcional mensaje de datos documento escrito<br \/>\n3.1.2.1. Consagraci\u00f3n expresa por el ordenamiento nacional de las reglas de equivalencia y no discriminaci\u00f3n<br \/>\n3.1.2.2. Fijaci\u00f3n de las condiciones de operatividad de la equivalencia funcional: especial referencia a la recuperabilidad de los MD<br \/>\n3.1.2.3. Excepciones legales a la equivalencia funcional<br \/>\n3.1.2.4. Incorporaci\u00f3n de condiciones generales por referencia o remisi\u00f3n<\/p>\n<p>3.2. Mensaje de Datos, informaci\u00f3n y documento original<\/p>\n<p>3.3. El Mensaje de Datos como medio de prueba de obligaciones mercantiles<br \/>\n3.3.1. Las disposiciones probatorias de la LFE<br \/>\n3.3.2. Eficacia probatoria del Mensaje de Datos con Firma Electr\u00f3nica Cualificada<br \/>\n3.3.2.1. Eficacia probatoria del Mensaje de Datos con Firma Electr\u00f3nica sencilla<br \/>\n3.3.3. Una prueba electr\u00f3nica particularmente regulada: la factura electr\u00f3nica<br \/>\n3.3.4. Los indicadores comparados y uniformes en materia probatoria<\/p>\n<p>3.4. Archivo y conservaci\u00f3n de Documento Electr\u00f3nico: del archivo electr\u00f3nico de documentos al Documento Electr\u00f3nico archivado<\/p>\n<p style=\"font-weight: 400;\"><b><strong>CAP\u00cdTULO 4<\/strong><\/b><br \/>\n<b><strong>LA CONTRATACI\u00d3N MERCANTIL EN EL ENTORNO ELECTR\u00d3NICO: EL R\u00c9GIMEN DE LAS DECLARACIONES DE VOLUNTAD<\/strong><\/b><\/p>\n<p style=\"font-weight: 400;\">4.1. La dimensi\u00f3n electr\u00f3nica del contrato mercantil, su din\u00e1mica y cumplimiento<\/p>\n<p style=\"font-weight: 400;\">4.2. La declaraci\u00f3n de voluntad emitida electr\u00f3nicamente<br \/>\n4.2.1. Los efectos jur\u00eddicos de la declaraci\u00f3n de voluntad emitida electr\u00f3nicamente<br \/>\n4.2.2. Atribuci\u00f3n de los mensajes de datos<\/p>\n<p style=\"font-weight: 400;\">4.3. La representaci\u00f3n electr\u00f3nica<br \/>\n4.3.1. Actuaci\u00f3n del iniciador de un mensaje de datos a trav\u00e9s de un representante<br \/>\n4.3.2. Intervenci\u00f3n de agente electr\u00f3nico (\u00abelectronic agent\u00bb) o sistema automatizado de mensajes en los procesos de formaci\u00f3n y ejecuci\u00f3n contractuales<br \/>\n4.3.3. La intermediaci\u00f3n en operaciones electr\u00f3nicas<\/p>\n<p style=\"font-weight: 400;\">4.4. El acuse de recibo<\/p>\n<p style=\"font-weight: 400;\">4.5. La confirmaci\u00f3n<\/p>\n<p style=\"font-weight: 400;\"><b><strong>CAP\u00cdTULO 5<\/strong><\/b><br \/>\n<b><strong>LA FORMACI\u00d3N DEL CONTRATO ELECTR\u00d3NICO<\/strong><\/b><\/p>\n<p style=\"font-weight: 400;\">5.1. Actividad publicitaria, oferta de contrato y \u00abspam\u00bb<\/p>\n<p style=\"font-weight: 400;\">5.2. Obligaciones informativas precontractuales del Prestador de Servicios de Internet (PSI)<\/p>\n<p style=\"font-weight: 400;\">5.3. Momento de la perfecci\u00f3n del contrato<br \/>\n5.3.1. Pertinencia y efectos de un acuerdo previo entre las partes gobernante de sucesivas transacciones electr\u00f3nicas<br \/>\n5.3.2. Determinaci\u00f3n del derecho sustantivo aplicable al contrato electr\u00f3nico: el caso espa\u00f1ol<br \/>\n5.3.3. Especialidades en la aplicaci\u00f3n del derecho sustantivo aplicable derivadas del hecho de que las voluntades contractuales se transmitan mediante mensajes de datos emitidos y recibidos a trav\u00e9s de sistemas de informaci\u00f3n de los contratantes<\/p>\n<p style=\"font-weight: 400;\">5.4. Lugar de la perfecci\u00f3n del contrato<br \/>\n5.4.1. Las normas positivas<\/p>\n<p style=\"font-weight: 400;\">5.4.2. Los mercados electr\u00f3nicos cerrados<br \/>\n5.5. Breves \u00abexcursus\u00bb sobre problemas en materia de perfecci\u00f3n: capacidad de las partes y error electr\u00f3nico<\/p>\n<p style=\"font-weight: 400;\">5.6. El contenido del contrato y su incorporaci\u00f3n directa o por referencia en el Mensaje de Datos<br \/>\n5.6.1. La estandarizaci\u00f3n de los contratos electr\u00f3nicos<br \/>\n5.6.2. La incorporaci\u00f3n de CGC al contrato electr\u00f3nico<\/p>\n<p style=\"font-weight: 400;\"><b><strong>CAP\u00cdTULO 6<\/strong><\/b><br \/>\n<b><strong>LA DIN\u00c1MICA CONTRACTUAL ELECTR\u00d3NICA<\/strong><\/b><\/p>\n<p style=\"font-weight: 400;\">6.1. Din\u00e1mica contractual en soporte electr\u00f3nico<\/p>\n<p style=\"font-weight: 400;\">6.2. La administraci\u00f3n electr\u00f3nica del contrato de tracto sucesivo<br \/>\n6.2.1. Pormenor de derecho espa\u00f1ol: el caso del contrato de seguro<br \/>\n6.2.2. Pormenor de derecho uniforme: el caso del contrato de transporte<\/p>\n<p style=\"font-weight: 400;\">6.3. Los terceros y los derechos contractuales generados electr\u00f3nicamente<br \/>\n6.3.1. La estipulaci\u00f3n a favor de tercero<br \/>\n6.3.2. La cesi\u00f3n de derechos contractuales<br \/>\n6.3.3. La electronificaci\u00f3n de los t\u00edtulos valores<br \/>\n6.3.3.1. Las acciones de sociedad an\u00f3nima<br \/>\n6.3.3.2. Los documentos de transporte en general<br \/>\n6.3.3.3. El conocimiento de embarque y su registro privado<\/p>\n<p style=\"font-weight: 400;\">6.4. Los incipientes instrumentos de producci\u00f3n de efectos frente a terceros por el Comercio Electr\u00f3nico<br \/>\n6.4.1. Los nuevos registros y los terceros confiables<br \/>\n6.4.2. Los archivos electr\u00f3nicos transferibles<br \/>\n6.4.3. El derecho de control<\/p>\n<p style=\"font-weight: 400;\"><b><strong>CAP\u00cdTULO 7<\/strong><\/b><br \/>\n<b><strong>EL CUMPLIMIENTO ELECTR\u00d3NICO DE LAS OBLIGACIONES CONTRACTUALES (RAFAEL ILLESCAS ORTIZ)<\/strong><\/b><\/p>\n<p style=\"font-weight: 400;\">7.1. La modalidad electr\u00f3nica del cumplimiento contractual<\/p>\n<p style=\"font-weight: 400;\">7.2. La transferencia electr\u00f3nica de fondos<\/p>\n<p style=\"font-weight: 400;\">7.3. La compensaci\u00f3n<br \/>\n7.3.1. Oponibilidad frente a terceros de la compensaci\u00f3n<br \/>\n7.3.2. Inmunidad de la compensaci\u00f3n electr\u00f3nica frente al concurso de acreedores<\/p>\n","protected":false},"excerpt":{"rendered":"<p>Buscas un libro Jur\u00eddico.? Lo puedes encontrar en nuestra tienda virtual.<br \/>\nContamos con prestigiosos autores y muchas alternativas en sus diferentes materias al igual que grandes descuentos.! Vis\u00edtanos en <a class=\"QJYnkuCDVdJxwvVKNBOObagfmMZuqWeeoFig \" tabindex=\"0\" href=\"https:\/\/lnkd.in\/eiAG7jdZ\" target=\"_blank\" rel=\"noopener\" data-test-app-aware-link=\"\">https:\/\/lnkd.in\/eiAG7jdZ<\/a><br \/>\nEscr\u00edbenos al +56930565235 \/ <a class=\"QJYnkuCDVdJxwvVKNBOObagfmMZuqWeeoFig \" tabindex=\"0\" href=\"mailto:ventaslegallexglobal@gmail.com\" target=\"_self\" data-test-app-aware-link=\"\">ventaslegallexglobal@gmail.com<\/a><br \/>\nHacemos env\u00edos a todo Chile \u2013 Starken o Correos Chile \/ Te esperamos.<\/p>\n","protected":false},"featured_media":2462,"comment_status":"open","ping_status":"closed","template":"","meta":{"inline_featured_image":false,"_joinchat":[]},"product_brand":[],"product_cat":[27,26],"product_tag":[],"class_list":{"0":"post-2432","1":"product","2":"type-product","3":"status-publish","4":"has-post-thumbnail","6":"product_cat-civil","7":"product_cat-derecho","9":"first","10":"instock","11":"shipping-taxable","12":"purchasable","13":"product-type-simple"},"_links":{"self":[{"href":"https:\/\/bibliotecajuridicavirtual.cl\/index.php\/wp-json\/wp\/v2\/product\/2432","targetHints":{"allow":["GET"]}}],"collection":[{"href":"https:\/\/bibliotecajuridicavirtual.cl\/index.php\/wp-json\/wp\/v2\/product"}],"about":[{"href":"https:\/\/bibliotecajuridicavirtual.cl\/index.php\/wp-json\/wp\/v2\/types\/product"}],"replies":[{"embeddable":true,"href":"https:\/\/bibliotecajuridicavirtual.cl\/index.php\/wp-json\/wp\/v2\/comments?post=2432"}],"wp:featuredmedia":[{"embeddable":true,"href":"https:\/\/bibliotecajuridicavirtual.cl\/index.php\/wp-json\/wp\/v2\/media\/2462"}],"wp:attachment":[{"href":"https:\/\/bibliotecajuridicavirtual.cl\/index.php\/wp-json\/wp\/v2\/media?parent=2432"}],"wp:term":[{"taxonomy":"product_brand","embeddable":true,"href":"https:\/\/bibliotecajuridicavirtual.cl\/index.php\/wp-json\/wp\/v2\/product_brand?post=2432"},{"taxonomy":"product_cat","embeddable":true,"href":"https:\/\/bibliotecajuridicavirtual.cl\/index.php\/wp-json\/wp\/v2\/product_cat?post=2432"},{"taxonomy":"product_tag","embeddable":true,"href":"https:\/\/bibliotecajuridicavirtual.cl\/index.php\/wp-json\/wp\/v2\/product_tag?post=2432"}],"curies":[{"name":"wp","href":"https:\/\/api.w.org\/{rel}","templated":true}]}}