{"id":2434,"date":"2026-02-28T01:01:31","date_gmt":"2026-02-28T04:01:31","guid":{"rendered":"https:\/\/bibliotecajuridicavirtual.cl\/?post_type=product&#038;p=2434"},"modified":"2026-02-28T01:01:50","modified_gmt":"2026-02-28T04:01:50","slug":"derecho-de-obligaciones-y-contratos-inigo-a-navarro-mendizabal-espana-4ta-edicion-2022-732-paginas","status":"publish","type":"product","link":"https:\/\/bibliotecajuridicavirtual.cl\/index.php\/product\/derecho-de-obligaciones-y-contratos-inigo-a-navarro-mendizabal-espana-4ta-edicion-2022-732-paginas\/","title":{"rendered":"Derecho de Obligaciones y Contratos *  \u00cd\u00f1igo A. Navarro Mendiz\u00e1bal (Espa\u00f1a) &#8211; 4ta, edici\u00f3n 2022 &#8211; 732 P\u00e1ginas"},"content":{"rendered":"<p style=\"font-weight: 400;\">En este libro encontrar\u00e1s un tratamiento claro, comprensible, l\u00f3gico y sistem\u00e1tico del Derecho obligaciones y contratos incluyendo todas sus partes: Derecho de obligaciones, Teor\u00eda general del contrato, Contratos en particular, Cuasi contratos y Responsabilidad civil extracontractual.<\/p>\n<p style=\"font-weight: 400;\">Cada cap\u00edtulo comienza con un esquema conceptual muy \u00fatil para tener una visi\u00f3n sistem\u00e1tica del Derecho de obligaciones y, a continuaci\u00f3n, el texto est\u00e1 redactado de forma \u00e1gil y amena y siguiendo las mejores tradiciones de argumentaci\u00f3n, ejemplos y cita jurisprudencial.<\/p>\n<p style=\"font-weight: 400;\">Con este libro podr\u00e1s tener acceso a un conocimiento profundo del Derecho de obligaciones y a una comprensi\u00f3n razonada del mismo y de cada una de sus figuras y contratos. Es conveniente para alumnos universitarios que cursan asignaturas con contenidos tratados en el tomo y para cualquier jurista que quiera tener una obra de consulta precisa.<\/p>\n<p style=\"font-weight: 400;\"><b><strong>PARTE I<\/strong><\/b><br \/>\n<b><strong>DERECHO DE OBLIGACIONES<\/strong><\/b><\/p>\n<p style=\"font-weight: 400;\">Introducci\u00f3n al Derecho de obligaciones<\/p>\n<p style=\"font-weight: 400;\"><b><strong>CAP\u00cdTULO 1<br \/>\nLA OBLIGACI\u00d3N Y EL DERECHO DE OBLIGACIONES. LAS FUENTES DE LAS OBLIGACIONES<br \/>\n\u00cd\u00f1igo A. Navarro Mendiz\u00e1bal<\/strong><\/b><\/p>\n<p style=\"font-weight: 400;\"><b><strong>CAP\u00cdTULO 2<br \/>\nLOS SUJETOS DE LA OBLIGACI\u00d3N. OBLIGACIONES PARCIARIAS, MANCOMUNADAS Y SOLIDARIAS<\/strong><\/b><\/p>\n<p style=\"font-weight: 400;\"><b><strong>CAP\u00cdTULO 3<br \/>\nEL OBJETO DE LA OBLIGACI\u00d3N. OBLIGACIONES SEG\u00daN EL OBJETO (I)<\/strong><\/b><\/p>\n<p style=\"font-weight: 400;\"><b><strong>CAP\u00cdTULO 4<br \/>\nEL OBJETO DE LA OBLIGACI\u00d3N. OBLIGACIONES SEG\u00daN EL OBJETO (II)<\/strong><\/b><\/p>\n<p style=\"font-weight: 400;\"><b><strong>CAP\u00cdTULO 5<br \/>\nOBLIGACIONES CONDICIONALES, A T\u00c9RMINO Y EL MODO<\/strong><\/b><\/p>\n<p style=\"font-weight: 400;\"><b><strong>CAP\u00cdTULO 6<br \/>\nEL PAGO O CUMPLIMIENTO. LOS SUBROGADOS DEL CUMPLIMIENTO<\/strong><\/b><\/p>\n<p style=\"font-weight: 400;\"><b><strong>CAP\u00cdTULO 7<br \/>\nEL INCUMPLIMIENTO<\/strong><\/b><\/p>\n<p style=\"font-weight: 400;\"><b><strong>CAP\u00cdTULO 8<br \/>\nPROTECCI\u00d3N Y DEFENSA DEL DERECHO DE CR\u00c9DITO<\/strong><\/b><\/p>\n<p style=\"font-weight: 400;\"><b><strong>CAP\u00cdTULO 9<\/strong><\/b><br \/>\n<b><strong>MODIFICACI\u00d3N Y EXTINCI\u00d3N DE LA OBLIGACI\u00d3N<\/strong><\/b><\/p>\n<p style=\"font-weight: 400;\">\n<b><strong>PARTE II<\/strong><\/b><br \/>\n<b><strong>TEOR\u00cdA GENERAL DEL CONTRATO<\/strong><\/b><\/p>\n<p style=\"font-weight: 400;\">Introducci\u00f3n a la Teor\u00eda general del contrato. Introducci\u00f3n a la teor\u00eda general del contrato<\/p>\n<p style=\"font-weight: 400;\"><b><strong>CAP\u00cdTULO 10<br \/>\nEL CONTRATO<\/strong><\/b><\/p>\n<p style=\"font-weight: 400;\"><b><strong>CAP\u00cdTULO 11<br \/>\nFORMACI\u00d3N DEL CONTRATO<\/strong><\/b><\/p>\n<p style=\"font-weight: 400;\"><b><strong>CAP\u00cdTULO 12<br \/>\nFORMACI\u00d3N DEL CONTRATO: FIGURAS MODERNAS<\/strong><\/b><\/p>\n<p style=\"font-weight: 400;\"><b><strong>CAP\u00cdTULO 13<br \/>\nELEMENTOS ESENCIALES DEL CONTRATO (I)<\/strong><\/b><\/p>\n<p style=\"font-weight: 400;\"><b><strong>CAP\u00cdTULO 14<br \/>\nELEMENTOS ESENCIALES DEL CONTRATO (II)<\/strong><\/b><\/p>\n<p style=\"font-weight: 400;\"><b><strong>CAP\u00cdTULO 15<br \/>\nEFICACIA DE LOS CONTRATOS<\/strong><\/b><\/p>\n<p style=\"font-weight: 400;\"><b><strong>CAP\u00cdTULO 16<br \/>\nINVALIDEZ E INEFICACIA DE LOS CONTRATOS<\/strong><\/b><\/p>\n<p style=\"font-weight: 400;\"><b><strong><br \/>\nPARTE III<br \/>\nCONTRATOS Y CUASICONTRATOS<\/strong><\/b><\/p>\n<p style=\"font-weight: 400;\"><b><strong>Introducci\u00f3n a contratos y cuasicontratos. Introducci\u00f3n a contratos, cuasicontratos y responsabilidad civil extracontractual<\/strong><\/b><\/p>\n<p style=\"font-weight: 400;\"><b><strong>CAP\u00cdTULO 17<br \/>\nCOMPRAVENTA (I)<\/strong><\/b><\/p>\n<p style=\"font-weight: 400;\"><b><strong>CAP\u00cdTULO 18<br \/>\nCOMPRAVENTA (II) Y PERMUTA<\/strong><\/b><\/p>\n<p style=\"font-weight: 400;\"><b><strong>CAP\u00cdTULO 19<br \/>\nACTIVIDADES DE PROMOCI\u00d3N DE VENTAS DE LA LOCM<\/strong><\/b><\/p>\n<p style=\"font-weight: 400;\"><b><strong>CAP\u00cdTULO 20<br \/>\nDONACI\u00d3N<\/strong><\/b><\/p>\n<p style=\"font-weight: 400;\"><b><strong>CAP\u00cdTULO 21<br \/>\nARRENDAMIENTOS DE COSAS<\/strong><\/b><\/p>\n<p style=\"font-weight: 400;\"><b><strong>CAP\u00cdTULO 22<br \/>\nARRENDAMIENTOS URBANOS Y R\u00daSTICOS<\/strong><\/b><\/p>\n<p style=\"font-weight: 400;\"><b><strong>CAP\u00cdTULO 23<br \/>\nPR\u00c9STAMO<\/strong><\/b><\/p>\n<p style=\"font-weight: 400;\"><b><strong>CAP\u00cdTULO 24<br \/>\nMANDATO, SERVICIOS Y OBRAS<\/strong><\/b><\/p>\n<p style=\"font-weight: 400;\"><b><strong>CAP\u00cdTULO 25<br \/>\nDEP\u00d3SITO Y APARCAMIENTO<\/strong><\/b><\/p>\n<p style=\"font-weight: 400;\"><b><strong>CAP\u00cdTULO 26<br \/>\nSOCIEDAD<\/strong><\/b><\/p>\n<p style=\"font-weight: 400;\"><b><strong>CAP\u00cdTULO 27<br \/>\nCONTRATOS ALEATORIOS<\/strong><\/b><\/p>\n<p style=\"font-weight: 400;\"><b><strong>CAP\u00cdTULO 28<br \/>\nTRANSACCI\u00d3N, CONVENIO ARBITRAL Y MEDIACI\u00d3N<\/strong><\/b><\/p>\n<p style=\"font-weight: 400;\"><b><strong>CAP\u00cdTULO 29<br \/>\nFIANZA<\/strong><\/b><\/p>\n<p style=\"font-weight: 400;\"><b><strong>CAP\u00cdTULO 30<br \/>\nCUASICONTRATOS<\/strong><\/b><\/p>\n<p style=\"font-weight: 400;\"><b><strong>CAP\u00cdTULO 31<\/strong><\/b><br \/>\n<b><strong>LA RESPONSABILIDAD CIVIL EXTRACONTRACTUAL (RCE)<\/strong><\/b><\/p>\n","protected":false},"excerpt":{"rendered":"<p>Buscas un libro Jur\u00eddico.? Lo puedes encontrar en nuestra tienda virtual.<br \/>\nContamos con prestigiosos autores y muchas alternativas en sus diferentes materias al igual que grandes descuentos.! Vis\u00edtanos en <a class=\"QJYnkuCDVdJxwvVKNBOObagfmMZuqWeeoFig \" tabindex=\"0\" href=\"https:\/\/lnkd.in\/eiAG7jdZ\" target=\"_blank\" rel=\"noopener\" data-test-app-aware-link=\"\">https:\/\/lnkd.in\/eiAG7jdZ<\/a><br \/>\nEscr\u00edbenos al +56930565235 \/ <a class=\"QJYnkuCDVdJxwvVKNBOObagfmMZuqWeeoFig \" tabindex=\"0\" href=\"mailto:ventaslegallexglobal@gmail.com\" target=\"_self\" data-test-app-aware-link=\"\">ventaslegallexglobal@gmail.com<\/a><br \/>\nHacemos env\u00edos a todo Chile \u2013 Starken o Correos Chile \/ Te esperamos.<\/p>\n","protected":false},"featured_media":2464,"comment_status":"open","ping_status":"closed","template":"","meta":{"inline_featured_image":false,"_joinchat":[]},"product_brand":[],"product_cat":[27,26],"product_tag":[],"class_list":{"0":"post-2434","1":"product","2":"type-product","3":"status-publish","4":"has-post-thumbnail","6":"product_cat-civil","7":"product_cat-derecho","9":"first","10":"instock","11":"shipping-taxable","12":"purchasable","13":"product-type-simple"},"_links":{"self":[{"href":"https:\/\/bibliotecajuridicavirtual.cl\/index.php\/wp-json\/wp\/v2\/product\/2434","targetHints":{"allow":["GET"]}}],"collection":[{"href":"https:\/\/bibliotecajuridicavirtual.cl\/index.php\/wp-json\/wp\/v2\/product"}],"about":[{"href":"https:\/\/bibliotecajuridicavirtual.cl\/index.php\/wp-json\/wp\/v2\/types\/product"}],"replies":[{"embeddable":true,"href":"https:\/\/bibliotecajuridicavirtual.cl\/index.php\/wp-json\/wp\/v2\/comments?post=2434"}],"wp:featuredmedia":[{"embeddable":true,"href":"https:\/\/bibliotecajuridicavirtual.cl\/index.php\/wp-json\/wp\/v2\/media\/2464"}],"wp:attachment":[{"href":"https:\/\/bibliotecajuridicavirtual.cl\/index.php\/wp-json\/wp\/v2\/media?parent=2434"}],"wp:term":[{"taxonomy":"product_brand","embeddable":true,"href":"https:\/\/bibliotecajuridicavirtual.cl\/index.php\/wp-json\/wp\/v2\/product_brand?post=2434"},{"taxonomy":"product_cat","embeddable":true,"href":"https:\/\/bibliotecajuridicavirtual.cl\/index.php\/wp-json\/wp\/v2\/product_cat?post=2434"},{"taxonomy":"product_tag","embeddable":true,"href":"https:\/\/bibliotecajuridicavirtual.cl\/index.php\/wp-json\/wp\/v2\/product_tag?post=2434"}],"curies":[{"name":"wp","href":"https:\/\/api.w.org\/{rel}","templated":true}]}}