{"id":2435,"date":"2026-02-28T01:01:31","date_gmt":"2026-02-28T04:01:31","guid":{"rendered":"https:\/\/bibliotecajuridicavirtual.cl\/?post_type=product&#038;p=2435"},"modified":"2026-02-28T01:01:51","modified_gmt":"2026-02-28T04:01:51","slug":"derecho-de-contratos-angel-carrasco-perera-espana-4ta-edicion-ano-2024-1-627-paginas-tapa-dura","status":"publish","type":"product","link":"https:\/\/bibliotecajuridicavirtual.cl\/index.php\/product\/derecho-de-contratos-angel-carrasco-perera-espana-4ta-edicion-ano-2024-1-627-paginas-tapa-dura\/","title":{"rendered":"Derecho de Contratos *  \u00c1ngel Carrasco Perera (Espa\u00f1a) &#8211; 4ta, edici\u00f3n a\u00f1o 2024 * 1.627 P\u00e1ginas &#8211; Tapa Dura"},"content":{"rendered":"<p style=\"font-weight: 400;\">Esta obra es un tratamiento completo, profundo y detallado de la parte general del Derecho de contratos espa\u00f1ol. Persigue satisfacer complementaria mente los fines de servir de gu\u00eda al operador necesitado de consulta puntual, merced a un completo y manejable \u00cdndice Anal\u00edtico, y satisfacer al estudioso que desee un an\u00e1lisis profundo y completo de una materia. La obra es mucho m\u00e1s coherente internamente en esta cuarta edici\u00f3n. Se han multiplicado las remisiones internas y no hay inconsistencias, al tratarse de obra de autor \u00fanico. La extensi\u00f3n v comprensi\u00f3n de la obra tambi\u00e9n han aumentado. Materias nuevas, entre otras, son las relativas a la contrataci\u00f3n con inteligencia artificial, los contratos coligados, las redes de contratos y la contrataci\u00f3n por medio de plataformas. Las nulidades contractuales han recibido un desarrollo especial.<\/p>\n<p style=\"font-weight: 400;\">En esta edici\u00f3n se han multiplicado las remisiones internas entre diversos cuerpos del texto de la obra y se han enriquecido con su complemento mutuo. Especialmente, cuando un concepto es recurrente y disperso entre diversos cap\u00edtulos se ha procurado su m\u00e1xima homogeneidad, la eliminaci\u00f3n de redundancias y de distorsiones anal\u00edticas. Incluye un detallado \u00cdndice Anal\u00edtico que permitir\u00e1 al lector un seguimiento sistem\u00e1tico de los diversos extremos conceptuales tratados y le servir\u00e1 para establecer las m\u00faltiples conexiones sistem\u00e1ticas entre cap\u00edtulos distintos de la obra.<\/p>\n<p style=\"font-weight: 400;\">Novedades de la edici\u00f3n:<\/p>\n<ul style=\"font-weight: 400;\">\n<li>Relaboraci\u00f3n de las directrices de soluci\u00f3n de las controversias relativas al consentimiento o sus vicios.<\/li>\n<li>Ampliaci\u00f3n y diversificaci\u00f3n del r\u00e9gimen de las nulidades contractuales.<\/li>\n<li>El conjunto de la obra es una reflexi\u00f3n continuada sobre la concurrencia y divergencia de remedios de anulaci\u00f3n, remedios de resoluci\u00f3n y remedios de responsabilidad, sobre nulidades normativas versus incompletudes contractuales. Los conceptos se introducen en los Cap\u00edtulos 4, 5, 6 y 12 y se desarrollan y cristalizan en los Cap\u00edtulos 21, 22 y 23.<\/li>\n<li>Se ha desarrollado con m\u00e1s detalle los contratos preparatorios de sociedades y se introduce una secci\u00f3n nueva para los precontratos de nombramiento de consejero social.<\/li>\n<li>Incorpora la causaci\u00f3n e imputaci\u00f3n del consentimiento y la contrataci\u00f3n por medio de agentes aut\u00f3nomos de IA.<\/li>\n<li>Nuevo el tratamiento de los derechos societarios de adquisici\u00f3n preferente.<\/li>\n<li>Se a\u00f1ade un nuevo cap\u00edtulo 25 en el que se tratan bloques jur\u00eddicos nuevos o renovados: las redes contractuales, los contratos coligados y la contrataci\u00f3n a trav\u00e9s de plataformas.<\/li>\n<li>Hay contenido nuevo en cada cap\u00edtulo, casi en cada ep\u00edgrafe.<\/li>\n<\/ul>\n<p style=\"font-weight: 400;\"><b><strong>PARTE PRIMERA<\/strong><\/b><br \/>\n<b><strong>EL PROCESO CONTRACTUAL<\/strong><\/b><\/p>\n<p style=\"font-weight: 400;\"><b><strong>CAP\u00cdTULO 1<\/strong><\/b><br \/>\n<b><strong>INTRODUCCI\u00d3N AL DERECHO DE CONTRATOS<\/strong><\/b><\/p>\n<ol>\n<li style=\"font-weight: 400;\">El contrato<br \/>\nII. Ordenaci\u00f3n sistem\u00e1tica del Derecho de contratos<br \/>\nIII. Contratos y acuerdos no vinculantes<br \/>\nIV. El principio de autonom\u00eda contractual<br \/>\nV. Transacciones econ\u00f3micas sin contrato<br \/>\nVI. El polizonaje<br \/>\nVII. Promesas unilaterales<\/li>\n<\/ol>\n<p style=\"font-weight: 400;\"><b><strong>CAP\u00cdTULO 2<\/strong><\/b><br \/>\n<b><strong>EL PROCESO NEGOCIADOR<\/strong><\/b><\/p>\n<p style=\"font-weight: 400;\">I Cartas de intenciones<br \/>\nII. Obligaciones de negociar u obligaciones de emitir una declaraci\u00f3n de voluntad<br \/>\nIII. El precontrato<br \/>\nIV. Final; una valoraci\u00f3n de la doctrina de los tribunales<br \/>\nV. Bibliograf\u00eda<\/p>\n<p style=\"font-weight: 400;\"><b><strong>CAP\u00cdTULO 3<\/strong><\/b><br \/>\n<b><strong>RESPONSABILIDAD POR RUPTURA DE TRATOS PRELIMINARES<\/strong><\/b><\/p>\n<ol>\n<li style=\"font-weight: 400;\">Culpa in contrahendo<br \/>\nII. Jurisprudencia<br \/>\nIII. El r\u00e9gimen de la responsabilidad negocial in contrahendo<br \/>\nIV. Bibliograf\u00eda<\/li>\n<\/ol>\n<p style=\"font-weight: 400;\"><b><strong>CAP\u00cdTULO 4<\/strong><\/b><br \/>\n<b><strong>EL CONSENTIMIENTO CONTRACTUAL<\/strong><\/b><\/p>\n<ol>\n<li style=\"font-weight: 400;\">El contrato como declaraci\u00f3n de voluntad negocial<br \/>\nII. Capacidad para contratar<br \/>\nIII. El consentimiento sobre la causas<br \/>\nIV. Contratos abstractos en Derecho espa\u00f1ol<br \/>\nV. Bibliograf\u00eda<\/li>\n<\/ol>\n<p style=\"font-weight: 400;\"><b><strong>CAP\u00cdTULO 5<\/strong><\/b><br \/>\n<b><strong>OFERTA Y ACEPTACI\u00d3N<\/strong><\/b><\/p>\n<ol>\n<li style=\"font-weight: 400;\">La contrataci\u00f3n como concurso de oferta y aceptaci\u00f3n<br \/>\nII. Oferta y aceptaci\u00f3n<br \/>\nIII. Contrataci\u00f3n entre ausentes<br \/>\nIV. El silencio como aceptaci\u00f3n<br \/>\nV. Bibliograf\u00eda<\/li>\n<\/ol>\n<p style=\"font-weight: 400;\"><b><strong>CAP\u00cdTULO 6<\/strong><\/b><br \/>\n<b><strong>EL OBJETO DEL CONTRATO<\/strong><\/b><\/p>\n<ol>\n<li style=\"font-weight: 400;\">Requisitos legales del objeto del contrato<br \/>\nII. Contrato como unidad y como suma de acuerdos<br \/>\nIII. El arbitrio de un tercero en la determinaci\u00f3n del objeto del contrato<br \/>\nIV. Bibliograf\u00eda<\/li>\n<\/ol>\n<p style=\"font-weight: 400;\"><b><strong>CAP\u00cdTULO 7<\/strong><\/b><br \/>\n<b><strong>EL ERROR<\/strong><\/b><\/p>\n<ol>\n<li style=\"font-weight: 400;\">El error como vicio de consentimiento<br \/>\nII. Los requisitos del error anulatorio<br \/>\nIII. Las reglas del reparto del riesgo del error<br \/>\nIV. Remedios<br \/>\nV. Ap\u00e9ndice. Graves errores obstativos cometidos por el proveedor en la oferta comercial. \u00bfPuede el consumidor aprovecharse de ellos?<br \/>\nVI. Bibliograf\u00eda<\/li>\n<\/ol>\n<p style=\"font-weight: 400;\"><b><strong>CAP\u00cdTULO 8<\/strong><\/b><br \/>\n<b><strong>EL DOLO<\/strong><\/b><\/p>\n<ol>\n<li style=\"font-weight: 400;\">Posici\u00f3n sistem\u00e1tica del dolo como patolog\u00eda contractual<br \/>\nII. Requisitos del dolo<br \/>\nIII. Dolo omisivo y deber de informar<br \/>\nIV. Efectos del dolo<br \/>\nV. Bibliograf\u00eda<br \/>\nVI. La intimidaci\u00f3n en el sistema de las ineficacias contractuales<\/li>\n<\/ol>\n<p style=\"font-weight: 400;\"><b><strong>CAP\u00cdTULO 9<\/strong><\/b><br \/>\n<b><strong>LA INTIMIDACI\u00d3N<\/strong><\/b><\/p>\n<ol>\n<li style=\"font-weight: 400;\">La intimidaci\u00f3n en el sistema de las ineficacias contractuales<\/li>\n<li style=\"font-weight: 400;\">Requisitos de la intimidaci\u00f3n invalidante<br \/>\nIII. Intimidaci\u00f3n y renegociaci\u00f3n<br \/>\nIV. Bibliograf\u00eda<\/li>\n<\/ol>\n<p style=\"font-weight: 400;\"><b><strong>PARTE SEGUNDA<br \/>\nEFICACIA DEL CONTRATO<\/strong><\/b><\/p>\n<p style=\"font-weight: 400;\"><b><strong>CAP\u00cdTULO 10<\/strong><\/b><br \/>\n<b><strong>LA INTERPRETACI\u00d3N DEL CONTRATO<\/strong><\/b><\/p>\n<ol>\n<li style=\"font-weight: 400;\">Las normas de interpretaci\u00f3n contractual en el CC<br \/>\nII. Los criterios y el procedimiento interpretativo<br \/>\nIII. Literalidad del contrato e intenci\u00f3n de los contratantes<br \/>\nIV. La regla de efectividad de las declaraciones<br \/>\nV. La regla de la prevalencia de las condiciones particulares<br \/>\nVI. La regla contra proferentem<br \/>\nVII. La regla de cierre de la interpretaci\u00f3n<br \/>\nVIII. Bibliograf\u00eda<\/li>\n<\/ol>\n<p style=\"font-weight: 400;\"><b><strong>CAP\u00cdTULO 11<\/strong><\/b><br \/>\n<b><strong>T\u00c9RMINOS EXPRESOS E INTEGRACI\u00d3N CONTRACTUAL<\/strong><\/b><\/p>\n<ol>\n<li style=\"font-weight: 400;\">Obligaciones expresas y contenido impl\u00edcito del contrato<br \/>\nII. El uso<br \/>\nIII. La buena fe<br \/>\nIV. Bibliograf\u00eda<\/li>\n<\/ol>\n<p style=\"font-weight: 400;\"><b><strong>CAP\u00cdTULO 12<\/strong><\/b><br \/>\n<b><strong>CONDICIONES<\/strong><\/b><\/p>\n<ol>\n<li style=\"font-weight: 400;\">Naturaleza y funciones<br \/>\nII. La influencia de la voluntad en el cumplimiento de la condici\u00f3n<br \/>\nIII. Cumplimiento de la condici\u00f3n<\/li>\n<\/ol>\n<p style=\"font-weight: 400;\"><b><strong>CAP\u00cdTULO 13<\/strong><\/b><br \/>\n<b><strong>EFICACIA DEL CONTRATO FRENTE A TERCEROS<\/strong><\/b><\/p>\n<ol>\n<li style=\"font-weight: 400;\">El principio de relatividad de los contratos<br \/>\nII. Eficacia y oponibilidad frente a terceros<br \/>\nIII. La estipulaci\u00f3n a favor de tercero<br \/>\nIV. Lesi\u00f3n del contrato por tercero<br \/>\nV. Oponibilidad de derechos contractuales sobre cosa ajena<br \/>\nVI. Bibliograf\u00eda<\/li>\n<\/ol>\n<p style=\"font-weight: 400;\"><b><strong>PARTE TERCERA<\/strong><\/b><br \/>\n<b><strong>INEFICACIA<\/strong><\/b><\/p>\n<p style=\"font-weight: 400;\"><b><strong>CAP\u00cdTULO 14<\/strong><\/b><br \/>\n<b><strong>R\u00c9GIMEN COM\u00daN DE LA INEFICACIA CONTRACTUAL<\/strong><\/b><\/p>\n<ol>\n<li style=\"font-weight: 400;\">Las ineficacias contractuales y sus formas<br \/>\nII. El ejercicio de la acci\u00f3n de nulidad<br \/>\nIII. La restituci\u00f3n derivada de la nulidad<br \/>\nIV. Bibliograf\u00eda<\/li>\n<\/ol>\n<p style=\"font-weight: 400;\"><b><strong>CAP\u00cdTULO 15<\/strong><\/b><br \/>\n<b><strong>CONTENIDOS PROHIBIDOS Y CONTRATOS NULOS<\/strong><\/b><\/p>\n<ol>\n<li style=\"font-weight: 400;\">Introducci\u00f3n a las nulidades por raz\u00f3n del contenido<br \/>\nII. La nulidad por infracci\u00f3n de normas<br \/>\nIII. Contratos con causa il\u00edcita<br \/>\nIV. Nulidades de contratos societarios contra legem<br \/>\nV. Las reglas nemo propriam e in pari causa turpitudinis<br \/>\nIV. Bibliograf\u00eda<\/li>\n<\/ol>\n<p style=\"font-weight: 400;\"><b><strong>CAP\u00cdTULO 16<\/strong><\/b><br \/>\n<b><strong>CONTROL DE VALIDEZ DE CONDICIONES GENERALES Y CL\u00c1USULAS ABUSIVAS<\/strong><\/b><\/p>\n<ol>\n<li style=\"font-weight: 400;\">Condiciones generales de la contrataci\u00f3n<br \/>\nII. Otros fundamentos del control de contenido<br \/>\nIII. Cl\u00e1usulas no negociadas individualmente en contratos con consumidores<br \/>\nIV. Los diversos niveles de control de validez de las cl\u00e1usulas no negociadas<br \/>\nV. Los elementos del control de abusividad<br \/>\nVI. Los efectos de la abusividad<br \/>\nVII. Bibliograf\u00eda<\/li>\n<\/ol>\n<p style=\"font-weight: 400;\"><b><strong>PARTE CUARTA<br \/>\nCUMPLIMIENTO E INCUMPLIMIENTO<\/strong><\/b><\/p>\n<p style=\"font-weight: 400;\"><b><strong>CAP\u00cdTULO 17<\/strong><\/b><br \/>\n<b><strong>CUMPLIMIENTO<\/strong><\/b><\/p>\n<ol>\n<li style=\"font-weight: 400;\">El contrato como fuente de obligaciones<br \/>\nII. La exactitud del cumplimiento<br \/>\nIII. Bibliograf\u00eda<\/li>\n<\/ol>\n<p style=\"font-weight: 400;\"><b><strong>CAP\u00cdTULO 18<\/strong><\/b><br \/>\n<b><strong>INCUMPLIMIENTO CONTRACTUAL<\/strong><\/b><\/p>\n<ol>\n<li style=\"font-weight: 400;\">Las modalidades de incumplimiento<br \/>\nII. La mora<br \/>\nIII. Contravenci\u00f3n a la obligaci\u00f3n<br \/>\nIV. Oferta de cumplimiento y colaboraci\u00f3n del acreedor<br \/>\nV. Responsabilidad contractual y responsabilidad extracontractual<br \/>\nVI. Bibliograf\u00eda<\/li>\n<\/ol>\n<p style=\"font-weight: 400;\"><b><strong>CAP\u00cdTULO 19<\/strong><\/b><br \/>\n<b><strong>HECHO PROPIO Y HECHO AJENO<\/strong><\/b><\/p>\n<ol>\n<li style=\"font-weight: 400;\">Incumplimiento imputable<br \/>\nII. La culpa o negligencia<br \/>\nIII. Responsabilidad contractual por hecho de tercero<br \/>\nIV. Bibliograf\u00eda<\/li>\n<\/ol>\n<p style=\"font-weight: 400;\"><b><strong>CAP\u00cdTULO 20<\/strong><\/b><br \/>\n<b><strong>EL RIESGO CONTRACTUAL<\/strong><\/b><\/p>\n<ol>\n<li style=\"font-weight: 400;\">El riesgo contractual<br \/>\nII. El caso fortuito<br \/>\nIII. La regla rebus sic stantibus<br \/>\nIV. Bibliograf\u00eda<\/li>\n<\/ol>\n<p style=\"font-weight: 400;\"><b><strong>CAP\u00cdTULO 21<\/strong><\/b><br \/>\n<b><strong>REMEDIOS<\/strong><\/b><\/p>\n<ol>\n<li style=\"font-weight: 400;\">Cat\u00e1logo de remedios del acreedor<br \/>\nII. La excepci\u00f3n de incumplimiento<br \/>\nIII. El cumplimiento en forma espec\u00edfica<br \/>\nIV. Bibliograf\u00eda<\/li>\n<\/ol>\n<p style=\"font-weight: 400;\"><b><strong>CAP\u00cdTULO 22<\/strong><\/b><br \/>\n<b><strong>RESOLUCI\u00d3N POR INCUMPLIMIENTO<\/strong><\/b><\/p>\n<ol>\n<li style=\"font-weight: 400;\">La resoluci\u00f3n por incumplimiento en el sistema de remedios contractuales<br \/>\nII. Requisitos de la resoluci\u00f3n<br \/>\nIII. La pretensi\u00f3n de resoluci\u00f3n contractual<br \/>\nIV. Bibliograf\u00eda<\/li>\n<\/ol>\n<p style=\"font-weight: 400;\"><b><strong>CAP\u00cdTULO 23<\/strong><\/b><br \/>\n<b><strong>RESARCIMIENTO DE DA\u00d1OS<\/strong><\/b><\/p>\n<ol>\n<li style=\"font-weight: 400;\">Fundamentos normativos de la pretensi\u00f3n de resarcimiento<br \/>\nII. El da\u00f1o por incumplimiento contractual<br \/>\nIII. Relaci\u00f3n entre incumplimiento contractual y da\u00f1o<br \/>\nIV. Las partidas del da\u00f1o resarcible<br \/>\nV. Da\u00f1os moratorios en las deudas de dinero<br \/>\nVI. Da\u00f1o no patrimonial<br \/>\nVII. Bibliograf\u00eda<\/li>\n<\/ol>\n<p style=\"font-weight: 400;\"><b><strong>CAP\u00cdTULO 24<\/strong><\/b><br \/>\n<b><strong>LIMITACI\u00d3N DE LOS DA\u00d1OS RESARCIBLES<\/strong><\/b><\/p>\n<ol>\n<li style=\"font-weight: 400;\">La imputaci\u00f3n de los da\u00f1os previstos y previsibles<br \/>\nII. Da\u00f1os no resarcibles por el incumplidor de buena fe<br \/>\nIII. La responsabilidad del deudor de mala fe<br \/>\nIV. Bibliograf\u00eda<\/li>\n<\/ol>\n<p style=\"font-weight: 400;\"><b><strong>PARTE QUINTA<br \/>\n\u00abREDES\u00bb<\/strong><\/b><\/p>\n<p style=\"font-weight: 400;\"><b><strong>CAP\u00cdTULO 25<\/strong><\/b><br \/>\n<b><strong>ESTRUCTURAS CONTRACTUALES CONEXAS<\/strong><\/b><\/p>\n<ol>\n<li style=\"font-weight: 400;\">Redes o grupos de contratos<br \/>\nII. Conexidad y coligaci\u00f3n contractual<br \/>\nIII. Plataformas<br \/>\nIV. Bibliograf\u00eda<\/li>\n<\/ol>\n","protected":false},"excerpt":{"rendered":"<p>Buscas un libro Jur\u00eddico.? Lo puedes encontrar en nuestra tienda virtual.<br \/>\nContamos con prestigiosos autores y muchas alternativas en sus diferentes materias al igual que grandes descuentos.! Vis\u00edtanos en <a class=\"QJYnkuCDVdJxwvVKNBOObagfmMZuqWeeoFig \" tabindex=\"0\" href=\"https:\/\/lnkd.in\/eiAG7jdZ\" target=\"_self\" data-test-app-aware-link=\"\">https:\/\/lnkd.in\/eiAG7jdZ<\/a> \ud83d\udcda<br \/>\nEscr\u00edbenos al +56930565235 \/ <a class=\"QJYnkuCDVdJxwvVKNBOObagfmMZuqWeeoFig \" tabindex=\"0\" href=\"mailto:ventaslegallexglobal@gmail.com\" target=\"_self\" data-test-app-aware-link=\"\">ventaslegallexglobal@gmail.com<\/a><br \/>\nHacemos env\u00edos a todo Chile \u2013 Starken o Correos Chile \/ Te esperamos.<\/p>\n","protected":false},"featured_media":2465,"comment_status":"open","ping_status":"closed","template":"","meta":{"inline_featured_image":false,"_joinchat":[]},"product_brand":[],"product_cat":[27,26],"product_tag":[],"class_list":{"0":"post-2435","1":"product","2":"type-product","3":"status-publish","4":"has-post-thumbnail","6":"product_cat-civil","7":"product_cat-derecho","9":"first","10":"instock","11":"shipping-taxable","12":"purchasable","13":"product-type-simple"},"_links":{"self":[{"href":"https:\/\/bibliotecajuridicavirtual.cl\/index.php\/wp-json\/wp\/v2\/product\/2435","targetHints":{"allow":["GET"]}}],"collection":[{"href":"https:\/\/bibliotecajuridicavirtual.cl\/index.php\/wp-json\/wp\/v2\/product"}],"about":[{"href":"https:\/\/bibliotecajuridicavirtual.cl\/index.php\/wp-json\/wp\/v2\/types\/product"}],"replies":[{"embeddable":true,"href":"https:\/\/bibliotecajuridicavirtual.cl\/index.php\/wp-json\/wp\/v2\/comments?post=2435"}],"wp:featuredmedia":[{"embeddable":true,"href":"https:\/\/bibliotecajuridicavirtual.cl\/index.php\/wp-json\/wp\/v2\/media\/2465"}],"wp:attachment":[{"href":"https:\/\/bibliotecajuridicavirtual.cl\/index.php\/wp-json\/wp\/v2\/media?parent=2435"}],"wp:term":[{"taxonomy":"product_brand","embeddable":true,"href":"https:\/\/bibliotecajuridicavirtual.cl\/index.php\/wp-json\/wp\/v2\/product_brand?post=2435"},{"taxonomy":"product_cat","embeddable":true,"href":"https:\/\/bibliotecajuridicavirtual.cl\/index.php\/wp-json\/wp\/v2\/product_cat?post=2435"},{"taxonomy":"product_tag","embeddable":true,"href":"https:\/\/bibliotecajuridicavirtual.cl\/index.php\/wp-json\/wp\/v2\/product_tag?post=2435"}],"curies":[{"name":"wp","href":"https:\/\/api.w.org\/{rel}","templated":true}]}}