{"id":2436,"date":"2026-02-28T01:01:31","date_gmt":"2026-02-28T04:01:31","guid":{"rendered":"https:\/\/bibliotecajuridicavirtual.cl\/?post_type=product&#038;p=2436"},"modified":"2026-02-28T01:01:55","modified_gmt":"2026-02-28T04:01:55","slug":"manual-de-estudio-transparencia-y-publicidad-en-la-administracion-del-estado-alejandro-carcamo-righetti-ano-2025-191-pag","status":"publish","type":"product","link":"https:\/\/bibliotecajuridicavirtual.cl\/index.php\/product\/manual-de-estudio-transparencia-y-publicidad-en-la-administracion-del-estado-alejandro-carcamo-righetti-ano-2025-191-pag\/","title":{"rendered":"Manual de Estudio Transparencia y Publicidad en la Administraci\u00f3n del Estado * Alejandro C\u00e1rcamo Righetti &#8211; a\u00f1o 2025 * 191 P\u00e1g."},"content":{"rendered":"<p>El presente libro aborda los principales t\u00f3picos normativos, jurisprudenciales, dogm\u00e1ticos y pr\u00e1cticos que involucra el estudio y an\u00e1lisis del principio de publicidad y transparencia en la Administraci\u00f3n del Estado.<\/p>\n<p>El texto se encuentra estructurado o dividido pedag\u00f3gicamente en siete cap\u00edtulos o ac\u00e1pites.<\/p>\n<p>En el primero de ellos, se estudian algunos aspectos generales el principio de transparencia y publicidad en la Administraci\u00f3n del Estado, incluyendo su objeto y finalidad, su concepto, sus fundamentos constitucionales, legales y doctrinarios, as\u00ed como la estructura general de la Ley N\u00b0 20.285, de acceso a la informaci\u00f3n p\u00fablica.<\/p>\n<p>El segundo capitulo est\u00e1 destinado al an\u00e1lisis del \u00e1mbito de aplicaci\u00f3n de la Ley de Transparencia de la Funci\u00f3n P\u00fablica y de Acceso a la Informaci\u00f3n de la Administraci\u00f3n del Estado.<\/p>\n<p>En el tercer ac\u00e1pite se estudia el concepto, el alcance, la regulaci\u00f3n, y la fiscalizaci\u00f3n del principio de transparencia activa.<\/p>\n<p>En el cuarto ac\u00e1pite se aborda el principio de transparencia pasiva o derecho de acceso a la informaci\u00f3n de los \u00f3rganos de la Administraci\u00f3n del Estado, con especial \u00e9nfasis en el procedimiento, los principios aplicables, las causales de reserva y secreto de la informaci\u00f3n, las instancias de oposici\u00f3n y de reclamaci\u00f3n.<\/p>\n<p>En el quinto capitulo se estudia la regulaci\u00f3n relativa al Consejo para la Transparencia, lo que incluye su definici\u00f3n, sus objetivos, sus funciones, sus atribuciones, su direcci\u00f3n y administraci\u00f3n, su patrimonio y el r\u00e9gimen jur\u00eddico aplicable a sus funcionarios<\/p>\n<p>En el sexto capitulo se revisan las infracciones y sanciones previstas por el ordenamiento jur\u00eddico frente al incumplimiento o inobservancia del principio de transparencia y publicidad.<\/p>\n<p>Finalmente, en el s\u00e9ptimo ac\u00e1pite se transcriben algunas disposiciones transitorias de la Ley de Transparencia, as\u00ed como otras normas relevantes de la Ley N\u00b0 20.285, sobre acceso a la informaci\u00f3n p\u00fablica.<\/p>\n<p>&nbsp;<\/p>\n","protected":false},"excerpt":{"rendered":"<p>Buscas un libro Jur\u00eddico.? Lo puedes encontrar en nuestra tienda virtual.<br \/>\nContamos con prestigiosos autores y muchas alternativas en sus diferentes materias al igual que grandes descuentos.! Vis\u00edtanos en <a class=\"apkmuMaFXiAyzXXfqtKvfkGGdytsALnAqY \" tabindex=\"0\" href=\"https:\/\/lnkd.in\/eiAG7jdZ\" target=\"_blank\" rel=\"noopener\" data-test-app-aware-link=\"\">https:\/\/lnkd.in\/eiAG7jdZ<\/a><br \/>\nEscr\u00edbenos al +56930565235 \/ <a class=\"apkmuMaFXiAyzXXfqtKvfkGGdytsALnAqY \" tabindex=\"0\" href=\"mailto:ventaslegallexglobal@gmail.com\" target=\"_self\" data-test-app-aware-link=\"\">ventaslegallexglobal@gmail.com<\/a><br \/>\nHacemos env\u00edos a todo Chile \u2013 Starken o Correos Chile \/ Te esperamos.<\/p>\n","protected":false},"featured_media":2495,"comment_status":"open","ping_status":"closed","template":"","meta":{"inline_featured_image":false,"_joinchat":[]},"product_brand":[],"product_cat":[45,33,26],"product_tag":[],"class_list":{"0":"post-2436","1":"product","2":"type-product","3":"status-publish","4":"has-post-thumbnail","6":"product_cat-administrativo","7":"product_cat-constitucional","8":"product_cat-derecho","10":"first","11":"instock","12":"shipping-taxable","13":"purchasable","14":"product-type-simple"},"_links":{"self":[{"href":"https:\/\/bibliotecajuridicavirtual.cl\/index.php\/wp-json\/wp\/v2\/product\/2436","targetHints":{"allow":["GET"]}}],"collection":[{"href":"https:\/\/bibliotecajuridicavirtual.cl\/index.php\/wp-json\/wp\/v2\/product"}],"about":[{"href":"https:\/\/bibliotecajuridicavirtual.cl\/index.php\/wp-json\/wp\/v2\/types\/product"}],"replies":[{"embeddable":true,"href":"https:\/\/bibliotecajuridicavirtual.cl\/index.php\/wp-json\/wp\/v2\/comments?post=2436"}],"wp:featuredmedia":[{"embeddable":true,"href":"https:\/\/bibliotecajuridicavirtual.cl\/index.php\/wp-json\/wp\/v2\/media\/2495"}],"wp:attachment":[{"href":"https:\/\/bibliotecajuridicavirtual.cl\/index.php\/wp-json\/wp\/v2\/media?parent=2436"}],"wp:term":[{"taxonomy":"product_brand","embeddable":true,"href":"https:\/\/bibliotecajuridicavirtual.cl\/index.php\/wp-json\/wp\/v2\/product_brand?post=2436"},{"taxonomy":"product_cat","embeddable":true,"href":"https:\/\/bibliotecajuridicavirtual.cl\/index.php\/wp-json\/wp\/v2\/product_cat?post=2436"},{"taxonomy":"product_tag","embeddable":true,"href":"https:\/\/bibliotecajuridicavirtual.cl\/index.php\/wp-json\/wp\/v2\/product_tag?post=2436"}],"curies":[{"name":"wp","href":"https:\/\/api.w.org\/{rel}","templated":true}]}}