{"id":2466,"date":"2026-02-28T01:01:53","date_gmt":"2026-02-28T04:01:53","guid":{"rendered":"https:\/\/bibliotecajuridicavirtual.cl\/?post_type=product&#038;p=2466"},"modified":"2026-02-28T01:01:55","modified_gmt":"2026-02-28T04:01:55","slug":"teoria-y-practica-de-los-delitos-economicos-bernardo-feijoo-enrique-penaranda-edicion-ano-2025-518-pag","status":"publish","type":"product","link":"https:\/\/bibliotecajuridicavirtual.cl\/index.php\/product\/teoria-y-practica-de-los-delitos-economicos-bernardo-feijoo-enrique-penaranda-edicion-ano-2025-518-pag\/","title":{"rendered":"Teor\u00eda y Pr\u00e1ctica de los Delitos Econ\u00f3micos * Bernardo Feijoo, Enrique Pe\u00f1aranda &#8211; edici\u00f3n a\u00f1o 2025 * 518 P\u00e1g."},"content":{"rendered":"<p>Feijoo, Bernardo \u2013 Pe\u00f1aranda, Enrique (Directores): Teor\u00eda y pr\u00e1ctica de los delitos econ\u00f3micos. Hacia una racionalizaci\u00f3n de la protecci\u00f3n penal del orden socioecon\u00f3mico. Concepto, alcance y contexto del Derecho penal econ\u00f3mico. Concepto dogm\u00e1tico. La protecci\u00f3n penal del orden socioecon\u00f3mico posglobalizaci\u00f3n y su incidencia sobre la responsabilidad penal de las empresas. Delitos en el \u00e1mbito de sociedades mercantiles y en la gesti\u00f3n de patrimonio ajeno. \u00bfResponsabilidad por greenwashing? Administraci\u00f3n fraudulenta en el C\u00f3digo Penal argentino. Delitos de abuso de mercado. Inteligencia artificial, alta frecuencia y desaf\u00edos para el Derecho penal econ\u00f3mico. Corrupci\u00f3n y fraude en el \u00e1mbito deportivo. La tipicidad de las apuestas deportivas con informaci\u00f3n cierta. Propuestas de criminalizaci\u00f3n Consecuencias jur\u00eddicas en el \u00e1mbito del Derecho penal econ\u00f3mico y de la Empresa. Responsabilidad civil ex delicto de la Empresa. 2025. 518 pp.<\/p>\n<p>\u00cdNDICE<\/p>\n","protected":false},"excerpt":{"rendered":"<p>Buscas un libro Jur\u00eddico.? Lo puedes encontrar en nuestra tienda virtual.<br \/>\nContamos con prestigiosos autores y muchas alternativas en sus diferentes materias al igual que grandes descuentos.! Vis\u00edtanos en <a class=\"yzkQtgmTvfGClJdzuHAtulmhmBSuRQRpw \" tabindex=\"0\" href=\"https:\/\/lnkd.in\/eiAG7jdZ\" target=\"_blank\" rel=\"noopener\" data-test-app-aware-link=\"\">https:\/\/lnkd.in\/eiAG7jdZ<\/a><br \/>\nEscr\u00edbenos al +56930565235 \/ <a class=\"yzkQtgmTvfGClJdzuHAtulmhmBSuRQRpw \" tabindex=\"0\" href=\"mailto:ventaslegallexglobal@gmail.com\" target=\"_self\" data-test-app-aware-link=\"\">ventaslegallexglobal@gmail.com<\/a><br \/>\nHacemos env\u00edos a todo Chile \u2013 Starken o Correos Chile \/ Te esperamos.<\/p>\n","protected":false},"featured_media":2496,"comment_status":"open","ping_status":"closed","template":"","meta":{"inline_featured_image":false,"_joinchat":[]},"product_brand":[],"product_cat":[26,30],"product_tag":[],"class_list":{"0":"post-2466","1":"product","2":"type-product","3":"status-publish","4":"has-post-thumbnail","6":"product_cat-derecho","7":"product_cat-penal","9":"first","10":"instock","11":"shipping-taxable","12":"purchasable","13":"product-type-simple"},"_links":{"self":[{"href":"https:\/\/bibliotecajuridicavirtual.cl\/index.php\/wp-json\/wp\/v2\/product\/2466","targetHints":{"allow":["GET"]}}],"collection":[{"href":"https:\/\/bibliotecajuridicavirtual.cl\/index.php\/wp-json\/wp\/v2\/product"}],"about":[{"href":"https:\/\/bibliotecajuridicavirtual.cl\/index.php\/wp-json\/wp\/v2\/types\/product"}],"replies":[{"embeddable":true,"href":"https:\/\/bibliotecajuridicavirtual.cl\/index.php\/wp-json\/wp\/v2\/comments?post=2466"}],"wp:featuredmedia":[{"embeddable":true,"href":"https:\/\/bibliotecajuridicavirtual.cl\/index.php\/wp-json\/wp\/v2\/media\/2496"}],"wp:attachment":[{"href":"https:\/\/bibliotecajuridicavirtual.cl\/index.php\/wp-json\/wp\/v2\/media?parent=2466"}],"wp:term":[{"taxonomy":"product_brand","embeddable":true,"href":"https:\/\/bibliotecajuridicavirtual.cl\/index.php\/wp-json\/wp\/v2\/product_brand?post=2466"},{"taxonomy":"product_cat","embeddable":true,"href":"https:\/\/bibliotecajuridicavirtual.cl\/index.php\/wp-json\/wp\/v2\/product_cat?post=2466"},{"taxonomy":"product_tag","embeddable":true,"href":"https:\/\/bibliotecajuridicavirtual.cl\/index.php\/wp-json\/wp\/v2\/product_tag?post=2466"}],"curies":[{"name":"wp","href":"https:\/\/api.w.org\/{rel}","templated":true}]}}