{"id":2467,"date":"2026-02-28T01:01:53","date_gmt":"2026-02-28T04:01:53","guid":{"rendered":"https:\/\/bibliotecajuridicavirtual.cl\/?post_type=product&#038;p=2467"},"modified":"2026-02-28T01:01:56","modified_gmt":"2026-02-28T04:01:56","slug":"manual-de-estudio-de-titulos-de-dominio-de-la-propiedad-inmobiliaria-juan-feliu-segovia-4ta-edicion-ano-2011-144-paginas","status":"publish","type":"product","link":"https:\/\/bibliotecajuridicavirtual.cl\/index.php\/product\/manual-de-estudio-de-titulos-de-dominio-de-la-propiedad-inmobiliaria-juan-feliu-segovia-4ta-edicion-ano-2011-144-paginas\/","title":{"rendered":"Manual de Estudio de T\u00edtulos de Dominio de la Propiedad Inmobiliaria * Juan Feliu Segovia &#8211; 4ta. edici\u00f3n a\u00f1o 2011 * 144 P\u00e1ginas"},"content":{"rendered":"<p style=\"font-weight: 400;\">La primera edici\u00f3n de este Manual se public\u00f3 el a\u00f1o 2000 y, m\u00e1s tarde, el autor corrigi\u00f3 y complement\u00f3 su texto para la segunda y tercera, que vieron luz en 2006 y 2008 respectivamente.<\/p>\n<p style=\"font-weight: 400;\">En esta cuarta edici\u00f3n, el objeto y el esquema del libro no han cambiado, pero en el tiempo transcurrido el autor estudi\u00f3 y aprendi\u00f3 mucho: consult\u00f3 autores y analiz\u00f3 jurisprudencia; y en el transcurso de doce a\u00f1os de docencia revis\u00f3 sus propias ideas.<\/p>\n<p style=\"font-weight: 400;\">Se ha modificado la ordenaci\u00f3n interna del Cap\u00edtulo Segundo y profundizado y completado all\u00ed el principio que constituye la esencia jur\u00eddica de esta obra: el objeto del Estudio de T\u00edtulos no es investigar si el poseedor inscrito es el verdadero due\u00f1o del inmueble, sino indagar y prevenir que alguien pueda obtener que la justicia ordene cancelar la inscripci\u00f3n que le ampara.<\/p>\n<p style=\"font-weight: 400;\">Tambi\u00e9n se han reordenado las explicaciones del Cap\u00edtulo Tercero sobre las normas que rigen el uso del suelo urbano y rural.<\/p>\n<p style=\"font-weight: 400;\"><b><strong>CAP\u00cdTULO PRIMERO<\/strong><\/b><br \/>\n<b><strong>LOS T\u00cdTULOS DE DOMINIO DE LOS INMUEBLES<\/strong><\/b><\/p>\n<p style=\"font-weight: 400;\">P\u00e1rrafo 1o. Concepto gen\u00e9rico de t\u00edtulos<br \/>\nP\u00e1rrafo 2o. Los documentos que forman los t\u00edtulos<br \/>\nP\u00e1rrafo 3o. El certificado de litigios<\/p>\n<p style=\"font-weight: 400;\"><b><strong>CAP\u00cdTULO SEGUNDO<\/strong><\/b><br \/>\n<b><strong>EL ESTUDIO Y EL INFORME DE T\u00cdTULOS<\/strong><\/b><\/p>\n<p style=\"font-weight: 400;\">P\u00e1rrafo 1o. Naturaleza del estudio<\/p>\n<p style=\"font-weight: 400;\">P\u00e1rrafo 2o. El estudio preventivo<\/p>\n<ol>\n<li style=\"font-weight: 400;\">Objeto del estudio preventivo<br \/>\n2. La extinci\u00f3n de la acci\u00f3n resolutoria<br \/>\n3. El saneamiento de la nulidad<br \/>\n4. La extinci\u00f3n de los derechos del verdadero due\u00f1o<br \/>\n5. Los t\u00edtulos ajustados a derecho<\/li>\n<\/ol>\n<p style=\"font-weight: 400;\">P\u00e1rrafo 3o. Las inscripciones aparentes, paralelas y de papel<\/p>\n<ol>\n<li style=\"font-weight: 400;\">Las inscripciones aparentes<br \/>\n2. Las inscripciones paralelas<br \/>\n3. Las inscripciones de papel<\/li>\n<\/ol>\n<p style=\"font-weight: 400;\">P\u00e1rrafo 4o. El informe de t\u00edtulos<\/p>\n<p style=\"font-weight: 400;\"><b><strong>CAP\u00cdTULO TERCERO<\/strong><\/b><br \/>\n<b><strong>LOS INMUEBLES<\/strong><\/b><\/p>\n<p style=\"font-weight: 400;\">P\u00e1rrafo 1o. Generalidades<\/p>\n<ol>\n<li style=\"font-weight: 400;\">Los inmuebles que se inscriben<br \/>\n2. La regulaci\u00f3n del uso del suelo<\/li>\n<\/ol>\n<p style=\"font-weight: 400;\">P\u00e1rrafo 2o. Los inmuebles urbanos<\/p>\n<ol>\n<li style=\"font-weight: 400;\">Normas generales<br \/>\n2. Los inmuebles urbanos declarados de utilidad p\u00fablica<br \/>\n3. El r\u00e9gimen de la copropiedad inmobiliaria<\/li>\n<\/ol>\n<p style=\"font-weight: 400;\">P\u00e1rrafo 3o. Los predios rurales<\/p>\n<ol>\n<li style=\"font-weight: 400;\">Normas generales<br \/>\n2. La subdivisi\u00f3n de los predios rurales<br \/>\n3. Los predios provenientes de la Reforma Agraria<br \/>\n4. Los derechos de aguas<\/li>\n<\/ol>\n<p style=\"font-weight: 400;\"><b><strong>CAP\u00cdTULO CUARTO<\/strong><\/b><br \/>\n<b><strong>MODOS DE ADQUIRIR LOS INMUEBLES<\/strong><\/b><\/p>\n<p style=\"font-weight: 400;\">P\u00e1rrafo 1o. Generalidades<br \/>\nP\u00e1rrafo 2o. La ocupaci\u00f3n<br \/>\nP\u00e1rrafo 3o. La accesi\u00f3n<br \/>\nP\u00e1rrafo 4o. Conclusi\u00f3n<\/p>\n<p style=\"font-weight: 400;\"><b><strong>CAP\u00cdTULO QUINTO<\/strong><\/b><br \/>\n<b><strong>LA TRADICI\u00d3N DE LOS INMUEBLES<\/strong><\/b><\/p>\n<p style=\"font-weight: 400;\">P\u00e1rrafo 1o. Reglas generales<\/p>\n<p style=\"font-weight: 400;\">P\u00e1rrafo 2o. El t\u00edtulo translaticio<\/p>\n<p style=\"font-weight: 400;\">P\u00e1rrafo 3o. Las escrituras p\u00fablicas<\/p>\n<ol>\n<li style=\"font-weight: 400;\">Reglas generales<br \/>\n2. La extensi\u00f3n, firma y autorizaci\u00f3n de las escrituras<br \/>\n3. La daci\u00f3n de copias<br \/>\n4. La nulidad y la falta de valor legal de las escrituras<br \/>\n5. Las escrituras otorgadas en el extranjero<\/li>\n<\/ol>\n<p style=\"font-weight: 400;\">P\u00e1rrafo 4o. La inscripci\u00f3n conservatoria<\/p>\n<p style=\"font-weight: 400;\">Secci\u00f3n I. Principios generales<\/p>\n<p style=\"font-weight: 400;\">Secci\u00f3n II. El Registro Conservatorio de Bienes Ra\u00edces<\/p>\n<ol>\n<li style=\"font-weight: 400;\">Reglas generales<br \/>\n2. La anotaci\u00f3n en el Repertorio<br \/>\n3. Los registros parciales<br \/>\n4. Las inscripciones, subinscripciones y notas marginales<br \/>\n5. Las cancelaciones<\/li>\n<\/ol>\n<p style=\"font-weight: 400;\"><b><strong>CAP\u00cdTULO SEXTO<\/strong><\/b><br \/>\n<b><strong>LA TRANSMISI\u00d3N DE LOS INMUEBLES<\/strong><\/b><\/p>\n<p style=\"font-weight: 400;\">P\u00e1rrafo 1o. Reglas generales<br \/>\nP\u00e1rrafo 2o. La facultad de disponer de los inmuebles heredados<br \/>\nP\u00e1rrafo 3o. La facultad de disponer de los inmuebles legados<br \/>\nP\u00e1rrafo 4o. La transmisi\u00f3n de inmuebles de sociedades disueltas<\/p>\n<p style=\"font-weight: 400;\"><b><strong>CAP\u00cdTULO S\u00c9PTIMO<\/strong><\/b><br \/>\n<b><strong>LA PRESCRIPCI\u00d3N<\/strong><\/b><\/p>\n<p style=\"font-weight: 400;\">P\u00e1rrafo 1o. Generalidades<\/p>\n<p style=\"font-weight: 400;\">P\u00e1rrafo 2o. La prescripci\u00f3n adquisitiva<\/p>\n<p style=\"font-weight: 400;\">Secci\u00f3n I. Concepto<br \/>\nSecci\u00f3n II. Prescripci\u00f3n especial de saneamiento de la peque\u00f1a propiedad ra\u00edz<\/p>\n<p style=\"font-weight: 400;\">P\u00e1rrafo 3o. La prescripci\u00f3n extintiva<\/p>\n<p style=\"font-weight: 400;\"><b><strong>ANEXOS<\/strong><\/b><br \/>\n<b><strong>MODELOS DE INFORME DE T\u00cdTULOS DE DOMINIO<\/strong><\/b><\/p>\n<p style=\"font-weight: 400;\">No 1. De un inmueble de la sociedad conyugal<br \/>\nNo 2. De un sitio de la subdivisi\u00f3n de un inmueble adquirido durante la sociedad conyugal, luego disuelta sin liquidarla<br \/>\nNo 3. De un inmueble perteneciente a cinco herederos<br \/>\nNo 4. De un inmueble gravado con hipotecas y prohibici\u00f3n<\/p>\n","protected":false},"excerpt":{"rendered":"<p>Buscas un libro Jur\u00eddico.? Lo puedes encontrar en nuestra tienda virtual.<br \/>\nContamos con prestigiosos autores y muchas alternativas en sus diferentes materias al igual que grandes descuentos.! Vis\u00edtanos en <a class=\"ArnTpmDpqOjShEweVaJcYZwkyLmDqkqjbDdY \" tabindex=\"0\" href=\"https:\/\/lnkd.in\/eiAG7jdZ\" target=\"_blank\" rel=\"noopener\" data-test-app-aware-link=\"\">https:\/\/lnkd.in\/eiAG7jdZ<\/a><br \/>\nEscr\u00edbenos al +56930565235 \/ <a class=\"ArnTpmDpqOjShEweVaJcYZwkyLmDqkqjbDdY \" tabindex=\"0\" href=\"mailto:ventaslegallexglobal@gmail.com\" target=\"_self\" data-test-app-aware-link=\"\">ventaslegallexglobal@gmail.com<\/a><br \/>\nHacemos env\u00edos a todo Chile \u2013 Starken o Correos Chile \/ Te esperamos.<\/p>\n","protected":false},"featured_media":2497,"comment_status":"open","ping_status":"closed","template":"","meta":{"inline_featured_image":false,"_joinchat":[]},"product_brand":[],"product_cat":[27,26],"product_tag":[],"class_list":{"0":"post-2467","1":"product","2":"type-product","3":"status-publish","4":"has-post-thumbnail","6":"product_cat-civil","7":"product_cat-derecho","9":"first","10":"instock","11":"shipping-taxable","12":"purchasable","13":"product-type-simple"},"_links":{"self":[{"href":"https:\/\/bibliotecajuridicavirtual.cl\/index.php\/wp-json\/wp\/v2\/product\/2467","targetHints":{"allow":["GET"]}}],"collection":[{"href":"https:\/\/bibliotecajuridicavirtual.cl\/index.php\/wp-json\/wp\/v2\/product"}],"about":[{"href":"https:\/\/bibliotecajuridicavirtual.cl\/index.php\/wp-json\/wp\/v2\/types\/product"}],"replies":[{"embeddable":true,"href":"https:\/\/bibliotecajuridicavirtual.cl\/index.php\/wp-json\/wp\/v2\/comments?post=2467"}],"wp:featuredmedia":[{"embeddable":true,"href":"https:\/\/bibliotecajuridicavirtual.cl\/index.php\/wp-json\/wp\/v2\/media\/2497"}],"wp:attachment":[{"href":"https:\/\/bibliotecajuridicavirtual.cl\/index.php\/wp-json\/wp\/v2\/media?parent=2467"}],"wp:term":[{"taxonomy":"product_brand","embeddable":true,"href":"https:\/\/bibliotecajuridicavirtual.cl\/index.php\/wp-json\/wp\/v2\/product_brand?post=2467"},{"taxonomy":"product_cat","embeddable":true,"href":"https:\/\/bibliotecajuridicavirtual.cl\/index.php\/wp-json\/wp\/v2\/product_cat?post=2467"},{"taxonomy":"product_tag","embeddable":true,"href":"https:\/\/bibliotecajuridicavirtual.cl\/index.php\/wp-json\/wp\/v2\/product_tag?post=2467"}],"curies":[{"name":"wp","href":"https:\/\/api.w.org\/{rel}","templated":true}]}}