{"id":2468,"date":"2026-02-28T01:01:53","date_gmt":"2026-02-28T04:01:53","guid":{"rendered":"https:\/\/bibliotecajuridicavirtual.cl\/?post_type=product&#038;p=2468"},"modified":"2026-02-28T01:01:57","modified_gmt":"2026-02-28T04:01:57","slug":"derecho-urbanistico-primeras-proposiciones-diego-wladimir-villas-montecinos-1a-edicion-marzo-de-2025-209-pag","status":"publish","type":"product","link":"https:\/\/bibliotecajuridicavirtual.cl\/index.php\/product\/derecho-urbanistico-primeras-proposiciones-diego-wladimir-villas-montecinos-1a-edicion-marzo-de-2025-209-pag\/","title":{"rendered":"Derecho Urban\u00edstico * Primeras Proposiciones &#8211; Diego Wladimir Villas Montecinos &#8211; 1\u00aa edici\u00f3n, marzo de 2025 * 209 P\u00e1g."},"content":{"rendered":"<p>La presente obra pretende realizar una contribuci\u00f3n a la discusi\u00f3n acad\u00e9mica, profesional y ciudadana, respecto del surgimiento y consolidaci\u00f3n del Derecho Urban\u00edstico y de la Planificaci\u00f3n Territorial, como disciplina aut\u00f3noma, que forma parte del Derecho P\u00fablico chileno y, en particular, como rama del Derecho Administrativo, que pretende regular las din\u00e1micas bajo las cuales se orientan, desarrollan y controlan los asentamientos humanos en nuestro pa\u00eds, en sus relaciones consigo mismos y con los ecosistemas naturales en que aquellos asentamientos se emplazan o respecto de los cuales poseen una incidencia relevante.<\/p>\n<p>Este libro se pretende articular desde tres axiomas b\u00e1sicos la existencia de una era urbana con impactos globales, de los cuales participan las din\u00e1micas del habitar en Chile, el cambio clim\u00e1tico acelerado y la alta vulnerabilidad de nuestro Pa\u00eds al riesgo de desastres, y, la existencia de una crisis del sistema urban\u00edstico, que se nutre de la alta burocratizaci\u00f3n de los instrumentos de planificaci\u00f3n territorial, el aumento creciente y explosivo del d\u00e9ficit habitacional y la situaci\u00f3n de los asentamientos irregulares, y los escenarios econ\u00f3micos inciertos a nivel global y nacional, que han decantado en din\u00e1micas complejas para el mercado de capitales que se ha articulado en torno a la provisi\u00f3n de viviendas, lo que ha impactado dram\u00e1ticamente en la capacidad operacional de la industria de la construcci\u00f3n, y en la existencia de barreras infranqueables de acceso a viviendas dignas y adecuadas para amplias franjas de la poblaci\u00f3n.<\/p>\n<p>Para lo anterior, se pretende poner a disposici\u00f3n del lector y lectora, una suerte de \u00abcaja de herramientas\u00bb de los problemas urbanos y territoriales, que permita aproximarnos a la doctrina juridica que ha seguido los movimientos hist\u00f3ricos de la arquitectura de ciudades, el dise\u00f1o urbano y las pr\u00e1cticas de la planificaci\u00f3n, desde su propio campo de significaci\u00f3n y no, simplemente, desde las pr\u00e1cticas y perspectivas de nuestra cultura institucional que conciben al Derecho Urbanist\u00edco en su simple relaci\u00f3n con el Derecho a la Propiedad.<\/p>\n<p>En \u00faltimo t\u00e9rmino, para reforzar el car\u00e1cter te\u00f3rico-pr\u00e1ctico del presente documento, se han incorporado en el parte de las modificaciones que ha introducido la Ley N\u00ba21.718, de 2024, en el sistema urban\u00edstico nacional y, adem\u00e1s, se hace alusi\u00f3n a las actuales discusiones parlamentarias sobre la materia, permitiendo una primera aproximaci\u00f3n al Derecho Urban\u00edstico en transformaci\u00f3n, que posibilite su mayor desarrollo, en un contexto de crisis, mediante la revisi\u00f3n de su contenido formal y material<\/p>\n","protected":false},"excerpt":{"rendered":"<p>Buscas un libro Jur\u00eddico.? Lo puedes encontrar en nuestra tienda virtual.<br \/>\nContamos con prestigiosos autores y muchas alternativas en sus diferentes materias al igual que grandes descuentos.! Vis\u00edtanos en <a class=\"ArnTpmDpqOjShEweVaJcYZwkyLmDqkqjbDdY \" tabindex=\"0\" href=\"https:\/\/lnkd.in\/eiAG7jdZ\" target=\"_blank\" rel=\"noopener\" data-test-app-aware-link=\"\">https:\/\/lnkd.in\/eiAG7jdZ<\/a><br \/>\nEscr\u00edbenos al +56930565235 \/ <a class=\"ArnTpmDpqOjShEweVaJcYZwkyLmDqkqjbDdY \" tabindex=\"0\" href=\"mailto:ventaslegallexglobal@gmail.com\" target=\"_self\" data-test-app-aware-link=\"\">ventaslegallexglobal@gmail.com<\/a><br \/>\nHacemos env\u00edos a todo Chile \u2013 Starken o Correos Chile \/ Te esperamos.<\/p>\n","protected":false},"featured_media":2498,"comment_status":"open","ping_status":"closed","template":"","meta":{"inline_featured_image":false,"_joinchat":[]},"product_brand":[],"product_cat":[27,26,47],"product_tag":[],"class_list":{"0":"post-2468","1":"product","2":"type-product","3":"status-publish","4":"has-post-thumbnail","6":"product_cat-civil","7":"product_cat-derecho","8":"product_cat-sin-categorizar","10":"first","11":"instock","12":"shipping-taxable","13":"purchasable","14":"product-type-simple"},"_links":{"self":[{"href":"https:\/\/bibliotecajuridicavirtual.cl\/index.php\/wp-json\/wp\/v2\/product\/2468","targetHints":{"allow":["GET"]}}],"collection":[{"href":"https:\/\/bibliotecajuridicavirtual.cl\/index.php\/wp-json\/wp\/v2\/product"}],"about":[{"href":"https:\/\/bibliotecajuridicavirtual.cl\/index.php\/wp-json\/wp\/v2\/types\/product"}],"replies":[{"embeddable":true,"href":"https:\/\/bibliotecajuridicavirtual.cl\/index.php\/wp-json\/wp\/v2\/comments?post=2468"}],"wp:featuredmedia":[{"embeddable":true,"href":"https:\/\/bibliotecajuridicavirtual.cl\/index.php\/wp-json\/wp\/v2\/media\/2498"}],"wp:attachment":[{"href":"https:\/\/bibliotecajuridicavirtual.cl\/index.php\/wp-json\/wp\/v2\/media?parent=2468"}],"wp:term":[{"taxonomy":"product_brand","embeddable":true,"href":"https:\/\/bibliotecajuridicavirtual.cl\/index.php\/wp-json\/wp\/v2\/product_brand?post=2468"},{"taxonomy":"product_cat","embeddable":true,"href":"https:\/\/bibliotecajuridicavirtual.cl\/index.php\/wp-json\/wp\/v2\/product_cat?post=2468"},{"taxonomy":"product_tag","embeddable":true,"href":"https:\/\/bibliotecajuridicavirtual.cl\/index.php\/wp-json\/wp\/v2\/product_tag?post=2468"}],"curies":[{"name":"wp","href":"https:\/\/api.w.org\/{rel}","templated":true}]}}