{"id":2469,"date":"2026-02-28T01:01:53","date_gmt":"2026-02-28T04:01:53","guid":{"rendered":"https:\/\/bibliotecajuridicavirtual.cl\/?post_type=product&#038;p=2469"},"modified":"2026-02-28T01:01:59","modified_gmt":"2026-02-28T04:01:59","slug":"ley-n21-442-copropiedad-inmobiliaria-vision-jurisprudencial-y-legislativa-marzo-ano-2025-247-paginas","status":"publish","type":"product","link":"https:\/\/bibliotecajuridicavirtual.cl\/index.php\/product\/ley-n21-442-copropiedad-inmobiliaria-vision-jurisprudencial-y-legislativa-marzo-ano-2025-247-paginas\/","title":{"rendered":"Ley N\u00b021.442 * Copropiedad Inmobiliaria * Visi\u00f3n Jurisprudencial y Legislativa &#8211; Marzo a\u00f1o 2025 &#8211; 247 P\u00e1ginas"},"content":{"rendered":"<p>Incluye<\/p>\n<p>LEY N\u00b0 21.442 COPROPIEDAD INMOBILIARIA REGLAMENTO DE LA LEY N\u00bb 21.442 QUE APRUEBA NUEVA LEY DE COPROPIEDAD INMOBILIARIA RESOLUCI\u00d3N N\u00b0 721. EXENTA APRUEBA REGLAMENTO TIPO DE COPROPIEDAD, CORRESPONDIENTE A LA LEY N\u00b021.442 QUE APRUEBA LA NUEVA LEY DE COPROPIEDAD INMOBILIARIA REGLAMENTO DEL REGISTRO NACIONAL DE ADMINISTRADORES DE CONDOMINIO LEY N\u00b018.101. FIJA NORMAS ESPECIALES SOBRE ARRENDAMIENTO DE PREDIOS URBANOS<\/p>\n","protected":false},"excerpt":{"rendered":"<p>Buscas un libro Jur\u00eddico.? Lo puedes encontrar en nuestra tienda virtual.<br \/>\nContamos con prestigiosos autores y muchas alternativas en sus diferentes materias al igual que grandes descuentos.! Vis\u00edtanos en <a class=\"ArnTpmDpqOjShEweVaJcYZwkyLmDqkqjbDdY \" tabindex=\"0\" href=\"https:\/\/lnkd.in\/eiAG7jdZ\" target=\"_blank\" rel=\"noopener\" data-test-app-aware-link=\"\">https:\/\/lnkd.in\/eiAG7jdZ<\/a><br \/>\nEscr\u00edbenos al +56930565235 \/ <a class=\"ArnTpmDpqOjShEweVaJcYZwkyLmDqkqjbDdY \" tabindex=\"0\" href=\"mailto:ventaslegallexglobal@gmail.com\" target=\"_self\" data-test-app-aware-link=\"\">ventaslegallexglobal@gmail.com<\/a><br \/>\nHacemos env\u00edos a todo Chile \u2013 Starken o Correos Chile \/ Te esperamos.<\/p>\n","protected":false},"featured_media":2499,"comment_status":"open","ping_status":"closed","template":"","meta":{"inline_featured_image":false,"_joinchat":[]},"product_brand":[],"product_cat":[27,26],"product_tag":[],"class_list":{"0":"post-2469","1":"product","2":"type-product","3":"status-publish","4":"has-post-thumbnail","6":"product_cat-civil","7":"product_cat-derecho","9":"first","10":"instock","11":"shipping-taxable","12":"purchasable","13":"product-type-simple"},"_links":{"self":[{"href":"https:\/\/bibliotecajuridicavirtual.cl\/index.php\/wp-json\/wp\/v2\/product\/2469","targetHints":{"allow":["GET"]}}],"collection":[{"href":"https:\/\/bibliotecajuridicavirtual.cl\/index.php\/wp-json\/wp\/v2\/product"}],"about":[{"href":"https:\/\/bibliotecajuridicavirtual.cl\/index.php\/wp-json\/wp\/v2\/types\/product"}],"replies":[{"embeddable":true,"href":"https:\/\/bibliotecajuridicavirtual.cl\/index.php\/wp-json\/wp\/v2\/comments?post=2469"}],"wp:featuredmedia":[{"embeddable":true,"href":"https:\/\/bibliotecajuridicavirtual.cl\/index.php\/wp-json\/wp\/v2\/media\/2499"}],"wp:attachment":[{"href":"https:\/\/bibliotecajuridicavirtual.cl\/index.php\/wp-json\/wp\/v2\/media?parent=2469"}],"wp:term":[{"taxonomy":"product_brand","embeddable":true,"href":"https:\/\/bibliotecajuridicavirtual.cl\/index.php\/wp-json\/wp\/v2\/product_brand?post=2469"},{"taxonomy":"product_cat","embeddable":true,"href":"https:\/\/bibliotecajuridicavirtual.cl\/index.php\/wp-json\/wp\/v2\/product_cat?post=2469"},{"taxonomy":"product_tag","embeddable":true,"href":"https:\/\/bibliotecajuridicavirtual.cl\/index.php\/wp-json\/wp\/v2\/product_tag?post=2469"}],"curies":[{"name":"wp","href":"https:\/\/api.w.org\/{rel}","templated":true}]}}