{"id":2470,"date":"2026-02-28T01:01:53","date_gmt":"2026-02-28T04:01:53","guid":{"rendered":"https:\/\/bibliotecajuridicavirtual.cl\/?post_type=product&#038;p=2470"},"modified":"2026-02-28T01:01:59","modified_gmt":"2026-02-28T04:01:59","slug":"crimen-organizado-aspectos-relevantes-para-su-tratamiento-penal-y-procesal-en-chile-claudia-cardenas-aravena-guillermo-silva-olivares","status":"publish","type":"product","link":"https:\/\/bibliotecajuridicavirtual.cl\/index.php\/product\/crimen-organizado-aspectos-relevantes-para-su-tratamiento-penal-y-procesal-en-chile-claudia-cardenas-aravena-guillermo-silva-olivares\/","title":{"rendered":"Crimen Organizado. Aspectos Relevantes para su Tratamiento Penal y Procesal en Chile * Claudia C\u00e1rdenas Aravena &#8211; Guillermo Silva Olivares"},"content":{"rendered":"<p>El presente libro es una obra colectiva dedicada a la presentaci\u00f3n y an\u00e1lisis de distintos aspectos de la regulaci\u00f3n penal y procesal penal chilena aplicable, directa o indirectamente, a casos de crimen organizado. En \u00e9l se sistematizan una serie de materias que son \u00fatiles a su comprensi\u00f3n, en tanto fen\u00f3meno criminol\u00f3gico, y a su tratamiento jur\u00eddico. Al comienzo del volumen el crimen organizado se perfila como un problema transnacional, a ra\u00edz de lo cual se busca dar cuenta de un conjunto de reglas e instituciones de derecho internacional, de jurisdicci\u00f3n y de cooperaci\u00f3n. Luego, el hecho de que la complejidad de esta forma de criminalidad haga necesarias formas especiales de investigaci\u00f3n y\u00a0juzgamiento, aconseja tener claridad sobre un conjunto de reglas procesales respecto de las cuales esta obra ofrece una revisi\u00f3n. Por \u00faltimo, en ella tambi\u00e9n se re\u00fanen una serie de comentarios sobre algunas de las principales cuestiones de la parte general y de la parte especial del derecho penal sustantivo que pueden resultar especialmente relevantes para el tratamiento jur\u00eddico del fen\u00f3meno.<br \/>\nEl objetivo del volumen, cuya elaboraci\u00f3n fue impulsada por el Departamento de Ciencias Penales de la Universidad de Chile, es ofrecer a estudiantes y profesionales del derecho un panorama de la regulaci\u00f3n aplicable a casos de crimen organizado y de algunos de sus problemas de interpretaci\u00f3n m\u00e1s caracter\u00edsticos.<\/p>\n<p>PRESENTACI\u00d3N&#8230;&#8230;&#8230;&#8230;&#8230;&#8230;&#8230;&#8230;&#8230;&#8230;&#8230;&#8230;&#8230;&#8230;&#8230;&#8230;&#8230;&#8230;&#8230;&#8230;&#8230;&#8230;&#8230;&#8230;&#8230;&#8230;&#8230;..9<br \/>\nClaudia C\u00e1rdenas Aravena<br \/>\nGuillermo Silva Olivares<br \/>\nI<br \/>\nEL FEN\u00d3MENO DE LA CRIMINALIDAD ORGANIZADA DESDE<br \/>\nUNA PERSPECTIVA CRIMINOL\u00d3GICA Y POL\u00cdTICA CRIMINAL<br \/>\nEL FEN\u00d3MENO DE LA CRIMINALIDAD ORGANIZADA DESDE<br \/>\nUNA PERSPECTIVA CRIMINOL\u00d3GICA Y DE POL\u00cdTICA<br \/>\nCRIMINAL&#8230;&#8230;&#8230;&#8230;&#8230;&#8230;&#8230;&#8230;&#8230;&#8230;&#8230;&#8230;&#8230;&#8230;&#8230;&#8230;&#8230;&#8230;&#8230;&#8230;&#8230;&#8230;&#8230;&#8230;&#8230;&#8230;&#8230;&#8230;&#8230;.17<br \/>\nFelipe Abbott Matus<br \/>\nEstanislao Escalante Barreto<br \/>\nII<br \/>\nLA CRIMINALIDAD ORGANIZADA EN EL DERECHO<br \/>\nINTERNACIONAL A SER IMPLEMENTADO EN CHILE<br \/>\nLA APREHENSI\u00d3N JUR\u00cdDICA DE LA CRIMINALIDAD<br \/>\nORGANIZADA EN EL DERECHO INTERNACIONAL A SER<br \/>\nIMPLEMENTADO EN CHILE&#8230;&#8230;&#8230;&#8230;&#8230;&#8230;&#8230;&#8230;&#8230;&#8230;&#8230;&#8230;&#8230;&#8230;&#8230;&#8230;&#8230;&#8230;&#8230;57<br \/>\nClaudia C\u00e1rdenas Aravena<br \/>\nIII<br \/>\nLA JURISDICCI\u00d3N PENAL DEL ESTADO DE CHILE<br \/>\nLA JURISDICCI\u00d3N PENAL DEL ESTADO DE CHILE&#8230;&#8230;&#8230;&#8230;&#8230;&#8230;..87<br \/>\nAntonio Bascu\u00f1\u00e1n Rodr\u00edguez<\/p>\n<p>IV<br \/>\nLA COOPERACI\u00d3N INTERNACIONAL EN<br \/>\nMATERIA DE CRIMINALIDAD ORGANIZADA<br \/>\nLA COOPERACI\u00d3N INTERNACIONAL EN MATERIA PENAL:<br \/>\nAN\u00c1LISIS DE HERRAMIENTAS PARA LA INVESTIGACI\u00d3N<br \/>\nY JUZGAMIENTO DEL CRIMEN ORGANIZADO&#8230;&#8230;&#8230;&#8230;&#8230;&#8230;&#8230;.145<br \/>\nAntonio Segovia Arancibia<br \/>\nV<br \/>\nLA INVESTIGACI\u00d3N DE LA CRIMINALIDAD ORGANIZADA<br \/>\nY EL DEBIDO PROCESO EN SU PERSECUCI\u00d3N<br \/>\nLA INVESTIGACI\u00d3N Y LA PERSECUCI\u00d3N DE LA<br \/>\nCRIMINALIDAD ORGANIZADA&#8230;&#8230;&#8230;&#8230;&#8230;&#8230;&#8230;&#8230;&#8230;&#8230;&#8230;&#8230;&#8230;&#8230;&#8230;&#8230;..235<br \/>\nPatricio Rosas Ortiz<br \/>\nRoberto Contreras Puelles<br \/>\nCRIMINALIDAD ORGANIZADA: UNA MIRADA PROCESAL&#8230;&#8230;279<br \/>\nMat\u00edas Insunza Tagle<br \/>\nVI<br \/>\nEL COMISO Y SUS ASPECTOS PROCESALES<br \/>\nEL COMISO EN LA LEGISLACI\u00d3N PENAL&#8230;&#8230;&#8230;&#8230;&#8230;&#8230;&#8230;&#8230;&#8230;&#8230;&#8230;..323<br \/>\nGonzalo Medina Schulz<br \/>\nALGUNOS ASPECTOS PROCESALES DE LA NUEVA<br \/>\nREGULACI\u00d3N DEL COMISO EN CHILE&#8230;&#8230;&#8230;&#8230;&#8230;&#8230;&#8230;&#8230;&#8230;&#8230;&#8230;..355<br \/>\nMat\u00edas Insunza Tagle<br \/>\nVII<br \/>\nASPECTOS RELEVANTES DE LA PARTE<br \/>\nGENERAL DEL DERECHO PENAL<br \/>\nLA RESPONSABILIDAD INDIVIDUAL POR DELITOS<br \/>\nGRUPALMENTE PERPETRADOS&#8230;&#8230;&#8230;&#8230;&#8230;&#8230;&#8230;&#8230;&#8230;&#8230;&#8230;&#8230;&#8230;&#8230;&#8230;&#8230;391<br \/>\nJuan Pablo Ma\u00f1alich Raffo<\/p>\n<p>LA PUNIBILIDAD ANTICIPADA POR DELITOS GRUPALES&#8230;&#8230;415<br \/>\nJuan Pablo Ma\u00f1alich Raffo<br \/>\nRESPONSABILIDAD PENAL DE LAS PERSONAS JUR\u00cdDICAS<br \/>\nEN EL CRIMEN ORGANIZADO&#8230;&#8230;&#8230;&#8230;&#8230;&#8230;&#8230;&#8230;&#8230;&#8230;&#8230;&#8230;&#8230;&#8230;&#8230;&#8230;&#8230;435<br \/>\nMiguel Schurmann Opazo<br \/>\nLA AGRAVACI\u00d3N POR EL \u201cCAR\u00c1CTER ORGANIZADO O<br \/>\nGRUPAL\u201d DE LA PERPETRACI\u00d3N DE LA CONDUCTA<br \/>\nDELICTIVA&#8230;&#8230;&#8230;&#8230;&#8230;&#8230;&#8230;&#8230;&#8230;&#8230;&#8230;&#8230;&#8230;&#8230;&#8230;&#8230;&#8230;&#8230;&#8230;&#8230;&#8230;&#8230;&#8230;&#8230;&#8230;&#8230;&#8230;&#8230;.463<br \/>\nGuillermo Silva Olivares<br \/>\nVIII<br \/>\nLOS TIPOS PENALES CHILENOS ESPECIALMENTE<br \/>\nRELEVANTES EN MATERIA DE CRIMINALIDAD ORGANIZADA<br \/>\nLOS DELITOS DE ASOCIACI\u00d3N DELICTIVA Y ASOCIACI\u00d3N<br \/>\nCRIMINAL&#8230;&#8230;&#8230;&#8230;&#8230;&#8230;&#8230;&#8230;&#8230;&#8230;&#8230;&#8230;&#8230;&#8230;&#8230;&#8230;&#8230;&#8230;&#8230;&#8230;&#8230;&#8230;&#8230;&#8230;&#8230;&#8230;&#8230;&#8230;..495<br \/>\nJuan Pablo Ma\u00f1alich Raffo<br \/>\nGuillermo Silva Olivares<br \/>\nLOS DELITOS DE CORRUPCI\u00d3N&#8230;&#8230;&#8230;&#8230;&#8230;&#8230;&#8230;&#8230;&#8230;&#8230;&#8230;&#8230;&#8230;&#8230;&#8230;&#8230;..537<br \/>\nMar\u00eda In\u00e9s Horvitz Lennon<br \/>\nTR\u00c1FICO IL\u00cdCITO DE MIGRANTES&#8230;&#8230;&#8230;&#8230;&#8230;&#8230;&#8230;&#8230;&#8230;&#8230;&#8230;&#8230;&#8230;&#8230;&#8230;.569<br \/>\nAntonio Segovia Arancibia<br \/>\nTRATA DE PERSONAS&#8230;&#8230;&#8230;&#8230;&#8230;&#8230;&#8230;&#8230;&#8230;&#8230;&#8230;&#8230;&#8230;&#8230;&#8230;&#8230;&#8230;&#8230;&#8230;&#8230;&#8230;&#8230;&#8230;609<br \/>\nClaudia C\u00e1rdenas Aravena<br \/>\nASPECTOS DOGM\u00c1TICOS Y POL\u00cdTICO CRIMINALES<br \/>\nRELEVANTES EN LA ACTUAL INTERPRETACI\u00d3N DE LOS<br \/>\nDELITOS DE TR\u00c1FICO DE DROGAS&#8230;&#8230;&#8230;&#8230;&#8230;&#8230;&#8230;&#8230;&#8230;&#8230;&#8230;&#8230;&#8230;..645<br \/>\nLorena Rebolledo Latorre<br \/>\nPatricio Rosas Ortiz<br \/>\nTR\u00c1FICO DE ARMAS&#8230;&#8230;&#8230;&#8230;&#8230;&#8230;&#8230;&#8230;&#8230;&#8230;&#8230;&#8230;&#8230;&#8230;&#8230;&#8230;&#8230;&#8230;&#8230;&#8230;&#8230;&#8230;&#8230;..673<br \/>\nMyrna Villegas D\u00eda<\/p>\n<p>EL TERRORISMO EN LA LEY 18.314&#8230;&#8230;&#8230;&#8230;&#8230;&#8230;&#8230;&#8230;&#8230;&#8230;&#8230;&#8230;&#8230;&#8230;&#8230;701<br \/>\nMyrna Villegas D\u00edaz<br \/>\nASPECTOS FUNDAMENTALES DEL DELITO DE LAVADO<br \/>\nDE ACTIVOS&#8230;&#8230;&#8230;&#8230;&#8230;&#8230;&#8230;&#8230;&#8230;&#8230;&#8230;&#8230;&#8230;&#8230;&#8230;&#8230;&#8230;&#8230;&#8230;&#8230;&#8230;&#8230;&#8230;&#8230;&#8230;&#8230;&#8230;.729<br \/>\nGerm\u00e1n Ovalle Madrid<br \/>\nCIBERCRIMEN&#8230;&#8230;&#8230;&#8230;&#8230;&#8230;&#8230;&#8230;&#8230;&#8230;&#8230;&#8230;&#8230;&#8230;&#8230;&#8230;&#8230;&#8230;&#8230;&#8230;&#8230;&#8230;&#8230;&#8230;&#8230;&#8230;&#8230;.761<br \/>\nGonzalo Medina Schulz<\/p>\n","protected":false},"excerpt":{"rendered":"<p>1\u00b0 Edici\u00f3n Septiembre a\u00f1o 2025 * 788 P\u00e1ginas.<\/p>\n<p>Buscas un libro Jur\u00eddico.? Lo puedes encontrar en nuestra tienda virtual.<br \/>\nContamos con prestigiosos autores y muchas alternativas en sus diferentes materias al igual que grandes descuentos.! V\u00eds\u00edtanos en www.bibliotecajuridicavirtual.cl \/ Escr\u00edbenos al +56930565235<br \/>\nHacemos env\u00edos a todo Chile \u2013 Starken o Correos Chile \/ Te esperamos.<\/p>\n","protected":false},"featured_media":2500,"comment_status":"open","ping_status":"closed","template":"","meta":{"inline_featured_image":false,"_joinchat":[]},"product_brand":[],"product_cat":[26,30],"product_tag":[],"class_list":{"0":"post-2470","1":"product","2":"type-product","3":"status-publish","4":"has-post-thumbnail","6":"product_cat-derecho","7":"product_cat-penal","9":"first","10":"instock","11":"shipping-taxable","12":"purchasable","13":"product-type-simple"},"_links":{"self":[{"href":"https:\/\/bibliotecajuridicavirtual.cl\/index.php\/wp-json\/wp\/v2\/product\/2470","targetHints":{"allow":["GET"]}}],"collection":[{"href":"https:\/\/bibliotecajuridicavirtual.cl\/index.php\/wp-json\/wp\/v2\/product"}],"about":[{"href":"https:\/\/bibliotecajuridicavirtual.cl\/index.php\/wp-json\/wp\/v2\/types\/product"}],"replies":[{"embeddable":true,"href":"https:\/\/bibliotecajuridicavirtual.cl\/index.php\/wp-json\/wp\/v2\/comments?post=2470"}],"wp:featuredmedia":[{"embeddable":true,"href":"https:\/\/bibliotecajuridicavirtual.cl\/index.php\/wp-json\/wp\/v2\/media\/2500"}],"wp:attachment":[{"href":"https:\/\/bibliotecajuridicavirtual.cl\/index.php\/wp-json\/wp\/v2\/media?parent=2470"}],"wp:term":[{"taxonomy":"product_brand","embeddable":true,"href":"https:\/\/bibliotecajuridicavirtual.cl\/index.php\/wp-json\/wp\/v2\/product_brand?post=2470"},{"taxonomy":"product_cat","embeddable":true,"href":"https:\/\/bibliotecajuridicavirtual.cl\/index.php\/wp-json\/wp\/v2\/product_cat?post=2470"},{"taxonomy":"product_tag","embeddable":true,"href":"https:\/\/bibliotecajuridicavirtual.cl\/index.php\/wp-json\/wp\/v2\/product_tag?post=2470"}],"curies":[{"name":"wp","href":"https:\/\/api.w.org\/{rel}","templated":true}]}}