{"id":2471,"date":"2026-02-28T01:01:53","date_gmt":"2026-02-28T04:01:53","guid":{"rendered":"https:\/\/bibliotecajuridicavirtual.cl\/?post_type=product&#038;p=2471"},"modified":"2026-02-28T01:01:59","modified_gmt":"2026-02-28T04:01:59","slug":"particion-de-bienes-cuestiones-actuales-eduardo-picand-albonico-1-edicion-actualizada-septiembre-ano-2025-710-paginas","status":"publish","type":"product","link":"https:\/\/bibliotecajuridicavirtual.cl\/index.php\/product\/particion-de-bienes-cuestiones-actuales-eduardo-picand-albonico-1-edicion-actualizada-septiembre-ano-2025-710-paginas\/","title":{"rendered":"Partici\u00f3n de Bienes. Cuestiones Actuales * Eduardo Picand Alb\u00f3nico &#8211; 1\u00b0 edici\u00f3n actualizada septiembre a\u00f1o 2025 * 710 P\u00e1ginas"},"content":{"rendered":"<p>Este libro re\u00fane un total de 50 trabajos escritos por las y los estudiantes del Diplomado sobre &#8220;Partici\u00f3n arbitral de bienes. Aspectos internos e internacionales&#8221;, impartido el primer semestre de 2025 por la Facultad de Derecho de la Universidad de Chile.<\/p>\n<p>La principal caracter\u00edstica de los trabajos publicados en este libro es su aspecto pr\u00e1ctico, pues la inmensa mayor\u00eda de los autores no son acad\u00e9micos, sino que \u00e1rbitros partidores y abogados de parte en juicios particionales, lo que les ha permitido investigar los temas elegidos no s\u00f3lo desde el an\u00e1lisis dogm\u00e1tico, sino muy especialmente desde la vereda del quehacer diario propio de los operadores jur\u00eddicos.<\/p>\n<p>El libro contiene estudios originales y pr\u00e1cticos que abarcan aspectos centrales de la partici\u00f3n de bienes asociados a la jurisdicci\u00f3n del partidor, el procedimiento arbitral, la liquidaci\u00f3n de comunidades hereditarias y la dictaci\u00f3n del laudo y la ordenata. As\u00ed, es posible destacar trabajos de gran val\u00eda en donde se analizan cuestiones sensibles que se ventilan a diario en los juicios particionales tales como el curador de la herencia yacente en las particiones; los requisitos y exigencias que deben cumplir el \u00e1rbitro partidor y el actuario, sus honorarios y cobro ejecutivo de los mismos; la intervenci\u00f3n de terceros en esta clase de procedimientos; la rebeld\u00eda de las partes en la partici\u00f3n; el t\u00e9rmino del goce gratuito de la cosa com\u00fan; los incapaces y su participaci\u00f3n en el juicio particional; el delito de prevaricaci\u00f3n cometido por partidores, el impuestos a las herencias; entre otros tantos temas de relevancia jur\u00eddica.<\/p>\n<p>Presentaci\u00f3n&#8230;&#8230;&#8230;&#8230;&#8230;&#8230;&#8230;&#8230;&#8230;&#8230;&#8230;&#8230;&#8230;&#8230;&#8230;&#8230;&#8230;&#8230;&#8230;&#8230;&#8230;&#8230;&#8230;&#8230;&#8230;&#8230;&#8230;&#8230;&#8230;&#8230;&#8230;&#8230;&#8230; 11<br \/>\nEduardo Picand Alb\u00f3nico<br \/>\nCurador de herencia yacente en las particiones&#8230;&#8230;&#8230;&#8230;&#8230;&#8230;&#8230;&#8230;&#8230;&#8230;&#8230;&#8230;&#8230;&#8230;&#8230;&#8230;&#8230;.. 13<br \/>\nManuel Esteban Bellemans Berner<br \/>\nPartici\u00f3n arbitral de bienes, control de convencionalidad y categor\u00edas sospechosas&#8230;.. 27<br \/>\nIv\u00e1n Donoso Zencic<br \/>\nEl rol del juez \u00e1rbitro como amigable componedor en los juicios de partici\u00f3n&#8230;&#8230;&#8230;&#8230;. 49<br \/>\nCrist\u00f3bal Enrique Mart\u00ednez Rosenfeld<br \/>\nEl juez partidor como agente de justicia efectiva&#8230;&#8230;&#8230;&#8230;&#8230;&#8230;&#8230;&#8230;&#8230;&#8230;&#8230;&#8230;&#8230;&#8230;&#8230;&#8230;&#8230; 65<br \/>\nPaula Andrea Verdugo Guti\u00e9rrez<br \/>\nEl tratamiento de las causales de implicancia y recusaci\u00f3n del juez partidor, y algunos<br \/>\nalcances jurisprudenciales&#8230;&#8230;&#8230;&#8230;&#8230;&#8230;&#8230;&#8230;&#8230;&#8230;&#8230;&#8230;&#8230;&#8230;&#8230;&#8230;&#8230;&#8230;&#8230;&#8230;&#8230;&#8230;&#8230;&#8230;&#8230;.. 75<br \/>\nMar\u00eda Soledad B\u00f3rquez Olivari<br \/>\nConsideraciones sobre los honorarios del juez partidor designado por los tribunales&#8230;. 91<br \/>\nJaime Andr\u00e9s Comte Paredes<br \/>\nAlgunos desaf\u00edos interpretativos del circuito de competencia del art\u00edculo 651 del c\u00f3digo<br \/>\nde procedimiento civil&#8230;&#8230;&#8230;&#8230;&#8230;&#8230;&#8230;&#8230;&#8230;&#8230;&#8230;&#8230;&#8230;&#8230;&#8230;&#8230;&#8230;&#8230;&#8230;&#8230;&#8230;&#8230;&#8230;&#8230;&#8230;&#8230;&#8230;&#8230; 107<br \/>\nCatalina Melo Montenegro<br \/>\nHonorarios del juez partidor, fijaci\u00f3n y medidas de aseguramiento para su pago&#8230;&#8230;. 125<br \/>\nJorge An\u00edbal Mu\u00f1oz \u00c1lvarez<br \/>\n\u00c1ngela Onel Pizarro<br \/>\nEl cobro ejecutivo de los honorarios contenidos en el acta de avenimiento arbitral&#8230;&#8230; 143<br \/>\nNelson Mu\u00f1oz Rodr\u00edguez<br \/>\nRequisitos para ser nombrado juez \u00e1rbitro partidor y las necesidades actuales para<br \/>\naumentar sus exigencias&#8230;&#8230;&#8230;&#8230;&#8230;&#8230;&#8230;&#8230;&#8230;&#8230;&#8230;&#8230;&#8230;&#8230;&#8230;&#8230;&#8230;&#8230;&#8230;&#8230;&#8230;&#8230;&#8230;&#8230;&#8230;&#8230;.. 157<br \/>\nCamila Fernanda Pinilla Rojas<br \/>\nSobre la designaci\u00f3n de actuario en el juicio de partici\u00f3n: comentario aprop\u00f3sito de un<br \/>\nrecurso de queja disciplinaria interpuesto contra un partidor&#8230;&#8230;&#8230;&#8230;&#8230;&#8230;&#8230;&#8230;&#8230;&#8230; 173<br \/>\nValentina Retamal Videla<\/p>\n<p>La falta de imperio de los \u00e1rbitros&#8230;&#8230;&#8230;&#8230;&#8230;&#8230;&#8230;&#8230;&#8230;&#8230;&#8230;&#8230;&#8230;&#8230;&#8230;&#8230;&#8230;&#8230;&#8230;&#8230;&#8230;&#8230;&#8230;. 193<br \/>\nMar\u00eda Eugenia Sandoval Pe\u00f1a<br \/>\nLos honorarios del \u00e1rbitro partidor: momento y cuant\u00eda desde la jurisprudencia&#8230;&#8230;. 205<br \/>\nIgnacio Vargas Michea<br \/>\nArbitrabilidad de materias relacionadas con la partici\u00f3n y cuyo conocimiento no est\u00e1<br \/>\ncomprendido en la competencia inherente al \u00e1rbitro partidor&#8230;&#8230;&#8230;&#8230;&#8230;&#8230;&#8230;&#8230;&#8230;&#8230;. 217<br \/>\nFernando Z\u00fa\u00f1iga Artiaga<br \/>\nEl efecto de la rebeld\u00eda de un proindivisiario en el juicio de partici\u00f3n de una comunidad<br \/>\nhereditaria&#8230;&#8230;&#8230;&#8230;&#8230;&#8230;&#8230;&#8230;&#8230;&#8230;&#8230;&#8230;&#8230;&#8230;&#8230;&#8230;&#8230;&#8230;&#8230;&#8230;&#8230;&#8230;&#8230;&#8230;&#8230;&#8230;&#8230;&#8230;&#8230;&#8230;&#8230;&#8230;&#8230; 233<br \/>\nC\u00e9sar Patricio Fuenzalida Castro<br \/>\nLos terceros acreedores en el juicio particional. Algunos problemas pr\u00e1cticos&#8230;&#8230;&#8230;&#8230;.. 247<br \/>\nRoddy Gaymer San Mart\u00edn<br \/>\nLa herencia yacente y su rol en la particion de bienes en el derecho sucesorio chileno.. 259<br \/>\nLilian Maytee Luque Quezada<br \/>\nSentido y alcance del art\u00edculo 649 del c\u00f3digo de procedimiento civil&#8230;&#8230;&#8230;&#8230;&#8230;&#8230;&#8230;&#8230;. 271<br \/>\nManuel Wladimir Palma Quiroz<br \/>\nLa declaraci\u00f3n de bien familiar en el juicio de partici\u00f3n en el derecho chileno&#8230;&#8230;&#8230;.. 285<br \/>\nMar\u00eda Daniela Prieto Ca\u00f1as<br \/>\nLa rebeld\u00eda o no comparecencia y la ausencia en la partici\u00f3n arbitral de bienes&#8230;&#8230;&#8230; 297<br \/>\nSebasti\u00e1n Felipe Rodr\u00edguez Venegas<br \/>\nNaturaleza del plazo contemplado en el art\u00edculo 652 del c\u00f3digo de procedimiento civil.. 313<br \/>\nMauricio Tiara Abarca<br \/>\n\u00bfEs posible ampliar t\u00e1citamente el plazo establecido para un arbitraje particional?&#8230;. 323<br \/>\nSebasti\u00e1n Enrique Toledo Garc\u00eda<br \/>\nEl cese del uso gratuito de la cosa com\u00fan. An\u00e1lisis cr\u00edtico y aspectos pr\u00e1cticos y jurisprudenciales&#8230;&#8230;&#8230;&#8230;&#8230;&#8230;&#8230;&#8230;&#8230;&#8230;&#8230;&#8230;&#8230;&#8230;&#8230;&#8230;&#8230;&#8230;&#8230;&#8230;&#8230;&#8230;&#8230;&#8230;&#8230;&#8230;&#8230;&#8230;&#8230;&#8230;&#8230;&#8230;<br \/>\n339<br \/>\nH\u00e9ctor Eduardo Fuentes Y\u00e1\u00f1ez<br \/>\nRodrigo Alonso Herrera Grillo<br \/>\nAn\u00e1lisis de la naturaleza jur\u00eddica del cese del goce gratuito de la cosa com\u00fan seg\u00fan la<br \/>\ndoctrina y jurisprudencia chilena&#8230;&#8230;&#8230;&#8230;&#8230;&#8230;&#8230;&#8230;&#8230;&#8230;&#8230;&#8230;&#8230;&#8230;&#8230;&#8230;&#8230;&#8230;&#8230;&#8230;&#8230;&#8230;. 373<br \/>\nCristian Felipe Jara Cort\u00e9s<br \/>\nEl t\u00e9rmino del goce gratuito de la cosa com\u00fan. Situaciones y problemas pr\u00e1cticos del<br \/>\nart\u00edculo 655 del c\u00f3digo de procedimiento civil doctrina y jurisprudencia&#8230;&#8230;&#8230;&#8230;&#8230; 389<br \/>\nJos\u00e9 Antonio Llabr\u00e9s Vergara<\/p>\n<p>\u00bfPuede pedirse indemnizaci\u00f3n de perjuicios por el uso exclusivo que ha hecho un comunero<br \/>\ncon anterioridad a la solicitud de t\u00e9rmino del goce gratuito de la cosa com\u00fan?&#8230;&#8230;&#8230; 403<br \/>\nFelipe Soto Bocaz<br \/>\nEl bien familiar frente al t\u00e9rmino del cese del uso gratuito de la cosa com\u00fan o como<br \/>\nimpedimento para solicitar la partici\u00f3n&#8230;&#8230;&#8230;&#8230;&#8230;&#8230;&#8230;&#8230;&#8230;&#8230;&#8230;&#8230;&#8230;&#8230;&#8230;&#8230;&#8230;&#8230;&#8230;.. 415<br \/>\nMarcela Mar\u00eda P\u00eda Tavo<br \/>\nlari Oliveros<br \/>\nLa procedencia de la liquidaci\u00f3n forzada de la sucesi\u00f3n y sus efectos&#8230;&#8230;&#8230;&#8230;&#8230;&#8230;&#8230;.. 431<br \/>\nJaviera Paz Erazo Hermosilla<br \/>\nLuis Gabriel Salazar Herrera<br \/>\nAplicaci\u00f3n supletoria del art\u00edculo 486 en relaci\u00f3n con el art\u00edculo 411 inciso final, ambos del<br \/>\nc\u00f3digo de procedimiento civil, por el juez \u00e1rbitro ante la inactividad de los comuneros&#8230; 445<br \/>\nClaudia Isabel Moya P\u00e9rez<br \/>\nLa entrega del inmueble rematado en el juicio de partici\u00f3n: soluciones pr\u00e1cticas ante<br \/>\nla falta de regulaci\u00f3n legal expresa. An\u00e1lisis jurisprudencial&#8230;&#8230;&#8230;&#8230;&#8230;&#8230;&#8230;&#8230;&#8230;&#8230; 463<br \/>\nNicol\u00e1s Marinovic Vial<br \/>\nAplicaci\u00f3n de las normas de las prestaciones mutuas a la partici\u00f3n de bienes&#8230;&#8230;&#8230;.. 473<br \/>\nBasti\u00e1n Medina Fari\u00f1a<br \/>\nLa venta privada en el juicio de partici\u00f3n de bienes con part\u00edcipes incapaces&#8230;&#8230;&#8230;&#8230; 487<br \/>\nGladys Soraya Apara Riadi<br \/>\nPartidor y voluntad de los copart\u00edcipes incapaces, discapacitados y personas mayores. 505<br \/>\nFelipe Andr\u00e9s Carrasco Cer\u00f3n<br \/>\nAlgunas consideraciones acerca de la participaci\u00f3n de personas bajo guarda en la<br \/>\npartici\u00f3n de bienes&#8230;&#8230;&#8230;&#8230;&#8230;&#8230;&#8230;&#8230;&#8230;&#8230;&#8230;&#8230;&#8230;&#8230;&#8230;&#8230;&#8230;&#8230;&#8230;&#8230;&#8230;&#8230;&#8230;&#8230;&#8230;&#8230;&#8230;&#8230;&#8230;. 523<br \/>\nPaulina Celis Maggi<br \/>\nLa partici\u00f3n de bienes y participaci\u00f3n de personas incapaces&#8230;&#8230;&#8230;&#8230;&#8230;&#8230;&#8230;&#8230;&#8230;&#8230;&#8230;. 537<br \/>\nClaudio Soto Contreras<br \/>\nEl recurso de queja y la queja disciplinaria en la partici\u00f3n&#8230;&#8230;&#8230;&#8230;&#8230;&#8230;&#8230;&#8230;&#8230;&#8230;&#8230;&#8230; 555<br \/>\nNelson Andr\u00e9s Ojeda Vial<br \/>\nAna Mar\u00eda Urz\u00faa Siques<br \/>\nLos vicios del consentimiento como causal de nulidad de la particion&#8230;&#8230;&#8230;&#8230;&#8230;&#8230;&#8230;. 575<br \/>\nEduardo Andr\u00e9s \u00c1lvarez Mora<br \/>\nEl delito de prevaricaci\u00f3n judicial en el arbitraje chileno&#8230;&#8230;&#8230;&#8230;&#8230;&#8230;&#8230;&#8230;&#8230;&#8230;&#8230;&#8230;&#8230;. 589<br \/>\nAlberto Enrique Lemp Sep\u00falveda<br \/>\nJuan Pablo S\u00e1nchez Sep\u00falveda<\/p>\n<p>Responsabilidad econ\u00f3mica del juez \u00e1rbitro partidor en el \u00e1mbito de la ley n\u00ba 21.389. 603<br \/>\nLiborio Nicol\u00e1s Antonio Zlatar D\u00edaz<br \/>\nLa prescripci\u00f3n extintiva de la acci\u00f3n de fiscalizaci\u00f3n del impuesto a las asignaciones<br \/>\nhereditarias&#8230;&#8230;&#8230;&#8230;&#8230;&#8230;&#8230;&#8230;&#8230;&#8230;&#8230;&#8230;&#8230;&#8230;&#8230;&#8230;&#8230;&#8230;&#8230;&#8230;&#8230;&#8230;&#8230;&#8230;&#8230;&#8230;&#8230;&#8230;&#8230;&#8230;&#8230;&#8230;. 621<br \/>\nJohn Parada Montero<br \/>\nPartici\u00f3n de la sociedad civil. Procedimiento y reglas generales&#8230;&#8230;&#8230;&#8230;&#8230;&#8230;&#8230;&#8230;&#8230;&#8230;. 639<br \/>\nRam\u00f3n Ignacio Briones Montaldo<br \/>\nSituaci\u00f3n pr\u00e1ctica de las mujeres casadas bajo el r\u00e9gimen de sociedad conyugal en los<br \/>\njuicios de partici\u00f3n de comunidades hereditarias&#8230;&#8230;&#8230;&#8230;&#8230;&#8230;&#8230;&#8230;&#8230;&#8230;&#8230;&#8230;&#8230;&#8230;&#8230;.. 651<br \/>\nSof\u00eda A. Colvin Izquierdo<br \/>\nDerecho de adjudicaci\u00f3n preferente a favor del c\u00f3nyuge sobreviviente en el proceso de<br \/>\npartici\u00f3n, frente a otros intereses jur\u00eddicos protegidos&#8230;&#8230;&#8230;&#8230;&#8230;&#8230;&#8230;&#8230;&#8230;&#8230;&#8230;&#8230;&#8230;&#8230; 663<br \/>\nPaola Flores Clunes<br \/>\n\u00bfPuede el partidor liquidar una sociedad conyugal si no se le ha dado competencia<br \/>\npara aquello?&#8230;&#8230;&#8230;&#8230;&#8230;&#8230;&#8230;&#8230;&#8230;&#8230;&#8230;&#8230;&#8230;&#8230;&#8230;&#8230;&#8230;&#8230;&#8230;&#8230;&#8230;&#8230;&#8230;&#8230;&#8230;&#8230;&#8230;&#8230;&#8230;&#8230;&#8230;.. 679<br \/>\nLuis P\u00e9rez Camousseight<br \/>\nLiquidaci\u00f3n del r\u00e9gimen de participaci\u00f3n en los gananciales. An\u00e1lisis doctrinal y<br \/>\njurisprudencial&#8230;&#8230;&#8230;&#8230;&#8230;&#8230;&#8230;&#8230;&#8230;&#8230;&#8230;&#8230;&#8230;&#8230;&#8230;&#8230;&#8230;&#8230;&#8230;&#8230;&#8230;&#8230;&#8230;&#8230;&#8230;&#8230;&#8230;&#8230;&#8230;&#8230;.. 697<br \/>\nWerner Phillip Dufey P\u00e9rez<\/p>\n","protected":false},"excerpt":{"rendered":"<p>Buscas un libro Jur\u00eddico.? Lo puedes encontrar en nuestra tienda virtual.<br \/>\nContamos con prestigiosos autores y muchas alternativas en sus diferentes materias al igual que grandes descuentos.! Vis\u00edtanos en <a class=\"ArnTpmDpqOjShEweVaJcYZwkyLmDqkqjbDdY \" tabindex=\"0\" href=\"https:\/\/lnkd.in\/eiAG7jdZ\" target=\"_blank\" rel=\"noopener\" data-test-app-aware-link=\"\">https:\/\/lnkd.in\/eiAG7jdZ<\/a><br \/>\nEscr\u00edbenos al +56930565235 \/ <a class=\"ArnTpmDpqOjShEweVaJcYZwkyLmDqkqjbDdY \" tabindex=\"0\" href=\"mailto:ventaslegallexglobal@gmail.com\" target=\"_self\" data-test-app-aware-link=\"\">ventaslegallexglobal@gmail.com<\/a><br \/>\nHacemos env\u00edos a todo Chile \u2013 Starken o Correos Chile \/ Te esperamos.<\/p>\n","protected":false},"featured_media":2501,"comment_status":"open","ping_status":"closed","template":"","meta":{"inline_featured_image":false,"_joinchat":[]},"product_brand":[],"product_cat":[27,26],"product_tag":[],"class_list":{"0":"post-2471","1":"product","2":"type-product","3":"status-publish","4":"has-post-thumbnail","6":"product_cat-civil","7":"product_cat-derecho","9":"first","10":"instock","11":"shipping-taxable","12":"purchasable","13":"product-type-simple"},"_links":{"self":[{"href":"https:\/\/bibliotecajuridicavirtual.cl\/index.php\/wp-json\/wp\/v2\/product\/2471","targetHints":{"allow":["GET"]}}],"collection":[{"href":"https:\/\/bibliotecajuridicavirtual.cl\/index.php\/wp-json\/wp\/v2\/product"}],"about":[{"href":"https:\/\/bibliotecajuridicavirtual.cl\/index.php\/wp-json\/wp\/v2\/types\/product"}],"replies":[{"embeddable":true,"href":"https:\/\/bibliotecajuridicavirtual.cl\/index.php\/wp-json\/wp\/v2\/comments?post=2471"}],"wp:featuredmedia":[{"embeddable":true,"href":"https:\/\/bibliotecajuridicavirtual.cl\/index.php\/wp-json\/wp\/v2\/media\/2501"}],"wp:attachment":[{"href":"https:\/\/bibliotecajuridicavirtual.cl\/index.php\/wp-json\/wp\/v2\/media?parent=2471"}],"wp:term":[{"taxonomy":"product_brand","embeddable":true,"href":"https:\/\/bibliotecajuridicavirtual.cl\/index.php\/wp-json\/wp\/v2\/product_brand?post=2471"},{"taxonomy":"product_cat","embeddable":true,"href":"https:\/\/bibliotecajuridicavirtual.cl\/index.php\/wp-json\/wp\/v2\/product_cat?post=2471"},{"taxonomy":"product_tag","embeddable":true,"href":"https:\/\/bibliotecajuridicavirtual.cl\/index.php\/wp-json\/wp\/v2\/product_tag?post=2471"}],"curies":[{"name":"wp","href":"https:\/\/api.w.org\/{rel}","templated":true}]}}