{"id":2472,"date":"2026-02-28T01:01:53","date_gmt":"2026-02-28T04:01:53","guid":{"rendered":"https:\/\/bibliotecajuridicavirtual.cl\/?post_type=product&#038;p=2472"},"modified":"2026-02-28T01:02:00","modified_gmt":"2026-02-28T04:02:00","slug":"la-participacion-de-extranei-en-delitos-especiales-alejandro-leiva-lopez-1-edicion-septiembre-ano-2025-540-paginas","status":"publish","type":"product","link":"https:\/\/bibliotecajuridicavirtual.cl\/index.php\/product\/la-participacion-de-extranei-en-delitos-especiales-alejandro-leiva-lopez-1-edicion-septiembre-ano-2025-540-paginas\/","title":{"rendered":"La Participaci\u00f3n de Extranei en Delitos Especiales * Alejandro Leiva L\u00f3pez &#8211; 1\u00b0 edici\u00f3n septiembre a\u00f1o 2025 * 540 P\u00e1ginas"},"content":{"rendered":"<p>Este libro examina uno de los problemas m\u00e1s complejos y debatidos del Derecho penal: la punici\u00f3n del extraneus que participa en un delito especial. A trav\u00e9s de un an\u00e1lisis dogm\u00e1tico e hist\u00f3rico de las principales posiciones sobre el tema, y con apoyo, tanto en la dogm\u00e1tica chilena, como espa\u00f1ola y alemana, se replantea la compatibilidad entre la teor\u00eda de la accesoriedad y la verdadera naturaleza de los delitos especiales. Los contornos de estos delitos llamados com\u00fanmente &#8220;delitos especiales propios&#8221; ya han sido perfilados por la dogm\u00e1tica penal a partir de criterios y conceptos tales como norma especial, deber o injusto especial, deberes extrapenales y deberes positivos. Pese a ello, son escasos los fallos que toman en cuenta los avances de la dogm\u00e1tica en esta materia. La presente obra desaf\u00eda la doctrina mayoritaria y propone la existencia de ciertas constelaciones normativas que imponen deberes jur\u00eddico-penales solo a quienes forman parte de determinadas instituciones; pero que, en cambio, carecen de fuerza vinculante no incumben a quienes se hallan fuera o extranei.<\/p>\n<p>ABREVIATURAS&#8230;&#8230;&#8230;&#8230;&#8230;&#8230;&#8230;&#8230;&#8230;&#8230;&#8230;&#8230;&#8230;&#8230;&#8230;&#8230;&#8230;&#8230;&#8230;&#8230;&#8230;&#8230;&#8230;&#8230;&#8230;&#8230;&#8230;.15<br \/>\nPR\u00d3LOGO&#8230;&#8230;&#8230;&#8230;&#8230;&#8230;&#8230;&#8230;&#8230;&#8230;&#8230;&#8230;&#8230;&#8230;&#8230;&#8230;&#8230;&#8230;&#8230;&#8230;&#8230;&#8230;&#8230;&#8230;&#8230;&#8230;&#8230;&#8230;&#8230;&#8230;.17<br \/>\nRicardo Robles Planas<br \/>\nINTRODUCCI\u00d3N&#8230;&#8230;&#8230;&#8230;&#8230;&#8230;&#8230;&#8230;&#8230;&#8230;&#8230;&#8230;&#8230;&#8230;&#8230;&#8230;&#8230;&#8230;&#8230;&#8230;&#8230;&#8230;&#8230;&#8230;&#8230;&#8230;..23<br \/>\nPRIMERA PARTE<br \/>\nANTECEDENTES DE LA PARTICIPACI\u00d3N<br \/>\nEN DELITOS ESPECIALES<br \/>\nI. PLANTEAMIENTO&#8230;&#8230;&#8230;&#8230;&#8230;&#8230;&#8230;&#8230;&#8230;&#8230;&#8230;&#8230;&#8230;&#8230;&#8230;&#8230;&#8230;&#8230;&#8230;&#8230;&#8230;&#8230;&#8230;&#8230;..39<br \/>\nII. ANTECEDENTES SOBRE LA ACCESORIEDAD DE LA PARTICIPACI\u00d3N&#8230;&#8230;&#8230;&#8230;&#8230;&#8230;&#8230;&#8230;&#8230;&#8230;&#8230;&#8230;&#8230;&#8230;&#8230;&#8230;&#8230;&#8230;&#8230;&#8230;&#8230;&#8230;&#8230;&#8230;&#8230;&#8230;&#8230;&#8230;.<br \/>\n55<br \/>\nCAP\u00cdTULO PRIMERO<br \/>\nEL ORIGEN DE LOS DELITOS ESPECIALES Y<br \/>\nLA IMPUNIDAD DE EXTRANEI. ASIMISMO, UNA<br \/>\nAPROXIMACI\u00d3N A LOS \u201cDELITOS ESTATUTARIOS\u201d<br \/>\nI. DELICTA PROPRIA Y DELICTA COMMUNIA&#8230;&#8230;&#8230;&#8230;&#8230;&#8230;&#8230;&#8230;&#8230;..73<br \/>\n1. Exposici\u00f3n&#8230;&#8230;&#8230;&#8230;&#8230;&#8230;&#8230;&#8230;&#8230;&#8230;&#8230;&#8230;&#8230;&#8230;&#8230;&#8230;&#8230;&#8230;&#8230;&#8230;&#8230;&#8230;&#8230;&#8230;&#8230;&#8230;&#8230;&#8230;&#8230;&#8230;&#8230;&#8230; 73<br \/>\n2. La desconocida impunidad del extraneus en los delicta propria&#8230;&#8230;&#8230; 75<br \/>\nII. LOS COMENTARIOS DE PACHECO Y LOS C\u00d3DIGOS PENALES<br \/>\nMILITARES ESPA\u00d1OL Y CHILENO&#8230;&#8230;&#8230;&#8230;&#8230;&#8230;&#8230;&#8230;&#8230;&#8230;&#8230;91<br \/>\nIII. LA REGLA DEL ART\u00cdCULO 238 DEL C\u00d3DIGO DE JUSTICIA<br \/>\nMILITAR&#8230;&#8230;&#8230;&#8230;&#8230;&#8230;&#8230;&#8230;&#8230;&#8230;&#8230;&#8230;&#8230;&#8230;&#8230;&#8230;&#8230;&#8230;&#8230;&#8230;&#8230;&#8230;&#8230;&#8230;&#8230;&#8230;&#8230;.115<br \/>\nIV. VALORACI\u00d3N PROVISIONAL Y UNA PRIMERA APROXIMACI\u00d3N<br \/>\nA LOS DELITOS ESTATUTARIOS&#8230;&#8230;&#8230;&#8230;&#8230;&#8230;&#8230;&#8230;&#8230;&#8230;121<\/p>\n<p>V. EXCURSO: LA LEX POMPEIA DE PARRICIDIIS&#8230;&#8230;&#8230;&#8230;&#8230;&#8230;&#8230;.133<br \/>\nVI. CONCLUSIONES DEL CAP\u00cdTULO PRIMERO&#8230;&#8230;&#8230;&#8230;&#8230;&#8230;&#8230;&#8230;149<br \/>\nCAP\u00cdTULO SEGUNDO<br \/>\nLOS DELITOS ESPECIALES Y SUS CATEGOR\u00cdAS<br \/>\nI. EL CONCEPTO DE DELITO ESPECIAL&#8230;&#8230;&#8230;&#8230;&#8230;&#8230;&#8230;&#8230;&#8230;&#8230;&#8230;&#8230;.153<br \/>\n1. Conceptos aut\u00f3nomos y conceptos dependientes de delito especial&#8230;&#8230;.. 163<br \/>\n2. Conceptos simples o amplios y conceptos complejos de delito<br \/>\nespecial&#8230;&#8230;&#8230;&#8230;&#8230;&#8230;&#8230;&#8230;&#8230;&#8230;&#8230;&#8230;&#8230;&#8230;&#8230;&#8230;&#8230;&#8230;&#8230;&#8230;&#8230;&#8230;&#8230;&#8230;&#8230;&#8230;&#8230;&#8230;&#8230;&#8230;&#8230;&#8230;&#8230;. 166<br \/>\n3. Cr\u00edtica a los conceptos aut\u00f3nomos y dependientes de delito especial&#8230;&#8230;171<br \/>\n4. Cr\u00edtica a los conceptos simples de delito especial&#8230;&#8230;&#8230;&#8230;&#8230;&#8230;&#8230;&#8230;&#8230;&#8230;.. 177<br \/>\n5. Valoraci\u00f3n provisional&#8230;&#8230;&#8230;&#8230;&#8230;&#8230;&#8230;&#8230;&#8230;&#8230;&#8230;&#8230;&#8230;&#8230;&#8230;&#8230;&#8230;&#8230;&#8230;&#8230;&#8230;&#8230;&#8230;&#8230;&#8230; 182<br \/>\nII. LAS CATEGOR\u00cdAS DE DELITO ESPECIAL&#8230;&#8230;&#8230;&#8230;&#8230;&#8230;&#8230;&#8230;&#8230;&#8230;.183<br \/>\n1. Delitos especiales propios e impropios&#8230;&#8230;&#8230;&#8230;&#8230;&#8230;&#8230;&#8230;&#8230;&#8230;&#8230;&#8230;&#8230;&#8230;&#8230;&#8230;. 183<br \/>\n2. Cr\u00edtica a los llamados delitos especiales impropios&#8230;&#8230;&#8230;&#8230;&#8230;&#8230;&#8230;&#8230;&#8230;.. 188<br \/>\n3. Los delitos de posici\u00f3n&#8230;&#8230;&#8230;&#8230;&#8230;&#8230;&#8230;&#8230;&#8230;&#8230;&#8230;&#8230;&#8230;&#8230;&#8230;&#8230;&#8230;&#8230;&#8230;&#8230;&#8230;&#8230;&#8230;&#8230;&#8230; 198<br \/>\n3.1. Valoraci\u00f3n provisional&#8230;&#8230;&#8230;&#8230;&#8230;&#8230;&#8230;&#8230;&#8230;&#8230;&#8230;&#8230;&#8230;&#8230;&#8230;&#8230;&#8230;&#8230;&#8230;&#8230;&#8230;&#8230;&#8230; 210<br \/>\n3.2. Toma de posici\u00f3n: existencia de los delitos de posici\u00f3n y su<br \/>\ncabida en la legislaci\u00f3n penal chilena&#8230;&#8230;&#8230;&#8230;&#8230;&#8230;&#8230;&#8230;&#8230;&#8230;&#8230;&#8230;&#8230;&#8230;.. 215<br \/>\n4. Los delitos de infracci\u00f3n de deber&#8230;&#8230;&#8230;&#8230;&#8230;&#8230;&#8230;&#8230;&#8230;&#8230;&#8230;&#8230;&#8230;&#8230;&#8230;&#8230;&#8230;&#8230;.. 225<br \/>\n4.1. La tesis de Roxin&#8230;&#8230;&#8230;&#8230;&#8230;&#8230;&#8230;&#8230;&#8230;&#8230;&#8230;&#8230;&#8230;&#8230;&#8230;&#8230;&#8230;&#8230;&#8230;&#8230;&#8230;&#8230;&#8230;&#8230;&#8230;&#8230; 227<br \/>\n4.2. Valoraci\u00f3n preliminar&#8230;&#8230;&#8230;&#8230;&#8230;&#8230;&#8230;&#8230;&#8230;&#8230;&#8230;&#8230;&#8230;&#8230;&#8230;&#8230;&#8230;&#8230;&#8230;&#8230;&#8230;&#8230;&#8230; 232<br \/>\n5. Conclusiones a la primera parte&#8230;&#8230;&#8230;&#8230;&#8230;&#8230;&#8230;&#8230;&#8230;&#8230;&#8230;&#8230;&#8230;&#8230;&#8230;&#8230;&#8230;&#8230;&#8230;.. 237<br \/>\nSEGUNDA PARTE<br \/>\nTESIS SOBRE LA PUNICI\u00d3N E IMPUNIDAD DEL<br \/>\nPART\u00cdCIPE EXTRANEUS EN DELITOS ESPECIALES<br \/>\nI. PLANTEAMIENTO&#8230;&#8230;&#8230;&#8230;&#8230;&#8230;&#8230;&#8230;&#8230;&#8230;&#8230;&#8230;&#8230;&#8230;&#8230;&#8230;&#8230;&#8230;&#8230;&#8230;&#8230;&#8230;&#8230;&#8230;245<br \/>\nII. EL \u00a7 28.1 DEL CP ALEM\u00c1N Y EL ART\u00cdCULO 65.3 DEL CP<br \/>\nESPA\u00d1OL&#8230;&#8230;&#8230;&#8230;&#8230;&#8230;&#8230;&#8230;&#8230;&#8230;&#8230;&#8230;&#8230;&#8230;&#8230;&#8230;&#8230;&#8230;&#8230;&#8230;&#8230;&#8230;&#8230;&#8230;&#8230;&#8230;&#8230;&#8230;&#8230;.249<\/p>\n<p>1. El \u00a7 28.1 del CP alem\u00e1n&#8230;&#8230;&#8230;&#8230;&#8230;&#8230;&#8230;&#8230;&#8230;&#8230;&#8230;&#8230;&#8230;&#8230;&#8230;&#8230;&#8230;&#8230;&#8230;&#8230;&#8230;&#8230;&#8230;&#8230;. 250<br \/>\n2. El art\u00edculo 65.3 del CP espa\u00f1ol&#8230;&#8230;&#8230;&#8230;&#8230;&#8230;&#8230;&#8230;&#8230;&#8230;&#8230;&#8230;&#8230;&#8230;&#8230;&#8230;&#8230;&#8230;&#8230;&#8230;. 259<br \/>\nIII. LAS PROPUESTAS EN CHILE&#8230;&#8230;&#8230;&#8230;&#8230;&#8230;&#8230;&#8230;&#8230;&#8230;&#8230;&#8230;&#8230;&#8230;&#8230;&#8230;&#8230;265<br \/>\n1. Proyecto de Reforma del CP chileno de 1945&#8230;&#8230;&#8230;&#8230;&#8230;&#8230;&#8230;&#8230;&#8230;&#8230;&#8230;&#8230;.. 266<br \/>\n2. Comisi\u00f3n Foro Penal de 2005&#8230;&#8230;&#8230;&#8230;&#8230;&#8230;&#8230;&#8230;&#8230;&#8230;&#8230;&#8230;&#8230;&#8230;&#8230;&#8230;&#8230;&#8230;&#8230;&#8230;&#8230; 268<br \/>\n3. Anteproyecto de CP 2013 del Ministerio de Justicia&#8230;&#8230;&#8230;&#8230;&#8230;&#8230;&#8230;&#8230;&#8230;. 271<br \/>\n4. Anteproyecto de CP 2015 del Ministerio de Justicia&#8230;&#8230;&#8230;&#8230;&#8230;&#8230;&#8230;&#8230;&#8230;. 275<br \/>\n5. Proyecto de CP para Chile de Alfredo Etcheberry&#8230;&#8230;&#8230;&#8230;&#8230;&#8230;&#8230;&#8230;&#8230;&#8230; 277<br \/>\n6. Anteproyecto de CP 2018 del Ministerio de Justicia&#8230;&#8230;&#8230;&#8230;&#8230;&#8230;&#8230;&#8230;&#8230;. 278<br \/>\n7. Anteproyecto de CP 2022 del Ministerio de Justicia&#8230;&#8230;&#8230;&#8230;&#8230;&#8230;&#8230;&#8230;&#8230;. 280<br \/>\n8. Visi\u00f3n cr\u00edtica y toma de postura&#8230;&#8230;&#8230;&#8230;&#8230;&#8230;&#8230;&#8230;&#8230;&#8230;&#8230;&#8230;&#8230;&#8230;&#8230;&#8230;&#8230;&#8230;&#8230;&#8230; 280<br \/>\nCAP\u00cdTULO TERCERO<br \/>\nFUNDAMENTOS DOGM\u00c1TICOS A FAVOR DE LA<br \/>\nPUNICI\u00d3N DEL PART\u00cdCIPE EXTRANEUS<br \/>\nI. PLANTEAMIENTO&#8230;&#8230;&#8230;&#8230;&#8230;&#8230;&#8230;&#8230;&#8230;&#8230;&#8230;&#8230;&#8230;&#8230;&#8230;&#8230;&#8230;&#8230;&#8230;&#8230;&#8230;&#8230;&#8230;&#8230;295<br \/>\nII. LA INDIVISIBILIDAD DEL T\u00cdTULO DE IMPUTACI\u00d3N&#8230;&#8230;&#8230;.299<br \/>\n1. Exposici\u00f3n&#8230;&#8230;&#8230;&#8230;&#8230;&#8230;&#8230;&#8230;&#8230;&#8230;&#8230;&#8230;&#8230;&#8230;&#8230;&#8230;&#8230;&#8230;&#8230;&#8230;&#8230;&#8230;&#8230;&#8230;&#8230;&#8230;&#8230;&#8230;&#8230;&#8230;&#8230;. 299<br \/>\n2. Valoraci\u00f3n cr\u00edtica&#8230;&#8230;&#8230;&#8230;&#8230;&#8230;&#8230;&#8230;&#8230;&#8230;&#8230;&#8230;&#8230;&#8230;&#8230;&#8230;&#8230;&#8230;&#8230;&#8230;&#8230;&#8230;&#8230;&#8230;&#8230;&#8230;&#8230;.. 306<br \/>\nIII. EL PRINCIPIO DE ACCESORIEDAD DE LA PARTICIPACI\u00d3N&#8230;.315<br \/>\n1. Exposici\u00f3n&#8230;&#8230;&#8230;&#8230;&#8230;&#8230;&#8230;&#8230;&#8230;&#8230;&#8230;&#8230;&#8230;&#8230;&#8230;&#8230;&#8230;&#8230;&#8230;&#8230;&#8230;&#8230;&#8230;&#8230;&#8230;&#8230;&#8230;&#8230;&#8230;&#8230;&#8230;. 315<br \/>\n2. Valoraci\u00f3n cr\u00edtica&#8230;&#8230;&#8230;&#8230;&#8230;&#8230;&#8230;&#8230;&#8230;&#8230;&#8230;&#8230;&#8230;&#8230;&#8230;&#8230;&#8230;&#8230;&#8230;&#8230;&#8230;&#8230;&#8230;&#8230;&#8230;&#8230;&#8230;.. 319<br \/>\nIV. DE NUEVO, LOS DELITOS DE INFRACCI\u00d3N DE DEBER&#8230;..331<br \/>\n1. Exposici\u00f3n&#8230;&#8230;&#8230;&#8230;&#8230;&#8230;&#8230;&#8230;&#8230;&#8230;&#8230;&#8230;&#8230;&#8230;&#8230;&#8230;&#8230;&#8230;&#8230;&#8230;&#8230;&#8230;&#8230;&#8230;&#8230;&#8230;&#8230;&#8230;&#8230;&#8230;&#8230;. 331<br \/>\n2. La tesis de Jakobs&#8230;&#8230;&#8230;&#8230;&#8230;&#8230;&#8230;&#8230;&#8230;&#8230;&#8230;&#8230;&#8230;&#8230;&#8230;&#8230;&#8230;&#8230;&#8230;&#8230;&#8230;&#8230;&#8230;&#8230;&#8230;&#8230;&#8230;&#8230; 334<br \/>\n3. Los aportes de S\u00e1nchez-Vera&#8230;&#8230;&#8230;&#8230;&#8230;&#8230;&#8230;&#8230;&#8230;&#8230;&#8230;&#8230;&#8230;&#8230;&#8230;&#8230;&#8230;&#8230;&#8230;&#8230;&#8230;.. 339<br \/>\n4. Valoraci\u00f3n cr\u00edtica&#8230;&#8230;&#8230;&#8230;&#8230;&#8230;&#8230;&#8230;&#8230;&#8230;&#8230;&#8230;&#8230;&#8230;&#8230;&#8230;&#8230;&#8230;&#8230;&#8230;&#8230;&#8230;&#8230;&#8230;&#8230;&#8230;&#8230;.. 352<\/p>\n<p>V. EL SUPUESTO DEBER SECUNDARIO DE NAGLER&#8230;&#8230;&#8230;&#8230;&#8230;.371<br \/>\n1. Exposici\u00f3n&#8230;&#8230;&#8230;&#8230;&#8230;&#8230;&#8230;&#8230;&#8230;&#8230;&#8230;&#8230;&#8230;&#8230;&#8230;&#8230;&#8230;&#8230;&#8230;&#8230;&#8230;&#8230;&#8230;&#8230;&#8230;&#8230;&#8230;&#8230;&#8230;&#8230;&#8230;. 371<br \/>\n2. Presupuestos y contenido del deber secundario de Nagler&#8230;&#8230;&#8230;&#8230;&#8230;. 372<br \/>\n3. Naturaleza del delito especial y cr\u00edticas a la tesis de Nagler&#8230;&#8230;&#8230;&#8230;&#8230;. 378<br \/>\nVI. LA EVITACI\u00d3N DE VAC\u00cdOS DE PUNIBILIDAD Y EL RECURSO<br \/>\nA LA JUSTICIA MATERIAL&#8230;&#8230;&#8230;&#8230;&#8230;&#8230;&#8230;&#8230;&#8230;&#8230;&#8230;&#8230;&#8230;&#8230;..399<br \/>\n1. Exposici\u00f3n&#8230;&#8230;&#8230;&#8230;&#8230;&#8230;&#8230;&#8230;&#8230;&#8230;&#8230;&#8230;&#8230;&#8230;&#8230;&#8230;&#8230;&#8230;&#8230;&#8230;&#8230;&#8230;&#8230;&#8230;&#8230;&#8230;&#8230;&#8230;&#8230;&#8230;&#8230;. 399<br \/>\n2. Valoraci\u00f3n cr\u00edtica&#8230;&#8230;&#8230;&#8230;&#8230;&#8230;&#8230;&#8230;&#8230;&#8230;&#8230;&#8230;&#8230;&#8230;&#8230;&#8230;&#8230;&#8230;&#8230;&#8230;&#8230;&#8230;&#8230;&#8230;&#8230;&#8230;&#8230;.. 402<br \/>\nCAP\u00cdTULO CUARTO<br \/>\nPOSICIONES DOGM\u00c1TICAS A FAVOR DE LA<br \/>\nIMPUNIDAD DEL PART\u00cdCIPE EXTRANEUS<br \/>\nI. PLANTEAMIENTO&#8230;&#8230;&#8230;&#8230;&#8230;&#8230;&#8230;&#8230;&#8230;&#8230;&#8230;&#8230;&#8230;&#8230;&#8230;&#8230;&#8230;&#8230;&#8230;&#8230;&#8230;&#8230;&#8230;&#8230;409<br \/>\nII. LA INCOMUNICABILIDAD ORIGINARIA DE CURY&#8230;&#8230;&#8230;&#8230;..411<br \/>\nIII. LOS DELITOS ESPECIALES DE DEBER DE ROBLES PLANAS&#8230;415<br \/>\nIV. PRINCIPALES ARGUMENTOS EN ALEMANIA&#8230;&#8230;&#8230;&#8230;&#8230;&#8230;&#8230;..419<br \/>\nV. VALORACI\u00d3N CR\u00cdTICA&#8230;&#8230;&#8230;&#8230;&#8230;&#8230;&#8230;&#8230;&#8230;&#8230;&#8230;&#8230;&#8230;&#8230;&#8230;&#8230;&#8230;&#8230;&#8230;&#8230;..421<br \/>\nVI. CONCLUSIONES A LA SEGUNDA PARTE&#8230;&#8230;&#8230;&#8230;&#8230;&#8230;&#8230;&#8230;&#8230;&#8230;427<\/p>\n<p>TERCERA PARTE<br \/>\nLOS DELITOS ESPECIALES (PROPIOS) COMO<br \/>\n\u201cDELITOS ESTATUTARIOS\u201d Y LA APLICACI\u00d3N<br \/>\nDEL MODELO DE PARTICIPACI\u00d3N<br \/>\nCAP\u00cdTULO QUINTO<br \/>\nLA M\u00c1XIMA \u201cNO TODA COLABORACI\u00d3N AL DELITO<br \/>\nES PUNIBLE\u201d Y LOS DELITOS ESTATUTARIOS<br \/>\nI. LA M\u00c1XIMA \u201cNO TODA COLABORACI\u00d3N AL DELITO ES<br \/>\nPUNIBLE\u201d&#8230;&#8230;&#8230;&#8230;&#8230;&#8230;&#8230;&#8230;&#8230;&#8230;&#8230;&#8230;&#8230;&#8230;&#8230;&#8230;&#8230;&#8230;&#8230;&#8230;&#8230;&#8230;&#8230;&#8230;&#8230;&#8230;&#8230;&#8230;&#8230;439<br \/>\nII. LOS DELITOS ESTATUTARIOS Y SU CORRELACI\u00d3N CON<br \/>\nLAS POTESTADES P\u00daBLICAS&#8230;&#8230;&#8230;&#8230;&#8230;&#8230;&#8230;&#8230;&#8230;&#8230;&#8230;&#8230;&#8230;&#8230;&#8230;&#8230;&#8230;..451<br \/>\nCAP\u00cdTULO SEXTO<br \/>\nREINTERPRETACI\u00d3N DE LAS REGLAS QUE<br \/>\nRIGEN LA PARTICIPACI\u00d3N A PARTIR DE LA<br \/>\nCATEGOR\u00cdA DE LOS DELITOS ESTATUTARIOS<br \/>\nI. LOS ARTS. 15 Y 16 CP: REGLAS DE SANCI\u00d3N Y NO<br \/>\nREGLAS DE CONDUCTA&#8230;&#8230;&#8230;&#8230;&#8230;&#8230;&#8230;&#8230;&#8230;&#8230;&#8230;&#8230;&#8230;&#8230;&#8230;&#8230;&#8230;&#8230;&#8230;&#8230;.479<br \/>\nII. EL ART. 64 CP COMO \u201cREGLA\u201d DE COMUNICABILIDAD&#8230;.491<br \/>\nIII. PARTE ESPECIAL Y COMUNICABILIDAD EN DELITOS<br \/>\nESTATUTARIOS&#8230;&#8230;&#8230;&#8230;&#8230;&#8230;&#8230;&#8230;&#8230;&#8230;&#8230;&#8230;&#8230;&#8230;&#8230;&#8230;&#8230;&#8230;&#8230;&#8230;&#8230;&#8230;&#8230;&#8230;&#8230;..503<br \/>\nIV. CONCLUSIONES FINALES&#8230;&#8230;&#8230;&#8230;&#8230;&#8230;&#8230;&#8230;&#8230;&#8230;&#8230;&#8230;&#8230;&#8230;&#8230;&#8230;&#8230;&#8230;..511<br \/>\nBIBLIOGRAF\u00cdA CITADA&#8230;&#8230;&#8230;&#8230;&#8230;&#8230;&#8230;&#8230;&#8230;&#8230;&#8230;&#8230;&#8230;&#8230;&#8230;&#8230;&#8230;&#8230;&#8230;&#8230;&#8230;&#8230;517<\/p>\n","protected":false},"excerpt":{"rendered":"<p>Buscas un libro Jur\u00eddico.? Lo puedes encontrar en nuestra tienda virtual.<br \/>\nContamos con prestigiosos autores y muchas alternativas en sus diferentes materias al igual que grandes descuentos.! Vis\u00edtanos en <a class=\"ArnTpmDpqOjShEweVaJcYZwkyLmDqkqjbDdY \" tabindex=\"0\" href=\"https:\/\/lnkd.in\/eiAG7jdZ\" target=\"_blank\" rel=\"noopener\" data-test-app-aware-link=\"\">https:\/\/lnkd.in\/eiAG7jdZ<\/a><br \/>\nEscr\u00edbenos al +56930565235 \/ <a class=\"ArnTpmDpqOjShEweVaJcYZwkyLmDqkqjbDdY \" tabindex=\"0\" href=\"mailto:ventaslegallexglobal@gmail.com\" target=\"_self\" data-test-app-aware-link=\"\">ventaslegallexglobal@gmail.com<\/a><br \/>\nHacemos env\u00edos a todo Chile \u2013 Starken o Correos Chile \/ Te esperamos.<\/p>\n","protected":false},"featured_media":2502,"comment_status":"open","ping_status":"closed","template":"","meta":{"inline_featured_image":false,"_joinchat":[]},"product_brand":[],"product_cat":[26,30],"product_tag":[],"class_list":{"0":"post-2472","1":"product","2":"type-product","3":"status-publish","4":"has-post-thumbnail","6":"product_cat-derecho","7":"product_cat-penal","9":"first","10":"instock","11":"shipping-taxable","12":"purchasable","13":"product-type-simple"},"_links":{"self":[{"href":"https:\/\/bibliotecajuridicavirtual.cl\/index.php\/wp-json\/wp\/v2\/product\/2472","targetHints":{"allow":["GET"]}}],"collection":[{"href":"https:\/\/bibliotecajuridicavirtual.cl\/index.php\/wp-json\/wp\/v2\/product"}],"about":[{"href":"https:\/\/bibliotecajuridicavirtual.cl\/index.php\/wp-json\/wp\/v2\/types\/product"}],"replies":[{"embeddable":true,"href":"https:\/\/bibliotecajuridicavirtual.cl\/index.php\/wp-json\/wp\/v2\/comments?post=2472"}],"wp:featuredmedia":[{"embeddable":true,"href":"https:\/\/bibliotecajuridicavirtual.cl\/index.php\/wp-json\/wp\/v2\/media\/2502"}],"wp:attachment":[{"href":"https:\/\/bibliotecajuridicavirtual.cl\/index.php\/wp-json\/wp\/v2\/media?parent=2472"}],"wp:term":[{"taxonomy":"product_brand","embeddable":true,"href":"https:\/\/bibliotecajuridicavirtual.cl\/index.php\/wp-json\/wp\/v2\/product_brand?post=2472"},{"taxonomy":"product_cat","embeddable":true,"href":"https:\/\/bibliotecajuridicavirtual.cl\/index.php\/wp-json\/wp\/v2\/product_cat?post=2472"},{"taxonomy":"product_tag","embeddable":true,"href":"https:\/\/bibliotecajuridicavirtual.cl\/index.php\/wp-json\/wp\/v2\/product_tag?post=2472"}],"curies":[{"name":"wp","href":"https:\/\/api.w.org\/{rel}","templated":true}]}}