{"id":2473,"date":"2026-02-28T01:01:53","date_gmt":"2026-02-28T04:01:53","guid":{"rendered":"https:\/\/bibliotecajuridicavirtual.cl\/?post_type=product&#038;p=2473"},"modified":"2026-02-28T01:02:00","modified_gmt":"2026-02-28T04:02:00","slug":"ley-penal-y-criminologia-la-interpretacion-criminologica-de-la-ley-punitiva-rocio-alejandra-sanchez-perez-1-edicion-septiembre-ano-2025-300-pag","status":"publish","type":"product","link":"https:\/\/bibliotecajuridicavirtual.cl\/index.php\/product\/ley-penal-y-criminologia-la-interpretacion-criminologica-de-la-ley-punitiva-rocio-alejandra-sanchez-perez-1-edicion-septiembre-ano-2025-300-pag\/","title":{"rendered":"Ley Penal y Criminolog\u00eda. La Interpretaci\u00f3n Criminol\u00f3gica de la Ley Punitiva * Roc\u00edo Alejandra S\u00e1nchez P\u00e9rez &#8211; 1\u00b0 edici\u00f3n septiembre a\u00f1o 2025 * 300 P\u00e1g."},"content":{"rendered":"<p>Este libro analiza algunos problemas interpretativos de la ley penal y la plausibilidad de resolverlos desarrollando argumentaciones que empleen conocimientos criminol\u00f3gicos. Para ello, la autora desarrolla una propuesta basada en m\u00e9todos interpretativos usuales en la filosof\u00eda jur\u00eddica contempor\u00e1nea y algunas corrientes de la ciencia jur\u00eddico-penal.<br \/>\nLa obra pone en tensi\u00f3n la tradicional concepci\u00f3n del Derecho penal como una ciencia del deber ser y la criminolog\u00eda como una ciencia del ser, indagando en las conexiones actuales y resaltando matices importantes entre estas disciplinas cient\u00edficas.<br \/>\nEn esa l\u00ednea el modelo propuesto es sometido a prueba mediante la soluci\u00f3n de dificultades hermen\u00e9uticas relevantes en nuestros d\u00edas: de la Parte general, el car\u00e1cter inminente de la agresi\u00f3n de la mujer que se defiende de la brutalidad habitual de su pareja sentimental y, en la Parte especial del Derecho penal, la singular hip\u00f3tesis de la violaci\u00f3n cometida con motivo u ocasi\u00f3n de un robo.<br \/>\nEl volumen, pues, recorre viejos problemas dogm\u00e1ticos, pero siguiendo un camino distinto, en el que la regulaci\u00f3n jur\u00eddica no pierde de vista el fen\u00f3meno normado.<\/p>\n<p>PR\u00d3LOGO\u00a0\u00a0 \u00a011<br \/>\nINTRODUCCI\u00d3N\u00a0\u00a0 \u00a017<br \/>\nCAP\u00cdTULO I<br \/>\nLA INTERPRETACI\u00d3N DE LA LEY PENAL Y SUS PROBLEMAS\u00a0\u00a0 \u00a021<br \/>\n1.1.\u00a0\u00a0 \u00a0El problema del objeto de la investigaci\u00f3n\u00a0\u00a0 \u00a021<br \/>\n1.2.\u00a0\u00a0 \u00a0El problema de la naturaleza de la interpretaci\u00f3n\u00a0\u00a0 \u00a023<br \/>\n1.2.1.\u00a0\u00a0 \u00a0Concepciones de la interpretaci\u00f3n jur\u00eddica\u00a0\u00a0 \u00a023<br \/>\n1.2.2.\u00a0\u00a0 \u00a0Justificaci\u00f3n de la interpretaci\u00f3n\u00a0\u00a0 \u00a030<br \/>\n1.2.3.\u00a0\u00a0 \u00a0La ideolog\u00eda en la interpretaci\u00f3n jur\u00eddica\u00a0\u00a0 \u00a031<br \/>\n1.2.4.\u00a0\u00a0 \u00a0La finalidad de la interpretaci\u00f3n\u00a0\u00a0 \u00a033<br \/>\n1.2.4.1.\u00a0\u00a0 \u00a0Interpretaci\u00f3n originalista e interpretaci\u00f3n evolutiva\u00a0\u00a0 \u00a033<br \/>\n1.2.4.2.\u00a0\u00a0 \u00a0Interpretaci\u00f3n declarativa e interpretaci\u00f3n reconstructiva\u00a0\u00a0 \u00a035<br \/>\n1.3.\u00a0\u00a0 \u00a0El problema de la metodolog\u00eda de la interpretaci\u00f3n\u00a0\u00a0 \u00a039<br \/>\n1.3.1.\u00a0\u00a0 \u00a0Sobre la necesidad de la interpretaci\u00f3n\u00a0\u00a0 \u00a039<br \/>\n1.3.2.\u00a0\u00a0 \u00a0Materiales, instrumentos y pautas de interpretaci\u00f3n\u00a0\u00a0 \u00a048<br \/>\n1.3.2.1.\u00a0\u00a0 \u00a0Las directivas primarias\u00a0\u00a0 \u00a050<br \/>\n1.3.2.2.\u00a0\u00a0 \u00a0Las directivas secundarias\u00a0\u00a0 \u00a055<br \/>\n1.3.2.3.\u00a0\u00a0 \u00a0Las directivas hermen\u00e9uticas axiom\u00e1ticas\u00a0\u00a0 \u00a057<br \/>\n1.4.\u00a0\u00a0 \u00a0Sistemas y m\u00e9todos de la interpretaci\u00f3n de la ley penal<br \/>\ncon referencia a los antecedentes criminol\u00f3gicos\u00a0\u00a0 \u00a059<br \/>\n1.4.1.\u00a0\u00a0 \u00a0Metodolog\u00eda y presupuestos de la interpretaci\u00f3n jur\u00eddica<br \/>\nde la ley penal\u00a0\u00a0 \u00a059<br \/>\n1.4.1.1.\u00a0\u00a0 \u00a0An\u00e1lisis del problema del objeto y el m\u00e9todo en el Derecho penal\u00a0\u00a0 \u00a059<br \/>\n1.4.2.\u00a0\u00a0 \u00a0Concepciones de la interpretaci\u00f3n de la ley penal\u00a0\u00a0 \u00a062<br \/>\n1.4.2.1.\u00a0\u00a0 \u00a0Necesidad de la interpretaci\u00f3n de la ley penal\u00a0\u00a0 \u00a066<br \/>\n1.4.2.2.\u00a0\u00a0 \u00a0Finalidad de la actividad interpretativa de la ley penal\u00a0\u00a0 \u00a069<br \/>\n1.4.2.3.\u00a0\u00a0 \u00a0Exigencias de la interpretaci\u00f3n de la ley penal\u00a0\u00a0 \u00a070<br \/>\n1.4.2.4.\u00a0\u00a0 \u00a0L\u00edmites de la actividad interpretativa de la ley penal\u00a0\u00a0 \u00a073<br \/>\n1.5.\u00a0\u00a0 \u00a0Materiales para la interpretaci\u00f3n jur\u00eddica de la ley penal\u00a0\u00a0 \u00a077<br \/>\n1.5.1.\u00a0\u00a0 \u00a0Referencia a elementos de interpretaci\u00f3n\u00a0\u00a0 \u00a077<br \/>\n1.5.2.\u00a0\u00a0 \u00a0Elementos de la interpretaci\u00f3n\u00a0\u00a0 \u00a081<br \/>\n1.5.3.\u00a0\u00a0 \u00a0Elementos de la interpretaci\u00f3n por medios sem\u00e1nticos\u00a0\u00a0 \u00a081<br \/>\n1.5.3.1.\u00a0\u00a0 \u00a0Elemento gramatical\u00a0\u00a0 \u00a081<br \/>\n1.5.3.2.\u00a0\u00a0 \u00a0Elementos por medios l\u00f3gicos\u00a0\u00a0 \u00a085<br \/>\n1.5.3.3.\u00a0\u00a0 \u00a0Elemento sistem\u00e1tico\u00a0\u00a0 \u00a095<br \/>\n1.5.3.4.\u00a0\u00a0 \u00a0Elemento hist\u00f3rico\u00a0\u00a0 \u00a097<br \/>\n1.5.3.5.\u00a0\u00a0 \u00a0Elemento pol\u00edtico-social, elemento extrapenal y elemento extrajur\u00eddico\u00a0\u00a0 \u00a0100<br \/>\n1.5.4.\u00a0\u00a0 \u00a0Situaci\u00f3n en Chile\u00a0\u00a0 \u00a0104<br \/>\nCAP\u00cdTULO II<br \/>\nRELACIONES EPISTEMOL\u00d3GICAS ENTRE LA DENOMINA-<br \/>\nDA CIENCIA JUR\u00cdDICO-PENAL Y LA CRIMINOLOG\u00cdA\u00a0\u00a0 \u00a0113<br \/>\n2.1.\u00a0\u00a0 \u00a0\u00bfQu\u00e9 se entiende por ciencia del Derecho y cu\u00e1les son los modelos de ciencia jur\u00eddica?\u00a0\u00a0 \u00a0113<br \/>\n2.1.1.\u00a0\u00a0 \u00a0Aspectos epistemol\u00f3gicos relevantes en la ciencia jur\u00eddico-penal\u00a0\u00a0 \u00a0120<br \/>\n2.2.\u00a0\u00a0 \u00a0Principales aspectos epistemol\u00f3gicos de la criminolog\u00eda\u00a0\u00a0 \u00a0127<br \/>\n2.2.1.\u00a0\u00a0 \u00a0Concepto y objeto de estudio de la criminolog\u00eda\u00a0\u00a0 \u00a0127<br \/>\n2.2.2.\u00a0\u00a0 \u00a0El m\u00e9todo de trabajo en la criminolog\u00eda\u00a0\u00a0 \u00a0130<br \/>\n2.2.3.\u00a0\u00a0 \u00a0El trabajo interdisciplinario y multidisciplinario de la criminolog\u00eda\u00a0\u00a0 \u00a0135<br \/>\n2.3.\u00a0\u00a0 \u00a0Complementariedad y diferencia entre la criminolog\u00eda<br \/>\ny el Derecho penal\u00a0\u00a0 \u00a0136<br \/>\n2.3.1.\u00a0\u00a0 \u00a0\u00bfObjetos de estudio diferentes o rec\u00edprocamente configurados?\u00a0\u00a0 \u00a0138<br \/>\n2.3.2.\u00a0\u00a0 \u00a0El control social formal como punto de encuentro\u00a0\u00a0 \u00a0143<br \/>\n2.3.3.\u00a0\u00a0 \u00a0Multiplicidad de m\u00e9todos para observar el mismo fen\u00f3meno\u00a0\u00a0 \u00a0145<br \/>\n2.3.4.\u00a0\u00a0 \u00a0\u00bfSon opuestas la teor\u00eda jur\u00eddica y la informaci\u00f3n emp\u00edrica?\u00a0\u00a0 \u00a0149<br \/>\n2.3.5.\u00a0\u00a0 \u00a0Interpretar criminol\u00f3gicamente las leyes penales\u00a0\u00a0 \u00a0151<br \/>\nCAP\u00cdTULO III<br \/>\nCASOS DIF\u00cdCILES PARA INTERPRETAR\u00a0\u00a0 \u00a0157<br \/>\n3.1.\u00a0\u00a0 \u00a0Primer caso: la muerte del tirano dom\u00e9stico cometida por la<br \/>\nmujer v\u00edctima de violencia dom\u00e9stica y la leg\u00edtima defensa\u00a0\u00a0 \u00a0157<br \/>\n3.1.1.\u00a0\u00a0 \u00a0Descripci\u00f3n del problema interpretativo\u00a0\u00a0 \u00a0157<br \/>\n3.1.2.\u00a0\u00a0 \u00a0El problema jur\u00eddico respecto de las mujeres que matan al tirano dom\u00e9stico\u00a0\u00a0 \u00a0160<br \/>\n3.1.2.1.\u00a0\u00a0 \u00a0Soluciones jur\u00eddicas al problema\u00a0\u00a0 \u00a0160<br \/>\n3.1.2.2.\u00a0\u00a0 \u00a0La leg\u00edtima defensa como causa de justificaci\u00f3n que ampara<br \/>\na la mujer que mata al tirano dom\u00e9stico\u00a0\u00a0 \u00a0162<br \/>\n3.1.2.2.2.\u00a0\u00a0 \u00a0Requisito de la leg\u00edtima defensa: actualidad o inminencia de la agresi\u00f3n\u00a0\u00a0 \u00a0164<br \/>\n3.1.2.3.\u00a0\u00a0 \u00a0Revisi\u00f3n de las propuestas desarrolladas para resolver el problema concreto de la muerte del tirano dom\u00e9stico\u00a0\u00a0 \u00a0174<br \/>\n3.1.3.\u00a0\u00a0 \u00a0Antecedentes criminol\u00f3gicos sobre el fen\u00f3meno de la violencia dom\u00e9stica\u00a0\u00a0 \u00a0186<br \/>\n3.1.3.1.\u00a0\u00a0 \u00a0Ubicaci\u00f3n sistem\u00e1tica del problema en el campo criminol\u00f3gico\u00a0\u00a0 \u00a0186<br \/>\n3.1.3.2.\u00a0\u00a0 \u00a0Precisiones conceptuales respecto del fen\u00f3meno\u00a0\u00a0 \u00a0191<br \/>\n3.1.3.3.\u00a0\u00a0 \u00a0Caracter\u00edsticas del fen\u00f3meno de la violencia dom\u00e9stica<br \/>\ncontra la mujer\u00a0\u00a0 \u00a0193<br \/>\n3.1.4.\u00a0\u00a0 \u00a0Propuesta interpretativa\u00a0\u00a0 \u00a0204<br \/>\n3.2.\u00a0\u00a0 \u00a0Segundo caso: El robo con violaci\u00f3n y la interpretaci\u00f3n de<br \/>\nla expresi\u00f3n \u201ccon motivo u ocasi\u00f3n\u201d\u00a0\u00a0 \u00a0216<br \/>\n3.2.1.\u00a0\u00a0 \u00a0Descripci\u00f3n del problema interpretativo\u00a0\u00a0 \u00a0216<br \/>\n3.2.2.\u00a0\u00a0 \u00a0Reconstrucci\u00f3n dogm\u00e1tica de la figura del robo con violaci\u00f3n\u00a0\u00a0 \u00a0220<br \/>\n3.2.2.1.\u00a0\u00a0 \u00a0Historia y fundamentos del tipo penal\u00a0\u00a0 \u00a0220<br \/>\n3.2.2.2.\u00a0\u00a0 \u00a0Elementos del tipo\u00a0\u00a0 \u00a0224<br \/>\n3.2.2.3.\u00a0\u00a0 \u00a0Vinculaci\u00f3n entre robo y violaci\u00f3n\u00a0\u00a0 \u00a0226<br \/>\n3.2.2.4.\u00a0\u00a0 \u00a0Significado de las expresiones \u201ccon motivo\u201d y \u201ccon ocasi\u00f3n\u201d\u00a0\u00a0 \u00a0228<br \/>\n3.2.2.5.\u00a0\u00a0 \u00a0El motivo como elemento del tipo de robo con violaci\u00f3n\u00a0\u00a0 \u00a0232<br \/>\n3.2.3.\u00a0\u00a0 \u00a0Antecedentes criminol\u00f3gicos sobre el fen\u00f3meno de la violaci\u00f3n<br \/>\ny el robo\u00a0\u00a0 \u00a0237<br \/>\n3.2.3.1.\u00a0\u00a0 \u00a0Ubicaci\u00f3n sistem\u00e1tica del problema en el campo criminol\u00f3gico\u00a0\u00a0 \u00a0237<br \/>\n3.2.3.2.\u00a0\u00a0 \u00a0Fenomenolog\u00eda del robo y la violaci\u00f3n\u00a0\u00a0 \u00a0242<br \/>\n3.2.3.3.\u00a0\u00a0 \u00a0Propuesta interpretativa\u00a0\u00a0 \u00a0258<br \/>\nCONCLUSIONES\u00a0\u00a0 \u00a0273<br \/>\nBIBLIOGRAF\u00cdA CITADA\u00a0\u00a0 \u00a0281<br \/>\nLibros y revistas\u00a0\u00a0 \u00a0281<br \/>\nSentencias\u00a0\u00a0 \u00a0297<\/p>\n","protected":false},"excerpt":{"rendered":"<p>Buscas un libro Jur\u00eddico.? Lo puedes encontrar en nuestra tienda virtual.<br \/>\nContamos con prestigiosos autores y muchas alternativas en sus diferentes materias al igual que grandes descuentos.! Vis\u00edtanos en <a class=\"ArnTpmDpqOjShEweVaJcYZwkyLmDqkqjbDdY \" tabindex=\"0\" href=\"https:\/\/lnkd.in\/eiAG7jdZ\" target=\"_blank\" rel=\"noopener\" data-test-app-aware-link=\"\">https:\/\/lnkd.in\/eiAG7jdZ<\/a><br \/>\nEscr\u00edbenos al +56930565235 \/ <a class=\"ArnTpmDpqOjShEweVaJcYZwkyLmDqkqjbDdY \" tabindex=\"0\" href=\"mailto:ventaslegallexglobal@gmail.com\" target=\"_self\" data-test-app-aware-link=\"\">ventaslegallexglobal@gmail.com<\/a><br \/>\nHacemos env\u00edos a todo Chile \u2013 Starken o Correos Chile \/ Te esperamos.<\/p>\n","protected":false},"featured_media":2503,"comment_status":"open","ping_status":"closed","template":"","meta":{"inline_featured_image":false,"_joinchat":[]},"product_brand":[],"product_cat":[26,30],"product_tag":[],"class_list":{"0":"post-2473","1":"product","2":"type-product","3":"status-publish","4":"has-post-thumbnail","6":"product_cat-derecho","7":"product_cat-penal","9":"first","10":"instock","11":"shipping-taxable","12":"purchasable","13":"product-type-simple"},"_links":{"self":[{"href":"https:\/\/bibliotecajuridicavirtual.cl\/index.php\/wp-json\/wp\/v2\/product\/2473","targetHints":{"allow":["GET"]}}],"collection":[{"href":"https:\/\/bibliotecajuridicavirtual.cl\/index.php\/wp-json\/wp\/v2\/product"}],"about":[{"href":"https:\/\/bibliotecajuridicavirtual.cl\/index.php\/wp-json\/wp\/v2\/types\/product"}],"replies":[{"embeddable":true,"href":"https:\/\/bibliotecajuridicavirtual.cl\/index.php\/wp-json\/wp\/v2\/comments?post=2473"}],"wp:featuredmedia":[{"embeddable":true,"href":"https:\/\/bibliotecajuridicavirtual.cl\/index.php\/wp-json\/wp\/v2\/media\/2503"}],"wp:attachment":[{"href":"https:\/\/bibliotecajuridicavirtual.cl\/index.php\/wp-json\/wp\/v2\/media?parent=2473"}],"wp:term":[{"taxonomy":"product_brand","embeddable":true,"href":"https:\/\/bibliotecajuridicavirtual.cl\/index.php\/wp-json\/wp\/v2\/product_brand?post=2473"},{"taxonomy":"product_cat","embeddable":true,"href":"https:\/\/bibliotecajuridicavirtual.cl\/index.php\/wp-json\/wp\/v2\/product_cat?post=2473"},{"taxonomy":"product_tag","embeddable":true,"href":"https:\/\/bibliotecajuridicavirtual.cl\/index.php\/wp-json\/wp\/v2\/product_tag?post=2473"}],"curies":[{"name":"wp","href":"https:\/\/api.w.org\/{rel}","templated":true}]}}