{"id":2476,"date":"2026-02-28T01:01:53","date_gmt":"2026-02-28T04:01:53","guid":{"rendered":"https:\/\/bibliotecajuridicavirtual.cl\/?post_type=product&#038;p=2476"},"modified":"2026-02-28T01:02:03","modified_gmt":"2026-02-28T04:02:03","slug":"tratado-de-derecho-de-las-telecomunicaciones-tomas-de-la-quadra-salcedo-y-jose-vida-1-octubre-ano-2025-1-620-paginas","status":"publish","type":"product","link":"https:\/\/bibliotecajuridicavirtual.cl\/index.php\/product\/tratado-de-derecho-de-las-telecomunicaciones-tomas-de-la-quadra-salcedo-y-jose-vida-1-octubre-ano-2025-1-620-paginas\/","title":{"rendered":"Tratado de Derecho de las Telecomunicaciones * Tom\u00e1s de la Quadra-Salcedo y Jos\u00e9 Vida &#8211; 1\u00b0 octubre a\u00f1o 2025 *1.620 P\u00e1ginas"},"content":{"rendered":"<p><label class=\"full-description__title\">Descripci\u00f3n<\/label><\/p>\n<p>An\u00e1lisis profundo y exhaustivo del r\u00e9gimen jur\u00eddico de las telecomunicaciones, actualizado conforme a la Ley 11\/2022 y el C\u00f3digo Europeo de Comunicaciones Electr\u00f3nicas. La obra se caracteriza por su enfoque integral y sistem\u00e1tico, desarrollado por destacados especialistas, reguladores y operadores del sector. Proporciona una introducci\u00f3n accesible para quienes se acercan por primera vez y tambi\u00e9n ofrece soluci\u00f3n a los profesionales enfrentados a desaf\u00edos espec\u00edficos relacionados con la legislaci\u00f3n vigente, abarcando desde los fundamentos tecnol\u00f3gicos y econ\u00f3micos hasta la protecci\u00f3n de derechos fundamentales en las telecomunicaciones.<\/p>\n<p>La obra ofrece:<\/p>\n<ul>\n<li>Actualizaci\u00f3n conforme a la Ley 11\/2022 y el C\u00f3digo Europeo de Comunicaciones Electr\u00f3nicas.<\/li>\n<li>Perspectiva plural con contribuciones de expertos.<\/li>\n<li>Resoluci\u00f3n de problemas espec\u00edficos.<\/li>\n<\/ul>\n","protected":false},"excerpt":{"rendered":"<p>LIBRO ESPA\u00d1OL * ARANZADI * LA LEY<\/p>\n<p>Buscas un libro Jur\u00eddico.? Lo puedes encontrar en nuestra tienda virtual.<br \/>\nContamos con prestigiosos autores y muchas alternativas en sus diferentes materias al igual que grandes descuentos.! Vis\u00edtanos en <a class=\"pwHwmXBqmofSClxsctVkNQQzvNIASaSVkFYLg \" tabindex=\"0\" href=\"https:\/\/lnkd.in\/eiAG7jdZ\" target=\"_blank\" rel=\"noopener\" data-test-app-aware-link=\"\">https:\/\/lnkd.in\/eiAG7jdZ<\/a><br \/>\nEscr\u00edbenos al +56930565235 \/ <a class=\"pwHwmXBqmofSClxsctVkNQQzvNIASaSVkFYLg \" tabindex=\"0\" href=\"mailto:ventaslegallexglobal@gmail.com\" target=\"_self\" data-test-app-aware-link=\"\">ventaslegallexglobal@gmail.com<\/a><br \/>\nHacemos env\u00edos a todo Chile \u2013 Starken o Correos Chile \/ Te esperamos.<\/p>\n","protected":false},"featured_media":2506,"comment_status":"open","ping_status":"closed","template":"","meta":{"inline_featured_image":false,"_joinchat":[]},"product_brand":[],"product_cat":[45,27,26],"product_tag":[],"class_list":{"0":"post-2476","1":"product","2":"type-product","3":"status-publish","4":"has-post-thumbnail","6":"product_cat-administrativo","7":"product_cat-civil","8":"product_cat-derecho","10":"first","11":"instock","12":"shipping-taxable","13":"purchasable","14":"product-type-simple"},"_links":{"self":[{"href":"https:\/\/bibliotecajuridicavirtual.cl\/index.php\/wp-json\/wp\/v2\/product\/2476","targetHints":{"allow":["GET"]}}],"collection":[{"href":"https:\/\/bibliotecajuridicavirtual.cl\/index.php\/wp-json\/wp\/v2\/product"}],"about":[{"href":"https:\/\/bibliotecajuridicavirtual.cl\/index.php\/wp-json\/wp\/v2\/types\/product"}],"replies":[{"embeddable":true,"href":"https:\/\/bibliotecajuridicavirtual.cl\/index.php\/wp-json\/wp\/v2\/comments?post=2476"}],"wp:featuredmedia":[{"embeddable":true,"href":"https:\/\/bibliotecajuridicavirtual.cl\/index.php\/wp-json\/wp\/v2\/media\/2506"}],"wp:attachment":[{"href":"https:\/\/bibliotecajuridicavirtual.cl\/index.php\/wp-json\/wp\/v2\/media?parent=2476"}],"wp:term":[{"taxonomy":"product_brand","embeddable":true,"href":"https:\/\/bibliotecajuridicavirtual.cl\/index.php\/wp-json\/wp\/v2\/product_brand?post=2476"},{"taxonomy":"product_cat","embeddable":true,"href":"https:\/\/bibliotecajuridicavirtual.cl\/index.php\/wp-json\/wp\/v2\/product_cat?post=2476"},{"taxonomy":"product_tag","embeddable":true,"href":"https:\/\/bibliotecajuridicavirtual.cl\/index.php\/wp-json\/wp\/v2\/product_tag?post=2476"}],"curies":[{"name":"wp","href":"https:\/\/api.w.org\/{rel}","templated":true}]}}