{"id":2478,"date":"2026-02-28T01:01:53","date_gmt":"2026-02-28T04:01:53","guid":{"rendered":"https:\/\/bibliotecajuridicavirtual.cl\/?post_type=product&#038;p=2478"},"modified":"2026-02-28T01:02:05","modified_gmt":"2026-02-28T04:02:05","slug":"derecho-de-obligaciones-y-contratos-5-a-edicion-inigo-a-navarro-mendizabal-edicion-ano-2024-670-pag","status":"publish","type":"product","link":"https:\/\/bibliotecajuridicavirtual.cl\/index.php\/product\/derecho-de-obligaciones-y-contratos-5-a-edicion-inigo-a-navarro-mendizabal-edicion-ano-2024-670-pag\/","title":{"rendered":"Derecho de Obligaciones y Contratos (5.\u00aa Edici\u00f3n) *  I\u00f1igo A. Navarro Mendizabal &#8211; edici\u00f3n a\u00f1o 2024 * 670 P\u00e1g."},"content":{"rendered":"<p><label class=\"full-description__title\">Descripci\u00f3n<\/label><\/p>\n<p>En este libro encontrar\u00e1s un tratamiento claro, comprensible, l\u00f3gico y sistem\u00e1tico del Derecho obligaciones y contratos incluyendo todas sus partes: Derecho de obligaciones, Teor\u00eda general del contrato, Contratos en particular, Cuasi contratos y Responsabilidad civil extracontractual.<\/p>\n<p>Cada cap\u00edtulo comienza con un esquema conceptual muy \u00fatil para tener una visi\u00f3n sistem\u00e1tica del Derecho de obligaciones y, a continuaci\u00f3n, el texto est\u00e1 redactado de forma \u00e1gil y amena y siguiendo las mejores tradiciones de argumentaci\u00f3n, ejemplos y cita jurisprudencial.<\/p>\n<p>Con este libro podr\u00e1s tener acceso a un conocimiento profundo del Derecho de obligaciones y a una comprensi\u00f3n razonada del mismo y de cada una de sus figuras y contratos. Es conveniente para alumnos universitarios que cursan asignaturas con contenidos tratados en el tomo y para cualquier jurista que quiera tener una obra de consulta precisa.<\/p>\n<p><label class=\"full-description__title\">Autores<\/label><\/p>\n<p class=\"TXTacompletar\"><strong>I\u00f1igo A. Navarro Mendizabal<\/strong><\/p>\n<p class=\"TXTacompletar\">Profesor Ordinario de Derecho civil<\/p>\n<p class=\"TXTacompletar\">ICADE \u2013 Universidad Pontificia Comillas<\/p>\n","protected":false},"excerpt":{"rendered":"<p>LIBRO ESPA\u00d1OL * Buscas un libro Jur\u00eddico.? Lo puedes encontrar en nuestra tienda virtual.<br \/>\nContamos con prestigiosos autores y muchas alternativas en sus diferentes materias al igual que grandes descuentos.! Vis\u00edtanos en <a class=\"pwHwmXBqmofSClxsctVkNQQzvNIASaSVkFYLg \" tabindex=\"0\" href=\"https:\/\/lnkd.in\/eiAG7jdZ\" target=\"_blank\" rel=\"noopener\" data-test-app-aware-link=\"\">https:\/\/lnkd.in\/eiAG7jdZ<\/a><br \/>\nEscr\u00edbenos al +56930565235 \/ <a class=\"pwHwmXBqmofSClxsctVkNQQzvNIASaSVkFYLg \" tabindex=\"0\" href=\"mailto:ventaslegallexglobal@gmail.com\" target=\"_self\" data-test-app-aware-link=\"\">ventaslegallexglobal@gmail.com<\/a><br \/>\nHacemos env\u00edos a todo Chile \u2013 Starken o Correos Chile \/ Te esperamos.<\/p>\n","protected":false},"featured_media":2508,"comment_status":"open","ping_status":"closed","template":"","meta":{"inline_featured_image":false,"_joinchat":[]},"product_brand":[],"product_cat":[27,26],"product_tag":[],"class_list":{"0":"post-2478","1":"product","2":"type-product","3":"status-publish","4":"has-post-thumbnail","6":"product_cat-civil","7":"product_cat-derecho","9":"first","10":"instock","11":"shipping-taxable","12":"purchasable","13":"product-type-simple"},"_links":{"self":[{"href":"https:\/\/bibliotecajuridicavirtual.cl\/index.php\/wp-json\/wp\/v2\/product\/2478","targetHints":{"allow":["GET"]}}],"collection":[{"href":"https:\/\/bibliotecajuridicavirtual.cl\/index.php\/wp-json\/wp\/v2\/product"}],"about":[{"href":"https:\/\/bibliotecajuridicavirtual.cl\/index.php\/wp-json\/wp\/v2\/types\/product"}],"replies":[{"embeddable":true,"href":"https:\/\/bibliotecajuridicavirtual.cl\/index.php\/wp-json\/wp\/v2\/comments?post=2478"}],"wp:featuredmedia":[{"embeddable":true,"href":"https:\/\/bibliotecajuridicavirtual.cl\/index.php\/wp-json\/wp\/v2\/media\/2508"}],"wp:attachment":[{"href":"https:\/\/bibliotecajuridicavirtual.cl\/index.php\/wp-json\/wp\/v2\/media?parent=2478"}],"wp:term":[{"taxonomy":"product_brand","embeddable":true,"href":"https:\/\/bibliotecajuridicavirtual.cl\/index.php\/wp-json\/wp\/v2\/product_brand?post=2478"},{"taxonomy":"product_cat","embeddable":true,"href":"https:\/\/bibliotecajuridicavirtual.cl\/index.php\/wp-json\/wp\/v2\/product_cat?post=2478"},{"taxonomy":"product_tag","embeddable":true,"href":"https:\/\/bibliotecajuridicavirtual.cl\/index.php\/wp-json\/wp\/v2\/product_tag?post=2478"}],"curies":[{"name":"wp","href":"https:\/\/api.w.org\/{rel}","templated":true}]}}