{"id":2482,"date":"2026-02-28T01:01:54","date_gmt":"2026-02-28T04:01:54","guid":{"rendered":"https:\/\/bibliotecajuridicavirtual.cl\/?post_type=product&#038;p=2482"},"modified":"2026-02-28T01:02:07","modified_gmt":"2026-02-28T04:02:07","slug":"manual-practico-de-criminologia-daniela-mora-gomez-andres-rodriguez-morales-2da-edicion-octubre-ano-2025-150-pag","status":"publish","type":"product","link":"https:\/\/bibliotecajuridicavirtual.cl\/index.php\/product\/manual-practico-de-criminologia-daniela-mora-gomez-andres-rodriguez-morales-2da-edicion-octubre-ano-2025-150-pag\/","title":{"rendered":"Manual Pr\u00e1ctico de Criminolog\u00eda * Daniela Mora G\u00f3mez &#8211; Andr\u00e9s Rodr\u00edguez Morales &#8211; 2da. edici\u00f3n octubre a\u00f1o 2025 * 150 P\u00e1g."},"content":{"rendered":"<p style=\"font-weight: 400;\">En esta segunda edici\u00f3n complementada del Manual Pr\u00e1ctico de Criminolog\u00eda, los autores Daniela Mora G\u00f3mez y Andr\u00e9s Rodr\u00edguez Morales presentan una obra exhaustiva y de alta rigurosidad cient\u00edfica que abarca los fundamentos y metodolog\u00edas contempor\u00e1neas de la criminolog\u00eda. Destinada tanto a acad\u00e9micos como a profesionales del \u00e1mbito forense, esta obra se erige como un referente indispensable en el an\u00e1lisis del crimen y su prevenci\u00f3n, combinando una s\u00f3lida base te\u00f3rica con aplicaciones pr\u00e1cticas y un enfoque multidisciplinario.<\/p>\n<p style=\"font-weight: 400;\">A lo largo del texto, se abordan temas cruciales como la teor\u00eda del delito, el perfilado criminal y las herramientas avanzadas utilizadas en la investigaci\u00f3n criminol\u00f3gica. La obra profundiza en los procesos que permiten la comprensi\u00f3n del comportamiento criminal, con especial \u00e9nfasis en los mecanismos psicol\u00f3gicos que configuran a los delincuentes. Asimismo, se exploran casos emblem\u00e1ticos como los de Ted Bundy, John Wayne Gacy y Andrei Chikatilo, cuyo an\u00e1lisis criminol\u00f3gico proporciona una visi\u00f3n clara de las din\u00e1micas de los delitos y la aplicaci\u00f3n de las ciencias forenses para su resoluci\u00f3n.<\/p>\n<p style=\"font-weight: 400;\">Una parte fundamental de esta edici\u00f3n es el tratamiento de los fundamentos de toxicolog\u00eda forense, que profundiza en los procesos fisicoqu\u00edmicos involucrados en la descomposici\u00f3n del cad\u00e1ver y las implicaciones de las sustancias t\u00f3xicas en la determinaci\u00f3n de la causa de muerte. Igualmente, se dedica un apartado a la entomolog\u00eda forense, explorando c\u00f3mo los insectos pueden ofrecer claves cruciales para la estimaci\u00f3n del tiempo de muerte y el esclarecimiento de casos complejos.<\/p>\n<p style=\"font-weight: 400;\">Adem\u00e1s, la obra se distingue por la inclusi\u00f3n de una narrativa literaria, \u201cReminiscencias: Caminos que se cruzan\u201d, que no solo complementa el an\u00e1lisis te\u00f3rico, sino que introduce al lector en una trama cargada de suspenso y reflexi\u00f3n sobre las tensiones \u00e9ticas y psicol\u00f3gicas inherentes a la criminolog\u00eda. Esta fusi\u00f3n de narrativa y teor\u00eda permite una inmersi\u00f3n profunda en los dilemas humanos que se presentan en el estudio del crimen y su resoluci\u00f3n.<\/p>\n<p style=\"font-weight: 400;\">Un libro indispensable para los estudiosos que deseen adentrarse en el an\u00e1lisis de la criminalidad desde un enfoque cient\u00edfico y humanista.<\/p>\n<p style=\"font-weight: 400;\"><b><strong>CAP\u00cdTULO I<\/strong><\/b><br \/>\n<b><strong>\u00bfQU\u00c9 ES CRIMINOLOG\u00cdA?<\/strong><\/b><\/p>\n<p style=\"font-weight: 400;\">GENERALIDADES<br \/>\nASPECTOS CLAVES EN LA RELACI\u00d3N ENTRE DERECHO Y CIENCIAS FORENSES<\/p>\n<p style=\"font-weight: 400;\">1.La responsabilidad penal y la culpabilidad<br \/>\n2. Imputaci\u00f3n objetiva<br \/>\n3. Culpabilidad y trastornos mentales: la evaluaci\u00f3n psicol\u00f3gica<br \/>\n4. La proporcionalidad del castigo y la prevenci\u00f3n<br \/>\n5. Implicaciones \u00e9ticas y bio\u00e9ticas en el tratamiento de los criminales<\/p>\n<p style=\"font-weight: 400;\">PSICOLOG\u00cdA JUR\u00cdDICA\/ FORENSE<\/p>\n<p style=\"font-weight: 400;\">CAMPOS DE ACTUACI\u00d3N DEL PSIC\u00d3LOGO JUR\u00cdDICO<\/p>\n<p style=\"font-weight: 400;\">TEOR\u00cdA DEL DELITO<\/p>\n<p style=\"font-weight: 400;\">El dolo<br \/>\nConcepto de delito<\/p>\n<p style=\"font-weight: 400;\">PERITAJE<\/p>\n<p style=\"font-weight: 400;\">El perito<br \/>\nPrueba pericial<br \/>\nInforme pericial<\/p>\n<p style=\"font-weight: 400;\">PERSONALIDAD, PATOLOG\u00cdA MENTAL Y CONDUCTA CRIMINAL<\/p>\n<p style=\"font-weight: 400;\">Trastorno antisocial<br \/>\nPersonalidad s\u00e1dica<\/p>\n<p style=\"font-weight: 400;\">FUNDAMENTACI\u00d3N TE\u00d3RICA Y PROCESOS DE<\/p>\n<p style=\"font-weight: 400;\">ELABORACI\u00d3N DEL PERFIL CRIMINAL<\/p>\n<p style=\"font-weight: 400;\">Escena del crimen<\/p>\n<p style=\"font-weight: 400;\">INVESTIGACI\u00d3N Y B\u00daSQUEDA DOCUMENTAL<\/p>\n<p style=\"font-weight: 400;\">PERFIL CRIMINAL<\/p>\n<p style=\"font-weight: 400;\">REDACCI\u00d3N DE UN INFORME CIENT\u00cdFICO CRIMINOL\u00d3GICO (INVESTIGACI\u00d3N)<\/p>\n<p style=\"font-weight: 400;\">AN\u00c1LISIS DE LOS HALLAZGOS FORENSES: CRIMINAL\u00cdSTICA<\/p>\n<p style=\"font-weight: 400;\">INVESTIGACI\u00d3N CONDUCTUAL EN HOMICIDIOS<\/p>\n<p style=\"font-weight: 400;\">Homicidio simple<br \/>\nHomicidio calificado<br \/>\nHomicidio doloso<br \/>\nHomicidio culposo<\/p>\n<p style=\"font-weight: 400;\">INVESTIGACI\u00d3N CONDUCTUAL EN AGRESI\u00d3N SEXUAL Y VIOLACI\u00d3N<\/p>\n<p style=\"font-weight: 400;\">Investigaci\u00f3n conductual en el abuso y la agresi\u00f3n sexual infantil<br \/>\nIndemnidad sexual<br \/>\nLa libertad y moral sexual<br \/>\nIter criminis<\/p>\n<p style=\"font-weight: 400;\"><b><strong>CAP\u00cdTULO II<\/strong><\/b><br \/>\n<b><strong>ONTOLOG\u00cdA DEL CRIMEN<\/strong><\/b><\/p>\n<p style=\"font-weight: 400;\">TERRORISMO Y CAPTACI\u00d3N ISLAMISTA<\/p>\n<p style=\"font-weight: 400;\">Trata de personas<br \/>\nCrimen organizado<br \/>\nInteligencia policial<br \/>\nDerecho penal del enemigo<\/p>\n<p style=\"font-weight: 400;\"><b><strong>CAP\u00cdTULO III<\/strong><\/b><br \/>\n<b><strong>CASOS EMBLEM\u00c1TICOS<\/strong><\/b><\/p>\n<p style=\"font-weight: 400;\">AUSCHWITZ<\/p>\n<p style=\"font-weight: 400;\">Subcampos de Auschwitz<\/p>\n<p style=\"font-weight: 400;\">REFLEXI\u00d3N SOBRE LA \u00c9TICA Y LA INVESTIGACI\u00d3N CON SERES HUMANOS<\/p>\n<p style=\"font-weight: 400;\">La Introducci\u00f3n<br \/>\nEl contexto hist\u00f3rico de la experimentaci\u00f3n nazi<br \/>\nLa ciencia eugen\u00e9sica: sin\u00f3nimo de crueldad<br \/>\nEl programa de eutanasia y el uso de c\u00e1mara de gas<br \/>\nConsentimiento informado y experimentaci\u00f3n humana en Auschwitz<br \/>\nLos juicios de N\u00faremberg<br \/>\nReflexiones finales<\/p>\n<p style=\"font-weight: 400;\">ARS\u00c9NICO Y ENCAJE ANTIGUO: \u00bfEL CRIMEN PERFECTO?<\/p>\n<p style=\"font-weight: 400;\">Ars\u00e9nico y encaje antiguo<\/p>\n<p style=\"font-weight: 400;\">CASOS EMBLEM\u00c1TICOS<\/p>\n<p style=\"font-weight: 400;\">Andrei Chikatilo, \u201cEl carnicero de Rostov\u201d<br \/>\nGuy Georges, \u201cla bestia de la Bastilla\u201d, el violador en serie que aterroriz\u00f3 Par\u00eds: \u201cSi salgo, lo volver\u00e9 a hacer\u201d<\/p>\n<p>Tsutomu Miyazaki<br \/>\nCatalina de los R\u00edos y Lisperguer<br \/>\nUn origen privilegiado<br \/>\nEl comienzo del mito<br \/>\nLos horrores de la Quintrala<br \/>\nDel mito a la historia<br \/>\nChacal de Nahueltoro<br \/>\nTed Bundy<br \/>\nEl vampiro de D\u00fcsseldorf<br \/>\nJohn Wayne Gacy, el payaso asesino<\/p>\n<p style=\"font-weight: 400;\">DERECHO COMPARADO<\/p>\n<p>Ley 24.660. Dcto. Ley 396\/99<br \/>\nDerecho penal chileno<br \/>\nPrevenci\u00f3n del delito y control social<br \/>\nPlan cuadrante<br \/>\nReinserci\u00f3n social (aprendizaje social de Bandura)<\/p>\n<p style=\"font-weight: 400;\">DERECHOS HUMANOS<\/p>\n<p>Declaraci\u00f3n Universal de Derechos Humanos<br \/>\nLa Asamblea General de Naciones Unidas<\/p>\n<p style=\"font-weight: 400;\"><b><strong>REMINISCENCIAS: CAMINOS QUE SE CRUZAN<\/strong><\/b><\/p>\n<p style=\"font-weight: 400;\">CAP\u00cdTULO I. AMOR ESTRELLADO<\/p>\n<p style=\"font-weight: 400;\">CAP\u00cdTULO II. \u00bfY AS\u00cd? \u00bfANTE M\u00cd?<\/p>\n<p style=\"font-weight: 400;\">CAP\u00cdTULO III. EL SOMMELIER<\/p>\n<p style=\"font-weight: 400;\">La cata de vinos: un encuentro afortunado<br \/>\nEntre la verdad y la ilusi\u00f3n<br \/>\nSi solo vivimos una vez, \u00bfpor qu\u00e9 estas monta\u00f1as nos detienen?<\/p>\n<p style=\"font-weight: 400;\">CAP\u00cdTULO IV. IN THE GARDER<\/p>\n<p style=\"font-weight: 400;\">Danza de m\u00e1scaras<\/p>\n<p style=\"font-weight: 400;\">CAP\u00cdTULO V. SERVICIO DE LAVANDER\u00cdA<\/p>\n<p style=\"font-weight: 400;\">CAP\u00cdTULO VI. MISS MURDER<\/p>\n<p style=\"font-weight: 400;\">CAP\u00cdTULO VII. MUERTE EN KUWAIT<\/p>\n<p style=\"font-weight: 400;\">CAP\u00cdTULO VIII. MILKY WAY<\/p>\n<p style=\"font-weight: 400;\">EN EL LABORATORIO<\/p>\n<p style=\"font-weight: 400;\">Flashback: la copa equivocada<br \/>\nEl envenenamiento<br \/>\nAutopsia del cad\u00e1ver<br \/>\nConclusi\u00f3n<br \/>\nFlashback: la muerte en Kuwait<br \/>\nEl momento del envenenamiento<br \/>\nS\u00edntomas inmediatos de intoxicaci\u00f3n por cianuro<br \/>\nEl cianuro y el cuerpo: \u00bfqu\u00e9 ocurre qu\u00edmicamente?<br \/>\nAutopsia del cad\u00e1ver<\/p>\n<p style=\"font-weight: 400;\">FUNDAMENTOS DE TOXICOLOG\u00cdA FORENSE<\/p>\n<p style=\"font-weight: 400;\">Sobre las diferentes transformaciones fisicoqu\u00edmicas del cad\u00e1ver<br \/>\nClasificaci\u00f3n de las sustancias t\u00f3xicas<br \/>\nDescripci\u00f3n de sustancias toxicas comunes<\/p>\n<p style=\"font-weight: 400;\">BIOQU\u00cdMICA FORENSE<\/p>\n<p style=\"font-weight: 400;\">Listado de t\u00e9cnicas de bioqu\u00edmica forense<\/p>\n<p style=\"font-weight: 400;\">BASES NEUROQU\u00cdMICAS DE LA VIOLENCIA Y EL COMPORTAMIENTO ANTISOCIAL<\/p>\n<p style=\"font-weight: 400;\">ENTOMOLOG\u00cdA FORENSE<\/p>\n","protected":false},"excerpt":{"rendered":"<p>Buscas un libro Jur\u00eddico.? Lo puedes encontrar en nuestra tienda virtual.<br \/>\nContamos con prestigiosos autores y muchas alternativas en sus diferentes materias al igual que grandes descuentos.! Vis\u00edtanos en <a class=\"SJEYEKQzirtEAeMdweWaSusuMVTjJkHSVBDAA \" tabindex=\"0\" href=\"https:\/\/lnkd.in\/eiAG7jdZ\" target=\"_blank\" rel=\"noopener\" data-test-app-aware-link=\"\">https:\/\/lnkd.in\/eiAG7jdZ<\/a><br \/>\nEscr\u00edbenos al +56930565235 \/ <a class=\"SJEYEKQzirtEAeMdweWaSusuMVTjJkHSVBDAA \" tabindex=\"0\" href=\"mailto:ventaslegallexglobal@gmail.com\" target=\"_self\" data-test-app-aware-link=\"\">ventaslegallexglobal@gmail.com<\/a><br \/>\nHacemos env\u00edos a todo Chile \u2013 Starken o Correos Chile \/ Te esperamos<\/p>\n","protected":false},"featured_media":2512,"comment_status":"open","ping_status":"closed","template":"","meta":{"inline_featured_image":false,"_joinchat":[]},"product_brand":[],"product_cat":[26,30],"product_tag":[],"class_list":{"0":"post-2482","1":"product","2":"type-product","3":"status-publish","4":"has-post-thumbnail","6":"product_cat-derecho","7":"product_cat-penal","9":"first","10":"instock","11":"shipping-taxable","12":"purchasable","13":"product-type-simple"},"_links":{"self":[{"href":"https:\/\/bibliotecajuridicavirtual.cl\/index.php\/wp-json\/wp\/v2\/product\/2482","targetHints":{"allow":["GET"]}}],"collection":[{"href":"https:\/\/bibliotecajuridicavirtual.cl\/index.php\/wp-json\/wp\/v2\/product"}],"about":[{"href":"https:\/\/bibliotecajuridicavirtual.cl\/index.php\/wp-json\/wp\/v2\/types\/product"}],"replies":[{"embeddable":true,"href":"https:\/\/bibliotecajuridicavirtual.cl\/index.php\/wp-json\/wp\/v2\/comments?post=2482"}],"wp:featuredmedia":[{"embeddable":true,"href":"https:\/\/bibliotecajuridicavirtual.cl\/index.php\/wp-json\/wp\/v2\/media\/2512"}],"wp:attachment":[{"href":"https:\/\/bibliotecajuridicavirtual.cl\/index.php\/wp-json\/wp\/v2\/media?parent=2482"}],"wp:term":[{"taxonomy":"product_brand","embeddable":true,"href":"https:\/\/bibliotecajuridicavirtual.cl\/index.php\/wp-json\/wp\/v2\/product_brand?post=2482"},{"taxonomy":"product_cat","embeddable":true,"href":"https:\/\/bibliotecajuridicavirtual.cl\/index.php\/wp-json\/wp\/v2\/product_cat?post=2482"},{"taxonomy":"product_tag","embeddable":true,"href":"https:\/\/bibliotecajuridicavirtual.cl\/index.php\/wp-json\/wp\/v2\/product_tag?post=2482"}],"curies":[{"name":"wp","href":"https:\/\/api.w.org\/{rel}","templated":true}]}}