{"id":2484,"date":"2026-02-28T01:01:54","date_gmt":"2026-02-28T04:01:54","guid":{"rendered":"https:\/\/bibliotecajuridicavirtual.cl\/?post_type=product&#038;p=2484"},"modified":"2026-02-28T01:02:09","modified_gmt":"2026-02-28T04:02:09","slug":"psicologia-del-testigo-en-juicios-del-trabajo-marcela-mabel-diaz-mendez-1-edicion-ano-2025-133-paginas","status":"publish","type":"product","link":"https:\/\/bibliotecajuridicavirtual.cl\/index.php\/product\/psicologia-del-testigo-en-juicios-del-trabajo-marcela-mabel-diaz-mendez-1-edicion-ano-2025-133-paginas\/","title":{"rendered":"Psicolog\u00eda del Testigo en Juicios del Trabajo * Marcela Mabel D\u00edaz M\u00e9ndez &#8211; 1\u00b0 edici\u00f3n a\u00f1o 2025 * 133 P\u00e1ginas"},"content":{"rendered":"<p>En este libro hemos propuesto una lectura cr\u00edtica e interdisciplinaria sobre el testimonio en juicios laborales, teniendo como principal referente los procedimientos de tutela de derechos fundamentales y accidentes del trabajo, formas de conflicto donde el da\u00f1o moral est\u00e1 en el centro de la controversia.<br \/>\nDesde la psicolog\u00eda del testigo, hemos expuesto los factores que afectan la exactitud del relato, los riesgos de distorsi\u00f3n, las limitaciones cognitivas, las influencias contextuales y los efectos del trauma.<br \/>\nTodo lo anterior, tanto desde el punto de vista de la v\u00edctima, como del testigo, litigantes y juzgadores. Abordado desde el sistema en la configuraci\u00f3n y validaci\u00f3n del testimonio.<br \/>\nCreemos que ha quedado en evidencia una verdad inc\u00f3moda: no existe, en nuestro sistema judicial, una preparaci\u00f3n adecuada para abordar el testimonio desde una perspectiva psicojur\u00eddica, especialmente cuando est\u00e1 en juego el relato de quienes han sido v\u00edctimas sea de vulneraci\u00f3n de sus derechos funda- mentales, sea a causa de accidentes laborales que han dejado una huella profunda en los y las trabajadores y trabajadoras.<br \/>\nEn este sentido, esta carencia metodol\u00f3gica evidente no solo debilita la b\u00fasqueda de la verdad, sino que puede amplificar el da\u00f1o, deslegitimar al testigo o transformar el juicio en una segunda escena de violencia, para las v\u00edctimas.<br \/>\nLo dijimos en la introducci\u00f3n y lo confirmamos ahora: el derecho y la psicolog\u00eda no solo se rozan, sino que se funden en una zona gris que exige nuevas herramientas, nuevas \u00e9ticas y nuevas preguntas. Negarse a transitar esa zona es perpetuar una justicia incompleta, una verdad a medias y una reparaci\u00f3n superficial.<br \/>\nEste libro no pretende cerrar el debate. Al contrario, m\u00e1s bien representa una invitaci\u00f3n a abrirlo. A aceptar que el testimonio no es un dato neutro, sino un relato encarnado. A entender que recordar tambi\u00e9n es resistir. Y que escuchar con responsabilidad es una forma de hacer justicia.<\/p>\n<p>&nbsp;<\/p>\n","protected":false},"excerpt":{"rendered":"<p>Buscas un libro Jur\u00eddico.? Lo puedes encontrar en nuestra tienda virtual.<br \/>\nContamos con prestigiosos autores y muchas alternativas en sus diferentes materias al igual que grandes descuentos.! Vis\u00edtanos en <a class=\"SJEYEKQzirtEAeMdweWaSusuMVTjJkHSVBDAA \" tabindex=\"0\" href=\"https:\/\/lnkd.in\/eiAG7jdZ\" target=\"_blank\" rel=\"noopener\" data-test-app-aware-link=\"\">https:\/\/lnkd.in\/eiAG7jdZ<\/a><br \/>\nEscr\u00edbenos al +56930565235 \/ <a class=\"SJEYEKQzirtEAeMdweWaSusuMVTjJkHSVBDAA \" tabindex=\"0\" href=\"mailto:ventaslegallexglobal@gmail.com\" target=\"_self\" data-test-app-aware-link=\"\">ventaslegallexglobal@gmail.com<\/a><br \/>\nHacemos env\u00edos a todo Chile \u2013 Starken o Correos Chile \/ Te esperamos<\/p>\n","protected":false},"featured_media":2514,"comment_status":"open","ping_status":"closed","template":"","meta":{"inline_featured_image":false,"_joinchat":[]},"product_brand":[],"product_cat":[27,26,41],"product_tag":[],"class_list":{"0":"post-2484","1":"product","2":"type-product","3":"status-publish","4":"has-post-thumbnail","6":"product_cat-civil","7":"product_cat-derecho","8":"product_cat-laboral","10":"first","11":"instock","12":"shipping-taxable","13":"purchasable","14":"product-type-simple"},"_links":{"self":[{"href":"https:\/\/bibliotecajuridicavirtual.cl\/index.php\/wp-json\/wp\/v2\/product\/2484","targetHints":{"allow":["GET"]}}],"collection":[{"href":"https:\/\/bibliotecajuridicavirtual.cl\/index.php\/wp-json\/wp\/v2\/product"}],"about":[{"href":"https:\/\/bibliotecajuridicavirtual.cl\/index.php\/wp-json\/wp\/v2\/types\/product"}],"replies":[{"embeddable":true,"href":"https:\/\/bibliotecajuridicavirtual.cl\/index.php\/wp-json\/wp\/v2\/comments?post=2484"}],"wp:featuredmedia":[{"embeddable":true,"href":"https:\/\/bibliotecajuridicavirtual.cl\/index.php\/wp-json\/wp\/v2\/media\/2514"}],"wp:attachment":[{"href":"https:\/\/bibliotecajuridicavirtual.cl\/index.php\/wp-json\/wp\/v2\/media?parent=2484"}],"wp:term":[{"taxonomy":"product_brand","embeddable":true,"href":"https:\/\/bibliotecajuridicavirtual.cl\/index.php\/wp-json\/wp\/v2\/product_brand?post=2484"},{"taxonomy":"product_cat","embeddable":true,"href":"https:\/\/bibliotecajuridicavirtual.cl\/index.php\/wp-json\/wp\/v2\/product_cat?post=2484"},{"taxonomy":"product_tag","embeddable":true,"href":"https:\/\/bibliotecajuridicavirtual.cl\/index.php\/wp-json\/wp\/v2\/product_tag?post=2484"}],"curies":[{"name":"wp","href":"https:\/\/api.w.org\/{rel}","templated":true}]}}