{"id":2485,"date":"2026-02-28T01:01:54","date_gmt":"2026-02-28T04:01:54","guid":{"rendered":"https:\/\/bibliotecajuridicavirtual.cl\/?post_type=product&#038;p=2485"},"modified":"2026-02-28T01:02:09","modified_gmt":"2026-02-28T04:02:09","slug":"a-20-anos-de-la-nueva-ley-de-matrimonio-civil-no19-947-actas-del-vii-congreso-de-derecho-de-familia-1-edicion-188-paginas","status":"publish","type":"product","link":"https:\/\/bibliotecajuridicavirtual.cl\/index.php\/product\/a-20-anos-de-la-nueva-ley-de-matrimonio-civil-no19-947-actas-del-vii-congreso-de-derecho-de-familia-1-edicion-188-paginas\/","title":{"rendered":"A 20 A\u00f1os de la Nueva Ley de Matrimonio Civil N\u00ba19.947 * Actas del VII Congreso de Derecho de Familia * 1\u00b0 edici\u00f3n, 188 P\u00e1ginas"},"content":{"rendered":"<p>Dado el cumplimiento de dos d\u00e9cadas de vigencia de una de las reformas m\u00e1s relevantes del derecho de familias en Chile, esta obra analiza los primeros veinte a\u00f1os de vigencia de la Nueva Ley de Matrimonio Civil N\u00ba19.947. En ese orden, la obra entrega m\u00e1s de una decena de art\u00edculos relativos a esa l\u00ednea tem\u00e1tica, torn\u00e1ndose una reflexi\u00f3n \u00fatil y necesaria de cara a la serie de ajustes que el estatuto matrimonial sigue y seguir\u00e1 sufriendo.<\/p>\n<p>\u00cdndice<br \/>\nPrefacio\u00a0\u00a0 \u00a0\u00a0\u00a0 \u00a015<br \/>\nNICOL\u00c1S IB\u00c1\u00d1EZ MEZA<br \/>\nA veinte a\u00f1os de la Ley N\u00b019.947: An\u00e1lisis cr\u00edtico de las modificaciones \u00a0a la Nueva Ley de Matrimonio Civil<br \/>\nVERONIKA WEGNER A.<br \/>\n1.\u00a0\u00a0 \u00a0INTRODUCCI\u00d3N \u00a0\u00a0 \u00a0\u00a0\u00a0 \u00a017<br \/>\n2.\u00a0\u00a0 \u00a0PRIMERA MODIFICACI\u00d3N: LEY N\u00ba20.286 DE 15 DE SEPTIEMBRE DE 2008\u00a0\u00a0 \u00a0\u00a0\u00a0 \u00a018<br \/>\n3.\u00a0\u00a0 \u00a0SEGUNDA MODIFICACI\u00d3N: LEY N\u00b020.680 DE 21 DE JUNIO DE 2013\u00a0\u00a0 \u00a0\u00a0\u00a0 \u00a019<br \/>\n4.\u00a0\u00a0 \u00a0TERCERA MODIFICACI\u00d3N: LEY N\u00b020.830 DE 21 DE ABRIL DE 2015\u00a0\u00a0 \u00a0\u00a0\u00a0 \u00a019<br \/>\n5.\u00a0\u00a0 \u00a0CUARTA MODIFICACI\u00d3N: LEY N\u00b021.120 DE 10 DE DICIEMBRE DE 2018\u00a0\u00a0 \u00a0\u00a0\u00a0 \u00a020<br \/>\n6.\u00a0\u00a0 \u00a0QUINTA MODIFICACI\u00d3N: LEY N\u00b021.367 DE 16 DE AGOSTO DE 2021\u00a0\u00a0 \u00a0\u00a0\u00a0 \u00a021<br \/>\n7.\u00a0\u00a0 \u00a0SEXTA MODIFICACI\u00d3N: LEY N\u00b021.400 DE 10 DE DICIEMBRE DE 2021\u00a0\u00a0 \u00a0\u00a0\u00a0 \u00a023<br \/>\n8.\u00a0\u00a0 \u00a0S\u00c9PTIMA MODIFICACI\u00d3N: LEY N\u00b021.515 DE 16 DE DICIEMBRE DE 2022\u00a0\u00a0 \u00a0\u00a0\u00a0 \u00a025<br \/>\n9.\u00a0\u00a0 \u00a0OCTAVA MODIFICACI\u00d3N: LEY N\u00b021.676 DE 19 DE JUNIO DE 2024\u00a0\u00a0 \u00a0\u00a0\u00a0 \u00a028<br \/>\nCUESTIONES PENDIENTES\u00a0\u00a0 \u00a0\u00a0\u00a0 \u00a029<br \/>\nBIBLIOGRAF\u00cdA \u00a0\u00a0 \u00a0\u00a0\u00a0 \u00a030<br \/>\n\u00bfSe justifica actualmente la conservaci\u00f3n de la definici\u00f3n de matrimonio del art\u00edculo 102 del C\u00f3digo Civil?<br \/>\nJIMENA VALENZUELA DEL VALLE<br \/>\n1.\u00a0\u00a0 \u00a0INTRODUCCI\u00d3N\u00a0\u00a0 \u00a0\u00a0\u00a0 \u00a031<br \/>\n2.\u00a0\u00a0 \u00a0\u00bfQU\u00c9 ES EL MATRIMONIO?\u00a0\u00a0 \u00a0\u00a0\u00a0 \u00a032<br \/>\n3.\u00a0\u00a0 \u00a0DESMANTELAMIENTO O DESCONSTRUCCI\u00d3N JUR\u00cdDICA DEL MATRIMONIO\u00a0\u00a0 \u00a0\u00a0\u00a0 \u00a032<br \/>\n4.\u00a0\u00a0 \u00a0DESCR\u00c9DITO Y CRISIS SOCIAL DEL MATRIMONIO \u00a0\u00a0 \u00a0\u00a0\u00a0 \u00a035<br \/>\nCONCLUSI\u00d3N \u00a0\u00a0 \u00a0\u00a0\u00a0 \u00a036<br \/>\nBIBLIOGRAF\u00cdA \u00a0\u00a0 \u00a0\u00a0\u00a0 \u00a036<br \/>\nAutonom\u00eda progresiva en jaque: el debate del matrimonio adolescente<br \/>\nMAR\u00cdA LORETO BOBADILLA TOLEDO<br \/>\n1.\u00a0\u00a0 \u00a0INTRODUCCI\u00d3N\u00a0\u00a0 \u00a0\u00a0\u00a0 \u00a037<br \/>\n2.\u00a0\u00a0 \u00a0AUTONOM\u00cdA PROGRESIVA\u00a0\u00a0 \u00a0\u00a0\u00a0 \u00a038<br \/>\n2.1.\u00a0\u00a0 \u00a0\u00c1mbito de actuaci\u00f3n de la persona menor de edad\u00a0\u00a0 \u00a0\u00a0\u00a0 \u00a039<br \/>\n2.2.\u00a0\u00a0 \u00a0La capacidad. Cuesti\u00f3n terminol\u00f3gica\u00a0\u00a0 \u00a0\u00a0\u00a0 \u00a040<br \/>\n2.3.\u00a0\u00a0 \u00a0La capacidad extrapatrimonial y la autonom\u00eda progresiva\u00a0\u00a0 \u00a0\u00a0\u00a0 \u00a045<br \/>\n3.\u00a0\u00a0 \u00a0EL MATRIMONIO EN LA LEGISLACI\u00d3N NACIONAL\u00a0\u00a0 \u00a0\u00a0\u00a0 \u00a049<br \/>\n4.\u00a0\u00a0 \u00a0EL IUS CONNUBII COMO DERECHO FUNDAMENTAL\u00a0\u00a0 \u00a0\u00a0\u00a0 \u00a050<br \/>\n5.\u00a0\u00a0 \u00a0LA EDAD PARA CONTRAER MATRIMONIO\u00a0\u00a0 \u00a0\u00a0\u00a0 \u00a052<br \/>\n6.\u00a0\u00a0 \u00a0CONTENIDO DE LA LEY N\u00ba21.515\u00a0\u00a0 \u00a0\u00a0\u00a0 \u00a053<br \/>\n7.\u00a0\u00a0 \u00a0ORGANISMOS INTERNACIONALES Y LA DOCTRINA EN RELACI\u00d3N CON EL MATRIMONIO DE PERSONAS MENORES DE EDAD\u00a0\u00a0 \u00a0\u00a0\u00a0 \u00a054<br \/>\nCONCLUSIONES\u00a0\u00a0 \u00a0\u00a0\u00a0 \u00a056<br \/>\nBIBLIOGRAF\u00cdA\u00a0\u00a0 \u00a0\u00a0\u00a0 \u00a057<br \/>\nEl divorcio de mutuo acuerdo abreviado en Chile:<br \/>\nan\u00e1lisis procesal del art\u00edculo 64 bis de la Ley N\u00ba 19.968<br \/>\nBRYAN ANDR\u00c9S PRECHT PRECHT<br \/>\n1.\u00a0\u00a0 \u00a0INTRODUCCI\u00d3N \u00a0\u00a0 \u00a0\u00a0\u00a0 \u00a059<br \/>\n2.\u00a0\u00a0 \u00a0NATURALEZA JUR\u00cdDICO-PROCESAL DEL PROCEDIMIENTO ABREVIADO DE DIVORCIO\u00a0\u00a0 \u00a0\u00a0\u00a0 \u00a061<br \/>\n3.\u00a0\u00a0 \u00a0PROBLEMAS CENTRALES EN LA APLICACI\u00d3N DEL ART. 64 BIS DE LA LEY N\u00ba19.968\u00a0\u00a0 \u00a0\u00a0\u00a0 \u00a064<br \/>\n3.1.\u00a0\u00a0 \u00a0La prueba del cese de convivencia: libertad probatoria versus restricci\u00f3n legal\u00a0\u00a0 \u00a0\u00a0\u00a0 \u00a065<br \/>\n3.2.\u00a0\u00a0 \u00a0El control judicial de los acuerdos completos y suficientes\u00a0\u00a0 \u00a0\u00a0\u00a0 \u00a067<br \/>\n3.3.\u00a0\u00a0 \u00a0La pertinencia de la v\u00eda judicial y la desjudicializaci\u00f3n del divorcio de mutuo acuerdo\u00a0\u00a0 \u00a0\u00a0\u00a0 \u00a069<br \/>\nCONCLUSIONES\u00a0\u00a0 \u00a0\u00a0\u00a0 \u00a070<br \/>\nBIBLIOGRAF\u00cdA\u00a0\u00a0 \u00a0\u00a0\u00a0 \u00a072<br \/>\nReforma al plazo de inscripci\u00f3n del matrimonio religioso: un problema pendiente<br \/>\nVALERIA SEP\u00daLVEDA PARADA<br \/>\n1.\u00a0\u00a0 \u00a0INTRODUCCI\u00d3N\u00a0\u00a0 \u00a0\u00a0\u00a0 \u00a075<br \/>\n2.\u00a0\u00a0 \u00a0OBJETIVO DEL PROYECTO DE REFORMA A LA LEY DE MATRIMONIO CIVIL\u00a0\u00a0 \u00a0\u00a0\u00a0 \u00a076<br \/>\n3.\u00a0\u00a0 \u00a0INCORPORACI\u00d3N DE LA INSCRIPCI\u00d3N POR REPRESENTANTE: NUEVA ALTERNATIVA PARA LOS CONTRAYENTES\u00a0\u00a0 \u00a0\u00a0\u00a0 \u00a078<br \/>\n4.\u00a0\u00a0 \u00a0MOMENTO A PARTIR DEL CUAL COMIENZA A CONTARSE EL PLAZO DE INSCRIPCI\u00d3N DEL MATRIMONIO RELIGIOSO\u00a0\u00a0 \u00a0\u00a0\u00a0 \u00a080<br \/>\n5.\u00a0\u00a0 \u00a0EFECTOS DE LA FALTA DE INSCRIPCI\u00d3N DEL MATRIMONIO RELIGIOSO BAJO LA ACTUAL REDACCI\u00d3N DE LA NORMA\u00a0\u00a0 \u00a0\u00a0\u00a0 \u00a081<br \/>\n5.1.\u00a0\u00a0 \u00a0La nulidad como sanci\u00f3n ante la falta de inscripci\u00f3n del matrimonio religioso\u00a0\u00a0 \u00a0\u00a0\u00a0 \u00a083<br \/>\n5.2.\u00a0\u00a0 \u00a0La posible inexistencia del matrimonio civil por la ausencia de inscripci\u00f3n\u00a0\u00a0 \u00a0\u00a0\u00a0 \u00a085<br \/>\n5.3.\u00a0\u00a0 \u00a0Explorando la posibilidad de una condici\u00f3n suspensiva en el matrimonio civil \u00a0\u00a0 \u00a0\u00a0\u00a0 \u00a086<br \/>\nCONCLUSIONES\u00a0\u00a0 \u00a0\u00a0\u00a0 \u00a089<br \/>\nBIBLIOGRAF\u00cdA\u00a0\u00a0 \u00a0\u00a0\u00a0 \u00a091<br \/>\nMatrimonio en la Tercera Edad: Retos Legales y Protecci\u00f3n<br \/>\nde Derechos bajo la Ley N\u00b019.947<br \/>\nANDR\u00c9S PABLO ACU\u00d1A BUSTOS<br \/>\n1.\u00a0\u00a0 \u00a0ALGUNAS CUESTIONES PRELIMINARES SOBRE EL MATRIMONIO EN LAS PERSONAS MAYORES\u00a0\u00a0 \u00a0\u00a0\u00a0 \u00a093<br \/>\n2.\u00a0\u00a0 \u00a0PROBLEM\u00c1TICA DE LA INFLUENCIA INDEBIDA EN LA VOLUNTAD MATRIMONIAL\u00a0\u00a0 \u00a0\u00a0\u00a0 \u00a098<br \/>\nREFLEXIONES FINALES \u00a0\u00a0 \u00a0\u00a0\u00a0 \u00a0101<br \/>\nBIBLIOGRAF\u00cdA\u00a0\u00a0 \u00a0\u00a0\u00a0 \u00a0102<br \/>\nLa violencia econ\u00f3mica en Chile: Marco Jur\u00eddico y Perspectivas<br \/>\nCAROLINA HAASE OLIVARES<br \/>\nALEJANDRA URRUTIA VALENCIA<br \/>\n1.\u00a0\u00a0 \u00a0INTRODUCCI\u00d3N\u00a0\u00a0 \u00a0\u00a0\u00a0 \u00a0103<br \/>\n2.\u00a0\u00a0 \u00a0VIOLENCIA ECON\u00d3MICA Y SUS ACEPCIONES. CONCEPTO DOCTRINAL\u00a0\u00a0 \u00a0\u00a0\u00a0 \u00a0104<br \/>\n3.\u00a0\u00a0 \u00a0EL CONCEPTO LEGAL DE LA VIOLENCIA ECON\u00d3MICA\u00a0\u00a0 \u00a0\u00a0\u00a0 \u00a0105<br \/>\n4.\u00a0\u00a0 \u00a0MARCO JUR\u00cdDICO EN CHILE SOBRE LA VIOLENCIA ECON\u00d3MICA\u00a0\u00a0 \u00a0\u00a0\u00a0 \u00a0105<br \/>\n5.\u00a0\u00a0 \u00a0COMPORTAMIENTOS QUE CONSTITUYEN VIOLENCIA ECON\u00d3MICA\u00a0\u00a0 \u00a0\u00a0\u00a0 \u00a0107<br \/>\n6.\u00a0\u00a0 \u00a0EJEMPLOS DE SITUACIONES DE VIOLENCIA ECON\u00d3MICA EN EL \u00c1MBITO FAMILIAR\u00a0\u00a0 \u00a0\u00a0\u00a0 \u00a0108<br \/>\n7.\u00a0\u00a0 \u00a0COMPARACI\u00d3N DE LA LEGISLACI\u00d3N CHILENA CON LA DE ECUADOR EN RELACI\u00d3N CON LA VIOLENCIA ECON\u00d3MICA\u00a0\u00a0 \u00a0\u00a0\u00a0 \u00a0109<br \/>\nCONCLUSI\u00d3N\u00a0\u00a0 \u00a0\u00a0\u00a0 \u00a0111<br \/>\nBIBLIOGRAF\u00cdA\u00a0\u00a0 \u00a0\u00a0\u00a0 \u00a0113<br \/>\nEl art\u00edculo 54 N\u00ba2 de la Ley de Matrimonio Civil a la luz<br \/>\nde la jurisprudencia actual<br \/>\nCONSTANZA ASTUDILLO MEZA<br \/>\n1.\u00a0\u00a0 \u00a0INTRODUCCI\u00d3N\u00a0\u00a0 \u00a0\u00a0\u00a0 \u00a0115<br \/>\n2.\u00a0\u00a0 \u00a0EL DEBER DE FIDELIDAD EN LA LMC\u00a0\u00a0 \u00a0\u00a0\u00a0 \u00a0116<br \/>\n3.\u00a0\u00a0 \u00a0CRITERIOS DE LA JURISPRUDENCIA EN MATERIA DE DIVORCIO POR CAUSAL DE INFIDELIDAD\u00a0\u00a0 \u00a0\u00a0\u00a0 \u00a0119<br \/>\n3.1.\u00a0\u00a0 \u00a0Sobre la reanudaci\u00f3n de la vida en com\u00fan \u00a0\u00a0 \u00a0\u00a0\u00a0 \u00a0120<br \/>\n3.1.\u00a0\u00a0 \u00a0Relativo a la exclusi\u00f3n de medios de prueba en los juicios de divorcio por infidelidad\u00a0\u00a0 \u00a0\u00a0\u00a0 \u00a0123<br \/>\nCONCLUSIONES\u00a0\u00a0 \u00a0\u00a0\u00a0 \u00a0126<br \/>\nBIBLIOGRAF\u00cdA \u00a0\u00a0 \u00a0\u00a0\u00a0 \u00a0127<br \/>\nPerspectiva de g\u00e9nero: claves para identificar la violencia vicaria<br \/>\ny desmantelar estereotipos mediante un fallo del sur de Chile<br \/>\nFERNANDA CARRILLO SU\u00c1REZ<br \/>\nMAR\u00cdA DE LOS \u00c1NGELES RUIZ PROVOSTE<br \/>\n1.\u00a0\u00a0 \u00a0INTRODUCCI\u00d3N\u00a0\u00a0 \u00a0\u00a0\u00a0 \u00a0129<br \/>\n2.\u00a0\u00a0 \u00a0S\u00cdNTESIS DE LA SENTENCIA\u00a0\u00a0 \u00a0\u00a0\u00a0 \u00a0129<br \/>\n3.\u00a0\u00a0 \u00a0PROBLEMA JUR\u00cdDICO CENTRAL\u00a0\u00a0 \u00a0\u00a0\u00a0 \u00a0132<br \/>\n3.1.\u00a0\u00a0 \u00a0Argumentos de la sentencia\u00a0\u00a0 \u00a0\u00a0\u00a0 \u00a0132<br \/>\n4.\u00a0\u00a0 \u00a0OPINI\u00d3N CR\u00cdTICA \u00a0\u00a0 \u00a0\u00a0\u00a0 \u00a0133<br \/>\nCONCLUSIONES\u00a0\u00a0 \u00a0\u00a0\u00a0 \u00a0140<br \/>\nBIBLIOGRAF\u00cdA\u00a0\u00a0 \u00a0\u00a0\u00a0 \u00a0142<br \/>\n\u00bfA qu\u00e9 tipo de divorcio se refiere el art\u00edculo 19 de la ley N\u00ba21120 cuando establece que \u201clos comparecientes se entender\u00e1n para todos los efectos legales como divorciados\u201d?<br \/>\nMARIO OPAZO GONZ\u00c1LEZ<br \/>\n1.\u00a0\u00a0 \u00a0INTRODUCCI\u00d3N\u00a0\u00a0 \u00a0\u00a0\u00a0 \u00a0143<br \/>\n2.\u00a0\u00a0 \u00a0LA RECTIFICACI\u00d3N DEL NOMBRE Y SEXO REGISTRAL COMO CAUSAL DE TERMINACI\u00d3N DEL MATRIMONIO\u00a0\u00a0 \u00a0\u00a0\u00a0 \u00a0145<br \/>\n3.\u00a0\u00a0 \u00a0\u00bfA QU\u00c9 TIPO DE DIVORCIO DEBE ENTENDERSE HECHA LA REFERENCIA DEL ART\u00cdCULO 19 DE LA LEY N\u00ba21.120?\u00a0\u00a0 \u00a0\u00a0\u00a0 \u00a0147<br \/>\n4.\u00a0\u00a0 \u00a0\u00bfQU\u00c9 CONSECUENCIAS SE DERIVAN DE ESTA REMISI\u00d3N?\u00a0\u00a0 \u00a0\u00a0\u00a0 \u00a0151<br \/>\nCONCLUSIONES\u00a0\u00a0 \u00a0\u00a0\u00a0 \u00a0153<br \/>\nBIBLIOGRAF\u00cdA\u00a0\u00a0 \u00a0\u00a0\u00a0 \u00a0154<br \/>\nEfectos de la Ley N\u00b021.400 en materia de identidad de g\u00e9nero<br \/>\ny de matrimonio civil de las personas trans<br \/>\nISAAC RAVETLLAT BALLEST\u00c9<br \/>\n1.\u00a0\u00a0 \u00a0INTRODUCCI\u00d3N\u00a0\u00a0 \u00a0\u00a0\u00a0 \u00a0157<br \/>\n2.\u00a0\u00a0 \u00a0ALGUNAS REFLEXIONES PREVIAS RELATIVAS A LA EVOLUCI\u00d3N DE LA CONSIDERACI\u00d3N SOCIAL DE LAS PERSONAS TRANS\u00a0\u00a0 \u00a0\u00a0\u00a0 \u00a0158<br \/>\n2.1.\u00a0\u00a0 \u00a0Del paradigma de la patolog\u00eda a la autodeterminaci\u00f3n de g\u00e9nero \u00a0\u00a0 \u00a0\u00a0\u00a0 \u00a0159<br \/>\n3.\u00a0\u00a0 \u00a0LIMITACIONES DE LA LEY N\u00b021.120, DE IDENTIDAD DE G\u00c9NERO\u00a0\u00a0 \u00a0\u00a0\u00a0 \u00a0162<br \/>\n4.\u00a0\u00a0 \u00a0EFECTOS DE LA MODIFICACI\u00d3N REGISTRAL DE LA PARTIDA DE NACIMIENTO DE LAS PERSONAS TRANS CASADAS CON ANTERIORIDAD A LA APROBACI\u00d3N DE LA LEY N\u00b021.400\u00a0\u00a0 \u00a0\u00a0\u00a0 \u00a0166<br \/>\n5.\u00a0\u00a0 \u00a0EFECTOS DE LA MODIFICACI\u00d3N REGISTRAL DE LA PARTIDA DE NACIMIENTO DE LAS PERSONAS TRANS CASADAS CON POSTERIORIDAD A LA APROBACI\u00d3N DE LA LEY N\u00b021.400\u00a0\u00a0 \u00a0\u00a0\u00a0 \u00a0168<br \/>\nCONCLUSIONES\u00a0\u00a0 \u00a0\u00a0\u00a0 \u00a0169<br \/>\nBIBLIOGRAF\u00cdA\u00a0\u00a0 \u00a0\u00a0\u00a0 \u00a0170<br \/>\nDe vuelta sobre la nulidad del matrimonio civil:<br \/>\n\u00bfse justifica su permanencia como causal de t\u00e9rmino del matrimonio?<br \/>\nALEXIS MONDACA MIRANDA<br \/>\n1.\u00a0\u00a0 \u00a0INTRODUCCI\u00d3N\u00a0\u00a0 \u00a0\u00a0\u00a0 \u00a0173<br \/>\n2.\u00a0\u00a0 \u00a0TESIS DEROGATORIA. EN CONTRA DE LA PERVIVENCIA DE LA NULIDAD COMO CAUSAL DE T\u00c9RMINO DEL MATRIMONIO\u00a0\u00a0 \u00a0\u00a0\u00a0 \u00a0174<br \/>\n3.\u00a0\u00a0 \u00a0NUESTRA POSICI\u00d3N: A FAVOR DE LA NULIDAD DE MATRIMONIO\u00a0\u00a0 \u00a0\u00a0\u00a0 \u00a0175<br \/>\n3.1.\u00a0\u00a0 \u00a0El actual elenco de causales de nulidad de matrimonio\u00a0\u00a0 \u00a0\u00a0\u00a0 \u00a0176<br \/>\n3.2.\u00a0\u00a0 \u00a0\u00bfConstituye un argumento s\u00f3lido la no aplicaci\u00f3n de la nulidad?\u00a0\u00a0 \u00a0\u00a0\u00a0 \u00a0177<br \/>\n4.\u00a0\u00a0 \u00a0DE LA NECESARIA TUTELA DE LOS REQUISITOS DE VALIDEZ DEL MATRIMONIO\u00a0\u00a0 \u00a0\u00a0\u00a0 \u00a0179<br \/>\n5.\u00a0\u00a0 \u00a0LA LUCHA POR UN DERECHO DE FAMILIA CARACTERIZADO POR SU ESTRICTO CAR\u00c1CTER T\u00c9CNICO\u00a0\u00a0 \u00a0\u00a0\u00a0 \u00a0180<br \/>\n6.\u00a0\u00a0 \u00a0\u00daLTIMAS REFLEXIONES: ESCENARIO POST SUPRESI\u00d3N DE LA NULIDAD DE MATRIMONIO\u00a0\u00a0 \u00a0\u00a0\u00a0 \u00a0181<br \/>\nBIBLIOGRAF\u00cdA\u00a0\u00a0 \u00a0\u00a0\u00a0 \u00a0183<\/p>\n","protected":false},"excerpt":{"rendered":"<p>Director: <span class=\"autor\">Nicol\u00e1s Ib\u00e1\u00f1ez Meza * <\/span>Editor:\u00a0<span class=\"autor\">Nicol\u00e1s Ib\u00e1\u00f1ez Meza\u00a0 \/ <\/span>Coordinadora:\u00a0<span class=\"autor\"><a href=\"https:\/\/editorial.tirant.com\/cl\/autorList\/marcia-molina-pezoa-978243\">Marcia Molina Pezoa<\/a><\/span>\u00a0<span class=\"autor\">Mar\u00eda Loreto Bobadilla<\/span><\/p>\n<p>Facultad de Derecho de la Universidad Aut\u00f3noma de Chile. \/ Buscas un libro Jur\u00eddico.? Lo puedes encontrar en nuestra tienda virtual.<br \/>\nContamos con prestigiosos autores y muchas alternativas en sus diferentes materias al igual que grandes descuentos.! Vis\u00edtanos en <a class=\"SJEYEKQzirtEAeMdweWaSusuMVTjJkHSVBDAA \" tabindex=\"0\" href=\"https:\/\/lnkd.in\/eiAG7jdZ\" target=\"_blank\" rel=\"noopener\" data-test-app-aware-link=\"\">https:\/\/lnkd.in\/eiAG7jdZ<\/a><br \/>\nEscr\u00edbenos al +56930565235 \/ <a class=\"SJEYEKQzirtEAeMdweWaSusuMVTjJkHSVBDAA \" tabindex=\"0\" href=\"mailto:ventaslegallexglobal@gmail.com\" target=\"_self\" data-test-app-aware-link=\"\">ventaslegallexglobal@gmail.com<\/a><br \/>\nHacemos env\u00edos a todo Chile \u2013 Starken o Correos Chile \/ Te esperamos.<\/p>\n","protected":false},"featured_media":2515,"comment_status":"open","ping_status":"closed","template":"","meta":{"inline_featured_image":false,"_joinchat":[]},"product_brand":[],"product_cat":[26,29],"product_tag":[],"class_list":{"0":"post-2485","1":"product","2":"type-product","3":"status-publish","4":"has-post-thumbnail","6":"product_cat-derecho","7":"product_cat-familia-y-del-menor","9":"first","10":"instock","11":"shipping-taxable","12":"purchasable","13":"product-type-simple"},"_links":{"self":[{"href":"https:\/\/bibliotecajuridicavirtual.cl\/index.php\/wp-json\/wp\/v2\/product\/2485","targetHints":{"allow":["GET"]}}],"collection":[{"href":"https:\/\/bibliotecajuridicavirtual.cl\/index.php\/wp-json\/wp\/v2\/product"}],"about":[{"href":"https:\/\/bibliotecajuridicavirtual.cl\/index.php\/wp-json\/wp\/v2\/types\/product"}],"replies":[{"embeddable":true,"href":"https:\/\/bibliotecajuridicavirtual.cl\/index.php\/wp-json\/wp\/v2\/comments?post=2485"}],"wp:featuredmedia":[{"embeddable":true,"href":"https:\/\/bibliotecajuridicavirtual.cl\/index.php\/wp-json\/wp\/v2\/media\/2515"}],"wp:attachment":[{"href":"https:\/\/bibliotecajuridicavirtual.cl\/index.php\/wp-json\/wp\/v2\/media?parent=2485"}],"wp:term":[{"taxonomy":"product_brand","embeddable":true,"href":"https:\/\/bibliotecajuridicavirtual.cl\/index.php\/wp-json\/wp\/v2\/product_brand?post=2485"},{"taxonomy":"product_cat","embeddable":true,"href":"https:\/\/bibliotecajuridicavirtual.cl\/index.php\/wp-json\/wp\/v2\/product_cat?post=2485"},{"taxonomy":"product_tag","embeddable":true,"href":"https:\/\/bibliotecajuridicavirtual.cl\/index.php\/wp-json\/wp\/v2\/product_tag?post=2485"}],"curies":[{"name":"wp","href":"https:\/\/api.w.org\/{rel}","templated":true}]}}