{"id":2486,"date":"2026-02-28T01:01:54","date_gmt":"2026-02-28T04:01:54","guid":{"rendered":"https:\/\/bibliotecajuridicavirtual.cl\/?post_type=product&#038;p=2486"},"modified":"2026-02-28T01:02:10","modified_gmt":"2026-02-28T04:02:10","slug":"explicaciones-de-derecho-civil-chileno-y-comparado-libro-iv-de-las-obligaciones-en-general-y-de-los-contratos","status":"publish","type":"product","link":"https:\/\/bibliotecajuridicavirtual.cl\/index.php\/product\/explicaciones-de-derecho-civil-chileno-y-comparado-libro-iv-de-las-obligaciones-en-general-y-de-los-contratos\/","title":{"rendered":"Explicaciones de Derecho Civil Chileno y Comparado *  Libro IV. De las Obligaciones en General y de los Contratos"},"content":{"rendered":"<p data-start=\"432\" data-end=\"792\">Editorial Hammurabi se enorgullece en presentar la\u00a0<strong data-start=\"483\" data-end=\"503\">edici\u00f3n renovada<\/strong>\u00a0de una de las obras jur\u00eddicas m\u00e1s monumentales y trascendentes en la historia del Derecho chileno:<br data-start=\"602\" data-end=\"605\" \/><strong data-start=\"605\" data-end=\"659\">Explicaciones de Derecho Civil Chileno y Comparado<\/strong>, del insigne jurista\u00a0<strong data-start=\"681\" data-end=\"701\">Luis Claro Solar<\/strong>, ahora actualizada, comentada y sistematizada por el profesor\u00a0<strong data-start=\"764\" data-end=\"789\">Gabriel Mu\u00f1oz Bonacic<\/strong>.<\/p>\n<p data-start=\"794\" data-end=\"1199\">Considerada un\u00a0<strong data-start=\"809\" data-end=\"845\">cl\u00e1sico eterno del Derecho Civil<\/strong>, esta obra marc\u00f3 un antes y un despu\u00e9s en la ense\u00f1anza y el estudio del Derecho, destacando por su\u00a0<strong data-start=\"945\" data-end=\"992\">claridad, profundidad y riqueza explicativa<\/strong>. A pesar del paso de los a\u00f1os, sus fundamentos esenciales en materia de personas, bienes, sucesiones y contratos han permanecido\u00a0<strong data-start=\"1122\" data-end=\"1149\">vigentes e inalterables<\/strong>, reflejando la visi\u00f3n y coherencia de su autor.<\/p>\n<h3 data-start=\"1201\" data-end=\"1245\">\ud83c\udf0d Un legado de tradici\u00f3n y modernidad<\/h3>\n<p data-start=\"1246\" data-end=\"1514\">Inspirado en el\u00a0<strong data-start=\"1262\" data-end=\"1294\">C\u00f3digo Civil de Andr\u00e9s Bello<\/strong>\u00a0\u2013a su vez influenciado por el Derecho Romano, el C\u00f3digo Civil franc\u00e9s y el pensamiento de juristas como Pothier, Savigny y Domat\u2013 nuestro C\u00f3digo ha sido considerado un modelo jur\u00eddico de gran proyecci\u00f3n internacional.<\/p>\n<p data-start=\"1516\" data-end=\"1852\">La actualizaci\u00f3n realizada por el profesor Gabriel Mu\u00f1oz Bonacic respeta la esencia y la l\u00ednea argumentativa de Claro Solar, incorporando a la vez los\u00a0<strong data-start=\"1667\" data-end=\"1762\">cambios legislativos m\u00e1s relevantes en materias como filiaci\u00f3n, matrimonio civil y adopci\u00f3n<\/strong>, entre otros, que han transformado de manera sustancial el Derecho de Familia en Chile.<\/p>\n<h3 data-start=\"1854\" data-end=\"1910\">\u2728 Una obra para juristas, acad\u00e9micos y estudiantes<\/h3>\n<ul data-start=\"1911\" data-end=\"2163\">\n<li data-start=\"1911\" data-end=\"1977\">\n<p data-start=\"1913\" data-end=\"1977\"><strong data-start=\"1913\" data-end=\"1933\">Cl\u00e1sico jur\u00eddico<\/strong>\u00a0actualizado para las nuevas generaciones.<\/p>\n<\/li>\n<li data-start=\"1978\" data-end=\"2066\">\n<p data-start=\"1980\" data-end=\"2066\"><strong data-start=\"1980\" data-end=\"2003\">Referencia obligada<\/strong>\u00a0en el estudio del Derecho Civil en Chile y en el extranjero.<\/p>\n<\/li>\n<li data-start=\"2067\" data-end=\"2163\">\n<p data-start=\"2069\" data-end=\"2163\"><strong data-start=\"2069\" data-end=\"2096\">Herramienta de consulta<\/strong>\u00a0tanto para el mundo acad\u00e9mico como para la pr\u00e1ctica profesional.<\/p>\n<\/li>\n<\/ul>\n","protected":false},"excerpt":{"rendered":"<p>Autor: Luis Claro Solar \u2013 Gabriel Mu\u00f1oz Bonacic \/ 3era. edici\u00f3n actualizada Concordada y Sistematizada a Noviembre a\u00f1o 2025 * 3.259 P\u00e1g.<\/p>\n<p>Buscas un libro Jur\u00eddico.? Lo puedes encontrar en nuestra tienda virtual.<br \/>\nContamos con prestigiosos autores y muchas alternativas en sus diferentes materias al igual que grandes descuentos.! Vis\u00edtanos en <a class=\"SJEYEKQzirtEAeMdweWaSusuMVTjJkHSVBDAA \" tabindex=\"0\" href=\"https:\/\/lnkd.in\/eiAG7jdZ\" target=\"_blank\" rel=\"noopener\" data-test-app-aware-link=\"\">https:\/\/lnkd.in\/eiAG7jdZ<\/a><br \/>\nEscr\u00edbenos al +56930565235 \/ <a class=\"SJEYEKQzirtEAeMdweWaSusuMVTjJkHSVBDAA \" tabindex=\"0\" href=\"mailto:ventaslegallexglobal@gmail.com\" target=\"_self\" data-test-app-aware-link=\"\">ventaslegallexglobal@gmail.com<\/a><br \/>\nHacemos env\u00edos a todo Chile \u2013 Starken o Correos Chile \/ Te esperamos.<\/p>\n","protected":false},"featured_media":2516,"comment_status":"open","ping_status":"closed","template":"","meta":{"inline_featured_image":false,"_joinchat":[]},"product_brand":[],"product_cat":[27,26],"product_tag":[],"class_list":{"0":"post-2486","1":"product","2":"type-product","3":"status-publish","4":"has-post-thumbnail","6":"product_cat-civil","7":"product_cat-derecho","9":"first","10":"instock","11":"sale","12":"shipping-taxable","13":"purchasable","14":"product-type-simple"},"_links":{"self":[{"href":"https:\/\/bibliotecajuridicavirtual.cl\/index.php\/wp-json\/wp\/v2\/product\/2486","targetHints":{"allow":["GET"]}}],"collection":[{"href":"https:\/\/bibliotecajuridicavirtual.cl\/index.php\/wp-json\/wp\/v2\/product"}],"about":[{"href":"https:\/\/bibliotecajuridicavirtual.cl\/index.php\/wp-json\/wp\/v2\/types\/product"}],"replies":[{"embeddable":true,"href":"https:\/\/bibliotecajuridicavirtual.cl\/index.php\/wp-json\/wp\/v2\/comments?post=2486"}],"wp:featuredmedia":[{"embeddable":true,"href":"https:\/\/bibliotecajuridicavirtual.cl\/index.php\/wp-json\/wp\/v2\/media\/2516"}],"wp:attachment":[{"href":"https:\/\/bibliotecajuridicavirtual.cl\/index.php\/wp-json\/wp\/v2\/media?parent=2486"}],"wp:term":[{"taxonomy":"product_brand","embeddable":true,"href":"https:\/\/bibliotecajuridicavirtual.cl\/index.php\/wp-json\/wp\/v2\/product_brand?post=2486"},{"taxonomy":"product_cat","embeddable":true,"href":"https:\/\/bibliotecajuridicavirtual.cl\/index.php\/wp-json\/wp\/v2\/product_cat?post=2486"},{"taxonomy":"product_tag","embeddable":true,"href":"https:\/\/bibliotecajuridicavirtual.cl\/index.php\/wp-json\/wp\/v2\/product_tag?post=2486"}],"curies":[{"name":"wp","href":"https:\/\/api.w.org\/{rel}","templated":true}]}}