{"id":2487,"date":"2026-02-28T01:01:54","date_gmt":"2026-02-28T04:01:54","guid":{"rendered":"https:\/\/bibliotecajuridicavirtual.cl\/?post_type=product&#038;p=2487"},"modified":"2026-02-28T01:02:11","modified_gmt":"2026-02-28T04:02:11","slug":"derecho-internacional-publico-alvaro-paul-diaz-octubre-ano-2025-388-paginas","status":"publish","type":"product","link":"https:\/\/bibliotecajuridicavirtual.cl\/index.php\/product\/derecho-internacional-publico-alvaro-paul-diaz-octubre-ano-2025-388-paginas\/","title":{"rendered":"Derecho Internacional P\u00fablico *  \u00c1lvaro Pa\u00fal D\u00edaz &#8211; Octubre a\u00f1o 2025 * 388 P\u00e1ginas"},"content":{"rendered":"<p style=\"font-weight: 400;\">En un mundo interconectado, el derecho internacional p\u00fablico regula las relaciones entre Estados y su interacci\u00f3n con otros actores globales, siendo cada vez m\u00e1s relevante en la vida diaria. Este libro ofrece una gu\u00eda clara sobre sus principios, enfoc\u00e1ndose en la pr\u00e1ctica chilena y el contexto latinoamericano. \u00c1lvaro Pa\u00fal aborda las fuentes, sujetos, responsabilidad internacional y la soluci\u00f3n pac\u00edfica de controversias, convirti\u00e9ndose en un recurso valioso para estudiantes y profesionales interesados en su impacto en los desaf\u00edos jur\u00eddicos y sociales actuales.<\/p>\n<p style=\"font-weight: 400;\">Por qu\u00e9 leerlo:<\/p>\n<ul style=\"font-weight: 400;\">\n<li>Una introducci\u00f3n clara, completa y ordenada al derecho internacional p\u00fablico, pensada para estudiantes y profesionales que buscan comprender sus fundamentos y aplicaciones.<\/li>\n<li>El libro integra ejemplos y referencias a la pr\u00e1ctica chilena y latinoamericana, lo que la convierte en una referencia \u00fanica y cercana para la regi\u00f3n.<\/li>\n<li>La obra se apoya en una s\u00f3lida base documental, con referencias permanentes a tratados, normas y convenios internacionales.<\/li>\n<\/ul>\n<p style=\"font-weight: 400;\"><b><strong>PRIMERA PARTE<\/strong><\/b><br \/>\n<b><strong>DERECHO INTERNACIONAL P\u00daBLICO Y SUS FUENTES<\/strong><\/b><\/p>\n<ol>\n<li style=\"font-weight: 400;\">Introducci\u00f3n al derecho internacional p\u00fablico<br \/>\n2. Fuentes del derecho internacional<br \/>\n3. Tratados internacionales<br \/>\n4. Relaci\u00f3n entre el derecho internacional y el nacional<\/li>\n<\/ol>\n<p style=\"font-weight: 400;\"><b><strong>SEGUNDA PARTE<\/strong><\/b><br \/>\n<b><strong>SUJETOS DEL DERECHO INTERNACIONAL P\u00daBLICO<\/strong><\/b><\/p>\n<ol>\n<li style=\"font-weight: 400;\">Los Estados<br \/>\n2. Organizaciones internacionales<br \/>\n3. El individuo en el derecho internacional p\u00fablico<br \/>\n4. Otros sujetos de derecho internacional<\/li>\n<\/ol>\n<p style=\"font-weight: 400;\">TERCERA PARTE<br \/>\n<b><strong>RESPONSABILIDAD INTERNACIONAL, CONTROVERSIAS Y OTRAS MATERIAS<\/strong><\/b><\/p>\n<ol>\n<li style=\"font-weight: 400;\">Responsabilidad internacional del Estado<br \/>\n2. Soluci\u00f3n pac\u00edfica de controversias<br \/>\n3. Nacionalidad y protecci\u00f3n diplom\u00e1tica<br \/>\n4. Uso de la fuerza en las relaciones internacionales<br \/>\n5. Derecho internacional humanitario<br \/>\n6. Algunas materias de derecho internacional econ\u00f3mico<\/li>\n<\/ol>\n","protected":false},"excerpt":{"rendered":"<p>Buscas un libro Jur\u00eddico.? Lo puedes encontrar en nuestra tienda virtual.<br \/>\nContamos con prestigiosos autores y muchas alternativas en sus diferentes materias al igual que grandes descuentos.! Vis\u00edtanos en <a class=\"yRgCVsjrzAHkdCEjqvAcmnsmCUhbwIZbY \" tabindex=\"0\" href=\"https:\/\/lnkd.in\/eiAG7jdZ\" target=\"_blank\" rel=\"noopener\" data-test-app-aware-link=\"\">https:\/\/lnkd.in\/eiAG7jdZ<\/a><br \/>\nEscr\u00edbenos al +56930565235 \/ <a class=\"yRgCVsjrzAHkdCEjqvAcmnsmCUhbwIZbY \" tabindex=\"0\" href=\"mailto:ventaslegallexglobal@gmail.com\" target=\"_self\" data-test-app-aware-link=\"\">ventaslegallexglobal@gmail.com<\/a><br \/>\nHacemos env\u00edos a todo Chile \u2013 Starken o Correos Chile \/ Te esperamos.<\/p>\n","protected":false},"featured_media":2517,"comment_status":"open","ping_status":"closed","template":"","meta":{"inline_featured_image":false,"_joinchat":[]},"product_brand":[],"product_cat":[26,43],"product_tag":[],"class_list":{"0":"post-2487","1":"product","2":"type-product","3":"status-publish","4":"has-post-thumbnail","6":"product_cat-derecho","7":"product_cat-derecho-internacional","9":"first","10":"instock","11":"shipping-taxable","12":"purchasable","13":"product-type-simple"},"_links":{"self":[{"href":"https:\/\/bibliotecajuridicavirtual.cl\/index.php\/wp-json\/wp\/v2\/product\/2487","targetHints":{"allow":["GET"]}}],"collection":[{"href":"https:\/\/bibliotecajuridicavirtual.cl\/index.php\/wp-json\/wp\/v2\/product"}],"about":[{"href":"https:\/\/bibliotecajuridicavirtual.cl\/index.php\/wp-json\/wp\/v2\/types\/product"}],"replies":[{"embeddable":true,"href":"https:\/\/bibliotecajuridicavirtual.cl\/index.php\/wp-json\/wp\/v2\/comments?post=2487"}],"wp:featuredmedia":[{"embeddable":true,"href":"https:\/\/bibliotecajuridicavirtual.cl\/index.php\/wp-json\/wp\/v2\/media\/2517"}],"wp:attachment":[{"href":"https:\/\/bibliotecajuridicavirtual.cl\/index.php\/wp-json\/wp\/v2\/media?parent=2487"}],"wp:term":[{"taxonomy":"product_brand","embeddable":true,"href":"https:\/\/bibliotecajuridicavirtual.cl\/index.php\/wp-json\/wp\/v2\/product_brand?post=2487"},{"taxonomy":"product_cat","embeddable":true,"href":"https:\/\/bibliotecajuridicavirtual.cl\/index.php\/wp-json\/wp\/v2\/product_cat?post=2487"},{"taxonomy":"product_tag","embeddable":true,"href":"https:\/\/bibliotecajuridicavirtual.cl\/index.php\/wp-json\/wp\/v2\/product_tag?post=2487"}],"curies":[{"name":"wp","href":"https:\/\/api.w.org\/{rel}","templated":true}]}}