{"id":2488,"date":"2026-02-28T01:01:54","date_gmt":"2026-02-28T04:01:54","guid":{"rendered":"https:\/\/bibliotecajuridicavirtual.cl\/?post_type=product&#038;p=2488"},"modified":"2026-02-28T01:02:12","modified_gmt":"2026-02-28T04:02:12","slug":"sintesis-de-derecho-procesal-civil-rene-jorquera-lorca-8a-edicion-ano-2025-666-pag","status":"publish","type":"product","link":"https:\/\/bibliotecajuridicavirtual.cl\/index.php\/product\/sintesis-de-derecho-procesal-civil-rene-jorquera-lorca-8a-edicion-ano-2025-666-pag\/","title":{"rendered":"S\u00edntesis de Derecho Procesal Civil * Ren\u00e9 Jorquera Lorca &#8211; 8\u00aa edici\u00f3n a\u00f1o 2025 * 666 P\u00e1g."},"content":{"rendered":"<p style=\"font-weight: 400;\">Esta obra ha sido realizada como un estudio substancial para la comprensi\u00f3n y esclarecimiento de ideas, conceptos e instituciones que componen nuestro Derecho Procesal Civil, por la v\u00eda de la sintetizaci\u00f3n, incorporando todas las modificaciones legales existentes al d\u00eda de hoy, incluye la Ley N\u00b020.886 del a\u00f1o 2015, que modifica el C\u00f3digo Civil para establecer la tramitaci\u00f3n digital de los procedimientos Judiciales, as\u00ed como la m\u00e1s reciente Ley N\u00b0 21.394 del a\u00f1o 2021, que introdujo reformas al sistema de justicia, luego del estado de excepci\u00f3n constitucional de cat\u00e1strofe por calamidad p\u00fablica, que vino en establecer de forma permanente la comparecencia remota en juicio, incorpor\u00f3 el uso de firma electr\u00f3nica, la notificaci\u00f3n por correo electr\u00f3nico, entre otras innovadoras modificaciones.<\/p>\n<p style=\"font-weight: 400;\"><b><strong>PRIMERA PARTE<\/strong><\/b><br \/>\n<b><strong>REGLAS COMUNES A TODO PROCEDIMIENTO<\/strong><\/b><br \/>\nDe las partes<br \/>\nDe la comparecencia en juicio<br \/>\nEl patrocinio<br \/>\nEl mandato judicial<br \/>\nLas acciones y las excepciones<br \/>\nLa acci\u00f3n<br \/>\nLa excepci\u00f3n<br \/>\nDe la formaci\u00f3n del expediente, de su custodia y de su comunicaci\u00f3n a las partes<br \/>\nLos escritos y documentos<br \/>\nDe las actuaciones judiciales<br \/>\nDe los plazos y de las rebeld\u00edas<br \/>\nLas rebeld\u00edas<br \/>\nDe las notificaciones<br \/>\nLas resoluciones judiciales<br \/>\nRequisitos comunes o generales a toda resoluci\u00f3n<br \/>\nLos efectos de las resoluciones judiciales<br \/>\nEl desasimiento del tribunal<br \/>\nLa cosa juzgada<br \/>\nLa acci\u00f3n de cosa juzgada<br \/>\nLa excepci\u00f3n de cosa juzgada<br \/>\nRequisitos que exige la ley para que proceda la excepci\u00f3n de cosa juzgada<br \/>\nDe la ejecuci\u00f3n de las resoluciones pronunciadas por los tribunales chilenos<br \/>\nResoluciones dictadas por los tribunales extranjeros<br \/>\nDe los efectos de las sentencias criminales en juicios civiles<br \/>\nEfectos de las sentencias civiles en un juicio criminal<br \/>\nLos incidentes<br \/>\nDe la nulidad procesal<br \/>\nDe los incidentes especiales<br \/>\nDe las medidas prejudiciales<br \/>\nDe las medidas prejudiciales en particular<br \/>\nLas medidas precautorias<br \/>\nDe las medidas prejudiciales-precautorias<br \/>\nDe las medidas precautorias en particular del secuestro<br \/>\nNombramiento de interventor<br \/>\nRetenci\u00f3n de bienes determinados<br \/>\nLa prohibici\u00f3n de celebrar actos o contratos<br \/>\nDe la oposici\u00f3n, caducidad y alzamiento de las precautorias<\/p>\n<p><b><strong>SEGUNDA PARTE<\/strong><\/b><br \/>\n<b><strong>DEL JUICIO ORDINARIO CIVIL DE MAYOR CUANT\u00cdA<\/strong><\/b><\/p>\n<p>La demanda<br \/>\nEl emplazamiento del demandado<br \/>\nDe las actitudes del demandado emplazado<br \/>\nExcepciones mixtas<br \/>\nDe las excepciones perentorias<br \/>\nLa contestaci\u00f3n de la demanda<br \/>\nDe la reconvenci\u00f3n<br \/>\nDe los escritos de r\u00e9plica y d\u00faplica<br \/>\nPeriodo de prueba<br \/>\nAmpliaci\u00f3n de la prueba<br \/>\nT\u00e9rmino probatorio<br \/>\nLa prueba en general<br \/>\nMedios probatorios en nuestro Derecho<br \/>\nDe la prueba instrumental o documental<br \/>\nDe los instrumentos p\u00fablicos<br \/>\nDe los instrumentos privados<br \/>\nDel cotejo de instrumento y del cotejo de letras<br \/>\nDe la prueba testimonial<br \/>\nDe las tachas<br \/>\nDe la prueba confesional<br \/>\nDe la confesi\u00f3n extrajudicial<br \/>\nLa inspecci\u00f3n personal del tribunal<br \/>\nde la prueba pericial<br \/>\nLa prueba por presunciones<br \/>\nDe la apreciaci\u00f3n comparativa de los medios de prueba. Procedimientos posteriores a la prueba<br \/>\nMedidas para mejor resolver<br \/>\nT\u00e9rmino del juicio ordinario en primera instancia<\/p>\n<p><b><strong>TERCERA PARTE<\/strong><\/b><br \/>\n<b><strong>DE LOS JUICIOS ESPECIALES<\/strong><\/b><\/p>\n<p>Del juicio ejecutivo en las obligaciones de dar<br \/>\nLa demanda ejecutiva y el mandamiento de ejecuci\u00f3n y embargo<br \/>\nEL requerimiento de pago<br \/>\nLa oposici\u00f3n a la ejecuci\u00f3n<br \/>\nEstudio particular de las excepciones<br \/>\nLa respuesta a las excepciones<br \/>\nLa prueba y el t\u00e9rmino probatorio<br \/>\nLa sentencia ejecutiva y los recursos que proceden en su contra<br \/>\nLa cosa juzgada, la renovaci\u00f3n de la acci\u00f3n ejecutiva y la reserva de acciones y excepciones<br \/>\nTramitaci\u00f3n del cuaderno de apremio el embargo<br \/>\nJuicio ejecutivo en las obligaciones de hacer<br \/>\nJuicio ejecutivo en las obligaciones de no hacer<br \/>\nEl juicio ejecutivo de m\u00ednima cuant\u00eda<br \/>\nEl juicio ordinario de menor cuant\u00eda<br \/>\nDe los juicios de m\u00ednima cuant\u00eda<br \/>\nEfectos del derecho legal de retenci\u00f3n<br \/>\nDe la querella de amparo<br \/>\nDe la querella de restituci\u00f3n<br \/>\nDe la querella de restablecimiento<br \/>\nDe la denuncia de obra nueva<br \/>\nDe la denuncia de obra ruinosa<br \/>\nDe los interdictos especiales<br \/>\nDe los juicios de hacienda<br \/>\nDe los juicios sobre cuentas<br \/>\nDe los juicios de pago de ciertos honorarios<br \/>\nDe la citaci\u00f3n de evicci\u00f3n<br \/>\nDe la acci\u00f3n de desposeimiento contra terceros poseedores de la finca hipotecada o acensuada<br \/>\nDe los juicios especiales seguidos ante \u00e1rbitros del juicio arbitral<br \/>\nDel juicio seguido ante \u00e1rbitros de derecho<br \/>\nDel juicio seguido ante \u00e1rbitros arbitradores<br \/>\nDe la partici\u00f3n de bienes en general<\/p>\n<p style=\"font-weight: 400;\"><b><strong>CUARTA PARTE<\/strong><\/b><br \/>\n<b><strong>DE LOS ACTOS JUDICIALES NO CONTENCIOSOS<\/strong><\/b><\/p>\n<p style=\"font-weight: 400;\">De las caracter\u00edsticas de los actos judiciales no contenciosos<\/p>\n<p style=\"font-weight: 400;\"><b><strong>QUINTA PARTE<\/strong><\/b><br \/>\n<b><strong>DE LOS RECURSOS PROCESALES<\/strong><\/b><\/p>\n<p style=\"font-weight: 400;\">Estudio particular de los recursos procesales<br \/>\nRecurso de reposici\u00f3n<br \/>\nEl recurso de apelaci\u00f3n<br \/>\nEl recurso de hecho<br \/>\nDel recurso de casaci\u00f3n<br \/>\nDel recurso de casaci\u00f3n en la forma<br \/>\nDe la casaci\u00f3n de forma de oficio<br \/>\nEl recurso de casaci\u00f3n en el fondo<br \/>\nEl recurso de revisi\u00f3n<\/p>\n<p>Anexo: Ley N\u00b020.886. Tramitaci\u00f3n electr\u00f3nica<\/p>\n","protected":false},"excerpt":{"rendered":"<p>Buscas un libro Jur\u00eddico.? Lo puedes encontrar en nuestra tienda virtual.<br \/>\nContamos con prestigiosos autores y muchas alternativas en sus diferentes materias al igual que grandes descuentos.! Vis\u00edtanos en <a class=\"yRgCVsjrzAHkdCEjqvAcmnsmCUhbwIZbY \" tabindex=\"0\" href=\"https:\/\/lnkd.in\/eiAG7jdZ\" target=\"_blank\" rel=\"noopener\" data-test-app-aware-link=\"\">https:\/\/lnkd.in\/eiAG7jdZ<\/a><br \/>\nEscr\u00edbenos al +56930565235 \/ <a class=\"yRgCVsjrzAHkdCEjqvAcmnsmCUhbwIZbY \" tabindex=\"0\" href=\"mailto:ventaslegallexglobal@gmail.com\" target=\"_self\" data-test-app-aware-link=\"\">ventaslegallexglobal@gmail.com<\/a><br \/>\nHacemos env\u00edos a todo Chile \u2013 Starken o Correos Chile \/ Te esperamos.<\/p>\n","protected":false},"featured_media":2518,"comment_status":"open","ping_status":"closed","template":"","meta":{"inline_featured_image":false,"_joinchat":[]},"product_brand":[],"product_cat":[26,39],"product_tag":[],"class_list":{"0":"post-2488","1":"product","2":"type-product","3":"status-publish","4":"has-post-thumbnail","6":"product_cat-derecho","7":"product_cat-procesal-civil","9":"first","10":"instock","11":"shipping-taxable","12":"purchasable","13":"product-type-simple"},"_links":{"self":[{"href":"https:\/\/bibliotecajuridicavirtual.cl\/index.php\/wp-json\/wp\/v2\/product\/2488","targetHints":{"allow":["GET"]}}],"collection":[{"href":"https:\/\/bibliotecajuridicavirtual.cl\/index.php\/wp-json\/wp\/v2\/product"}],"about":[{"href":"https:\/\/bibliotecajuridicavirtual.cl\/index.php\/wp-json\/wp\/v2\/types\/product"}],"replies":[{"embeddable":true,"href":"https:\/\/bibliotecajuridicavirtual.cl\/index.php\/wp-json\/wp\/v2\/comments?post=2488"}],"wp:featuredmedia":[{"embeddable":true,"href":"https:\/\/bibliotecajuridicavirtual.cl\/index.php\/wp-json\/wp\/v2\/media\/2518"}],"wp:attachment":[{"href":"https:\/\/bibliotecajuridicavirtual.cl\/index.php\/wp-json\/wp\/v2\/media?parent=2488"}],"wp:term":[{"taxonomy":"product_brand","embeddable":true,"href":"https:\/\/bibliotecajuridicavirtual.cl\/index.php\/wp-json\/wp\/v2\/product_brand?post=2488"},{"taxonomy":"product_cat","embeddable":true,"href":"https:\/\/bibliotecajuridicavirtual.cl\/index.php\/wp-json\/wp\/v2\/product_cat?post=2488"},{"taxonomy":"product_tag","embeddable":true,"href":"https:\/\/bibliotecajuridicavirtual.cl\/index.php\/wp-json\/wp\/v2\/product_tag?post=2488"}],"curies":[{"name":"wp","href":"https:\/\/api.w.org\/{rel}","templated":true}]}}