{"id":2489,"date":"2026-02-28T01:01:54","date_gmt":"2026-02-28T04:01:54","guid":{"rendered":"https:\/\/bibliotecajuridicavirtual.cl\/?post_type=product&#038;p=2489"},"modified":"2026-02-28T01:02:12","modified_gmt":"2026-02-28T04:02:12","slug":"el-tipo-de-culpabilidad-en-el-codigo-penal-una-vision-sistematica-normativa-y-positiva-claudio-prambs-julian-2da-edicion-ano-2025-213-pag","status":"publish","type":"product","link":"https:\/\/bibliotecajuridicavirtual.cl\/index.php\/product\/el-tipo-de-culpabilidad-en-el-codigo-penal-una-vision-sistematica-normativa-y-positiva-claudio-prambs-julian-2da-edicion-ano-2025-213-pag\/","title":{"rendered":"El Tipo de Culpabilidad en el C\u00f3digo Penal &#8211; Una Visi\u00f3n Sistem\u00e1tica, Normativa y Positiva * Claudio Prambs Juli\u00e1n * 2da. edici\u00f3n a\u00f1o 2025 &#8211; 213 P\u00e1g."},"content":{"rendered":"<p style=\"font-weight: 400;\">&#8220;El derecho penal no s\u00f3lo contiene normas tipificadoras de conductas prohibidas, mandatos de conductas y sanciones, sino que tambi\u00e9n contiene normas que tipifican permisos y disculpas por la realizaci\u00f3n o no realizaci\u00f3n de esas conductas. Para declarar infringida la prohibici\u00f3n o el mandato hay que dar por probado que el sujeto los conoc\u00eda o le era exigible conocerlos. Para otorgar permiso al sujeto es requisito que el ordenamiento lo conceda por medio de un tipo expreso, y las disculpas contempladas en los tipos operan en caso de infracci\u00f3n a la norma prohibitiva o de mandato sin permiso, pero en forma involuntaria&#8221;. &#8220;&#8230; para nuestra ley penal la expresi\u00f3n dolo, como sin\u00f3nimo a malicia&#8230;&#8221; &#8220;&#8230; dolo o malicia de que trata nuestro C\u00f3digo Penal es el conocimiento, que el hecho tuvo al obrar; de los elementos materiales que constituyen el delito y del elemento legal, que es la ilicitud, del hecho en ejecuci\u00f3n&#8221;.<\/p>\n<p style=\"font-weight: 400;\"><b><strong>CAP\u00cdTULO PRIMERO<\/strong><\/b><\/p>\n<p style=\"font-weight: 400;\">Apartado primero<br \/>\nEl concepto de conducta penal. Conocimiento y voluntad. Injusto y culpabilidad<\/p>\n<p style=\"font-weight: 400;\">Apartado segundo<br \/>\nLas acciones u omisiones jur\u00eddico-penalmente irrelevantes. Falta de injusto t\u00edpico o atipicidad<\/p>\n<p style=\"font-weight: 400;\">Apartado tercero<br \/>\nDogm\u00e1tica penal y proceso penal. Una necesidad de integraci\u00f3n irrenunciable<\/p>\n<p style=\"font-weight: 400;\">Apartado cuarto<br \/>\nSujetos que poseen libre albedr\u00edo y sujetos que actuaron determinados en el momento de cometer el hecho imputado<\/p>\n<p style=\"font-weight: 400;\"><b><strong>CAP\u00cdTULO SEGUNDO<\/strong><\/b><br \/>\n<b><strong>LOS CULPABLES Y LA CATEGOR\u00cdA DOGM\u00c1TICA DE LA CULPABILIDAD<\/strong><\/b><\/p>\n<p>a) Cuestiones generales. Concepto de culpabilidad y 62 principio de culpabilidad. Breve visi\u00f3n hist\u00f3rico-dogm\u00e1tica<br \/>\nb) La culpabilidad como elemento y requisito presumido del delito. Una aclaraci\u00f3n<br \/>\nc) El fundamento positivo de la presunci\u00f3n de culpabilidad en nuestro Derecho<br \/>\nd) El tipo positivo de culpabilidad y su falta de funci\u00f3n en nuestro sistema procesal penal<\/p>\n<p style=\"font-weight: 400;\"><b><strong>CAP\u00cdTULO TERCERO<\/strong><\/b><br \/>\n<b><strong>EL TIPO NEGATIVO DE CULPABILIDAD<\/strong><\/b><\/p>\n<ol>\n<li style=\"font-weight: 400;\">a) El traslado de la carga de la alegaci\u00f3n y prueba al acusado como forma de hacer valer sus diferencias y exigir el respeto de la igualdad ante la ley<br \/>\n1) Generalidades<br \/>\na.2) Las causales legales de falta de voluntad. Identificaci\u00f3n y exclusi\u00f3n<\/li>\n<li style=\"font-weight: 400;\">b) Motivos legales de falta o disminuci\u00f3n de voluntad<\/li>\n<li style=\"font-weight: 400;\">c) El error de prohibici\u00f3n. Un problema de conocimiento, por tanto, de dolo o culpa y ubicado en el injusto penal y no en la culpabilidad<\/li>\n<li style=\"font-weight: 400;\">d) El problema de la obediencia debida<\/li>\n<\/ol>\n<p style=\"font-weight: 400;\"><b><strong>CAP\u00cdTULO CUARTO<\/strong><\/b><br \/>\n<b><strong>LOS CONCURSOS EN LOS TIPOS NEGATIVOS. UNA APROXIMACI\u00d3N<\/strong><\/b><\/p>\n<ol>\n<li style=\"font-weight: 400;\">Planteamiento<br \/>\n2. Clases de concursos<\/li>\n<\/ol>\n<p style=\"font-weight: 400;\"><b><strong>CAP\u00cdTULO QUINTO<\/strong><\/b><br \/>\n<b><strong>LAS CAUSALES DE INCULPABILIDAD<\/strong><\/b><\/p>\n<p style=\"font-weight: 400;\">Apartado primero<br \/>\nLa locura o demencia<\/p>\n<ol>\n<li style=\"font-weight: 400;\">Los ni\u00f1os, adultos determinados y adultos culpables<br \/>\na) Generalidades<br \/>\nb) El concepto y la prueba del trastorno mental en el proceso penal. El grave problema de la determinaci\u00f3n del hito fronterizo entre el hombre culpable y el hombre no culpable por causa de trastorno mental. La eliminaci\u00f3n de la hist\u00f3rica vulneraci\u00f3n de los derechos constitucionales del reputado enfermo mental provocada el C\u00f3digo Procesal Penal<br \/>\nc) El informe pericial psiqui\u00e1trico y el art\u00edculo 297 del C.P.P.<br \/>\nc.1) Cuestiones generales<br \/>\nc.2) Enfermedades mentales posibles de provocar falta de culpabilidad total<br \/>\nc. 2.1)<\/li>\n<\/ol>\n<p style=\"font-weight: 400;\">Las esquizofrenias<\/p>\n<ol start=\"2\">\n<li style=\"font-weight: 400;\">2.1.1) Paranoica<br \/>\nc. 2.1.2) Hebefr\u00e9nica<br \/>\nc. 2.1.3) Catat\u00f3nica<br \/>\nc.2. 2) El trastorno bipolar<br \/>\nc. 2.3) La paranoia<br \/>\nc.2.4) Los trastornos de personalidad<br \/>\nc.3) Objeto del informe pericial psiqui\u00e1trico<br \/>\nc.3.1) Generalidades<br \/>\nc.3.2) Reconocimiento, operaciones t\u00e9cnico-periciales, conclusiones e informe<br \/>\nc.3.3) Aspecto testifical y aspecto t\u00e9cnico propio de la pericia psiqui\u00e1trica. El perito en sentido estricto, el perito perceptor y el perito testigo<br \/>\nc.3.4) Negativa a someterse a examen pericial psiqui\u00e1trico<br \/>\nc.4) Valoraci\u00f3n de la pericia psiqui\u00e1trica<\/li>\n<li style=\"font-weight: 400;\">Trastorno mental y error de prohibici\u00f3n<\/li>\n<li style=\"font-weight: 400;\">Enfermedad mental. Dolo y culpa<\/li>\n<li style=\"font-weight: 400;\">Enfermedad mental y causas de justificaci\u00f3n o inculpabilidad<\/li>\n<li style=\"font-weight: 400;\">Enfermedad mental y medida de seguridad. &#8220;Nulla misure di sicurezza sine pericolo&#8221;<\/li>\n<li style=\"font-weight: 400;\">Los oligofr\u00e9nicos y las medidas de seguridad<\/li>\n<\/ol>\n<p style=\"font-weight: 400;\">Apartado segundo<br \/>\nLa privaci\u00f3n total transitoria de raz\u00f3n<\/p>\n<ol>\n<li style=\"font-weight: 400;\">a) Delimitaci\u00f3n<br \/>\nb) La intoxicaci\u00f3n plena del sujeto. El problema de la privaci\u00f3n total de raz\u00f3n y el momento de comisi\u00f3n del delito<br \/>\nc) Excursus: alcohol y voluntad<\/li>\n<\/ol>\n<p style=\"font-weight: 400;\">Apartado terce\u0433\u043e<br \/>\nLa exculpante de fuerza irresistible<\/p>\n<p style=\"font-weight: 400;\">Apartado cuarto<br \/>\nEl miedo insuperable. La s\u00faper exculpante desconocida<\/p>\n<ol>\n<li style=\"font-weight: 400;\">Caracterizaci\u00f3n<\/li>\n<li style=\"font-weight: 400;\">Las delimitaciones sistem\u00e1ticas<br \/>\n2.1) Miedo insuperable y locura<br \/>\n2.2) Miedo insuperable y causas de justificaci\u00f3n. Aplicaci\u00f3n supletoria o residual de la exculpante de miedo insuperable<br \/>\n2.2.1) Leg\u00edtima defensa y miedo insuperable<br \/>\n2.2.2) Estado de necesidad y miedo insuperable<br \/>\n2.2.3) Cumplimiento de un deber, ejercicio leg\u00edtimo de un derecho, autoridad, oficio o cargo y el miedo insuperable<\/li>\n<li style=\"font-weight: 400;\">Requisitos o par\u00e1metros normativos. El miedo y la insuperabilidad. La causa del miedo y la acci\u00f3n de protecci\u00f3n o defensa contra la causa amenazante<\/li>\n<\/ol>\n<p style=\"font-weight: 400;\">Apartado quinto<br \/>\nLa omisi\u00f3n por causa insuperable<\/p>\n<p style=\"font-weight: 400;\">Apartado sexto<br \/>\nCuestiones variadas<\/p>\n<ol>\n<li style=\"font-weight: 400;\">\u00bfCausa de exculpaci\u00f3n at\u00edpica o exculpaci\u00f3n extralegal? \u00bfSeguridad jur\u00eddica? \u00bfViolaci\u00f3n al principio de tipicidad penal?<br \/>\n2. El denominado autor por convicci\u00f3n. \u00bfUn problema de culpabilidad?<br \/>\n3. \u00bfEl error sobre las exculpantes?<br \/>\n4. Los concursos de exculpantes<br \/>\n5. Las exculpantes incompletas y r\u00e9gimen sistem\u00e1tico-penol\u00f3gico<br \/>\n6. Las atenuantes fundamentadas en la voluntad disminuida<br \/>\n7. Los concursos aparentes entre las atenuantes<br \/>\n8. La frontera entre la exculpante incompleta y la atenuante de culpabilidad<br \/>\n9. Culpabilidad y pena<\/li>\n<\/ol>\n<p style=\"font-weight: 400;\"><b><strong>CAP\u00cdTULO SEXTO<\/strong><\/b><br \/>\n<b><strong>LA CULPABILIDAD EN EL PROCESO PENAL<\/strong><\/b><\/p>\n<p style=\"font-weight: 400;\">Apartado primero<br \/>\nLa articulaci\u00f3n procesal de las exculpantes plenas, semiplenas y atenuantes<\/p>\n<p style=\"font-weight: 400;\">Apartado segundo<br \/>\nLa formalizaci\u00f3n del recurso de nulidad<\/p>\n","protected":false},"excerpt":{"rendered":"<p>Buscas un libro Jur\u00eddico.? Lo puedes encontrar en nuestra tienda virtual.<br \/>\nContamos con prestigiosos autores y muchas alternativas en sus diferentes materias al igual que grandes descuentos.! Vis\u00edtanos en <a class=\"yRgCVsjrzAHkdCEjqvAcmnsmCUhbwIZbY \" tabindex=\"0\" href=\"https:\/\/lnkd.in\/eiAG7jdZ\" target=\"_blank\" rel=\"noopener\" data-test-app-aware-link=\"\">https:\/\/lnkd.in\/eiAG7jdZ<\/a><br \/>\nEscr\u00edbenos al +56930565235 \/ <a class=\"yRgCVsjrzAHkdCEjqvAcmnsmCUhbwIZbY \" tabindex=\"0\" href=\"mailto:ventaslegallexglobal@gmail.com\" target=\"_self\" data-test-app-aware-link=\"\">ventaslegallexglobal@gmail.com<\/a><br \/>\nHacemos env\u00edos a todo Chile \u2013 Starken o Correos Chile \/ Te esperamos.<\/p>\n","protected":false},"featured_media":2519,"comment_status":"open","ping_status":"closed","template":"","meta":{"inline_featured_image":false,"_joinchat":[]},"product_brand":[],"product_cat":[26,30],"product_tag":[],"class_list":{"0":"post-2489","1":"product","2":"type-product","3":"status-publish","4":"has-post-thumbnail","6":"product_cat-derecho","7":"product_cat-penal","9":"first","10":"instock","11":"shipping-taxable","12":"purchasable","13":"product-type-simple"},"_links":{"self":[{"href":"https:\/\/bibliotecajuridicavirtual.cl\/index.php\/wp-json\/wp\/v2\/product\/2489","targetHints":{"allow":["GET"]}}],"collection":[{"href":"https:\/\/bibliotecajuridicavirtual.cl\/index.php\/wp-json\/wp\/v2\/product"}],"about":[{"href":"https:\/\/bibliotecajuridicavirtual.cl\/index.php\/wp-json\/wp\/v2\/types\/product"}],"replies":[{"embeddable":true,"href":"https:\/\/bibliotecajuridicavirtual.cl\/index.php\/wp-json\/wp\/v2\/comments?post=2489"}],"wp:featuredmedia":[{"embeddable":true,"href":"https:\/\/bibliotecajuridicavirtual.cl\/index.php\/wp-json\/wp\/v2\/media\/2519"}],"wp:attachment":[{"href":"https:\/\/bibliotecajuridicavirtual.cl\/index.php\/wp-json\/wp\/v2\/media?parent=2489"}],"wp:term":[{"taxonomy":"product_brand","embeddable":true,"href":"https:\/\/bibliotecajuridicavirtual.cl\/index.php\/wp-json\/wp\/v2\/product_brand?post=2489"},{"taxonomy":"product_cat","embeddable":true,"href":"https:\/\/bibliotecajuridicavirtual.cl\/index.php\/wp-json\/wp\/v2\/product_cat?post=2489"},{"taxonomy":"product_tag","embeddable":true,"href":"https:\/\/bibliotecajuridicavirtual.cl\/index.php\/wp-json\/wp\/v2\/product_tag?post=2489"}],"curies":[{"name":"wp","href":"https:\/\/api.w.org\/{rel}","templated":true}]}}