{"id":2491,"date":"2026-02-28T01:01:54","date_gmt":"2026-02-28T04:01:54","guid":{"rendered":"https:\/\/bibliotecajuridicavirtual.cl\/?post_type=product&#038;p=2491"},"modified":"2026-02-28T01:02:13","modified_gmt":"2026-02-28T04:02:13","slug":"derecho-aplicado-101-casos-practicos-hugo-rosende-alvarez-edicion-ano-2014-reimpresion-2025-332-pag","status":"publish","type":"product","link":"https:\/\/bibliotecajuridicavirtual.cl\/index.php\/product\/derecho-aplicado-101-casos-practicos-hugo-rosende-alvarez-edicion-ano-2014-reimpresion-2025-332-pag\/","title":{"rendered":"Derecho Aplicado * 101 Casos Pr\u00e1cticos &#8211; Hugo Rosende \u00c1lvarez *edici\u00f3n a\u00f1o 2014 &#8211; Reimpresi\u00f3n 2025 * 332 P\u00e1g."},"content":{"rendered":"<p style=\"font-weight: 400;\">Presentamos en este libro, 101 casos pr\u00e1cticos, clasificados atendiendo a la materia, especificando las relaciones jur\u00eddicas que cada uno contiene, y dando respuesta a 5 preguntas espec\u00edficas incorporadas al texto. Los casos seleccionados fueron extra\u00eddos de una colecci\u00f3n de m\u00e1s de 400 ex\u00e1menes de grado que los estudiantes conocen y han intercambiado en los \u00faltimos a\u00f1os. Las respuestas que se consignan no excluyen cualquiera otra interpretaci\u00f3n que sea razonablemente justificada. Todos los estudiantes deben saber que el derecho se interpreta para aplicarlo y que, por lo mismo, no hay respuestas un\u00edvocas e infalibles. Lo que se\u00f1alamos no implica sustentar un relativismo extremo, sino valorar la exigencia de dar a cada aseveraci\u00f3n un respaldo normativo fundado en el raciocinio y el conocimiento.<\/p>\n<p style=\"font-weight: 400;\">Esperamos que este libro sea efectivamente una contribuci\u00f3n que d\u00e9 respuesta a un deber fundamental de la Universidad en orden a mejorar la preparaci\u00f3n y formaci\u00f3n de los futuros abogados. Este hecho se ha transformado en un imperativo que no debemos eludir. Nadie puede permanecer indiferente frente a la decadencia de la profesi\u00f3n como consecuencia, principalmente, de la deficiente formaci\u00f3n acad\u00e9mica que se ofrece a los estudiantes.<\/p>\n<p style=\"font-weight: 400;\">Creemos que la mayor parte de las Universidades han tomado conciencia de esta problem\u00e1tica y que se hallan en disposici\u00f3n de corregirla.<\/p>\n<p style=\"font-weight: 400;\">Dejamos especial testimonio de nuestra gratitud al profesor Hugo Rosende \u00c1lvarez a cuya dedicaci\u00f3n y constancia se debe esta publicaci\u00f3n, a los profesores Rub\u00e9n Celis, Francisco Mujica y Natalia Garc\u00eda que cooperaron lealmente en la preparaci\u00f3n de este\u00a0\u00a0trabajo y a todos quienes han contribuido a hacerla realidad.<\/p>\n<p style=\"font-weight: 400;\"><b><strong>BIENES<\/strong><\/b><\/p>\n<p style=\"font-weight: 400;\">Teor\u00eda de la posesi\u00f3n inscrita<br \/>\nAcci\u00f3n reivindicatoria, teor\u00eda de la posesi\u00f3n inscrita, prescripci\u00f3n adquisitiva<br \/>\nCl\u00e1usula de reserva del dominio<br \/>\nTradici\u00f3n<br \/>\nExpropiaci\u00f3n<br \/>\nConstituci\u00f3n de derecho de habitaci\u00f3n gratuito y vitalicio en favor de la c\u00f3nyuge sobreviviente<br \/>\nCosas destinadas al uso, cultivo y beneficio de un inmueble<br \/>\nUsufructo<br \/>\nOcupaci\u00f3n por un tercero de un inmueble inscrito, rechazo del ocupante al poseedor inscrito mediante amenaza de empleo de arma de fuego, exhibici\u00f3n por el ocupante de un documento p\u00fablico de asignaci\u00f3n del sitio por un comit\u00e9 comunal<br \/>\nDemanda reivindicatoria<br \/>\nPrestaciones mutuas, restituci\u00f3n de una heredad, mejoras voluntarias<br \/>\nCopropiedad de un bien ra\u00edz, ocupaci\u00f3n del bien com\u00fan por un tercero y construcci\u00f3n de mejoras, demanda reivindicatoria, prescripci\u00f3n adquisitiva<br \/>\nCopropiedad<br \/>\nPosesi\u00f3n irregular, reivindicaci\u00f3n<br \/>\nFideicomiso y sustitutos del fideicomisario, plazo para el cumplimiento de la condici\u00f3n establecida en el fideicomiso<br \/>\nDemanda reivindicatoria, edificaci\u00f3n en terreno ajeno<br \/>\nAcci\u00f3n reivindicatoria<br \/>\nCopropiedad, prescripci\u00f3n entre comuneros<\/p>\n<p style=\"font-weight: 400;\"><b><strong>OBLIGACIONES<\/strong><\/b><\/p>\n<p style=\"font-weight: 400;\">Cl\u00e1usula penal enorme<br \/>\nCl\u00e1usula penal enorme<br \/>\nPago con subrogaci\u00f3n<br \/>\nSolidaridad pasiva<br \/>\nAcci\u00f3n oblicua o subrogatoria<br \/>\nCaducidad del plazo<br \/>\nPago contra la voluntad del deudor<br \/>\nP\u00e9rdida de la cosa<br \/>\nDaci\u00f3n en pago, causa del pago, pago de lo no debido<br \/>\nCodeuda solidaria<br \/>\nCl\u00e1usula penal enorme<br \/>\nDelegaci\u00f3n perfecta o novatoria, falsa deuda del delegado para con el delegante<br \/>\nCl\u00e1usula penal<br \/>\nCodeudores solidarios, novaci\u00f3n por cambio de causa<br \/>\nDeuda contra\u00edda en moneda extranjera, en qu\u00e9 moneda se paga y qu\u00e9 sistema de reajustabilidad se aplica<br \/>\nCodeudores solidarios<br \/>\nIntereses corrientes, intereses penales, tasa de inter\u00e9s variable<br \/>\nObligaci\u00f3n condicional y a plazo, renuncia al pago con subrogaci\u00f3n, deuda con causa il\u00edcita, codeudores solidarios de un fiador<br \/>\nInter\u00e9s penal<br \/>\nCl\u00e1usula penal y novaci\u00f3n por cambio de deudor<br \/>\nSubrogaci\u00f3n legal<br \/>\nCl\u00e1usula penal<br \/>\nDaci\u00f3n en pago<br \/>\nIntereses excesivos, caducidad del plazo<\/p>\n<p style=\"font-weight: 400;\"><b><strong>CONTRATOS<\/strong><\/b><\/p>\n<p style=\"font-weight: 400;\">Compraventa de inmueble embargado<br \/>\nArrendamiento de bien ra\u00edz, interpretaci\u00f3n de los contratos<br \/>\nContrato para la confecci\u00f3n de obra material, fijaci\u00f3n del precio por un tercero, contrato de construcci\u00f3n de edificio a suma alzada<br \/>\nContrato de compraventa de un bien ra\u00edz social, contrato de hipoteca, lesi\u00f3n enorme<br \/>\nContrato de dep\u00f3sito que degeneran en arrendamiento, pacto comisario calificado y excepci\u00f3n de contrato no cumplido<br \/>\nContrato de promesa de compraventa de un bien ra\u00edz, contrato de compraventa de un bien ra\u00edz<br \/>\nOperaci\u00f3n de cr\u00e9dito de dinero, contrato de hipoteca de primer grado no inscrita y de segundo grado inscrita, cl\u00e1usula de garant\u00eda general hipotecaria, contrato de compraventa de inmueble gravado con hipoteca, purga de la hipoteca, simulaci\u00f3n<br \/>\nCompraventa de bien ra\u00edz, teor\u00eda de la posesi\u00f3n inscrita, hipoteca<br \/>\nCompraventa de cosa ajena, acci\u00f3n reivindicatoria, teor\u00eda de la posesi\u00f3n inscrita y prescripci\u00f3n adquisitiva<br \/>\nCompraventa a plazo de bien mueble, pacto comisorio<br \/>\nContrato de promesa, nulidad de la promesa, transacci\u00f3n, compraventa de bien ra\u00edz<br \/>\nDonaci\u00f3n irrevocable, acci\u00f3n revocatoria por ingratitud del donatario, compraventa de bien ra\u00edz, notificaci\u00f3n al adquirente de que se intentar\u00e1 la acci\u00f3n revocatoria de la acci\u00f3n<br \/>\nHipotecas voluntarias<br \/>\nCompraventa de bien ra\u00edz a plazo, cl\u00e1usula de aceleraci\u00f3n, prescripci\u00f3n extintiva<br \/>\nContrato de compraventa de bien mueble a plazo, vicios redhibitorios, saneamiento de la evicci\u00f3n<br \/>\nContrato de mutuo, nulidad relativa, peculio profesional, dolo del incapaz<br \/>\nContrato de compraventa de bien mueble a plazo, cl\u00e1usula de reserva del dominio, demanda de resoluci\u00f3n de contrato, caducidad del plazo<br \/>\nContrato de predio r\u00fastico como especie o cuerpo cierto, pacto de retroventa, enajenaci\u00f3n de la cosa vendida<br \/>\nContrato de suministro continuo, teor\u00eda de la imprevisi\u00f3n, principio de la fuerza obligatoria de los contratos<br \/>\nOperaci\u00f3n de cr\u00e9dito de dinero, pacto de intereses, cesi\u00f3n de derechos litigiosos<br \/>\nOperaci\u00f3n de cr\u00e9dito de dinero, contrato de hipoteca sobre bien propio para seguridad de una obligaci\u00f3n ajena, pago contra la voluntad del deudor, gesti\u00f3n de negocios ajenos<br \/>\nContrato de arrendamiento de predio urbano otorgado por escritura p\u00fablica, enajenaci\u00f3n del inmueble arrendado, contrato de compraventa de bien ra\u00edz, contrato de hipoteca, prohibici\u00f3n de celebrar actos y contratos<br \/>\nCompraventa de bien mueble, tradici\u00f3n, vicio del consentimiento: error, p\u00e9rdida de la cosa<br \/>\nOperaci\u00f3n de cr\u00e9dito de dinero, prenda de cr\u00e9dito, prenda t\u00e1cita, pacto comisorio en la prenda, cesi\u00f3n de cr\u00e9ditos<br \/>\nContrato de mandato general, facultades especiales del mandatario, delegaci\u00f3n del mandato, autocontrataci\u00f3n, contrato de hipoteca<br \/>\nOperaci\u00f3n de cr\u00e9dito de dinero, principio de prueba por escrito, contrato de hipoteca<br \/>\nCompraventa de bien ra\u00edz, lesi\u00f3n enorme, hipoteca, contrato simulado<br \/>\nCompraventa de un conjunto de cosas por un precio \u00fanico, transacci\u00f3n, nulidad de la transacci\u00f3n<br \/>\nHipoteca<br \/>\nTransacci\u00f3n sobre el estado civil<br \/>\nArrendamiento de maquinaria por escritura p\u00fablica, embargo a la maquinaria, subasta y adjudicaci\u00f3n de la maquinaria a un tercero, demanda de entrega de las m\u00e1quinas y de terminaci\u00f3n del contrato<br \/>\nDonaci\u00f3n de sellos postales a un incapaz, venta de los sellos postales por el incapaz a un tercero, demanda de nulidad de la venta interpuesta por el incapaz, dolo del incapaz<br \/>\nCompraventa de bodega a plazo, hipoteca constituida por terceros bajo determinadas declaraciones, reconocimiento de deuda, prescripci\u00f3n de la obligaci\u00f3n, alegaci\u00f3n de la nulidad de la garant\u00eda<br \/>\nContrato de asociaci\u00f3n, mandato para ser ejecutado despu\u00e9s de la muerte del mandante<br \/>\nCompraventa con declaraci\u00f3n de haberse pagado el precio \u00edntegramente mediante pagar\u00e9s, venta del inmueble a un tercero, quien paga el precio de contado, incumplimiento de pago de un cierto n\u00famero de los pagar\u00e9s, demanda de resoluci\u00f3n del contrato del primer vendedor y acci\u00f3n reivindicatoria contra el tercer adquirente del inmueble<br \/>\nMandato general, compraventa simulada y disimulaci\u00f3n de donaci\u00f3n, nulidad absoluta del contrato simulado, separaci\u00f3n de hecho<br \/>\nDonaciones<br \/>\nContrato de arrendamiento<br \/>\nContrato de arrendamiento, caso fortuito, excepci\u00f3n de contrato no cumplido<br \/>\nMandato, comodato<br \/>\nCompraventa e inscripci\u00f3n de un inmueble no inscrito<br \/>\nMandato con autorizaci\u00f3n al mandatario para delegar el poder a persona que se designa, mandato con facultades de administraci\u00f3n y amplia disposici\u00f3n de bienes, delegaci\u00f3n del mandato y revocaci\u00f3n de la delegaci\u00f3n por el delegante, enajenaci\u00f3n de un inmueble por el delegado a un tercero despu\u00e9s de la revocaci\u00f3n, revocaci\u00f3n del mandato y de la delegaci\u00f3n por el mandante<br \/>\nPromesa de hecho ajeno<br \/>\nContrato de compraventa de un bien propio de la mujer casada en sociedad conyugal, mandato falsificado<br \/>\nCompraventa de una casa habitaci\u00f3n, lesi\u00f3n enorme, pr\u00e9stamo bancario con garant\u00eda hipotecaria, se da por \u00edntegramente pagado el precio, acci\u00f3n de nulidad del convenio por simulaci\u00f3n, resoluci\u00f3n de contrato por no pago del precio y extinci\u00f3n de la hipoteca<br \/>\nDonaci\u00f3n entre vivos de un inmueble, contrato simulado, ingratitud del donatario, revocaci\u00f3n de la donaci\u00f3n, nulidad de la donaci\u00f3n, nulidad de la revocaci\u00f3n, enajenaci\u00f3n del inmueble donado<br \/>\nDeuda contra\u00edda en moneda extranjera, hipoteca y fianzas, menoscabo de las garant\u00edas<br \/>\nHipotecas, hipoteca con cl\u00e1usula de garant\u00eda general<br \/>\nContratos de compraventa, vicio del consentimiento por dolo y nulidad del contrato<br \/>\nContrato de transporte, accidente y p\u00e9rdida del menaje transportado<br \/>\nMandato, arrendamiento, venta de la cosa com\u00fan por uno de los copropietarios<br \/>\nComodato en inter\u00e9s del comodante, destrucci\u00f3n del veh\u00edculo dado en comodato, mandato<br \/>\nPr\u00e9stamo de dinero, mora y cl\u00e1usula de aceleraci\u00f3n<br \/>\nOperaci\u00f3n de cr\u00e9dito de dinero, hipoteca, lex comisoria en la hipoteca, modificaci\u00f3n de contrato, mandato y autocontrataci\u00f3n<br \/>\nCompraventa de tres inmuebles<br \/>\nCesi\u00f3n de opci\u00f3n de compra de camiones, nulidad, fuerza mayor, contrato de prestaci\u00f3n de servicios<br \/>\nPromesa de compraventa de un bien ra\u00edz, excepci\u00f3n de contrato no cumplido, prescripci\u00f3n extintiva, indemnizaci\u00f3n de perjuicios<br \/>\nContrato simulado, nulidad de contrato<br \/>\nFianza<br \/>\nPermuta de inmuebles, lesi\u00f3n enorme<br \/>\nDonaci\u00f3n entre vivos<br \/>\nDonaciones, mandato<br \/>\nContratos de compraventa de un padrillo, error, dolo, vicio redhibitorio, nulidad, prescripci\u00f3n extintiva<br \/>\nVenta a un tercero de un inmueble disputado<br \/>\nMutuo civil u operaci\u00f3n de cr\u00e9dito de dinero, cl\u00e1usula de aceleraci\u00f3n, interrupci\u00f3n civil de la prescripci\u00f3n, solicitud de plazo de gracia, prescripci\u00f3n de la deuda<br \/>\nCompraventa de bien ra\u00edz, simulaci\u00f3n, pacto comisorio calificado, renuncia de acci\u00f3n de nulidad, demanda de resoluci\u00f3n de contrato<br \/>\nCompraventas de un bien ra\u00edz, hipoteca, acci\u00f3n de desposeimiento, demanda de resoluci\u00f3n de contrato<br \/>\nTransacci\u00f3n<br \/>\nCompraventa de cosas fungibles, p\u00e9rdida de la cosa que se debe, caso fortuito y caso fortuito sobrevenido por culpa del deudor<br \/>\nDonaci\u00f3n entre vivos bajo condici\u00f3n resolutoria y con cargo a cuarta de mejoras., demanda de resoluci\u00f3n de la donaci\u00f3n<br \/>\nHipoteca, aporte de derechos cuotativos en propiedad a una sociedad<br \/>\nContrato de compraventa aleatoria, riesgo de la p\u00e9rdida de la cosa que se debe, caso fortuito, incumplimiento del comprador de pagar parte del precio, mora del acreedor<br \/>\nFianza, hipoteca<br \/>\nOperaci\u00f3n de cr\u00e9dito de dinero, fianza, prenda<br \/>\nMandato, contrato simulado<\/p>\n<p style=\"font-weight: 400;\"><b><strong>CUASICONTRATOS<\/strong><\/b><\/p>\n<p style=\"font-weight: 400;\">Gesti\u00f3n de negocios ajenos<br \/>\nPago de lo no debido<br \/>\nPago de lo no debido mediante la entrega de dos jarrones antiguos<\/p>\n<p style=\"font-weight: 400;\"><b><strong>RESPONSABILIDAD CIVIL<\/strong><\/b><\/p>\n<p style=\"font-weight: 400;\">Responsabilidad civil extracontractual, concausas, da\u00f1os resarcibles, responsabilidad de varias personas<br \/>\nP\u00e9rdida de jarrones antiguos por negligencia de quien los recibi\u00f3 en pago, demanda de indemnizaci\u00f3n de perjuicios<br \/>\nNo hay responsabilidad extracontractual<br \/>\nIl\u00edcito civil por aprovechamiento del dolo ajeno y responsabilidad solidaria, indemnizaci\u00f3n de perjuicios por responsabilidad extracontractual<br \/>\nResponsabilidad contractual y extracontractual<br \/>\nDestrucci\u00f3n de la cosa vendida en manos del comprador, demanda de indemnizaci\u00f3n de perjuicios<br \/>\nResponsabilidad contractual del comodatario,<br \/>\nResponsabilidad extracontractual de \u201cBeta Libre\u201d<br \/>\nResponsabilidad extracontractual<br \/>\nResponsabilidad preferente de los codeudores solidarios<br \/>\nDelito civil<br \/>\nIndemnizaci\u00f3n de perjuicios<\/p>\n<p style=\"font-weight: 400;\"><b><strong>SUCESI\u00d3N POR CAUSA DE MUERTE<\/strong><\/b><\/p>\n<p style=\"font-weight: 400;\">Pacto sobre sucesi\u00f3n futura, desheredamiento o indignidad, asignaciones forzosas<br \/>\nSucesi\u00f3n abintestato<br \/>\nSucesi\u00f3n intestada<br \/>\nSucesi\u00f3n testada por testamento cerrado, herederos forzosos y heredera testamentaria, acci\u00f3n de reforma de testamento, albacea fiduciario<br \/>\nHerencia dejada a la mujer bajo la condici\u00f3n de que los bienes no los administre el marido<br \/>\nSucesi\u00f3n intestada, herencia yacente, aceptaci\u00f3n de la herencia, prescripci\u00f3n extintiva<br \/>\nAdjudicaci\u00f3n de inmueble en partici\u00f3n, con alcance; hipoteca legal, hipotecas voluntarias; purga de la hipoteca, pago con subrogaci\u00f3n<br \/>\nFallecimiento de un codeudor solidario<br \/>\nSucesi\u00f3n intestada, repudiaci\u00f3n de la herencia en perjuicio de los acreedores, acci\u00f3n oblicua o subrogatoria, beneficio de separaci\u00f3n<br \/>\nSucesi\u00f3n por causa de muerte<br \/>\nSucesi\u00f3n abintestato, indignidad<br \/>\nSucesi\u00f3n testada, asignaci\u00f3n de la cuarta de mejoras, asignaci\u00f3n de la cuarta de libre disposici\u00f3n a un capaz de suceder al testador, donaci\u00f3n con cargo a la leg\u00edtima, donaci\u00f3n que involucra pacto sobre sucesi\u00f3n futura y transacci\u00f3n sobre el estado civil, demanda de desheredamiento<br \/>\nTestamento abierto, impugnaci\u00f3n del testamento, constituci\u00f3n de derecho de habitaci\u00f3n gratuito y vitalicio en favor de la c\u00f3nyuge sobreviviente,<br \/>\nSucesi\u00f3n intestada sin herederos forzosos<br \/>\nValidez o nulidad de legados, causal de indignidad<br \/>\nDisposiciones testamentarias<br \/>\nAsignaci\u00f3n testamentaria condicional, legado condicional de especie o cuerpo cierto<br \/>\nSucesi\u00f3n testada del abuelo materno en que se instituyen legados sobre inmuebles en favor de tres nietos menores<br \/>\nLegado de especie o cuerpo cierto y acrecimiento, lesi\u00f3n de asignaciones forzosas y acci\u00f3n de reforma de testamento, repudiaci\u00f3n en perjuicio de los acreedores y derecho de sustituci\u00f3n con autorizaci\u00f3n del juez para aceptar la asignaci\u00f3n y rescindir la repudiaci\u00f3n<br \/>\nSucesi\u00f3n por causa de muerte, derecho de representaci\u00f3n, repudiaci\u00f3n de herencia<br \/>\nSucesi\u00f3n testamentaria del constituyente del fideicomiso, legado del predio agr\u00edcola al propietario fiduciario<br \/>\nSucesi\u00f3n intestada, pacto entre los herederos, prescripci\u00f3n adquisitiva<br \/>\nForma de distribuci\u00f3n de los bienes por causa de muerte de una persona casada y padre de 5 hijos<\/p>\n<p style=\"font-weight: 400;\"><b><strong>DERECHO DE FAMILIA<\/strong><\/b><\/p>\n<p style=\"font-weight: 400;\">Matrimonio en sociedad conyugal, divorcio, compensaci\u00f3n econ\u00f3mica, pensi\u00f3n de alimentos<br \/>\nMatrimonio en r\u00e9gimen de sociedad conyugal, contrato de promesa de compraventa de bien ra\u00edz anterior al matrimonio, contrato de compraventa de bien ra\u00edz celebrado e inscrito durante el matrimonio, separaci\u00f3n judicial<br \/>\nMatrimonio en r\u00e9gimen de sociedad conyugal, contrato de promesa de compraventa de un bien ra\u00edz celebrado antes del matrimonio, nulidad de la promesa, transacci\u00f3n, compraventa de bien ra\u00edz, herencia dejada a la mujer durante el matrimonio bajo la condici\u00f3n de que los bienes no los administre el marido, disoluci\u00f3n de sociedad conyugal<br \/>\nFiliaci\u00f3n no matrimonial, sucesi\u00f3n por causa de muerte, acciones de filiaci\u00f3n, alimentos<br \/>\nPeculio profesional<br \/>\nAcci\u00f3n de reclamaci\u00f3n de paternidad, paternidad determinada judicialmente contra oposici\u00f3n del padre, sucesi\u00f3n abintestato, indignidad<br \/>\nMatrimonio religioso de una menor, falta de asenso o licencia de sus padres, mandato, patria potestad<br \/>\nSociedad conyugal, inmueble social, hipoteca limitada a cierta suma, expropiaci\u00f3n, extensi\u00f3n de la hipoteca a otras deudas sin contar con la autorizaci\u00f3n de la mujer, existencia de segunda hipoteca<br \/>\nCodeuda solidaria del marido casado en r\u00e9gimen de participaci\u00f3n en los gananciales, falta de autorizaci\u00f3n de la mujer en la constituci\u00f3n de la codeuda solidaria del marido en favor de un tercero, ratificaci\u00f3n de la mujer de la garant\u00eda constituida por su marido, prescripci\u00f3n extintiva, interrupci\u00f3n natural de la prescripci\u00f3n<br \/>\nAutorizaci\u00f3n de arrendamiento bajo el r\u00e9gimen de sociedad conyugal<br \/>\nMatrimonio de chilena divorciada en el extranjero y casada en el extranjero, validez de matrimonio en Chile, necesidad de exequ\u00e1tur, nulidad de segundo matrimonio, sociedad conyugal, disoluci\u00f3n y recompensas<br \/>\nSeparaci\u00f3n de hecho<br \/>\nMatrimonio bajo el r\u00e9gimen de sociedad conyugal, patria potestad<br \/>\nIntervenci\u00f3n de la mujer en la administraci\u00f3n de la sociedad conyugal por ausencia del marido que no fuere de larga o indefinida duraci\u00f3n<br \/>\nVenta de un bien propio de la mujer casada en sociedad conyugal; demanda de nulidad de la compraventa por demencia del vendedor, por haberse enajenado un bien propio de la mujer sin autorizaci\u00f3n de ella, existencia de un mandato falsificado y falta de precio de la compraventa, fraude de la mujer casada<br \/>\nMatrimonio en sociedad conyugal, solicitud de divorcio por adulterio del marido, impugnaci\u00f3n de la paternidad de los hijos matrimoniales por adulterio de la mujer<br \/>\nMatrimonio bajo sociedad conyugal, separaci\u00f3n por mala administraci\u00f3n del marido, demanda de indemnizaci\u00f3n de perjuicios de la mujer contra su marido por mala administraci\u00f3n de \u00e9ste de la sociedad conyugal, renuncia de gananciales y patrimonio reservado<br \/>\nPr\u00e9stamos destinados a mejoras de inmueble propio de la mujer, embargo de inmueble propio de la mujer<br \/>\nDemanda de la c\u00f3nyuge de uno de los permutantes invocando que uno de los inmuebles permutados pertenec\u00eda a una sociedad conyugal disuelta y no liquidada y faltaba la autorizaci\u00f3n de la mujer para permutar<br \/>\nMatrimonio en sociedad conyugal y reg\u00edmenes de separaci\u00f3n parcial en favor de la mujer, mandato general otorgado por la mujer a un tercero, antes del matrimonio, para que administrara sus bienes<br \/>\nMatrimonio celebrado en el extranjero, pacto de sociedad conyugal, divorcio, compensaci\u00f3n econ\u00f3mica, proyecto de liquidaci\u00f3n de sociedad conyugal<br \/>\nMatrimonio en sociedad conyugal, exclusi\u00f3n de dinero al momento de contraer matrimonio, inmuebles adquiridos durante el matrimonio, intenci\u00f3n del marido de vender la casa que sirve de hogar com\u00fan<br \/>\nMatrimonio bajo el r\u00e9gimen de sociedad conyugal, embargo de la casa habitaci\u00f3n adquirida durante el matrimonio a t\u00edtulo oneroso<\/p>\n<p style=\"font-weight: 400;\">LIBRO N\u00b0 1<\/p>\n<p style=\"font-weight: 400;\">Relaciones o instituciones jur\u00eddicas<br \/>\nPreguntas<\/p>\n<p style=\"font-weight: 400;\">LIBRO N\u00b0 2<\/p>\n<p style=\"font-weight: 400;\">Relaciones o instituciones jur\u00eddicas<br \/>\nPreguntas<\/p>\n<p style=\"font-weight: 400;\">LIBRO N\u00b0 3<\/p>\n<p style=\"font-weight: 400;\">Relaciones o instituciones jur\u00eddicas<br \/>\nPreguntas<\/p>\n<p style=\"font-weight: 400;\">LIBRO N\u00b0 4<\/p>\n<p style=\"font-weight: 400;\">Relaciones o instituciones jur\u00eddicas<br \/>\nPreguntas<\/p>\n<p style=\"font-weight: 400;\">LIBRO N\u00b0 5<\/p>\n<p style=\"font-weight: 400;\">Relaciones o instituciones jur\u00eddicas<br \/>\nPreguntas<\/p>\n<p style=\"font-weight: 400;\">LIBRO N\u00b0 6<\/p>\n<p style=\"font-weight: 400;\">Relaciones o instituciones jur\u00eddicas<br \/>\nPreguntas<\/p>\n<p style=\"font-weight: 400;\">LIBRO N\u00b0 7<\/p>\n<p style=\"font-weight: 400;\">Relaciones o instituciones jur\u00eddicas<br \/>\nPreguntas<\/p>\n<p style=\"font-weight: 400;\">LIBRO N\u00b0 8<\/p>\n<p style=\"font-weight: 400;\">Relaciones o instituciones jur\u00eddicas<br \/>\nPreguntas<\/p>\n<p style=\"font-weight: 400;\">LIBRO N\u00b0 9<\/p>\n<p style=\"font-weight: 400;\">Relaciones o instituciones jur\u00eddicas<br \/>\nPreguntas<\/p>\n<p style=\"font-weight: 400;\">LIBRO N\u00b0 10<\/p>\n<p style=\"font-weight: 400;\">Relaciones o instituciones jur\u00eddicas<br \/>\nPreguntas<\/p>\n<p style=\"font-weight: 400;\">LIBRO N\u00b0 11<\/p>\n<p style=\"font-weight: 400;\">Relaciones o instituciones jur\u00eddicas<br \/>\nPreguntas<\/p>\n<p style=\"font-weight: 400;\">LIBRO N\u00b0 12<\/p>\n<p style=\"font-weight: 400;\">Relaciones o instituciones jur\u00eddicas<br \/>\nPreguntas<\/p>\n<p style=\"font-weight: 400;\">LIBRO N\u00b0 13<\/p>\n<p style=\"font-weight: 400;\">Relaciones o instituciones jur\u00eddicas<br \/>\nPreguntas<\/p>\n<p style=\"font-weight: 400;\">(\u2026)<\/p>\n<p style=\"font-weight: 400;\"><b><strong>(Hasta el Libro N\u00b0 101)<\/strong><\/b><\/p>\n","protected":false},"excerpt":{"rendered":"<p>Buscas un libro Jur\u00eddico.? Lo puedes encontrar en nuestra tienda virtual.<br \/>\nContamos con prestigiosos autores y muchas alternativas en sus diferentes materias al igual que grandes descuentos.! Vis\u00edtanos en <a class=\"yRgCVsjrzAHkdCEjqvAcmnsmCUhbwIZbY \" tabindex=\"0\" href=\"https:\/\/lnkd.in\/eiAG7jdZ\" target=\"_blank\" rel=\"noopener\" data-test-app-aware-link=\"\">https:\/\/lnkd.in\/eiAG7jdZ<\/a><br \/>\nEscr\u00edbenos al +56930565235 \/ <a class=\"yRgCVsjrzAHkdCEjqvAcmnsmCUhbwIZbY \" tabindex=\"0\" href=\"mailto:ventaslegallexglobal@gmail.com\" target=\"_self\" data-test-app-aware-link=\"\">ventaslegallexglobal@gmail.com<\/a><br \/>\nHacemos env\u00edos a todo Chile \u2013 Starken o Correos Chile \/ Te esperamos.<\/p>\n","protected":false},"featured_media":2521,"comment_status":"open","ping_status":"closed","template":"","meta":{"inline_featured_image":false,"_joinchat":[]},"product_brand":[],"product_cat":[27,26],"product_tag":[],"class_list":{"0":"post-2491","1":"product","2":"type-product","3":"status-publish","4":"has-post-thumbnail","6":"product_cat-civil","7":"product_cat-derecho","9":"first","10":"instock","11":"shipping-taxable","12":"purchasable","13":"product-type-simple"},"_links":{"self":[{"href":"https:\/\/bibliotecajuridicavirtual.cl\/index.php\/wp-json\/wp\/v2\/product\/2491","targetHints":{"allow":["GET"]}}],"collection":[{"href":"https:\/\/bibliotecajuridicavirtual.cl\/index.php\/wp-json\/wp\/v2\/product"}],"about":[{"href":"https:\/\/bibliotecajuridicavirtual.cl\/index.php\/wp-json\/wp\/v2\/types\/product"}],"replies":[{"embeddable":true,"href":"https:\/\/bibliotecajuridicavirtual.cl\/index.php\/wp-json\/wp\/v2\/comments?post=2491"}],"wp:featuredmedia":[{"embeddable":true,"href":"https:\/\/bibliotecajuridicavirtual.cl\/index.php\/wp-json\/wp\/v2\/media\/2521"}],"wp:attachment":[{"href":"https:\/\/bibliotecajuridicavirtual.cl\/index.php\/wp-json\/wp\/v2\/media?parent=2491"}],"wp:term":[{"taxonomy":"product_brand","embeddable":true,"href":"https:\/\/bibliotecajuridicavirtual.cl\/index.php\/wp-json\/wp\/v2\/product_brand?post=2491"},{"taxonomy":"product_cat","embeddable":true,"href":"https:\/\/bibliotecajuridicavirtual.cl\/index.php\/wp-json\/wp\/v2\/product_cat?post=2491"},{"taxonomy":"product_tag","embeddable":true,"href":"https:\/\/bibliotecajuridicavirtual.cl\/index.php\/wp-json\/wp\/v2\/product_tag?post=2491"}],"curies":[{"name":"wp","href":"https:\/\/api.w.org\/{rel}","templated":true}]}}